{"id":1092,"date":"2022-12-15T12:38:11","date_gmt":"2022-12-15T12:38:11","guid":{"rendered":"https:\/\/naturcesped.com\/?page_id=1092"},"modified":"2023-12-20T08:33:36","modified_gmt":"2023-12-20T08:33:36","slug":"cesped-artificial-cadaques","status":"publish","type":"page","link":"https:\/\/naturcesped.com\/es\/cesped-artificial-cadaques\/","title":{"rendered":"C\u00e9sped artificial Cadaqu\u00e9s"},"content":{"rendered":"<div class=\"wpb-content-wrapper\"><p>[vc_row gap=\u00bb35&#8243;][vc_column width=\u00bb2\/3&#8243;][vc_single_image image=\u00bb424&#8243;][vc_column_text]<\/p>\n<p style=\"text-align: justify;\">Con el paso del tiempo el <strong>c\u00e9sped artificial en Cadaqu\u00e9s<\/strong> se ha vuelto una gran tendencia y cada vez m\u00e1s gente opta por \u00e9l. El c\u00e9sped artificial tiene unas grandes cualidades y caracter\u00edsticas que benefician a todo el que opte por \u00e9l y es por eso que cada vez m\u00e1s est\u00e1 teniendo una gran demanda. El <strong>c\u00e9sped artificial en Cadaqu\u00e9s<\/strong> nos ofrece una gran durabilidad y tiene una gran resistencia con el paso de los a\u00f1os, aparte se puede instalar sobre cualquier tipo de superficie y es muy sencillo, evidentemente siempre y cuando contemos con un buen equipo de profesionales. Aparte, es apto a todo tipo de climas, es decir, que no se deteriorar\u00e1. Tambi\u00e9n, el c\u00e9sped artificial es resistente a los rayos UV que esto permite tener el c\u00e9sped con el color natural sin riesgo a que se decolore, siempre tendremos el c\u00e9sped con su color verde durante todo el a\u00f1o, en cambio, el c\u00e9sped natural con la presencia de la luz solar se puede volver marr\u00f3n. Existen diferentes tipos de c\u00e9sped artificial, seg\u00fan el grosor que tenga el c\u00e9sped que queramos tendr\u00e1 un precio u otro, aunque el precio por grosor no suele variar mucho.<\/p>\n<p>[\/vc_column_text][vc_row_inner][vc_column_inner width=\u00bb1\/3&#8243;][\/vc_column_inner][vc_column_inner width=\u00bb1\/3&#8243;]<a\thref=\"https:\/\/naturcesped.com\/es\/contacto\/\" \n\t\t\t\tclass=\"button btn_large btn_theme_color btn_rounded btn_normal_style    \"  target='_self'><span>CONTACTA CON NOSOTROS<\/span><\/a>[\/vc_column_inner][vc_column_inner width=\u00bb1\/3&#8243;][\/vc_column_inner][\/vc_row_inner][vc_column_text]<\/p>\n<p style=\"text-align: justify;\">El <strong>c\u00e9sped artificial en Cadaqu\u00e9s<\/strong> nos permite ahorrar en agua, ya que no necesita tener un riego de manera constante y sobre todo siempre tendremos el c\u00e9sped en perfecto estado sin tener que usar ning\u00fan producto especial como podr\u00edan ser herbicidas o fertilizantes. Este c\u00e9sped tiene una gran demanda, ya que, se puede utilizar tanto en exteriores como en interiores, es decir, que dentro de nuestra propia vivienda podemos instalar el c\u00e9sped artificial. Tambi\u00e9n, es ign\u00edfugo y antial\u00e9rgico, si nuestra idea es poner el c\u00e9sped artificial alrededor de una piscina debemos elegir el que tenga los tratamientos anticloro, puesto que si ponemos uno que no tenga esos tratamientos es probable que acabe deterior\u00e1ndose.<\/p>\n<p style=\"text-align: justify;\">En Naturcesped, contamos con un gran equipo de profesionales. Nuestros profesionales tienen una gran experiencia en el sector y de esta manera pueden asesorarle y ayudarle en el caso de que tenga alg\u00fan tipo de duda. Nuestros profesionales trabajan con los mejores productos, los mejores materiales y las mejores herramientas del mercado. Al trabajar con los mejores utensilios nos aseguramos de que el trabajo que hemos realizado est\u00e9 totalmente perfecto y de esta manera que el cliente quede totalmente satisfecho. Tambi\u00e9n, nuestro trabajador queda totalmente satisfecho con su trabajo realizado.<\/p>\n<p style=\"text-align: justify;\">Si tiene pensado en hacer una instalaci\u00f3n de <strong>c\u00e9sped artificial en <\/strong><strong>Cadaqu\u00e9s<\/strong>, no se lo piense m\u00e1s y contacte con nosotros. En Naturcesped le atender\u00e1 un profesional encantado de poderle ayudar y asesorar en cualquier cosa que necesite. Esperamos que podamos instalar su <strong>c\u00e9sped artificial en Cadaqu\u00e9s<\/strong>.<\/p>\n<p>[\/vc_column_text][\/vc_column][vc_column width=\u00bb1\/3&#8243;][vc_column_text]<\/p>\n<h2 style=\"text-align: center;\">Cont\u00e1ctanos para m\u00e1s informaci\u00f3n<\/h2>\n<p>[\/vc_column_text]<div class=\"boc_divider_holder\"><div class=\"boc_divider  \"  style=\"margin-top: 20px;margin-bottom: 20px;height: 1px;background: #eeeeee;\"><\/div><\/div>\n<div class=\"wpcf7 no-js\" id=\"wpcf7-f202-o1\" lang=\"es-ES\" dir=\"ltr\" data-wpcf7-id=\"202\">\n<div class=\"screen-reader-response\"><p role=\"status\" aria-live=\"polite\" aria-atomic=\"true\"><\/p> <ul><\/ul><\/div>\n<form action=\"\/es\/wp-json\/wp\/v2\/pages\/1092#wpcf7-f202-o1\" method=\"post\" class=\"wpcf7-form init\" aria-label=\"Formulario de contacto\" novalidate=\"novalidate\" data-status=\"init\">\n<fieldset class=\"hidden-fields-container\"><input type=\"hidden\" name=\"_wpcf7\" value=\"202\" \/><input type=\"hidden\" name=\"_wpcf7_version\" value=\"6.1.3\" \/><input type=\"hidden\" name=\"_wpcf7_locale\" value=\"es_ES\" \/><input type=\"hidden\" name=\"_wpcf7_unit_tag\" value=\"wpcf7-f202-o1\" \/><input type=\"hidden\" name=\"_wpcf7_container_post\" value=\"0\" \/><input type=\"hidden\" name=\"_wpcf7_posted_data_hash\" value=\"\" \/><input type=\"hidden\" name=\"_wpcf7_recaptcha_response\" value=\"\" \/>\n<\/fieldset>\n<p><label> Nombre y apellidos *<br \/>\n<span class=\"wpcf7-form-control-wrap\" data-name=\"your-name\"><input size=\"40\" maxlength=\"400\" class=\"wpcf7-form-control wpcf7-text wpcf7-validates-as-required\" aria-required=\"true\" aria-invalid=\"false\" value=\"\" type=\"text\" name=\"your-name\" \/><\/span> <\/label>\n<\/p>\n<p><label> Tel\u00e9fono *<br \/>\n<span class=\"wpcf7-form-control-wrap\" data-name=\"your-phone\"><input size=\"40\" maxlength=\"400\" class=\"wpcf7-form-control wpcf7-text wpcf7-validates-as-required\" aria-required=\"true\" aria-invalid=\"false\" value=\"\" type=\"text\" name=\"your-phone\" \/><\/span> <\/label>\n<\/p>\n<p><label> Correo electr\u00f3nico *<br \/>\n<span class=\"wpcf7-form-control-wrap\" data-name=\"your-email\"><input size=\"40\" maxlength=\"400\" class=\"wpcf7-form-control wpcf7-email wpcf7-validates-as-required wpcf7-text wpcf7-validates-as-email\" aria-required=\"true\" aria-invalid=\"false\" value=\"\" type=\"email\" name=\"your-email\" \/><\/span> <\/label>\n<\/p>\n<p><label> Municipio *<br \/>\n<span class=\"wpcf7-form-control-wrap\" data-name=\"your-town\"><input size=\"40\" maxlength=\"400\" class=\"wpcf7-form-control wpcf7-text wpcf7-validates-as-required\" aria-required=\"true\" aria-invalid=\"false\" value=\"\" type=\"text\" name=\"your-town\" \/><\/span> <\/label>\n<\/p>\n<p><label> Cantidad de m\u00b2<br \/>\n<span class=\"wpcf7-form-control-wrap\" data-name=\"your-meters\"><input size=\"40\" maxlength=\"400\" class=\"wpcf7-form-control wpcf7-text\" aria-invalid=\"false\" value=\"\" type=\"text\" name=\"your-meters\" \/><\/span> <\/label>\n<\/p>\n<p><label> Terreno actual *<br \/>\n<span class=\"wpcf7-form-control-wrap\" data-name=\"radio-509\"><span class=\"wpcf7-form-control wpcf7-radio\"><span class=\"wpcf7-list-item first\"><label><input type=\"radio\" name=\"radio-509\" value=\"Tierra\" checked=\"checked\" \/><span class=\"wpcf7-list-item-label\">Tierra<\/span><\/label><\/span><span class=\"wpcf7-list-item\"><label><input type=\"radio\" name=\"radio-509\" value=\"C\u00e9sped natural\" \/><span class=\"wpcf7-list-item-label\">C\u00e9sped natural<\/span><\/label><\/span><span class=\"wpcf7-list-item\"><label><input type=\"radio\" name=\"radio-509\" value=\"Pavimento\" \/><span class=\"wpcf7-list-item-label\">Pavimento<\/span><\/label><\/span><span class=\"wpcf7-list-item last\"><label><input type=\"radio\" name=\"radio-509\" value=\"C\u00e9sped artificial\" \/><span class=\"wpcf7-list-item-label\">C\u00e9sped artificial<\/span><\/label><\/span><\/span><\/span> <\/label>\n<\/p>\n<p><label> Mensaje *<br \/>\n<span class=\"wpcf7-form-control-wrap\" data-name=\"your-message\"><textarea cols=\"40\" rows=\"3\" maxlength=\"2000\" class=\"wpcf7-form-control wpcf7-textarea wpcf7-validates-as-required\" aria-required=\"true\" aria-invalid=\"false\" name=\"your-message\"><\/textarea><\/span> <\/label>\n<\/p>\n<p style=\"font-weight: lighter; font-size:12px;\">Informaci\u00f3n b\u00e1sica sobre el tratamiento de datos (Reglamento (UE) 2016\/679 y LO 3\/2018)<br \/>\nResponsable del tratamiento: Naturcesped C\u00e9sped Artificial, SL.\n<\/p>\n<p style=\"font-weight: lighter; font-size:12px;\">Finalidad: Ofrecer, prestar y facturar nuestros servicios y productos.\n<\/p>\n<p style=\"font-weight: lighter; font-size:12px;\">Legitimaci\u00f3n: Consentimiento del interesado.\n<\/p>\n<p style=\"font-weight: lighter; font-size:12px;\">Destinatarios: Los datos no se ceder\u00e1n a terceros, a menos que lo exija una ley o sea necesario para cumplir con la finalidad del tratamiento.\n<\/p>\n<p style=\"font-weight: lighter; font-size:12px;\">Derechos: Acceder, rectificar y suprimir datos, as\u00ed como el resto que se explican en la pol\u00edtica de protecci\u00f3n de datos.\n<\/p>\n<p style=\"font-weight: lighter; font-size:12px;\">M\u00e1s informaci\u00f3n en nuestra pol\u00edtica de protecci\u00f3n de datos.\n<\/p>\n<p><input class=\"wpcf7-form-control wpcf7-submit has-spinner\" type=\"submit\" value=\"Enviar\" \/>\n<\/p><div class=\"wpcf7-response-output\" aria-hidden=\"true\"><\/div>\n<\/form>\n<\/div>\n[\/vc_column][\/vc_row]<\/p>\n<\/div>","protected":false},"excerpt":{"rendered":"<p>[vc_row gap=\u00bb35&#8243;][vc_column width=\u00bb2\/3&#8243;][vc_single_image image=\u00bb424&#8243;][vc_column_text] Con el paso del tiempo el c\u00e9sped artificial en Cadaqu\u00e9s se ha vuelto una gran tendencia y cada vez m\u00e1s gente opta por \u00e9l. El c\u00e9sped artificial tiene unas grandes cualidades y caracter\u00edsticas que benefician a todo el que opte por \u00e9l y es por eso que cada vez m\u00e1s est\u00e1 teniendo una gran demanda. El<\/p>\n<div class=\"h10\"><\/div>\n<p><a class=\"more-link1\" href=\"https:\/\/naturcesped.com\/es\/cesped-artificial-cadaques\/\">Read more<\/a><\/p>\n","protected":false},"author":1,"featured_media":0,"parent":0,"menu_order":0,"comment_status":"closed","ping_status":"closed","template":"","meta":{"footnotes":""},"class_list":["post-1092","page","type-page","status-publish","hentry"],"yoast_head":"<!-- This site is optimized with the Yoast SEO plugin v26.3 - https:\/\/yoast.com\/wordpress\/plugins\/seo\/ -->\n<title>C\u00e9sped artificial Cadaqu\u00e9s - Naturcesped<\/title>\n<meta name=\"robots\" content=\"index, follow, max-snippet:-1, max-image-preview:large, max-video-preview:-1\" \/>\n<link rel=\"canonical\" href=\"https:\/\/naturcesped.com\/es\/cesped-artificial-cadaques\/\" \/>\n<meta property=\"og:locale\" content=\"es_ES\" \/>\n<meta property=\"og:type\" content=\"article\" \/>\n<meta property=\"og:title\" content=\"C\u00e9sped artificial Cadaqu\u00e9s - Naturcesped\" \/>\n<meta property=\"og:description\" content=\"[vc_row gap=\u00bb35&#8243;][vc_column width=\u00bb2\/3&#8243;][vc_single_image image=\u00bb424&#8243;][vc_column_text] Con el paso del tiempo el c\u00e9sped artificial en Cadaqu\u00e9s se ha vuelto una gran tendencia y cada vez m\u00e1s gente opta por \u00e9l. El c\u00e9sped artificial tiene unas grandes cualidades y caracter\u00edsticas que benefician a todo el que opte por \u00e9l y es por eso que cada vez m\u00e1s est\u00e1 teniendo una gran demanda. ElRead more\" \/>\n<meta property=\"og:url\" content=\"https:\/\/naturcesped.com\/es\/cesped-artificial-cadaques\/\" \/>\n<meta property=\"og:site_name\" content=\"NaturC\u00e9sped\" \/>\n<meta property=\"article:modified_time\" content=\"2023-12-20T08:33:36+00:00\" \/>\n<meta name=\"twitter:card\" content=\"summary_large_image\" \/>\n<meta name=\"twitter:label1\" content=\"Tiempo de lectura\" \/>\n\t<meta name=\"twitter:data1\" content=\"3 minutos\" \/>\n<script type=\"application\/ld+json\" class=\"yoast-schema-graph\">{\"@context\":\"https:\/\/schema.org\",\"@graph\":[{\"@type\":\"WebPage\",\"@id\":\"https:\/\/naturcesped.com\/es\/cesped-artificial-cadaques\/\",\"url\":\"https:\/\/naturcesped.com\/es\/cesped-artificial-cadaques\/\",\"name\":\"C\u00e9sped artificial Cadaqu\u00e9s - Naturcesped\",\"isPartOf\":{\"@id\":\"https:\/\/naturcesped.com\/es\/#website\"},\"datePublished\":\"2022-12-15T12:38:11+00:00\",\"dateModified\":\"2023-12-20T08:33:36+00:00\",\"breadcrumb\":{\"@id\":\"https:\/\/naturcesped.com\/es\/cesped-artificial-cadaques\/#breadcrumb\"},\"inLanguage\":\"es\",\"potentialAction\":[{\"@type\":\"ReadAction\",\"target\":[\"https:\/\/naturcesped.com\/es\/cesped-artificial-cadaques\/\"]}]},{\"@type\":\"BreadcrumbList\",\"@id\":\"https:\/\/naturcesped.com\/es\/cesped-artificial-cadaques\/#breadcrumb\",\"itemListElement\":[{\"@type\":\"ListItem\",\"position\":1,\"name\":\"Portada\",\"item\":\"https:\/\/naturcesped.com\/es\/\"},{\"@type\":\"ListItem\",\"position\":2,\"name\":\"C\u00e9sped artificial Cadaqu\u00e9s\"}]},{\"@type\":\"WebSite\",\"@id\":\"https:\/\/naturcesped.com\/es\/#website\",\"url\":\"https:\/\/naturcesped.com\/es\/\",\"name\":\"NaturC\u00e9sped\",\"description\":\"C\u00e9sped artificial en Girona\",\"potentialAction\":[{\"@type\":\"SearchAction\",\"target\":{\"@type\":\"EntryPoint\",\"urlTemplate\":\"https:\/\/naturcesped.com\/es\/?s={search_term_string}\"},\"query-input\":{\"@type\":\"PropertyValueSpecification\",\"valueRequired\":true,\"valueName\":\"search_term_string\"}}],\"inLanguage\":\"es\"}]}<\/script>\n<!-- \/ Yoast SEO plugin. -->","yoast_head_json":{"title":"C\u00e9sped artificial Cadaqu\u00e9s - Naturcesped","robots":{"index":"index","follow":"follow","max-snippet":"max-snippet:-1","max-image-preview":"max-image-preview:large","max-video-preview":"max-video-preview:-1"},"canonical":"https:\/\/naturcesped.com\/es\/cesped-artificial-cadaques\/","og_locale":"es_ES","og_type":"article","og_title":"C\u00e9sped artificial Cadaqu\u00e9s - Naturcesped","og_description":"[vc_row gap=\u00bb35&#8243;][vc_column width=\u00bb2\/3&#8243;][vc_single_image image=\u00bb424&#8243;][vc_column_text] Con el paso del tiempo el c\u00e9sped artificial en Cadaqu\u00e9s se ha vuelto una gran tendencia y cada vez m\u00e1s gente opta por \u00e9l. El c\u00e9sped artificial tiene unas grandes cualidades y caracter\u00edsticas que benefician a todo el que opte por \u00e9l y es por eso que cada vez m\u00e1s est\u00e1 teniendo una gran demanda. ElRead more","og_url":"https:\/\/naturcesped.com\/es\/cesped-artificial-cadaques\/","og_site_name":"NaturC\u00e9sped","article_modified_time":"2023-12-20T08:33:36+00:00","twitter_card":"summary_large_image","twitter_misc":{"Tiempo de lectura":"3 minutos"},"schema":{"@context":"https:\/\/schema.org","@graph":[{"@type":"WebPage","@id":"https:\/\/naturcesped.com\/es\/cesped-artificial-cadaques\/","url":"https:\/\/naturcesped.com\/es\/cesped-artificial-cadaques\/","name":"C\u00e9sped artificial Cadaqu\u00e9s - Naturcesped","isPartOf":{"@id":"https:\/\/naturcesped.com\/es\/#website"},"datePublished":"2022-12-15T12:38:11+00:00","dateModified":"2023-12-20T08:33:36+00:00","breadcrumb":{"@id":"https:\/\/naturcesped.com\/es\/cesped-artificial-cadaques\/#breadcrumb"},"inLanguage":"es","potentialAction":[{"@type":"ReadAction","target":["https:\/\/naturcesped.com\/es\/cesped-artificial-cadaques\/"]}]},{"@type":"BreadcrumbList","@id":"https:\/\/naturcesped.com\/es\/cesped-artificial-cadaques\/#breadcrumb","itemListElement":[{"@type":"ListItem","position":1,"name":"Portada","item":"https:\/\/naturcesped.com\/es\/"},{"@type":"ListItem","position":2,"name":"C\u00e9sped artificial Cadaqu\u00e9s"}]},{"@type":"WebSite","@id":"https:\/\/naturcesped.com\/es\/#website","url":"https:\/\/naturcesped.com\/es\/","name":"NaturC\u00e9sped","description":"C\u00e9sped artificial en Girona","potentialAction":[{"@type":"SearchAction","target":{"@type":"EntryPoint","urlTemplate":"https:\/\/naturcesped.com\/es\/?s={search_term_string}"},"query-input":{"@type":"PropertyValueSpecification","valueRequired":true,"valueName":"search_term_string"}}],"inLanguage":"es"}]}},"_links":{"self":[{"href":"https:\/\/naturcesped.com\/es\/wp-json\/wp\/v2\/pages\/1092","targetHints":{"allow":["GET"]}}],"collection":[{"href":"https:\/\/naturcesped.com\/es\/wp-json\/wp\/v2\/pages"}],"about":[{"href":"https:\/\/naturcesped.com\/es\/wp-json\/wp\/v2\/types\/page"}],"author":[{"embeddable":true,"href":"https:\/\/naturcesped.com\/es\/wp-json\/wp\/v2\/users\/1"}],"replies":[{"embeddable":true,"href":"https:\/\/naturcesped.com\/es\/wp-json\/wp\/v2\/comments?post=1092"}],"version-history":[{"count":0,"href":"https:\/\/naturcesped.com\/es\/wp-json\/wp\/v2\/pages\/1092\/revisions"}],"wp:attachment":[{"href":"https:\/\/naturcesped.com\/es\/wp-json\/wp\/v2\/media?parent=1092"}],"curies":[{"name":"wp","href":"https:\/\/api.w.org\/{rel}","templated":true}]}}