{"id":108,"date":"2022-09-30T11:09:34","date_gmt":"2022-09-30T11:09:34","guid":{"rendered":"https:\/\/naturcesped.com\/?page_id=108"},"modified":"2023-03-30T07:59:04","modified_gmt":"2023-03-30T07:59:04","slug":"cesped-artificial","status":"publish","type":"page","link":"https:\/\/naturcesped.com\/es\/cesped-artificial\/","title":{"rendered":"C\u00e9sped artificial"},"content":{"rendered":"<div class=\"wpb-content-wrapper\"><p>[vc_row][vc_column]<div class=\"boc_spacing \" style=\"height: 40px\"><\/div>[\/vc_column][\/vc_row][vc_row][vc_column][vc_raw_html]JTVCYnJlYWRjcnVtYiU1RA==[\/vc_raw_html][vc_column_text]<\/p>\n<h1 style=\"font-size: 26px; font-weight: bold;\">C\u00c9SPED ARTIFICIAL<\/h1>\n<p>[\/vc_column_text][\/vc_column][\/vc_row][vc_row gap=\u00bb35&#8243;][vc_column width=\u00bb1\/3&#8243;][vc_single_image onclick=\u00bbcustom_link\u00bb image=\u00bb1224&#8243; link=\u00bb\/cesped-artificial\/paris-40&#8243;][vc_column_text]<\/p>\n<h3 style=\"font-weight: bold;\"><span style=\"color: #000000;\"><a style=\"color: #000000;\" href=\"\/cesped-artificial\/paris-40\">PARIS 40<\/a><\/span><\/h3>\n<p>[\/vc_column_text][vc_column_text]<\/p>\n<p style=\"text-align: justify;\"><span style=\"color: #000000;\"><a style=\"color: #000000;\" href=\"\/cesped-artificial\/paris-40\">PARIS es un c\u00e9sped artificial superior en ingenier\u00eda crom\u00e1tica, con un verde que resulta espectacular junto al azul de la piscina. Su recuperaci\u00f3n a la pisada es instant\u00e1nea para que saltes al lado de tu piscina.<\/a><\/span><\/p>\n<p>[\/vc_column_text][\/vc_column][vc_column width=\u00bb1\/3&#8243;][vc_single_image onclick=\u00bbcustom_link\u00bb image=\u00bb1227&#8243; link=\u00bb\/cesped-artificial\/barcelona-38&#8243;][vc_column_text]<\/p>\n<h3 style=\"font-weight: bold;\"><span style=\"color: #000000;\"><a style=\"color: #000000;\" href=\"\/cesped-artificial\/barcelona-38\">BARCELONA 38<\/a><\/span><\/h3>\n<p>[\/vc_column_text][vc_column_text]<\/p>\n<p style=\"text-align: justify;\"><span style=\"color: #000000;\"><a style=\"color: #000000;\" href=\"\/cesped-artificial\/barcelona-38\">Si buscas un producto de alta calidad con un aspecto frondoso , BARCELONA es tu opci\u00f3n perfecta.Adem\u00e1s de la importancia del aspecto, este c\u00e9sped se ha fabricado con tecnolog\u00eda de recuperaci\u00f3n, lo que significa que sus fibras de 35mm se recuperan r\u00e1pido.<\/a><\/span><\/p>\n<p>[\/vc_column_text][\/vc_column][vc_column width=\u00bb1\/3&#8243;][vc_single_image onclick=\u00bbcustom_link\u00bb image=\u00bb1230&#8243; link=\u00bb\/cesped-artificial\/madrid-35&#8243;][vc_column_text]<\/p>\n<h3 style=\"font-weight: bold;\"><span style=\"color: #000000;\"><a style=\"color: #000000;\" href=\"\/cesped-artificial\/madrid-35\">MADRID 35<\/a><\/span><\/h3>\n<p>[\/vc_column_text][vc_column_text]<\/p>\n<p style=\"text-align: justify;\"><span style=\"color: #000000;\"><a style=\"color: #000000;\" href=\"\/cesped-artificial\/madrid-35\">El nuevo MADRID 35 c\u00e9sped de alta gama, pero a un precio tremendamente contenido, condici\u00f3n que le hace \u00fanico en su posicionamiento de mercado, cuenta con 6 tonos de color en sus fibras, (micromonofilamentos de \u00faltima generaci\u00f3n).<\/a><\/span><\/p>\n<p>[\/vc_column_text][\/vc_column][\/vc_row][vc_row gap=\u00bb35&#8243;][vc_column width=\u00bb1\/3&#8243;][vc_single_image onclick=\u00bbcustom_link\u00bb image=\u00bb1220&#8243; link=\u00bb\/cesped-artificial\/dubai-48&#8243;][vc_column_text]<\/p>\n<h3 style=\"font-weight: bold;\"><span style=\"color: #000000;\"><a style=\"color: #000000;\" href=\"\/cesped-artificial\/dubai-48\">DUBAI 48<\/a><\/span><\/h3>\n<p>[\/vc_column_text][vc_column_text]<\/p>\n<p style=\"text-align: justify;\"><span style=\"color: #000000;\"><a style=\"color: #000000;\" href=\"\/cesped-artificial\/dubai-48\">Muy mullido y acolchado, una inmejorable suavidad al tacto y un incre\u00edble confort de pisada, su dise\u00f1o crom\u00e1tico hace que tenga un aspecto extremadamente natural.<\/a><\/span><br \/>\n<span style=\"color: #000000;\"><a style=\"color: #000000;\" href=\"\/cesped-artificial\/dubai-45\">DUBAI es tecnolog\u00eda para un mejor jard\u00edn.<\/a><\/span><\/p>\n<p>[\/vc_column_text][\/vc_column][vc_column width=\u00bb1\/3&#8243;][vc_single_image onclick=\u00bbcustom_link\u00bb image=\u00bb1233&#8243; link=\u00bb\/cesped-artificial\/natural-50&#8243;][vc_column_text]<\/p>\n<h3 style=\"font-weight: bold;\"><span style=\"color: #000000;\"><a style=\"color: #000000;\" href=\"\/cesped-artificial\/natural-50\">NATURAL 50<\/a><\/span><\/h3>\n<p>[\/vc_column_text][vc_column_text]<\/p>\n<p style=\"text-align: justify;\"><span style=\"color: #000000;\"><a style=\"color: #000000;\" href=\"\/cesped-artificial\/natural-50\">NATURAL 50 es un c\u00e9sped artificial que hay que ver y tocar para entender. Su aspecto es tan atractivo que supera al c\u00e9sped natural reci\u00e9n cortado. Es muy mullido, muy confortable, muy resistente a la pisada y con muy buena recuperaci\u00f3n.<\/a><\/span><\/p>\n<p>[\/vc_column_text][\/vc_column][vc_column width=\u00bb1\/3&#8243;][vc_single_image onclick=\u00bbcustom_link\u00bb image=\u00bb1248&#8243; link=\u00bb\/cesped-artificial\/goat-50&#8243;][vc_column_text]<\/p>\n<h3 style=\"font-weight: bold;\"><span style=\"color: #000000;\"><a style=\"color: #000000;\" href=\"\/cesped-artificial\/goat-50\">GOAT 50<\/a><\/span><\/h3>\n<p>[\/vc_column_text][vc_column_text]<\/p>\n<p style=\"text-align: justify;\"><span style=\"color: #000000;\"><a style=\"color: #000000;\" href=\"\/cesped-artificial\/goat-50\">GOAT 50 ha sido un c\u00e9sped artificial de referencia en el mercado europeo. No hay otro igual para aportar belleza a nuestra casa y es que GOAT es el mejor c\u00e9sped mejorado.<\/a><\/span><\/p>\n<p>[\/vc_column_text][\/vc_column][\/vc_row][vc_row gap=\u00bb35&#8243;][vc_column width=\u00bb1\/3&#8243;][vc_single_image onclick=\u00bbcustom_link\u00bb image=\u00bb1163&#8243; link=\u00bb\/cesped-artificial\/bocagrande-30&#8243;][vc_column_text]<\/p>\n<h3 style=\"font-weight: bold;\"><span style=\"color: #000000;\"><a style=\"color: #000000;\" href=\"\/cesped-artificial\/bocagrande-30\">BOCAGRANDE 30<\/a><\/span><\/h3>\n<p>[\/vc_column_text][vc_column_text]<\/p>\n<p style=\"text-align: justify;\"><span style=\"color: #000000;\"><a style=\"color: #000000;\" href=\"\/cesped-artificial\/bocagrande-30\">Se caracteriza por tener una muy buena resistencia y es ideal para aplicaciones de cualquier jard\u00edn con mucho uso. Tiene una gran recuperaci\u00f3n de la pisada gracias a sus fibras en forma de C.<\/a><\/span><\/p>\n<p>[\/vc_column_text][\/vc_column][vc_column width=\u00bb1\/3&#8243;][vc_single_image onclick=\u00bbcustom_link\u00bb image=\u00bb1165&#8243; link=\u00bb\/cesped-artificial\/first-20&#8243;][vc_column_text]<\/p>\n<h3 style=\"font-weight: bold;\"><span style=\"color: #000000;\"><a style=\"color: #000000;\" href=\"\/cesped-artificial\/first-20\">FIRST 20<\/a><\/span><\/h3>\n<p>[\/vc_column_text][vc_column_text]<\/p>\n<p style=\"text-align: justify;\"><span style=\"color: #000000;\"><a style=\"color: #000000;\" href=\"\/cesped-artificial\/first-20\">La mejor relaci\u00f3n calidad-precio del mercado con las caracter\u00edsticas para dotar a su ciudad o jard\u00edn del color de la naturaleza sin el gasto ni el mantenimiento del c\u00e9sped natural. Es la mejor soluci\u00f3n para zonas p\u00fablicas, altamente resistente al clima<\/a><\/span><\/p>\n<p>[\/vc_column_text][\/vc_column][\/vc_row][vc_row][vc_column]<div class=\"boc_spacing \" style=\"height: 40px\"><\/div>[\/vc_column][\/vc_row]<\/p>\n<\/div>","protected":false},"excerpt":{"rendered":"<p>[vc_row][vc_column][\/vc_column][\/vc_row][vc_row][vc_column][vc_raw_html]JTVCYnJlYWRjcnVtYiU1RA==[\/vc_raw_html][vc_column_text] C\u00c9SPED ARTIFICIAL [\/vc_column_text][\/vc_column][\/vc_row][vc_row gap=\u00bb35&#8243;][vc_column width=\u00bb1\/3&#8243;][vc_single_image onclick=\u00bbcustom_link\u00bb image=\u00bb1224&#8243; link=\u00bb\/cesped-artificial\/paris-40&#8243;][vc_column_text] PARIS 40 [\/vc_column_text][vc_column_text] PARIS es un c\u00e9sped artificial superior en ingenier\u00eda crom\u00e1tica, con un verde que resulta espectacular junto al azul de la piscina. Su recuperaci\u00f3n a la pisada es instant\u00e1nea para que saltes al lado de tu piscina. [\/vc_column_text][\/vc_column][vc_column width=\u00bb1\/3&#8243;][vc_single_image onclick=\u00bbcustom_link\u00bb image=\u00bb1227&#8243; link=\u00bb\/cesped-artificial\/barcelona-38&#8243;][vc_column_text] BARCELONA 38 [\/vc_column_text][vc_column_text] Si buscas un producto<\/p>\n<div class=\"h10\"><\/div>\n<p><a class=\"more-link1\" href=\"https:\/\/naturcesped.com\/es\/cesped-artificial\/\">Read more<\/a><\/p>\n","protected":false},"author":1,"featured_media":0,"parent":0,"menu_order":0,"comment_status":"closed","ping_status":"closed","template":"","meta":{"footnotes":""},"class_list":["post-108","page","type-page","status-publish","hentry"],"yoast_head":"<!-- This site is optimized with the Yoast SEO plugin v26.3 - https:\/\/yoast.com\/wordpress\/plugins\/seo\/ -->\n<title>C\u00e9sped artificial - Naturcesped<\/title>\n<meta name=\"description\" content=\"Disponemos de todos los modelos de c\u00e9sped art\u00edficial para que encuentres el que m\u00e1s se adapte a lo que est\u00e1s buscando. La mejor calidad en c\u00e9sped art\u00edficial.\" \/>\n<meta name=\"robots\" content=\"index, follow, max-snippet:-1, max-image-preview:large, max-video-preview:-1\" \/>\n<link rel=\"canonical\" href=\"https:\/\/naturcesped.com\/es\/cesped-artificial\/\" \/>\n<meta property=\"og:locale\" content=\"es_ES\" \/>\n<meta property=\"og:type\" content=\"article\" \/>\n<meta property=\"og:title\" content=\"C\u00e9sped artificial - Naturcesped\" \/>\n<meta property=\"og:description\" content=\"Disponemos de todos los modelos de c\u00e9sped art\u00edficial para que encuentres el que m\u00e1s se adapte a lo que est\u00e1s buscando. La mejor calidad en c\u00e9sped art\u00edficial.\" \/>\n<meta property=\"og:url\" content=\"https:\/\/naturcesped.com\/es\/cesped-artificial\/\" \/>\n<meta property=\"og:site_name\" content=\"NaturC\u00e9sped\" \/>\n<meta property=\"article:modified_time\" content=\"2023-03-30T07:59:04+00:00\" \/>\n<meta name=\"twitter:card\" content=\"summary_large_image\" \/>\n<meta name=\"twitter:label1\" content=\"Tiempo de lectura\" \/>\n\t<meta name=\"twitter:data1\" content=\"2 minutos\" \/>\n<script type=\"application\/ld+json\" class=\"yoast-schema-graph\">{\"@context\":\"https:\/\/schema.org\",\"@graph\":[{\"@type\":\"WebPage\",\"@id\":\"https:\/\/naturcesped.com\/es\/cesped-artificial\/\",\"url\":\"https:\/\/naturcesped.com\/es\/cesped-artificial\/\",\"name\":\"C\u00e9sped artificial - Naturcesped\",\"isPartOf\":{\"@id\":\"https:\/\/naturcesped.com\/es\/#website\"},\"datePublished\":\"2022-09-30T11:09:34+00:00\",\"dateModified\":\"2023-03-30T07:59:04+00:00\",\"description\":\"Disponemos de todos los modelos de c\u00e9sped art\u00edficial para que encuentres el que m\u00e1s se adapte a lo que est\u00e1s buscando. La mejor calidad en c\u00e9sped art\u00edficial.\",\"breadcrumb\":{\"@id\":\"https:\/\/naturcesped.com\/es\/cesped-artificial\/#breadcrumb\"},\"inLanguage\":\"es\",\"potentialAction\":[{\"@type\":\"ReadAction\",\"target\":[\"https:\/\/naturcesped.com\/es\/cesped-artificial\/\"]}]},{\"@type\":\"BreadcrumbList\",\"@id\":\"https:\/\/naturcesped.com\/es\/cesped-artificial\/#breadcrumb\",\"itemListElement\":[{\"@type\":\"ListItem\",\"position\":1,\"name\":\"Portada\",\"item\":\"https:\/\/naturcesped.com\/es\/\"},{\"@type\":\"ListItem\",\"position\":2,\"name\":\"C\u00e9sped artificial\"}]},{\"@type\":\"WebSite\",\"@id\":\"https:\/\/naturcesped.com\/es\/#website\",\"url\":\"https:\/\/naturcesped.com\/es\/\",\"name\":\"NaturC\u00e9sped\",\"description\":\"C\u00e9sped artificial en Girona\",\"potentialAction\":[{\"@type\":\"SearchAction\",\"target\":{\"@type\":\"EntryPoint\",\"urlTemplate\":\"https:\/\/naturcesped.com\/es\/?s={search_term_string}\"},\"query-input\":{\"@type\":\"PropertyValueSpecification\",\"valueRequired\":true,\"valueName\":\"search_term_string\"}}],\"inLanguage\":\"es\"}]}<\/script>\n<!-- \/ Yoast SEO plugin. -->","yoast_head_json":{"title":"C\u00e9sped artificial - Naturcesped","description":"Disponemos de todos los modelos de c\u00e9sped art\u00edficial para que encuentres el que m\u00e1s se adapte a lo que est\u00e1s buscando. La mejor calidad en c\u00e9sped art\u00edficial.","robots":{"index":"index","follow":"follow","max-snippet":"max-snippet:-1","max-image-preview":"max-image-preview:large","max-video-preview":"max-video-preview:-1"},"canonical":"https:\/\/naturcesped.com\/es\/cesped-artificial\/","og_locale":"es_ES","og_type":"article","og_title":"C\u00e9sped artificial - Naturcesped","og_description":"Disponemos de todos los modelos de c\u00e9sped art\u00edficial para que encuentres el que m\u00e1s se adapte a lo que est\u00e1s buscando. La mejor calidad en c\u00e9sped art\u00edficial.","og_url":"https:\/\/naturcesped.com\/es\/cesped-artificial\/","og_site_name":"NaturC\u00e9sped","article_modified_time":"2023-03-30T07:59:04+00:00","twitter_card":"summary_large_image","twitter_misc":{"Tiempo de lectura":"2 minutos"},"schema":{"@context":"https:\/\/schema.org","@graph":[{"@type":"WebPage","@id":"https:\/\/naturcesped.com\/es\/cesped-artificial\/","url":"https:\/\/naturcesped.com\/es\/cesped-artificial\/","name":"C\u00e9sped artificial - Naturcesped","isPartOf":{"@id":"https:\/\/naturcesped.com\/es\/#website"},"datePublished":"2022-09-30T11:09:34+00:00","dateModified":"2023-03-30T07:59:04+00:00","description":"Disponemos de todos los modelos de c\u00e9sped art\u00edficial para que encuentres el que m\u00e1s se adapte a lo que est\u00e1s buscando. La mejor calidad en c\u00e9sped art\u00edficial.","breadcrumb":{"@id":"https:\/\/naturcesped.com\/es\/cesped-artificial\/#breadcrumb"},"inLanguage":"es","potentialAction":[{"@type":"ReadAction","target":["https:\/\/naturcesped.com\/es\/cesped-artificial\/"]}]},{"@type":"BreadcrumbList","@id":"https:\/\/naturcesped.com\/es\/cesped-artificial\/#breadcrumb","itemListElement":[{"@type":"ListItem","position":1,"name":"Portada","item":"https:\/\/naturcesped.com\/es\/"},{"@type":"ListItem","position":2,"name":"C\u00e9sped artificial"}]},{"@type":"WebSite","@id":"https:\/\/naturcesped.com\/es\/#website","url":"https:\/\/naturcesped.com\/es\/","name":"NaturC\u00e9sped","description":"C\u00e9sped artificial en Girona","potentialAction":[{"@type":"SearchAction","target":{"@type":"EntryPoint","urlTemplate":"https:\/\/naturcesped.com\/es\/?s={search_term_string}"},"query-input":{"@type":"PropertyValueSpecification","valueRequired":true,"valueName":"search_term_string"}}],"inLanguage":"es"}]}},"_links":{"self":[{"href":"https:\/\/naturcesped.com\/es\/wp-json\/wp\/v2\/pages\/108","targetHints":{"allow":["GET"]}}],"collection":[{"href":"https:\/\/naturcesped.com\/es\/wp-json\/wp\/v2\/pages"}],"about":[{"href":"https:\/\/naturcesped.com\/es\/wp-json\/wp\/v2\/types\/page"}],"author":[{"embeddable":true,"href":"https:\/\/naturcesped.com\/es\/wp-json\/wp\/v2\/users\/1"}],"replies":[{"embeddable":true,"href":"https:\/\/naturcesped.com\/es\/wp-json\/wp\/v2\/comments?post=108"}],"version-history":[{"count":0,"href":"https:\/\/naturcesped.com\/es\/wp-json\/wp\/v2\/pages\/108\/revisions"}],"wp:attachment":[{"href":"https:\/\/naturcesped.com\/es\/wp-json\/wp\/v2\/media?parent=108"}],"curies":[{"name":"wp","href":"https:\/\/api.w.org\/{rel}","templated":true}]}}