{"id":106,"date":"2022-09-30T11:09:16","date_gmt":"2022-09-30T11:09:16","guid":{"rendered":"https:\/\/naturcesped.com\/?page_id=106"},"modified":"2025-10-03T11:20:08","modified_gmt":"2025-10-03T09:20:08","slug":"naturcesped","status":"publish","type":"page","link":"https:\/\/naturcesped.com\/es\/naturcesped\/","title":{"rendered":"NaturC\u00e9sped"},"content":{"rendered":"<div class=\"wpb-content-wrapper\"><p>[vc_row full_width=\u00bbstretch_row_content_no_spaces\u00bb css=\u00bb.vc_custom_1664536483781{background-image: url(https:\/\/naturcesped.com\/wp-content\/uploads\/2022\/09\/giroverd-home-slider-4.jpg?id=27) !important;background-position: center !important;background-repeat: no-repeat !important;background-size: cover !important;}\u00bb][vc_column css=\u00bb.vc_custom_1664957361709{background-color: rgba(120,156,72,0.8) !important;background-position: center !important;background-repeat: no-repeat !important;background-size: cover !important;*background-color: rgb(120,156,72) !important;}\u00bb offset=\u00bbvc_hidden-xs\u00bb]<div class=\"boc_spacing \" style=\"height: 170px\"><\/div>[vc_column_text css=\u00bb\u00bb]<\/p>\n<h1 style=\"text-align: center; font-size: 36px; font-weight: bold;\"><span style=\"color: #ffffff;\">NaturC\u00e9sped<\/span><\/h1>\n<p>[\/vc_column_text]<div class=\"boc_spacing \" style=\"height: 135px\"><\/div>[\/vc_column][\/vc_row][vc_row full_width=\u00bbstretch_row_content_no_spaces\u00bb css=\u00bb.vc_custom_1664874949888{margin-top: -40px !important;background-image: url(https:\/\/naturcesped.com\/wp-content\/uploads\/2022\/09\/giroverd-home-slider-4.jpg?id=27) !important;background-position: center !important;background-repeat: no-repeat !important;background-size: cover !important;}\u00bb][vc_column css=\u00bb.vc_custom_1664874920236{background-color: rgba(120,156,72,0.8) !important;background-position: center !important;background-repeat: no-repeat !important;background-size: cover !important;*background-color: rgb(120,156,72) !important;}\u00bb offset=\u00bbvc_hidden-lg vc_hidden-md vc_hidden-sm\u00bb]<div class=\"boc_spacing \" style=\"height: 100px\"><\/div>[vc_column_text css=\u00bb\u00bb]<\/p>\n<h1 style=\"text-align: center; font-size: 36px; font-weight: bold;\"><span style=\"color: #ffffff;\">NaturC\u00e9sped<\/span><\/h1>\n<p>[\/vc_column_text]<div class=\"boc_spacing \" style=\"height: 65px\"><\/div>[\/vc_column][\/vc_row][vc_row][vc_column offset=\u00bbvc_hidden-xs\u00bb]<div class=\"boc_spacing \" style=\"height: 30px\"><\/div>[\/vc_column][\/vc_row][vc_row][vc_column][vc_raw_html]JTVCYnJlYWRjcnVtYiU1RA==[\/vc_raw_html][vc_column_text css=\u00bb\u00bb]<\/p>\n<h2 style=\"text-align: center;\"><strong>En NaturC\u00e9sped somos especialistas en instalaci\u00f3n de c\u00e9sped artificial de alta calidad y de gran realismo<\/strong><\/h2>\n<p>[\/vc_column_text][vc_column_text css=\u00bb\u00bb]<\/p>\n<p style=\"text-align: center;\">Estamos especializados en la <strong data-start=\"421\" data-end=\"495\">fabricaci\u00f3n, distribuci\u00f3n e instalaci\u00f3n de c\u00e9sped artificial en Espa\u00f1a<\/strong>, ofreciendo productos de m\u00e1xima calidad y realismo. Nuestro compromiso en NaturC\u00e9sped es claro: poner a disposici\u00f3n de nuestros clientes un c\u00e9sped artificial duradero, seguro, sostenible y est\u00e9ticamente perfecto para todo tipo de superficies, ya sea en <strong data-start=\"734\" data-end=\"824\">jardines particulares, instalaciones deportivas, zonas p\u00fablicas o espacios comerciales<\/strong>.<\/p>\n<p>[\/vc_column_text][vc_row_inner][vc_column_inner el_class=\u00bbboton\u00bb offset=\u00bbvc_hidden-xs\u00bb]<a\thref=\"mailto:info@naturcesped.com\" \n\t\t\t\tclass=\"button btn_huge btn_theme_color btn_squared btn_normal_style    \"  target='_blank'><span>Escr\u00edbenos a info@naturcesped.com<\/span><\/a>[\/vc_column_inner][\/vc_row_inner][vc_row_inner][vc_column_inner el_class=\u00bbboton\u00bb offset=\u00bbvc_hidden-lg vc_hidden-md vc_hidden-sm\u00bb][vc_column_text css=\u00bb.vc_custom_1733919722311{padding-top: 10px !important;padding-right: 10px !important;padding-bottom: 10px !important;padding-left: 10px !important;background-color: #789c48 !important;background-position: center !important;background-repeat: no-repeat !important;background-size: cover !important;}\u00bb]<\/p>\n<p style=\"text-align: center;\"><span style=\"color: #ffffff;\">Escr\u00edbenos a <a href=\"mailto:comercial@giroverd.com\"><span style=\"color: #ffffff;\">comercial@giroverd.com<\/span><\/a><\/span><\/p>\n<p>[\/vc_column_text][\/vc_column_inner][\/vc_row_inner][\/vc_column][\/vc_row][vc_row][vc_column]<div class=\"boc_spacing \" style=\"height: 40px\"><\/div>[\/vc_column][\/vc_row][vc_row][vc_column width=\u00bb1\/2&#8243;][vc_column_text css=\u00bb\u00bb]<\/p>\n<h2 style=\"text-align: left;\">M\u00e1s de una d\u00e9cada de experiencia en c\u00e9sped artificial<\/h2>\n<p>[\/vc_column_text][vc_column_text css=\u00bb\u00bb]<\/p>\n<p data-start=\"893\" data-end=\"1262\">La marca <strong data-start=\"902\" data-end=\"917\">NaturC\u00e9sped<\/strong> naci\u00f3 en 2010 como parte de la empresa familiar <em data-start=\"966\" data-end=\"992\">Jardiner\u00eda Jes\u00fas \u00c1lvarez<\/em>, con el objetivo de especializarnos en soluciones profesionales de c\u00e9sped artificial. Desde entonces, hemos crecido hasta convertirnos en una <strong data-start=\"1135\" data-end=\"1169\">empresa de referencia nacional<\/strong>, destacando por nuestro enfoque en la <strong data-start=\"1208\" data-end=\"1259\">innovaci\u00f3n, la calidad y el servicio al cliente<\/strong>.<\/p>\n<p data-start=\"1264\" data-end=\"1481\">Gracias a esta trayectoria, hoy contamos con un equipo experto capaz de asesorar a cada cliente en la elecci\u00f3n del mejor producto seg\u00fan sus necesidades, garantizando siempre un acabado impecable en cada instalaci\u00f3n.<\/p>\n<p>[\/vc_column_text][\/vc_column][vc_column width=\u00bb1\/2&#8243;][vc_single_image css=\u00bb\u00bb image=\u00bb2936&#8243;][\/vc_column][\/vc_row][vc_row][vc_column]<div class=\"boc_spacing \" style=\"height: 40px\"><\/div>[\/vc_column][\/vc_row][vc_row][vc_column][\/vc_column][\/vc_row][vc_row][vc_column width=\u00bb1\/2&#8243;][vc_single_image css=\u00bb\u00bb image=\u00bb2642&#8243;][\/vc_column][vc_column width=\u00bb1\/2&#8243;][vc_column_text css=\u00bb\u00bb]<\/p>\n<h2>NaturC\u00e9sped, tu aliado en proyectos de c\u00e9sped artificial<\/h2>\n<p>[\/vc_column_text][vc_column_text css=\u00bb\u00bb]<\/p>\n<p data-start=\"1544\" data-end=\"1862\">Todos nuestros productos cuentan con un <strong data-start=\"1584\" data-end=\"1617\">exhaustivo control de calidad<\/strong>, lo que nos permite ofrecer hasta <strong data-start=\"1652\" data-end=\"1674\">10 a\u00f1os de garant\u00eda<\/strong>. Trabajamos \u00fanicamente con <strong data-start=\"1702\" data-end=\"1744\">c\u00e9sped artificial de \u00faltima generaci\u00f3n<\/strong>, fabricado con materiales respetuosos con el medio ambiente y dise\u00f1ados para soportar la climatolog\u00eda m\u00e1s exigente.<\/p>\n<p data-start=\"1864\" data-end=\"1935\">Caracter\u00edsticas principales de nuestro c\u00e9sped artificial NaturC\u00e9sped:<\/p>\n<ul>\n<li data-start=\"1938\" data-end=\"1988\"><strong data-start=\"1938\" data-end=\"1959\">Realismo superior<\/strong> en textura, color y tacto.<\/li>\n<li data-start=\"1991\" data-end=\"2058\"><strong data-start=\"1991\" data-end=\"2020\">Resistencia y durabilidad<\/strong>, incluso en zonas de alto tr\u00e1nsito.<\/li>\n<li data-start=\"2061\" data-end=\"2131\"><strong data-start=\"2061\" data-end=\"2085\">Mantenimiento m\u00ednimo<\/strong>, sin cortes, abonados ni riegos frecuentes.<\/li>\n<li data-start=\"2134\" data-end=\"2233\"><strong data-start=\"2134\" data-end=\"2175\">Eficiencia econ\u00f3mica y sostenibilidad<\/strong>, con un importante ahorro en agua y productos qu\u00edmicos.<\/li>\n<li data-start=\"2134\" data-end=\"2233\"><strong data-start=\"2236\" data-end=\"2252\">Versatilidad<\/strong>: apto para jardines privados, terrazas, parques infantiles, zonas deportivas y proyectos de paisajismo.<\/li>\n<\/ul>\n<p>[\/vc_column_text]<div class=\"boc_spacing \" style=\"height: 40px\"><\/div>[\/vc_column][\/vc_row]<\/p>\n<\/div>","protected":false},"excerpt":{"rendered":"<p>[vc_row full_width=\u00bbstretch_row_content_no_spaces\u00bb css=\u00bb.vc_custom_1664536483781{background-image: url(https:\/\/naturcesped.com\/wp-content\/uploads\/2022\/09\/giroverd-home-slider-4.jpg?id=27) !important;background-position: center !important;background-repeat: no-repeat !important;background-size: cover !important;}\u00bb][vc_column css=\u00bb.vc_custom_1664957361709{background-color: rgba(120,156,72,0.8) !important;background-position: center !important;background-repeat: no-repeat !important;background-size: cover !important;*background-color: rgb(120,156,72) !important;}\u00bb offset=\u00bbvc_hidden-xs\u00bb][vc_column_text css=\u00bb\u00bb] NaturC\u00e9sped [\/vc_column_text][\/vc_column][\/vc_row][vc_row full_width=\u00bbstretch_row_content_no_spaces\u00bb css=\u00bb.vc_custom_1664874949888{margin-top: -40px !important;background-image: url(https:\/\/naturcesped.com\/wp-content\/uploads\/2022\/09\/giroverd-home-slider-4.jpg?id=27) !important;background-position: center !important;background-repeat: no-repeat !important;background-size: cover !important;}\u00bb][vc_column css=\u00bb.vc_custom_1664874920236{background-color: rgba(120,156,72,0.8) !important;background-position: center !important;background-repeat: no-repeat !important;background-size: cover !important;*background-color: rgb(120,156,72) !important;}\u00bb offset=\u00bbvc_hidden-lg vc_hidden-md vc_hidden-sm\u00bb][vc_column_text css=\u00bb\u00bb] NaturC\u00e9sped [\/vc_column_text][\/vc_column][\/vc_row][vc_row][vc_column offset=\u00bbvc_hidden-xs\u00bb][\/vc_column][\/vc_row][vc_row][vc_column][vc_raw_html]JTVCYnJlYWRjcnVtYiU1RA==[\/vc_raw_html][vc_column_text css=\u00bb\u00bb] En NaturC\u00e9sped somos<\/p>\n<div class=\"h10\"><\/div>\n<p><a class=\"more-link1\" href=\"https:\/\/naturcesped.com\/es\/naturcesped\/\">Read more<\/a><\/p>\n","protected":false},"author":1,"featured_media":0,"parent":0,"menu_order":0,"comment_status":"closed","ping_status":"closed","template":"","meta":{"footnotes":""},"class_list":["post-106","page","type-page","status-publish","hentry"],"yoast_head":"<!-- This site is optimized with the Yoast SEO plugin v26.3 - https:\/\/yoast.com\/wordpress\/plugins\/seo\/ -->\n<title>Nosotros - Naturcesped<\/title>\n<meta name=\"description\" content=\"Suministraci\u00f3n de c\u00e9sped artificial de alta calidad y de gran realismo. M\u00e1s de 12 de experiencia.\" \/>\n<meta name=\"robots\" content=\"index, follow, max-snippet:-1, max-image-preview:large, max-video-preview:-1\" \/>\n<link rel=\"canonical\" href=\"https:\/\/naturcesped.com\/es\/naturcesped\/\" \/>\n<meta property=\"og:locale\" content=\"es_ES\" \/>\n<meta property=\"og:type\" content=\"article\" \/>\n<meta property=\"og:title\" content=\"Nosotros - Naturcesped\" \/>\n<meta property=\"og:description\" content=\"Suministraci\u00f3n de c\u00e9sped artificial de alta calidad y de gran realismo. M\u00e1s de 12 de experiencia.\" \/>\n<meta property=\"og:url\" content=\"https:\/\/naturcesped.com\/es\/naturcesped\/\" \/>\n<meta property=\"og:site_name\" content=\"NaturC\u00e9sped\" \/>\n<meta property=\"article:modified_time\" content=\"2025-10-03T09:20:08+00:00\" \/>\n<meta name=\"twitter:card\" content=\"summary_large_image\" \/>\n<meta name=\"twitter:label1\" content=\"Tiempo de lectura\" \/>\n\t<meta name=\"twitter:data1\" content=\"3 minutos\" \/>\n<script type=\"application\/ld+json\" class=\"yoast-schema-graph\">{\"@context\":\"https:\/\/schema.org\",\"@graph\":[{\"@type\":\"WebPage\",\"@id\":\"https:\/\/naturcesped.com\/es\/naturcesped\/\",\"url\":\"https:\/\/naturcesped.com\/es\/naturcesped\/\",\"name\":\"Nosotros - Naturcesped\",\"isPartOf\":{\"@id\":\"https:\/\/naturcesped.com\/es\/#website\"},\"datePublished\":\"2022-09-30T11:09:16+00:00\",\"dateModified\":\"2025-10-03T09:20:08+00:00\",\"description\":\"Suministraci\u00f3n de c\u00e9sped artificial de alta calidad y de gran realismo. M\u00e1s de 12 de experiencia.\",\"breadcrumb\":{\"@id\":\"https:\/\/naturcesped.com\/es\/naturcesped\/#breadcrumb\"},\"inLanguage\":\"es\",\"potentialAction\":[{\"@type\":\"ReadAction\",\"target\":[\"https:\/\/naturcesped.com\/es\/naturcesped\/\"]}]},{\"@type\":\"BreadcrumbList\",\"@id\":\"https:\/\/naturcesped.com\/es\/naturcesped\/#breadcrumb\",\"itemListElement\":[{\"@type\":\"ListItem\",\"position\":1,\"name\":\"Portada\",\"item\":\"https:\/\/naturcesped.com\/es\/\"},{\"@type\":\"ListItem\",\"position\":2,\"name\":\"NaturC\u00e9sped\"}]},{\"@type\":\"WebSite\",\"@id\":\"https:\/\/naturcesped.com\/es\/#website\",\"url\":\"https:\/\/naturcesped.com\/es\/\",\"name\":\"NaturC\u00e9sped\",\"description\":\"C\u00e9sped artificial en Girona\",\"potentialAction\":[{\"@type\":\"SearchAction\",\"target\":{\"@type\":\"EntryPoint\",\"urlTemplate\":\"https:\/\/naturcesped.com\/es\/?s={search_term_string}\"},\"query-input\":{\"@type\":\"PropertyValueSpecification\",\"valueRequired\":true,\"valueName\":\"search_term_string\"}}],\"inLanguage\":\"es\"}]}<\/script>\n<!-- \/ Yoast SEO plugin. -->","yoast_head_json":{"title":"Nosotros - Naturcesped","description":"Suministraci\u00f3n de c\u00e9sped artificial de alta calidad y de gran realismo. M\u00e1s de 12 de experiencia.","robots":{"index":"index","follow":"follow","max-snippet":"max-snippet:-1","max-image-preview":"max-image-preview:large","max-video-preview":"max-video-preview:-1"},"canonical":"https:\/\/naturcesped.com\/es\/naturcesped\/","og_locale":"es_ES","og_type":"article","og_title":"Nosotros - Naturcesped","og_description":"Suministraci\u00f3n de c\u00e9sped artificial de alta calidad y de gran realismo. M\u00e1s de 12 de experiencia.","og_url":"https:\/\/naturcesped.com\/es\/naturcesped\/","og_site_name":"NaturC\u00e9sped","article_modified_time":"2025-10-03T09:20:08+00:00","twitter_card":"summary_large_image","twitter_misc":{"Tiempo de lectura":"3 minutos"},"schema":{"@context":"https:\/\/schema.org","@graph":[{"@type":"WebPage","@id":"https:\/\/naturcesped.com\/es\/naturcesped\/","url":"https:\/\/naturcesped.com\/es\/naturcesped\/","name":"Nosotros - Naturcesped","isPartOf":{"@id":"https:\/\/naturcesped.com\/es\/#website"},"datePublished":"2022-09-30T11:09:16+00:00","dateModified":"2025-10-03T09:20:08+00:00","description":"Suministraci\u00f3n de c\u00e9sped artificial de alta calidad y de gran realismo. M\u00e1s de 12 de experiencia.","breadcrumb":{"@id":"https:\/\/naturcesped.com\/es\/naturcesped\/#breadcrumb"},"inLanguage":"es","potentialAction":[{"@type":"ReadAction","target":["https:\/\/naturcesped.com\/es\/naturcesped\/"]}]},{"@type":"BreadcrumbList","@id":"https:\/\/naturcesped.com\/es\/naturcesped\/#breadcrumb","itemListElement":[{"@type":"ListItem","position":1,"name":"Portada","item":"https:\/\/naturcesped.com\/es\/"},{"@type":"ListItem","position":2,"name":"NaturC\u00e9sped"}]},{"@type":"WebSite","@id":"https:\/\/naturcesped.com\/es\/#website","url":"https:\/\/naturcesped.com\/es\/","name":"NaturC\u00e9sped","description":"C\u00e9sped artificial en Girona","potentialAction":[{"@type":"SearchAction","target":{"@type":"EntryPoint","urlTemplate":"https:\/\/naturcesped.com\/es\/?s={search_term_string}"},"query-input":{"@type":"PropertyValueSpecification","valueRequired":true,"valueName":"search_term_string"}}],"inLanguage":"es"}]}},"_links":{"self":[{"href":"https:\/\/naturcesped.com\/es\/wp-json\/wp\/v2\/pages\/106","targetHints":{"allow":["GET"]}}],"collection":[{"href":"https:\/\/naturcesped.com\/es\/wp-json\/wp\/v2\/pages"}],"about":[{"href":"https:\/\/naturcesped.com\/es\/wp-json\/wp\/v2\/types\/page"}],"author":[{"embeddable":true,"href":"https:\/\/naturcesped.com\/es\/wp-json\/wp\/v2\/users\/1"}],"replies":[{"embeddable":true,"href":"https:\/\/naturcesped.com\/es\/wp-json\/wp\/v2\/comments?post=106"}],"version-history":[{"count":8,"href":"https:\/\/naturcesped.com\/es\/wp-json\/wp\/v2\/pages\/106\/revisions"}],"predecessor-version":[{"id":3044,"href":"https:\/\/naturcesped.com\/es\/wp-json\/wp\/v2\/pages\/106\/revisions\/3044"}],"wp:attachment":[{"href":"https:\/\/naturcesped.com\/es\/wp-json\/wp\/v2\/media?parent=106"}],"curies":[{"name":"wp","href":"https:\/\/api.w.org\/{rel}","templated":true}]}}