{"id":1048,"date":"2022-11-17T11:39:09","date_gmt":"2022-11-17T11:39:09","guid":{"rendered":"https:\/\/naturcesped.com\/?page_id=1048"},"modified":"2023-12-20T08:54:57","modified_gmt":"2023-12-20T08:54:57","slug":"cesped-artificial-lestartit","status":"publish","type":"page","link":"https:\/\/naturcesped.com\/es\/cesped-artificial-lestartit\/","title":{"rendered":"C\u00e9sped artificial l&#8217;Estartit"},"content":{"rendered":"<div class=\"wpb-content-wrapper\"><p>[vc_row gap=\u00bb35&#8243;][vc_column width=\u00bb2\/3&#8243;][vc_single_image image=\u00bb424&#8243;][vc_column_text]<\/p>\n<p style=\"text-align: justify;\">El c\u00e9sped artificial gana terreno en las propiedades en L\u00b4Estartit por sus m\u00faltiples beneficios. El <strong>c\u00e9sped artificial en L\u00b4Estartit<\/strong> es respetuoso con el medio ambiente porque no necesita agua, fertilizantes ni siega. Adem\u00e1s, el <strong>c\u00e9sped artificial en L\u00b4Estartit<\/strong> parece lo suficientemente realista como para enga\u00f1arnos haci\u00e9ndonos creer que es real.<\/p>\n<p style=\"text-align: justify;\">El <strong>c\u00e9sped artificial en L\u00b4Estartit<\/strong> no requiere riego, corte ni alimentaci\u00f3n, por lo que es una opci\u00f3n segura para la creaci\u00f3n de jardines y parques infantiles duraderos y siempre verdes. Adem\u00e1s, el <strong>c\u00e9sped artificial en L\u00b4Estartit <\/strong>tiene una alta resistencia al pisoteo lo que lo hace apto para zonas de disfrute en las que pueden encontrarse ni\u00f1os o mascotas.<\/p>\n<p>[\/vc_column_text][vc_row_inner][vc_column_inner width=\u00bb1\/3&#8243;][\/vc_column_inner][vc_column_inner width=\u00bb1\/3&#8243;]<a\thref=\"https:\/\/naturcesped.com\/es\/contacto\/\" \n\t\t\t\tclass=\"button btn_large btn_theme_color btn_rounded btn_normal_style    \"  target='_self'><span>CONTACTA CON NOSOTROS<\/span><\/a>[\/vc_column_inner][vc_column_inner width=\u00bb1\/3&#8243;][\/vc_column_inner][\/vc_row_inner][vc_column_text]<\/p>\n<p style=\"text-align: justify;\">Partiendo de la eliminaci\u00f3n total de los costes de gesti\u00f3n del jard\u00edn, el <strong>c\u00e9sped artificial en L\u00b4Estartit<\/strong> est\u00e1 indicado para personas que no quieran dedicar todo su tiempo libre al cuidado de sus espacios precisamente porque no requiere un mantenimiento diario como el c\u00e9sped natural. Las pocas y sencillas precauciones que hay que tomar si se quiere mantener el <strong>c\u00e9sped artificial en L\u00b4Estartit<\/strong> durante mucho tiempo son barrer las hojas y otros elementos que puedan caer sobre \u00e9l y lavarlo de vez en cuando con agua y detergente para permitir que la superficie se mantenga limpia y libre de bacterias. De esta forma ser\u00e1 posible mantener el <strong>c\u00e9sped artificial en L\u00b4Estartit<\/strong> siempre limpio y utilizable, ahorrando en costes de mantenimiento.<\/p>\n<p style=\"text-align: justify;\">La versatilidad del <strong>c\u00e9sped artificial en L\u00b4Estartit<\/strong> permite la creaci\u00f3n de \u00e1reas verdes incluso en espacios que originalmente no fueron dise\u00f1ados para albergar un c\u00e9sped. El <strong>c\u00e9sped artificial en L\u00b4Estartit<\/strong> se puede instalar sobre hormig\u00f3n armado gracias a sus caracter\u00edsticas. De esta forma, ser\u00e1 posible crear espacios verdes incluso donde el suelo haya estado previamente cubierto, sin miedo al estancamiento.<\/p>\n<p style=\"text-align: justify;\">A esto se suma que la ausencia de tierra evita la creaci\u00f3n de barro y charcos, que adem\u00e1s de ensuciar zapatos y ropa, pueden ser peligrosos cuando los ni\u00f1os juegan. No m\u00e1s resbalones y ca\u00eddas en el barro con el <strong>c\u00e9sped artificial en L\u00b4Estartit<\/strong>.<\/p>\n<p style=\"text-align: justify;\">Si quiere disfrutar de todas las ventajas del <strong>c\u00e9sped artificial en L\u00b4Estartit, <\/strong>no dude en comunicarse con nosotros. Contamos con los mejores profesionales que se encargar\u00e1n de todo el proceso. Adem\u00e1s, nos enorgullecemos de tener a un equipo de atenci\u00f3n al cliente dedicado que se encarga de solventar todas las dudas y preguntas de los clientes para asegurar que har\u00e1n una inversi\u00f3n inteligente y segura.<\/p>\n<p style=\"text-align: justify;\">Confiando en Naturcesped tendr\u00e1 la confianza de estar en manos de los mejores profesionales, con a\u00f1os de excelente reputaci\u00f3n y cientos de clientes satisfechos. \u00a1Lo esperamos para crear el espacio de sus sue\u00f1os!<\/p>\n<p>[\/vc_column_text][\/vc_column][vc_column width=\u00bb1\/3&#8243;][vc_column_text]<\/p>\n<h2 style=\"text-align: center;\">Cont\u00e1ctanos para m\u00e1s informaci\u00f3n<\/h2>\n<p>[\/vc_column_text]<div class=\"boc_divider_holder\"><div class=\"boc_divider  \"  style=\"margin-top: 20px;margin-bottom: 20px;height: 1px;background: #eeeeee;\"><\/div><\/div>\n<div class=\"wpcf7 no-js\" id=\"wpcf7-f202-o1\" lang=\"es-ES\" dir=\"ltr\" data-wpcf7-id=\"202\">\n<div class=\"screen-reader-response\"><p role=\"status\" aria-live=\"polite\" aria-atomic=\"true\"><\/p> <ul><\/ul><\/div>\n<form action=\"\/es\/wp-json\/wp\/v2\/pages\/1048#wpcf7-f202-o1\" method=\"post\" class=\"wpcf7-form init\" aria-label=\"Formulario de contacto\" novalidate=\"novalidate\" data-status=\"init\">\n<fieldset class=\"hidden-fields-container\"><input type=\"hidden\" name=\"_wpcf7\" value=\"202\" \/><input type=\"hidden\" name=\"_wpcf7_version\" value=\"6.1.3\" \/><input type=\"hidden\" name=\"_wpcf7_locale\" value=\"es_ES\" \/><input type=\"hidden\" name=\"_wpcf7_unit_tag\" value=\"wpcf7-f202-o1\" \/><input type=\"hidden\" name=\"_wpcf7_container_post\" value=\"0\" \/><input type=\"hidden\" name=\"_wpcf7_posted_data_hash\" value=\"\" \/><input type=\"hidden\" name=\"_wpcf7_recaptcha_response\" value=\"\" \/>\n<\/fieldset>\n<p><label> Nombre y apellidos *<br \/>\n<span class=\"wpcf7-form-control-wrap\" data-name=\"your-name\"><input size=\"40\" maxlength=\"400\" class=\"wpcf7-form-control wpcf7-text wpcf7-validates-as-required\" aria-required=\"true\" aria-invalid=\"false\" value=\"\" type=\"text\" name=\"your-name\" \/><\/span> <\/label>\n<\/p>\n<p><label> Tel\u00e9fono *<br \/>\n<span class=\"wpcf7-form-control-wrap\" data-name=\"your-phone\"><input size=\"40\" maxlength=\"400\" class=\"wpcf7-form-control wpcf7-text wpcf7-validates-as-required\" aria-required=\"true\" aria-invalid=\"false\" value=\"\" type=\"text\" name=\"your-phone\" \/><\/span> <\/label>\n<\/p>\n<p><label> Correo electr\u00f3nico *<br \/>\n<span class=\"wpcf7-form-control-wrap\" data-name=\"your-email\"><input size=\"40\" maxlength=\"400\" class=\"wpcf7-form-control wpcf7-email wpcf7-validates-as-required wpcf7-text wpcf7-validates-as-email\" aria-required=\"true\" aria-invalid=\"false\" value=\"\" type=\"email\" name=\"your-email\" \/><\/span> <\/label>\n<\/p>\n<p><label> Municipio *<br \/>\n<span class=\"wpcf7-form-control-wrap\" data-name=\"your-town\"><input size=\"40\" maxlength=\"400\" class=\"wpcf7-form-control wpcf7-text wpcf7-validates-as-required\" aria-required=\"true\" aria-invalid=\"false\" value=\"\" type=\"text\" name=\"your-town\" \/><\/span> <\/label>\n<\/p>\n<p><label> Cantidad de m\u00b2<br \/>\n<span class=\"wpcf7-form-control-wrap\" data-name=\"your-meters\"><input size=\"40\" maxlength=\"400\" class=\"wpcf7-form-control wpcf7-text\" aria-invalid=\"false\" value=\"\" type=\"text\" name=\"your-meters\" \/><\/span> <\/label>\n<\/p>\n<p><label> Terreno actual *<br \/>\n<span class=\"wpcf7-form-control-wrap\" data-name=\"radio-509\"><span class=\"wpcf7-form-control wpcf7-radio\"><span class=\"wpcf7-list-item first\"><label><input type=\"radio\" name=\"radio-509\" value=\"Tierra\" checked=\"checked\" \/><span class=\"wpcf7-list-item-label\">Tierra<\/span><\/label><\/span><span class=\"wpcf7-list-item\"><label><input type=\"radio\" name=\"radio-509\" value=\"C\u00e9sped natural\" \/><span class=\"wpcf7-list-item-label\">C\u00e9sped natural<\/span><\/label><\/span><span class=\"wpcf7-list-item\"><label><input type=\"radio\" name=\"radio-509\" value=\"Pavimento\" \/><span class=\"wpcf7-list-item-label\">Pavimento<\/span><\/label><\/span><span class=\"wpcf7-list-item last\"><label><input type=\"radio\" name=\"radio-509\" value=\"C\u00e9sped artificial\" \/><span class=\"wpcf7-list-item-label\">C\u00e9sped artificial<\/span><\/label><\/span><\/span><\/span> <\/label>\n<\/p>\n<p><label> Mensaje *<br \/>\n<span class=\"wpcf7-form-control-wrap\" data-name=\"your-message\"><textarea cols=\"40\" rows=\"3\" maxlength=\"2000\" class=\"wpcf7-form-control wpcf7-textarea wpcf7-validates-as-required\" aria-required=\"true\" aria-invalid=\"false\" name=\"your-message\"><\/textarea><\/span> <\/label>\n<\/p>\n<p style=\"font-weight: lighter; font-size:12px;\">Informaci\u00f3n b\u00e1sica sobre el tratamiento de datos (Reglamento (UE) 2016\/679 y LO 3\/2018)<br \/>\nResponsable del tratamiento: Naturcesped C\u00e9sped Artificial, SL.\n<\/p>\n<p style=\"font-weight: lighter; font-size:12px;\">Finalidad: Ofrecer, prestar y facturar nuestros servicios y productos.\n<\/p>\n<p style=\"font-weight: lighter; font-size:12px;\">Legitimaci\u00f3n: Consentimiento del interesado.\n<\/p>\n<p style=\"font-weight: lighter; font-size:12px;\">Destinatarios: Los datos no se ceder\u00e1n a terceros, a menos que lo exija una ley o sea necesario para cumplir con la finalidad del tratamiento.\n<\/p>\n<p style=\"font-weight: lighter; font-size:12px;\">Derechos: Acceder, rectificar y suprimir datos, as\u00ed como el resto que se explican en la pol\u00edtica de protecci\u00f3n de datos.\n<\/p>\n<p style=\"font-weight: lighter; font-size:12px;\">M\u00e1s informaci\u00f3n en nuestra pol\u00edtica de protecci\u00f3n de datos.\n<\/p>\n<p><input class=\"wpcf7-form-control wpcf7-submit has-spinner\" type=\"submit\" value=\"Enviar\" \/>\n<\/p><div class=\"wpcf7-response-output\" aria-hidden=\"true\"><\/div>\n<\/form>\n<\/div>\n[\/vc_column][\/vc_row]<\/p>\n<\/div>","protected":false},"excerpt":{"rendered":"<p>[vc_row gap=\u00bb35&#8243;][vc_column width=\u00bb2\/3&#8243;][vc_single_image image=\u00bb424&#8243;][vc_column_text] El c\u00e9sped artificial gana terreno en las propiedades en L\u00b4Estartit por sus m\u00faltiples beneficios. El c\u00e9sped artificial en L\u00b4Estartit es respetuoso con el medio ambiente porque no necesita agua, fertilizantes ni siega. Adem\u00e1s, el c\u00e9sped artificial en L\u00b4Estartit parece lo suficientemente realista como para enga\u00f1arnos haci\u00e9ndonos creer que es real. El c\u00e9sped artificial en L\u00b4Estartit no<\/p>\n<div class=\"h10\"><\/div>\n<p><a class=\"more-link1\" href=\"https:\/\/naturcesped.com\/es\/cesped-artificial-lestartit\/\">Read more<\/a><\/p>\n","protected":false},"author":1,"featured_media":0,"parent":0,"menu_order":0,"comment_status":"closed","ping_status":"closed","template":"","meta":{"footnotes":""},"class_list":["post-1048","page","type-page","status-publish","hentry"],"yoast_head":"<!-- This site is optimized with the Yoast SEO plugin v26.3 - https:\/\/yoast.com\/wordpress\/plugins\/seo\/ -->\n<title>C\u00e9sped artificial l&#039;Estartit - Naturcesped<\/title>\n<meta name=\"description\" content=\"Descubre nuestro cat\u00e1logo de c\u00e9sped artificial en la provincia de Girona, tenemos diferentes tipos de c\u00e9sped a un precio \u00fanico y con unos resultados impecables. Descubre todos los modelos.\" \/>\n<meta name=\"robots\" content=\"index, follow, max-snippet:-1, max-image-preview:large, max-video-preview:-1\" \/>\n<link rel=\"canonical\" href=\"https:\/\/naturcesped.com\/es\/cesped-artificial-lestartit\/\" \/>\n<meta property=\"og:locale\" content=\"es_ES\" \/>\n<meta property=\"og:type\" content=\"article\" \/>\n<meta property=\"og:title\" content=\"C\u00e9sped artificial l&#039;Estartit - Naturcesped\" \/>\n<meta property=\"og:description\" content=\"Descubre nuestro cat\u00e1logo de c\u00e9sped artificial en la provincia de Girona, tenemos diferentes tipos de c\u00e9sped a un precio \u00fanico y con unos resultados impecables. Descubre todos los modelos.\" \/>\n<meta property=\"og:url\" content=\"https:\/\/naturcesped.com\/es\/cesped-artificial-lestartit\/\" \/>\n<meta property=\"og:site_name\" content=\"NaturC\u00e9sped\" \/>\n<meta property=\"article:modified_time\" content=\"2023-12-20T08:54:57+00:00\" \/>\n<meta name=\"twitter:card\" content=\"summary_large_image\" \/>\n<meta name=\"twitter:label1\" content=\"Tiempo de lectura\" \/>\n\t<meta name=\"twitter:data1\" content=\"3 minutos\" \/>\n<script type=\"application\/ld+json\" class=\"yoast-schema-graph\">{\"@context\":\"https:\/\/schema.org\",\"@graph\":[{\"@type\":\"WebPage\",\"@id\":\"https:\/\/naturcesped.com\/es\/cesped-artificial-lestartit\/\",\"url\":\"https:\/\/naturcesped.com\/es\/cesped-artificial-lestartit\/\",\"name\":\"C\u00e9sped artificial l'Estartit - Naturcesped\",\"isPartOf\":{\"@id\":\"https:\/\/naturcesped.com\/es\/#website\"},\"datePublished\":\"2022-11-17T11:39:09+00:00\",\"dateModified\":\"2023-12-20T08:54:57+00:00\",\"description\":\"Descubre nuestro cat\u00e1logo de c\u00e9sped artificial en la provincia de Girona, tenemos diferentes tipos de c\u00e9sped a un precio \u00fanico y con unos resultados impecables. Descubre todos los modelos.\",\"breadcrumb\":{\"@id\":\"https:\/\/naturcesped.com\/es\/cesped-artificial-lestartit\/#breadcrumb\"},\"inLanguage\":\"es\",\"potentialAction\":[{\"@type\":\"ReadAction\",\"target\":[\"https:\/\/naturcesped.com\/es\/cesped-artificial-lestartit\/\"]}]},{\"@type\":\"BreadcrumbList\",\"@id\":\"https:\/\/naturcesped.com\/es\/cesped-artificial-lestartit\/#breadcrumb\",\"itemListElement\":[{\"@type\":\"ListItem\",\"position\":1,\"name\":\"Portada\",\"item\":\"https:\/\/naturcesped.com\/es\/\"},{\"@type\":\"ListItem\",\"position\":2,\"name\":\"C\u00e9sped artificial l&#8217;Estartit\"}]},{\"@type\":\"WebSite\",\"@id\":\"https:\/\/naturcesped.com\/es\/#website\",\"url\":\"https:\/\/naturcesped.com\/es\/\",\"name\":\"NaturC\u00e9sped\",\"description\":\"C\u00e9sped artificial en Girona\",\"potentialAction\":[{\"@type\":\"SearchAction\",\"target\":{\"@type\":\"EntryPoint\",\"urlTemplate\":\"https:\/\/naturcesped.com\/es\/?s={search_term_string}\"},\"query-input\":{\"@type\":\"PropertyValueSpecification\",\"valueRequired\":true,\"valueName\":\"search_term_string\"}}],\"inLanguage\":\"es\"}]}<\/script>\n<!-- \/ Yoast SEO plugin. -->","yoast_head_json":{"title":"C\u00e9sped artificial l'Estartit - Naturcesped","description":"Descubre nuestro cat\u00e1logo de c\u00e9sped artificial en la provincia de Girona, tenemos diferentes tipos de c\u00e9sped a un precio \u00fanico y con unos resultados impecables. Descubre todos los modelos.","robots":{"index":"index","follow":"follow","max-snippet":"max-snippet:-1","max-image-preview":"max-image-preview:large","max-video-preview":"max-video-preview:-1"},"canonical":"https:\/\/naturcesped.com\/es\/cesped-artificial-lestartit\/","og_locale":"es_ES","og_type":"article","og_title":"C\u00e9sped artificial l'Estartit - Naturcesped","og_description":"Descubre nuestro cat\u00e1logo de c\u00e9sped artificial en la provincia de Girona, tenemos diferentes tipos de c\u00e9sped a un precio \u00fanico y con unos resultados impecables. Descubre todos los modelos.","og_url":"https:\/\/naturcesped.com\/es\/cesped-artificial-lestartit\/","og_site_name":"NaturC\u00e9sped","article_modified_time":"2023-12-20T08:54:57+00:00","twitter_card":"summary_large_image","twitter_misc":{"Tiempo de lectura":"3 minutos"},"schema":{"@context":"https:\/\/schema.org","@graph":[{"@type":"WebPage","@id":"https:\/\/naturcesped.com\/es\/cesped-artificial-lestartit\/","url":"https:\/\/naturcesped.com\/es\/cesped-artificial-lestartit\/","name":"C\u00e9sped artificial l'Estartit - Naturcesped","isPartOf":{"@id":"https:\/\/naturcesped.com\/es\/#website"},"datePublished":"2022-11-17T11:39:09+00:00","dateModified":"2023-12-20T08:54:57+00:00","description":"Descubre nuestro cat\u00e1logo de c\u00e9sped artificial en la provincia de Girona, tenemos diferentes tipos de c\u00e9sped a un precio \u00fanico y con unos resultados impecables. Descubre todos los modelos.","breadcrumb":{"@id":"https:\/\/naturcesped.com\/es\/cesped-artificial-lestartit\/#breadcrumb"},"inLanguage":"es","potentialAction":[{"@type":"ReadAction","target":["https:\/\/naturcesped.com\/es\/cesped-artificial-lestartit\/"]}]},{"@type":"BreadcrumbList","@id":"https:\/\/naturcesped.com\/es\/cesped-artificial-lestartit\/#breadcrumb","itemListElement":[{"@type":"ListItem","position":1,"name":"Portada","item":"https:\/\/naturcesped.com\/es\/"},{"@type":"ListItem","position":2,"name":"C\u00e9sped artificial l&#8217;Estartit"}]},{"@type":"WebSite","@id":"https:\/\/naturcesped.com\/es\/#website","url":"https:\/\/naturcesped.com\/es\/","name":"NaturC\u00e9sped","description":"C\u00e9sped artificial en Girona","potentialAction":[{"@type":"SearchAction","target":{"@type":"EntryPoint","urlTemplate":"https:\/\/naturcesped.com\/es\/?s={search_term_string}"},"query-input":{"@type":"PropertyValueSpecification","valueRequired":true,"valueName":"search_term_string"}}],"inLanguage":"es"}]}},"_links":{"self":[{"href":"https:\/\/naturcesped.com\/es\/wp-json\/wp\/v2\/pages\/1048","targetHints":{"allow":["GET"]}}],"collection":[{"href":"https:\/\/naturcesped.com\/es\/wp-json\/wp\/v2\/pages"}],"about":[{"href":"https:\/\/naturcesped.com\/es\/wp-json\/wp\/v2\/types\/page"}],"author":[{"embeddable":true,"href":"https:\/\/naturcesped.com\/es\/wp-json\/wp\/v2\/users\/1"}],"replies":[{"embeddable":true,"href":"https:\/\/naturcesped.com\/es\/wp-json\/wp\/v2\/comments?post=1048"}],"version-history":[{"count":0,"href":"https:\/\/naturcesped.com\/es\/wp-json\/wp\/v2\/pages\/1048\/revisions"}],"wp:attachment":[{"href":"https:\/\/naturcesped.com\/es\/wp-json\/wp\/v2\/media?parent=1048"}],"curies":[{"name":"wp","href":"https:\/\/api.w.org\/{rel}","templated":true}]}}