{"id":1046,"date":"2022-11-17T11:37:16","date_gmt":"2022-11-17T11:37:16","guid":{"rendered":"https:\/\/naturcesped.com\/?page_id=1046"},"modified":"2023-12-20T09:06:00","modified_gmt":"2023-12-20T09:06:00","slug":"cesped-artificial-lloret-de-mar","status":"publish","type":"page","link":"https:\/\/naturcesped.com\/es\/cesped-artificial-lloret-de-mar\/","title":{"rendered":"C\u00e9sped artificial Lloret de Mar"},"content":{"rendered":"<div class=\"wpb-content-wrapper\"><p>[vc_row gap=\u00bb35&#8243;][vc_column width=\u00bb2\/3&#8243;][vc_single_image image=\u00bb424&#8243;][vc_column_text]<\/p>\n<p style=\"text-align: justify;\">Cualquier propietario en Lloret de Mar quiere disfrutar de espacios al aire libre en buen estado durante todo el a\u00f1o y sin dedicar todo su tiempo libre a su cuidado. Por esto, la mejor opci\u00f3n es la instalaci\u00f3n de <strong>c\u00e9sped artificial en Lloret de Mar<\/strong>.<\/p>\n<p style=\"text-align: justify;\">Podr\u00e1 disfrutar del <strong>c\u00e9sped artificial en Lloret de Mar<\/strong> sin preocupaciones todos los d\u00edas, esa es la mayor ventaja. El <strong>c\u00e9sped artificial en Lloret de Mar<\/strong> pr\u00e1cticamente no requiere mantenimiento y es un complemento duradero y elegante para cualquier jard\u00edn.<\/p>\n<p style=\"text-align: justify;\">A esto se suma que con Naturcesped podr\u00e1 tener un <strong>c\u00e9sped artificial en Lloret de Mar <\/strong>de alta calidad, dise\u00f1ado espec\u00edficamente para el paisajismo de jardines y patios privados. Nuestros modelos de <strong>c\u00e9sped artificial en Lloret de Mar<\/strong> son tan hermosos como duraderos. Adem\u00e1s, con el <strong>c\u00e9sped artificial en Lloret de Mar<\/strong> disfrutar\u00e1 de otras ventajas. Es f\u00e1cil de limpiar, requiere poco mantenimiento y siempre se ve bien.<\/p>\n<p>[\/vc_column_text][vc_row_inner][vc_column_inner width=\u00bb1\/3&#8243;][\/vc_column_inner][vc_column_inner width=\u00bb1\/3&#8243;]<a\thref=\"https:\/\/naturcesped.com\/es\/contacto\/\" \n\t\t\t\tclass=\"button btn_large btn_theme_color btn_rounded btn_normal_style    \"  target='_self'><span>CONTACTA CON NOSOTROS<\/span><\/a>[\/vc_column_inner][vc_column_inner width=\u00bb1\/3&#8243;][\/vc_column_inner][\/vc_row_inner][vc_column_text]<\/p>\n<p style=\"text-align: justify;\">El <strong>c\u00e9sped artificial en Lloret de Mar<\/strong> tiene un aspecto muy natural, es muy realista y pr\u00e1cticamente no tienes de qu\u00e9 preocuparte para que se mantenga hermoso durante todo el a\u00f1o. Pi\u00e9nsalo: con un <strong>c\u00e9sped artificial en Lloret de Mar<\/strong> ya no tienes que cortar el c\u00e9sped, no tienes que regarlo y no tienes todo el mantenimiento que requiere el c\u00e9sped natural. Adem\u00e1s, tienes un hermoso c\u00e9sped verde en todas las estaciones.<\/p>\n<p style=\"text-align: justify;\">El <strong>c\u00e9sped artificial en Lloret de Mar<\/strong> tambi\u00e9n es agradable de usar, ya que es muy suave pero extremadamente fuerte. Los ni\u00f1os pueden jugar, correr y saltar, retozar con el perro. Incluso alrededor de la piscina o el jacuzzi es una soluci\u00f3n perfecta. En resumen, existen innumerables oportunidades en las que puede utilizar el <strong>c\u00e9sped artificial en Lloret de Mar<\/strong> para darle a su jard\u00edn un aspecto lujoso, atractivo y verde.<\/p>\n<p style=\"text-align: justify;\">Construir un jard\u00edn cuesta dinero, tiempo y esfuerzo. Al instalar un <strong>c\u00e9sped artificial en Lloret de Mar<\/strong> no se arrepentir\u00e1 de su inversi\u00f3n ya que la disfrutar\u00e1 por muchos a\u00f1os. No lo pienses m\u00e1s y disfruta del mejor aspecto y un espacio seguro durante todas las estaciones con la instalaci\u00f3n de <strong>c\u00e9sped artificial en Lloret de Mar. <\/strong><\/p>\n<p style=\"text-align: justify;\">En Naturcesped estaremos encantados de atenderte y brindarte toda la informaci\u00f3n necesaria antes de la instalaci\u00f3n del <strong>c\u00e9sped artificial en Lloret de Mar. <\/strong>Nos encargamos de crear soluciones a la medida por lo que disfrutar\u00e1s de la tranquilidad de confiar en profesionales dedicados cuyo objetivo es tu m\u00e1xima satisfacci\u00f3n. Nuestros a\u00f1os de experiencia y la dedicada atenci\u00f3n al cliente que ofrecemos nos han convertido en referencia en el sector. \u00a1Cuenta con nosotros para embellecer tus espacios!<\/p>\n<p>[\/vc_column_text][\/vc_column][vc_column width=\u00bb1\/3&#8243;][vc_column_text]<\/p>\n<h2 style=\"text-align: center;\">Cont\u00e1ctanos para m\u00e1s informaci\u00f3n<\/h2>\n<p>[\/vc_column_text]<div class=\"boc_divider_holder\"><div class=\"boc_divider  \"  style=\"margin-top: 20px;margin-bottom: 20px;height: 1px;background: #eeeeee;\"><\/div><\/div>\n<div class=\"wpcf7 no-js\" id=\"wpcf7-f202-o1\" lang=\"es-ES\" dir=\"ltr\" data-wpcf7-id=\"202\">\n<div class=\"screen-reader-response\"><p role=\"status\" aria-live=\"polite\" aria-atomic=\"true\"><\/p> <ul><\/ul><\/div>\n<form action=\"\/es\/wp-json\/wp\/v2\/pages\/1046#wpcf7-f202-o1\" method=\"post\" class=\"wpcf7-form init\" aria-label=\"Formulario de contacto\" novalidate=\"novalidate\" data-status=\"init\">\n<fieldset class=\"hidden-fields-container\"><input type=\"hidden\" name=\"_wpcf7\" value=\"202\" \/><input type=\"hidden\" name=\"_wpcf7_version\" value=\"6.1.3\" \/><input type=\"hidden\" name=\"_wpcf7_locale\" value=\"es_ES\" \/><input type=\"hidden\" name=\"_wpcf7_unit_tag\" value=\"wpcf7-f202-o1\" \/><input type=\"hidden\" name=\"_wpcf7_container_post\" value=\"0\" \/><input type=\"hidden\" name=\"_wpcf7_posted_data_hash\" value=\"\" \/><input type=\"hidden\" name=\"_wpcf7_recaptcha_response\" value=\"\" \/>\n<\/fieldset>\n<p><label> Nombre y apellidos *<br \/>\n<span class=\"wpcf7-form-control-wrap\" data-name=\"your-name\"><input size=\"40\" maxlength=\"400\" class=\"wpcf7-form-control wpcf7-text wpcf7-validates-as-required\" aria-required=\"true\" aria-invalid=\"false\" value=\"\" type=\"text\" name=\"your-name\" \/><\/span> <\/label>\n<\/p>\n<p><label> Tel\u00e9fono *<br \/>\n<span class=\"wpcf7-form-control-wrap\" data-name=\"your-phone\"><input size=\"40\" maxlength=\"400\" class=\"wpcf7-form-control wpcf7-text wpcf7-validates-as-required\" aria-required=\"true\" aria-invalid=\"false\" value=\"\" type=\"text\" name=\"your-phone\" \/><\/span> <\/label>\n<\/p>\n<p><label> Correo electr\u00f3nico *<br \/>\n<span class=\"wpcf7-form-control-wrap\" data-name=\"your-email\"><input size=\"40\" maxlength=\"400\" class=\"wpcf7-form-control wpcf7-email wpcf7-validates-as-required wpcf7-text wpcf7-validates-as-email\" aria-required=\"true\" aria-invalid=\"false\" value=\"\" type=\"email\" name=\"your-email\" \/><\/span> <\/label>\n<\/p>\n<p><label> Municipio *<br \/>\n<span class=\"wpcf7-form-control-wrap\" data-name=\"your-town\"><input size=\"40\" maxlength=\"400\" class=\"wpcf7-form-control wpcf7-text wpcf7-validates-as-required\" aria-required=\"true\" aria-invalid=\"false\" value=\"\" type=\"text\" name=\"your-town\" \/><\/span> <\/label>\n<\/p>\n<p><label> Cantidad de m\u00b2<br \/>\n<span class=\"wpcf7-form-control-wrap\" data-name=\"your-meters\"><input size=\"40\" maxlength=\"400\" class=\"wpcf7-form-control wpcf7-text\" aria-invalid=\"false\" value=\"\" type=\"text\" name=\"your-meters\" \/><\/span> <\/label>\n<\/p>\n<p><label> Terreno actual *<br \/>\n<span class=\"wpcf7-form-control-wrap\" data-name=\"radio-509\"><span class=\"wpcf7-form-control wpcf7-radio\"><span class=\"wpcf7-list-item first\"><label><input type=\"radio\" name=\"radio-509\" value=\"Tierra\" checked=\"checked\" \/><span class=\"wpcf7-list-item-label\">Tierra<\/span><\/label><\/span><span class=\"wpcf7-list-item\"><label><input type=\"radio\" name=\"radio-509\" value=\"C\u00e9sped natural\" \/><span class=\"wpcf7-list-item-label\">C\u00e9sped natural<\/span><\/label><\/span><span class=\"wpcf7-list-item\"><label><input type=\"radio\" name=\"radio-509\" value=\"Pavimento\" \/><span class=\"wpcf7-list-item-label\">Pavimento<\/span><\/label><\/span><span class=\"wpcf7-list-item last\"><label><input type=\"radio\" name=\"radio-509\" value=\"C\u00e9sped artificial\" \/><span class=\"wpcf7-list-item-label\">C\u00e9sped artificial<\/span><\/label><\/span><\/span><\/span> <\/label>\n<\/p>\n<p><label> Mensaje *<br \/>\n<span class=\"wpcf7-form-control-wrap\" data-name=\"your-message\"><textarea cols=\"40\" rows=\"3\" maxlength=\"2000\" class=\"wpcf7-form-control wpcf7-textarea wpcf7-validates-as-required\" aria-required=\"true\" aria-invalid=\"false\" name=\"your-message\"><\/textarea><\/span> <\/label>\n<\/p>\n<p style=\"font-weight: lighter; font-size:12px;\">Informaci\u00f3n b\u00e1sica sobre el tratamiento de datos (Reglamento (UE) 2016\/679 y LO 3\/2018)<br \/>\nResponsable del tratamiento: Naturcesped C\u00e9sped Artificial, SL.\n<\/p>\n<p style=\"font-weight: lighter; font-size:12px;\">Finalidad: Ofrecer, prestar y facturar nuestros servicios y productos.\n<\/p>\n<p style=\"font-weight: lighter; font-size:12px;\">Legitimaci\u00f3n: Consentimiento del interesado.\n<\/p>\n<p style=\"font-weight: lighter; font-size:12px;\">Destinatarios: Los datos no se ceder\u00e1n a terceros, a menos que lo exija una ley o sea necesario para cumplir con la finalidad del tratamiento.\n<\/p>\n<p style=\"font-weight: lighter; font-size:12px;\">Derechos: Acceder, rectificar y suprimir datos, as\u00ed como el resto que se explican en la pol\u00edtica de protecci\u00f3n de datos.\n<\/p>\n<p style=\"font-weight: lighter; font-size:12px;\">M\u00e1s informaci\u00f3n en nuestra pol\u00edtica de protecci\u00f3n de datos.\n<\/p>\n<p><input class=\"wpcf7-form-control wpcf7-submit has-spinner\" type=\"submit\" value=\"Enviar\" \/>\n<\/p><div class=\"wpcf7-response-output\" aria-hidden=\"true\"><\/div>\n<\/form>\n<\/div>\n[\/vc_column][\/vc_row]<\/p>\n<\/div>","protected":false},"excerpt":{"rendered":"<p>[vc_row gap=\u00bb35&#8243;][vc_column width=\u00bb2\/3&#8243;][vc_single_image image=\u00bb424&#8243;][vc_column_text] Cualquier propietario en Lloret de Mar quiere disfrutar de espacios al aire libre en buen estado durante todo el a\u00f1o y sin dedicar todo su tiempo libre a su cuidado. Por esto, la mejor opci\u00f3n es la instalaci\u00f3n de c\u00e9sped artificial en Lloret de Mar. Podr\u00e1 disfrutar del c\u00e9sped artificial en Lloret de Mar sin preocupaciones<\/p>\n<div class=\"h10\"><\/div>\n<p><a class=\"more-link1\" href=\"https:\/\/naturcesped.com\/es\/cesped-artificial-lloret-de-mar\/\">Read more<\/a><\/p>\n","protected":false},"author":1,"featured_media":0,"parent":0,"menu_order":0,"comment_status":"closed","ping_status":"closed","template":"","meta":{"footnotes":""},"class_list":["post-1046","page","type-page","status-publish","hentry"],"yoast_head":"<!-- This site is optimized with the Yoast SEO plugin v26.3 - https:\/\/yoast.com\/wordpress\/plugins\/seo\/ -->\n<title>C\u00e9sped artificial Lloret de Mar - Naturcesped<\/title>\n<meta name=\"description\" content=\"Conoce todas las opciones de c\u00e9sped artificial que ofrecemos en Lloret de Mar, c\u00e9sped de alta calidad a buen precio. Diferentes modelos con un aspecto natural, c\u00e9sped de alta calidad que da buenos resultados.\" \/>\n<meta name=\"robots\" content=\"index, follow, max-snippet:-1, max-image-preview:large, max-video-preview:-1\" \/>\n<link rel=\"canonical\" href=\"https:\/\/naturcesped.com\/es\/cesped-artificial-lloret-de-mar\/\" \/>\n<meta property=\"og:locale\" content=\"es_ES\" \/>\n<meta property=\"og:type\" content=\"article\" \/>\n<meta property=\"og:title\" content=\"C\u00e9sped artificial Lloret de Mar - Naturcesped\" \/>\n<meta property=\"og:description\" content=\"Conoce todas las opciones de c\u00e9sped artificial que ofrecemos en Lloret de Mar, c\u00e9sped de alta calidad a buen precio. Diferentes modelos con un aspecto natural, c\u00e9sped de alta calidad que da buenos resultados.\" \/>\n<meta property=\"og:url\" content=\"https:\/\/naturcesped.com\/es\/cesped-artificial-lloret-de-mar\/\" \/>\n<meta property=\"og:site_name\" content=\"NaturC\u00e9sped\" \/>\n<meta property=\"article:modified_time\" content=\"2023-12-20T09:06:00+00:00\" \/>\n<meta name=\"twitter:card\" content=\"summary_large_image\" \/>\n<meta name=\"twitter:label1\" content=\"Tiempo de lectura\" \/>\n\t<meta name=\"twitter:data1\" content=\"3 minutos\" \/>\n<script type=\"application\/ld+json\" class=\"yoast-schema-graph\">{\"@context\":\"https:\/\/schema.org\",\"@graph\":[{\"@type\":\"WebPage\",\"@id\":\"https:\/\/naturcesped.com\/es\/cesped-artificial-lloret-de-mar\/\",\"url\":\"https:\/\/naturcesped.com\/es\/cesped-artificial-lloret-de-mar\/\",\"name\":\"C\u00e9sped artificial Lloret de Mar - Naturcesped\",\"isPartOf\":{\"@id\":\"https:\/\/naturcesped.com\/es\/#website\"},\"datePublished\":\"2022-11-17T11:37:16+00:00\",\"dateModified\":\"2023-12-20T09:06:00+00:00\",\"description\":\"Conoce todas las opciones de c\u00e9sped artificial que ofrecemos en Lloret de Mar, c\u00e9sped de alta calidad a buen precio. Diferentes modelos con un aspecto natural, c\u00e9sped de alta calidad que da buenos resultados.\",\"breadcrumb\":{\"@id\":\"https:\/\/naturcesped.com\/es\/cesped-artificial-lloret-de-mar\/#breadcrumb\"},\"inLanguage\":\"es\",\"potentialAction\":[{\"@type\":\"ReadAction\",\"target\":[\"https:\/\/naturcesped.com\/es\/cesped-artificial-lloret-de-mar\/\"]}]},{\"@type\":\"BreadcrumbList\",\"@id\":\"https:\/\/naturcesped.com\/es\/cesped-artificial-lloret-de-mar\/#breadcrumb\",\"itemListElement\":[{\"@type\":\"ListItem\",\"position\":1,\"name\":\"Portada\",\"item\":\"https:\/\/naturcesped.com\/es\/\"},{\"@type\":\"ListItem\",\"position\":2,\"name\":\"C\u00e9sped artificial Lloret de Mar\"}]},{\"@type\":\"WebSite\",\"@id\":\"https:\/\/naturcesped.com\/es\/#website\",\"url\":\"https:\/\/naturcesped.com\/es\/\",\"name\":\"NaturC\u00e9sped\",\"description\":\"C\u00e9sped artificial en Girona\",\"potentialAction\":[{\"@type\":\"SearchAction\",\"target\":{\"@type\":\"EntryPoint\",\"urlTemplate\":\"https:\/\/naturcesped.com\/es\/?s={search_term_string}\"},\"query-input\":{\"@type\":\"PropertyValueSpecification\",\"valueRequired\":true,\"valueName\":\"search_term_string\"}}],\"inLanguage\":\"es\"}]}<\/script>\n<!-- \/ Yoast SEO plugin. -->","yoast_head_json":{"title":"C\u00e9sped artificial Lloret de Mar - Naturcesped","description":"Conoce todas las opciones de c\u00e9sped artificial que ofrecemos en Lloret de Mar, c\u00e9sped de alta calidad a buen precio. Diferentes modelos con un aspecto natural, c\u00e9sped de alta calidad que da buenos resultados.","robots":{"index":"index","follow":"follow","max-snippet":"max-snippet:-1","max-image-preview":"max-image-preview:large","max-video-preview":"max-video-preview:-1"},"canonical":"https:\/\/naturcesped.com\/es\/cesped-artificial-lloret-de-mar\/","og_locale":"es_ES","og_type":"article","og_title":"C\u00e9sped artificial Lloret de Mar - Naturcesped","og_description":"Conoce todas las opciones de c\u00e9sped artificial que ofrecemos en Lloret de Mar, c\u00e9sped de alta calidad a buen precio. Diferentes modelos con un aspecto natural, c\u00e9sped de alta calidad que da buenos resultados.","og_url":"https:\/\/naturcesped.com\/es\/cesped-artificial-lloret-de-mar\/","og_site_name":"NaturC\u00e9sped","article_modified_time":"2023-12-20T09:06:00+00:00","twitter_card":"summary_large_image","twitter_misc":{"Tiempo de lectura":"3 minutos"},"schema":{"@context":"https:\/\/schema.org","@graph":[{"@type":"WebPage","@id":"https:\/\/naturcesped.com\/es\/cesped-artificial-lloret-de-mar\/","url":"https:\/\/naturcesped.com\/es\/cesped-artificial-lloret-de-mar\/","name":"C\u00e9sped artificial Lloret de Mar - Naturcesped","isPartOf":{"@id":"https:\/\/naturcesped.com\/es\/#website"},"datePublished":"2022-11-17T11:37:16+00:00","dateModified":"2023-12-20T09:06:00+00:00","description":"Conoce todas las opciones de c\u00e9sped artificial que ofrecemos en Lloret de Mar, c\u00e9sped de alta calidad a buen precio. Diferentes modelos con un aspecto natural, c\u00e9sped de alta calidad que da buenos resultados.","breadcrumb":{"@id":"https:\/\/naturcesped.com\/es\/cesped-artificial-lloret-de-mar\/#breadcrumb"},"inLanguage":"es","potentialAction":[{"@type":"ReadAction","target":["https:\/\/naturcesped.com\/es\/cesped-artificial-lloret-de-mar\/"]}]},{"@type":"BreadcrumbList","@id":"https:\/\/naturcesped.com\/es\/cesped-artificial-lloret-de-mar\/#breadcrumb","itemListElement":[{"@type":"ListItem","position":1,"name":"Portada","item":"https:\/\/naturcesped.com\/es\/"},{"@type":"ListItem","position":2,"name":"C\u00e9sped artificial Lloret de Mar"}]},{"@type":"WebSite","@id":"https:\/\/naturcesped.com\/es\/#website","url":"https:\/\/naturcesped.com\/es\/","name":"NaturC\u00e9sped","description":"C\u00e9sped artificial en Girona","potentialAction":[{"@type":"SearchAction","target":{"@type":"EntryPoint","urlTemplate":"https:\/\/naturcesped.com\/es\/?s={search_term_string}"},"query-input":{"@type":"PropertyValueSpecification","valueRequired":true,"valueName":"search_term_string"}}],"inLanguage":"es"}]}},"_links":{"self":[{"href":"https:\/\/naturcesped.com\/es\/wp-json\/wp\/v2\/pages\/1046","targetHints":{"allow":["GET"]}}],"collection":[{"href":"https:\/\/naturcesped.com\/es\/wp-json\/wp\/v2\/pages"}],"about":[{"href":"https:\/\/naturcesped.com\/es\/wp-json\/wp\/v2\/types\/page"}],"author":[{"embeddable":true,"href":"https:\/\/naturcesped.com\/es\/wp-json\/wp\/v2\/users\/1"}],"replies":[{"embeddable":true,"href":"https:\/\/naturcesped.com\/es\/wp-json\/wp\/v2\/comments?post=1046"}],"version-history":[{"count":0,"href":"https:\/\/naturcesped.com\/es\/wp-json\/wp\/v2\/pages\/1046\/revisions"}],"wp:attachment":[{"href":"https:\/\/naturcesped.com\/es\/wp-json\/wp\/v2\/media?parent=1046"}],"curies":[{"name":"wp","href":"https:\/\/api.w.org\/{rel}","templated":true}]}}