{"id":1044,"date":"2022-11-17T11:34:39","date_gmt":"2022-11-17T11:34:39","guid":{"rendered":"https:\/\/naturcesped.com\/?page_id=1044"},"modified":"2023-12-20T08:35:40","modified_gmt":"2023-12-20T08:35:40","slug":"cesped-artificial-calonge","status":"publish","type":"page","link":"https:\/\/naturcesped.com\/es\/cesped-artificial-calonge\/","title":{"rendered":"C\u00e9sped artificial Calonge"},"content":{"rendered":"<div class=\"wpb-content-wrapper\"><p>[vc_row gap=\u00bb35&#8243;][vc_column width=\u00bb2\/3&#8243;][vc_single_image image=\u00bb424&#8243;][vc_column_text]<\/p>\n<p style=\"text-align: justify;\">El c\u00e9sped artificial es un material que imita el aspecto del c\u00e9sped natural y que puede ser la soluci\u00f3n perfecta para sus espacios en Calonge, especialmente para aquellas personas que no tienen tiempo para cuidar su jard\u00edn y a\u00fan quieren disfrutar de un espacio verde.<\/p>\n<p style=\"text-align: justify;\">El <strong>c\u00e9sped artificial en Calonge<\/strong> tiene varias caracter\u00edsticas que lo hacen ventajoso frente al c\u00e9sped natural: es resistente a la intemperie y a los agentes atmosf\u00e9ricos como el viento, la lluvia y el sol; no requiere ning\u00fan tipo de cuidado especial; siempre luce verde y exuberante; no requiere poda ni riego.<\/p>\n<p>[\/vc_column_text][vc_row_inner][vc_column_inner width=\u00bb1\/3&#8243;][\/vc_column_inner][vc_column_inner width=\u00bb1\/3&#8243;]<a\thref=\"https:\/\/naturcesped.com\/es\/contacto\/\" \n\t\t\t\tclass=\"button btn_large btn_theme_color btn_rounded btn_normal_style    \"  target='_self'><span>CONTACTA CON NOSOTROS<\/span><\/a>[\/vc_column_inner][vc_column_inner width=\u00bb1\/3&#8243;][\/vc_column_inner][\/vc_row_inner][vc_column_text]<\/p>\n<p style=\"text-align: justify;\">Adem\u00e1s, desde un punto de vista futuro puede volverse importante dar valor a una propiedad con <strong>c\u00e9sped artificial en Calonge<\/strong>. De hecho, hoy en d\u00eda cada vez hay menos tiempo para cuidar un jard\u00edn de c\u00e9sped natural, o en algunos lugares se puede aprovechar para hacer una gran terraza \u00abc\u00e9sped\u00bb.<\/p>\n<p style=\"text-align: justify;\">Son numerosas las ventajas del <strong>c\u00e9sped artificial en Calonge<\/strong>, entre las que encontramos:<\/p>\n<p style=\"text-align: justify;\">Bajo costo;<\/p>\n<p style=\"text-align: justify;\">Resistencia notable incluso en ambientes al aire libre;<\/p>\n<p style=\"text-align: justify;\">Menos mantenimiento que un c\u00e9sped real;<\/p>\n<p style=\"text-align: justify;\">Siempre es verde;<\/p>\n<p style=\"text-align: justify;\">No requiere agua para riego;<\/p>\n<p style=\"text-align: justify;\">Se puede instalar en cualquier \u00e9poca del a\u00f1o;<\/p>\n<p style=\"text-align: justify;\">Es de larga duraci\u00f3n;<\/p>\n<p style=\"text-align: justify;\">Comparado con el c\u00e9sped natural, el <strong>c\u00e9sped artificial en Calonge <\/strong>no requiere ning\u00fan mantenimiento, no necesita ser regado o fertilizado y ni siquiera requiere cortes frecuentes. Adem\u00e1s, no se da\u00f1a con un uso prolongado y tambi\u00e9n se puede colocar en zonas con poco sol.<\/p>\n<p style=\"text-align: justify;\">Una de las grandes ventajas del <strong>c\u00e9sped artificial en Calonge<\/strong>\u00a0es que nunca te ensucias, no hay barro donde hay <strong>c\u00e9sped artificial en Calonge<\/strong>, y esto puede ser una gran ventaja para los padres de ni\u00f1os que practican deportes al aire libre en un campo sint\u00e9tico o si tuvo que organizar una fiesta de cumplea\u00f1os al aire libre.<\/p>\n<p style=\"text-align: justify;\">El <strong>c\u00e9sped artificial en Calonge<\/strong>, en la mayor\u00eda de los casos, es un producto permanente, sin necesidad de riego y repavimentaci\u00f3n. De hecho, el material utilizado para fabricar el c\u00e9sped sint\u00e9tico consiste en resortes de polietileno o polipropileno que son resistentes a la luz solar, son hidr\u00f3fugos y antideslizantes. El material tambi\u00e9n puede tener efectos antiest\u00e1ticos, para evitar la acumulaci\u00f3n de polvo, y se puede higienizar con productos de limpieza dom\u00e9sticos normales.<\/p>\n<p style=\"text-align: justify;\">La duraci\u00f3n del <strong>c\u00e9sped artificial en Calonge <\/strong>depende de muchos factores: la calidad de los materiales utilizados, la forma en que se instal\u00f3 o cre\u00f3 el terreno en el que se colocar\u00e1 el c\u00e9sped, sin embargo, en promedio su vida \u00fatil supera los 10 a\u00f1os.<\/p>\n<p style=\"text-align: justify;\">Si busca a los mejores profesionales para la instalaci\u00f3n de <strong>c\u00e9sped artificial en Calonge <\/strong>cuente con nosotros. \u00a1Somos los mejores en el sector!<\/p>\n<p>[\/vc_column_text][\/vc_column][vc_column width=\u00bb1\/3&#8243;][vc_column_text]<\/p>\n<h2 style=\"text-align: center;\">Cont\u00e1ctanos para m\u00e1s informaci\u00f3n<\/h2>\n<p>[\/vc_column_text]<div class=\"boc_divider_holder\"><div class=\"boc_divider  \"  style=\"margin-top: 20px;margin-bottom: 20px;height: 1px;background: #eeeeee;\"><\/div><\/div>\n<div class=\"wpcf7 no-js\" id=\"wpcf7-f202-o1\" lang=\"es-ES\" dir=\"ltr\" data-wpcf7-id=\"202\">\n<div class=\"screen-reader-response\"><p role=\"status\" aria-live=\"polite\" aria-atomic=\"true\"><\/p> <ul><\/ul><\/div>\n<form action=\"\/es\/wp-json\/wp\/v2\/pages\/1044#wpcf7-f202-o1\" method=\"post\" class=\"wpcf7-form init\" aria-label=\"Formulario de contacto\" novalidate=\"novalidate\" data-status=\"init\">\n<fieldset class=\"hidden-fields-container\"><input type=\"hidden\" name=\"_wpcf7\" value=\"202\" \/><input type=\"hidden\" name=\"_wpcf7_version\" value=\"6.1.3\" \/><input type=\"hidden\" name=\"_wpcf7_locale\" value=\"es_ES\" \/><input type=\"hidden\" name=\"_wpcf7_unit_tag\" value=\"wpcf7-f202-o1\" \/><input type=\"hidden\" name=\"_wpcf7_container_post\" value=\"0\" \/><input type=\"hidden\" name=\"_wpcf7_posted_data_hash\" value=\"\" \/><input type=\"hidden\" name=\"_wpcf7_recaptcha_response\" value=\"\" \/>\n<\/fieldset>\n<p><label> Nombre y apellidos *<br \/>\n<span class=\"wpcf7-form-control-wrap\" data-name=\"your-name\"><input size=\"40\" maxlength=\"400\" class=\"wpcf7-form-control wpcf7-text wpcf7-validates-as-required\" aria-required=\"true\" aria-invalid=\"false\" value=\"\" type=\"text\" name=\"your-name\" \/><\/span> <\/label>\n<\/p>\n<p><label> Tel\u00e9fono *<br \/>\n<span class=\"wpcf7-form-control-wrap\" data-name=\"your-phone\"><input size=\"40\" maxlength=\"400\" class=\"wpcf7-form-control wpcf7-text wpcf7-validates-as-required\" aria-required=\"true\" aria-invalid=\"false\" value=\"\" type=\"text\" name=\"your-phone\" \/><\/span> <\/label>\n<\/p>\n<p><label> Correo electr\u00f3nico *<br \/>\n<span class=\"wpcf7-form-control-wrap\" data-name=\"your-email\"><input size=\"40\" maxlength=\"400\" class=\"wpcf7-form-control wpcf7-email wpcf7-validates-as-required wpcf7-text wpcf7-validates-as-email\" aria-required=\"true\" aria-invalid=\"false\" value=\"\" type=\"email\" name=\"your-email\" \/><\/span> <\/label>\n<\/p>\n<p><label> Municipio *<br \/>\n<span class=\"wpcf7-form-control-wrap\" data-name=\"your-town\"><input size=\"40\" maxlength=\"400\" class=\"wpcf7-form-control wpcf7-text wpcf7-validates-as-required\" aria-required=\"true\" aria-invalid=\"false\" value=\"\" type=\"text\" name=\"your-town\" \/><\/span> <\/label>\n<\/p>\n<p><label> Cantidad de m\u00b2<br \/>\n<span class=\"wpcf7-form-control-wrap\" data-name=\"your-meters\"><input size=\"40\" maxlength=\"400\" class=\"wpcf7-form-control wpcf7-text\" aria-invalid=\"false\" value=\"\" type=\"text\" name=\"your-meters\" \/><\/span> <\/label>\n<\/p>\n<p><label> Terreno actual *<br \/>\n<span class=\"wpcf7-form-control-wrap\" data-name=\"radio-509\"><span class=\"wpcf7-form-control wpcf7-radio\"><span class=\"wpcf7-list-item first\"><label><input type=\"radio\" name=\"radio-509\" value=\"Tierra\" checked=\"checked\" \/><span class=\"wpcf7-list-item-label\">Tierra<\/span><\/label><\/span><span class=\"wpcf7-list-item\"><label><input type=\"radio\" name=\"radio-509\" value=\"C\u00e9sped natural\" \/><span class=\"wpcf7-list-item-label\">C\u00e9sped natural<\/span><\/label><\/span><span class=\"wpcf7-list-item\"><label><input type=\"radio\" name=\"radio-509\" value=\"Pavimento\" \/><span class=\"wpcf7-list-item-label\">Pavimento<\/span><\/label><\/span><span class=\"wpcf7-list-item last\"><label><input type=\"radio\" name=\"radio-509\" value=\"C\u00e9sped artificial\" \/><span class=\"wpcf7-list-item-label\">C\u00e9sped artificial<\/span><\/label><\/span><\/span><\/span> <\/label>\n<\/p>\n<p><label> Mensaje *<br \/>\n<span class=\"wpcf7-form-control-wrap\" data-name=\"your-message\"><textarea cols=\"40\" rows=\"3\" maxlength=\"2000\" class=\"wpcf7-form-control wpcf7-textarea wpcf7-validates-as-required\" aria-required=\"true\" aria-invalid=\"false\" name=\"your-message\"><\/textarea><\/span> <\/label>\n<\/p>\n<p style=\"font-weight: lighter; font-size:12px;\">Informaci\u00f3n b\u00e1sica sobre el tratamiento de datos (Reglamento (UE) 2016\/679 y LO 3\/2018)<br \/>\nResponsable del tratamiento: Naturcesped C\u00e9sped Artificial, SL.\n<\/p>\n<p style=\"font-weight: lighter; font-size:12px;\">Finalidad: Ofrecer, prestar y facturar nuestros servicios y productos.\n<\/p>\n<p style=\"font-weight: lighter; font-size:12px;\">Legitimaci\u00f3n: Consentimiento del interesado.\n<\/p>\n<p style=\"font-weight: lighter; font-size:12px;\">Destinatarios: Los datos no se ceder\u00e1n a terceros, a menos que lo exija una ley o sea necesario para cumplir con la finalidad del tratamiento.\n<\/p>\n<p style=\"font-weight: lighter; font-size:12px;\">Derechos: Acceder, rectificar y suprimir datos, as\u00ed como el resto que se explican en la pol\u00edtica de protecci\u00f3n de datos.\n<\/p>\n<p style=\"font-weight: lighter; font-size:12px;\">M\u00e1s informaci\u00f3n en nuestra pol\u00edtica de protecci\u00f3n de datos.\n<\/p>\n<p><input class=\"wpcf7-form-control wpcf7-submit has-spinner\" type=\"submit\" value=\"Enviar\" \/>\n<\/p><div class=\"wpcf7-response-output\" aria-hidden=\"true\"><\/div>\n<\/form>\n<\/div>\n[\/vc_column][\/vc_row]<\/p>\n<\/div>","protected":false},"excerpt":{"rendered":"<p>[vc_row gap=\u00bb35&#8243;][vc_column width=\u00bb2\/3&#8243;][vc_single_image image=\u00bb424&#8243;][vc_column_text] El c\u00e9sped artificial es un material que imita el aspecto del c\u00e9sped natural y que puede ser la soluci\u00f3n perfecta para sus espacios en Calonge, especialmente para aquellas personas que no tienen tiempo para cuidar su jard\u00edn y a\u00fan quieren disfrutar de un espacio verde. El c\u00e9sped artificial en Calonge tiene varias caracter\u00edsticas que lo hacen<\/p>\n<div class=\"h10\"><\/div>\n<p><a class=\"more-link1\" href=\"https:\/\/naturcesped.com\/es\/cesped-artificial-calonge\/\">Read more<\/a><\/p>\n","protected":false},"author":1,"featured_media":0,"parent":0,"menu_order":0,"comment_status":"closed","ping_status":"closed","template":"","meta":{"footnotes":""},"class_list":["post-1044","page","type-page","status-publish","hentry"],"yoast_head":"<!-- This site is optimized with the Yoast SEO plugin v26.3 - https:\/\/yoast.com\/wordpress\/plugins\/seo\/ -->\n<title>C\u00e9sped artificial Calonge - Naturcesped<\/title>\n<meta name=\"description\" content=\"Descubre todas las opciones de c\u00e9sped artificial y disfruta de un c\u00e9sped artifical que parece natural. Precios competitivos e inigualables. Visita nuestro cat\u00e1logo.\" \/>\n<meta name=\"robots\" content=\"index, follow, max-snippet:-1, max-image-preview:large, max-video-preview:-1\" \/>\n<link rel=\"canonical\" href=\"https:\/\/naturcesped.com\/es\/cesped-artificial-calonge\/\" \/>\n<meta property=\"og:locale\" content=\"es_ES\" \/>\n<meta property=\"og:type\" content=\"article\" \/>\n<meta property=\"og:title\" content=\"C\u00e9sped artificial Calonge - Naturcesped\" \/>\n<meta property=\"og:description\" content=\"Descubre todas las opciones de c\u00e9sped artificial y disfruta de un c\u00e9sped artifical que parece natural. Precios competitivos e inigualables. Visita nuestro cat\u00e1logo.\" \/>\n<meta property=\"og:url\" content=\"https:\/\/naturcesped.com\/es\/cesped-artificial-calonge\/\" \/>\n<meta property=\"og:site_name\" content=\"NaturC\u00e9sped\" \/>\n<meta property=\"article:modified_time\" content=\"2023-12-20T08:35:40+00:00\" \/>\n<meta name=\"twitter:card\" content=\"summary_large_image\" \/>\n<meta name=\"twitter:label1\" content=\"Tiempo de lectura\" \/>\n\t<meta name=\"twitter:data1\" content=\"3 minutos\" \/>\n<script type=\"application\/ld+json\" class=\"yoast-schema-graph\">{\"@context\":\"https:\/\/schema.org\",\"@graph\":[{\"@type\":\"WebPage\",\"@id\":\"https:\/\/naturcesped.com\/es\/cesped-artificial-calonge\/\",\"url\":\"https:\/\/naturcesped.com\/es\/cesped-artificial-calonge\/\",\"name\":\"C\u00e9sped artificial Calonge - Naturcesped\",\"isPartOf\":{\"@id\":\"https:\/\/naturcesped.com\/es\/#website\"},\"datePublished\":\"2022-11-17T11:34:39+00:00\",\"dateModified\":\"2023-12-20T08:35:40+00:00\",\"description\":\"Descubre todas las opciones de c\u00e9sped artificial y disfruta de un c\u00e9sped artifical que parece natural. Precios competitivos e inigualables. Visita nuestro cat\u00e1logo.\",\"breadcrumb\":{\"@id\":\"https:\/\/naturcesped.com\/es\/cesped-artificial-calonge\/#breadcrumb\"},\"inLanguage\":\"es\",\"potentialAction\":[{\"@type\":\"ReadAction\",\"target\":[\"https:\/\/naturcesped.com\/es\/cesped-artificial-calonge\/\"]}]},{\"@type\":\"BreadcrumbList\",\"@id\":\"https:\/\/naturcesped.com\/es\/cesped-artificial-calonge\/#breadcrumb\",\"itemListElement\":[{\"@type\":\"ListItem\",\"position\":1,\"name\":\"Portada\",\"item\":\"https:\/\/naturcesped.com\/es\/\"},{\"@type\":\"ListItem\",\"position\":2,\"name\":\"C\u00e9sped artificial Calonge\"}]},{\"@type\":\"WebSite\",\"@id\":\"https:\/\/naturcesped.com\/es\/#website\",\"url\":\"https:\/\/naturcesped.com\/es\/\",\"name\":\"NaturC\u00e9sped\",\"description\":\"C\u00e9sped artificial en Girona\",\"potentialAction\":[{\"@type\":\"SearchAction\",\"target\":{\"@type\":\"EntryPoint\",\"urlTemplate\":\"https:\/\/naturcesped.com\/es\/?s={search_term_string}\"},\"query-input\":{\"@type\":\"PropertyValueSpecification\",\"valueRequired\":true,\"valueName\":\"search_term_string\"}}],\"inLanguage\":\"es\"}]}<\/script>\n<!-- \/ Yoast SEO plugin. -->","yoast_head_json":{"title":"C\u00e9sped artificial Calonge - Naturcesped","description":"Descubre todas las opciones de c\u00e9sped artificial y disfruta de un c\u00e9sped artifical que parece natural. Precios competitivos e inigualables. Visita nuestro cat\u00e1logo.","robots":{"index":"index","follow":"follow","max-snippet":"max-snippet:-1","max-image-preview":"max-image-preview:large","max-video-preview":"max-video-preview:-1"},"canonical":"https:\/\/naturcesped.com\/es\/cesped-artificial-calonge\/","og_locale":"es_ES","og_type":"article","og_title":"C\u00e9sped artificial Calonge - Naturcesped","og_description":"Descubre todas las opciones de c\u00e9sped artificial y disfruta de un c\u00e9sped artifical que parece natural. Precios competitivos e inigualables. Visita nuestro cat\u00e1logo.","og_url":"https:\/\/naturcesped.com\/es\/cesped-artificial-calonge\/","og_site_name":"NaturC\u00e9sped","article_modified_time":"2023-12-20T08:35:40+00:00","twitter_card":"summary_large_image","twitter_misc":{"Tiempo de lectura":"3 minutos"},"schema":{"@context":"https:\/\/schema.org","@graph":[{"@type":"WebPage","@id":"https:\/\/naturcesped.com\/es\/cesped-artificial-calonge\/","url":"https:\/\/naturcesped.com\/es\/cesped-artificial-calonge\/","name":"C\u00e9sped artificial Calonge - Naturcesped","isPartOf":{"@id":"https:\/\/naturcesped.com\/es\/#website"},"datePublished":"2022-11-17T11:34:39+00:00","dateModified":"2023-12-20T08:35:40+00:00","description":"Descubre todas las opciones de c\u00e9sped artificial y disfruta de un c\u00e9sped artifical que parece natural. Precios competitivos e inigualables. Visita nuestro cat\u00e1logo.","breadcrumb":{"@id":"https:\/\/naturcesped.com\/es\/cesped-artificial-calonge\/#breadcrumb"},"inLanguage":"es","potentialAction":[{"@type":"ReadAction","target":["https:\/\/naturcesped.com\/es\/cesped-artificial-calonge\/"]}]},{"@type":"BreadcrumbList","@id":"https:\/\/naturcesped.com\/es\/cesped-artificial-calonge\/#breadcrumb","itemListElement":[{"@type":"ListItem","position":1,"name":"Portada","item":"https:\/\/naturcesped.com\/es\/"},{"@type":"ListItem","position":2,"name":"C\u00e9sped artificial Calonge"}]},{"@type":"WebSite","@id":"https:\/\/naturcesped.com\/es\/#website","url":"https:\/\/naturcesped.com\/es\/","name":"NaturC\u00e9sped","description":"C\u00e9sped artificial en Girona","potentialAction":[{"@type":"SearchAction","target":{"@type":"EntryPoint","urlTemplate":"https:\/\/naturcesped.com\/es\/?s={search_term_string}"},"query-input":{"@type":"PropertyValueSpecification","valueRequired":true,"valueName":"search_term_string"}}],"inLanguage":"es"}]}},"_links":{"self":[{"href":"https:\/\/naturcesped.com\/es\/wp-json\/wp\/v2\/pages\/1044","targetHints":{"allow":["GET"]}}],"collection":[{"href":"https:\/\/naturcesped.com\/es\/wp-json\/wp\/v2\/pages"}],"about":[{"href":"https:\/\/naturcesped.com\/es\/wp-json\/wp\/v2\/types\/page"}],"author":[{"embeddable":true,"href":"https:\/\/naturcesped.com\/es\/wp-json\/wp\/v2\/users\/1"}],"replies":[{"embeddable":true,"href":"https:\/\/naturcesped.com\/es\/wp-json\/wp\/v2\/comments?post=1044"}],"version-history":[{"count":0,"href":"https:\/\/naturcesped.com\/es\/wp-json\/wp\/v2\/pages\/1044\/revisions"}],"wp:attachment":[{"href":"https:\/\/naturcesped.com\/es\/wp-json\/wp\/v2\/media?parent=1044"}],"curies":[{"name":"wp","href":"https:\/\/api.w.org\/{rel}","templated":true}]}}