{"id":1042,"date":"2022-11-17T11:32:27","date_gmt":"2022-11-17T11:32:27","guid":{"rendered":"https:\/\/naturcesped.com\/?page_id=1042"},"modified":"2023-12-20T08:31:00","modified_gmt":"2023-12-20T08:31:00","slug":"cesped-artificial-blanes","status":"publish","type":"page","link":"https:\/\/naturcesped.com\/es\/cesped-artificial-blanes\/","title":{"rendered":"C\u00e9sped artificial Blanes"},"content":{"rendered":"<div class=\"wpb-content-wrapper\"><p>[vc_row gap=\u00bb35&#8243;][vc_column width=\u00bb2\/3&#8243;][vc_single_image image=\u00bb424&#8243;][vc_column_text]<\/p>\n<p style=\"text-align: justify;\">Probablemente est\u00e9s cansado de tener que dedicar demasiado tiempo al cuidado de tu jard\u00edn en Blanes y buscas la soluci\u00f3n que mejor combine est\u00e9tica y funcionalidad. Ante esto, nuestro consejo es selecciona la instalaci\u00f3n del <strong>c\u00e9sped artificial en Blanes<\/strong>.<\/p>\n<p style=\"text-align: justify;\">Con el <strong>c\u00e9sped artificial en Blanes <\/strong>no tendr\u00e1 m\u00e1s preocupaciones por el mantenimiento. El cuidado del c\u00e9sped natural puede volverse frustrante y agotador si tiene poco tiempo. De hecho, para mantener el jard\u00edn en orden es necesario realizar peque\u00f1as operaciones de limpieza diaria, as\u00ed como cuidar el corte de c\u00e9sped semanal. A la larga, incluso para los amantes de la naturaleza, estas intervenciones pueden convertirse en causa de estr\u00e9s.<\/p>\n<p style=\"text-align: justify;\">Con el <strong>c\u00e9sped artificial en Blanes<\/strong> se reduce dr\u00e1sticamente el tiempo a dedicar al mantenimiento del c\u00e9sped, eliminando las labores de siega y riego.<\/p>\n<p>[\/vc_column_text][vc_row_inner][vc_column_inner width=\u00bb1\/3&#8243;][\/vc_column_inner][vc_column_inner width=\u00bb1\/3&#8243;]<a\thref=\"https:\/\/naturcesped.com\/es\/contacto\/\" \n\t\t\t\tclass=\"button btn_large btn_theme_color btn_rounded btn_normal_style    \"  target='_self'><span>CONTACTA CON NOSOTROS<\/span><\/a>[\/vc_column_inner][vc_column_inner width=\u00bb1\/3&#8243;][\/vc_column_inner][\/vc_row_inner][vc_column_text]<\/p>\n<p style=\"text-align: justify;\">Seleccionando el <strong>c\u00e9sped artificial en Blanes<\/strong> su espacio siempre estar\u00e1 perfecto y ordenado. Las condiciones clim\u00e1ticas pueden impactar negativamente en el aspecto del c\u00e9sped natudal. Si el clima es muy seco, por ejemplo, los filamentos pueden secarse y tomar colores amarillentos. Adem\u00e1s, la presencia de zonas sombreadas impide que el pelaje crezca uniformemente, haci\u00e9ndolo antiest\u00e9tico. Otro problema muy extendido es el de los aplastamientos: tras horas dedicadas a cortar el c\u00e9sped y eliminar escombros, pisotear o jugar con mascotas es suficiente para que todo tu trabajo sea en vano.<\/p>\n<p style=\"text-align: justify;\">El <strong>c\u00e9sped artificial en Blanes<\/strong> tiene muchas ventajas en este sentido, como la garant\u00eda de mantener siempre un color vivo, sin miedo a la decoloraci\u00f3n por exposici\u00f3n a los rayos UV. Con todas las condiciones clim\u00e1ticas y en todas las estaciones del a\u00f1o, de hecho, el <strong>c\u00e9sped artificial en Blanes<\/strong> permanece intacto y siempre verde, mientras que los filamentos no corren el riesgo de ser aplastados, gracias a las propiedades el\u00e1sticas.<\/p>\n<p style=\"text-align: justify;\">El c\u00e9sped natural necesita ser regado constantemente, afectando el consumo de agua a nivel residencial y los costes de la factura. Desde un punto de vista ecol\u00f3gico, el uso de <strong>c\u00e9sped artificial en Blanes<\/strong> te permite reducir el impacto de tu jard\u00edn, evitando el desperdicio innecesario de agua.<\/p>\n<p style=\"text-align: justify;\">Adem\u00e1s, gracias a las propiedades no t\u00f3xicas que reducen significativamente la presencia de insectos y par\u00e1sitos, ya no tendr\u00e1s que recurrir a productos qu\u00edmicos ni pesticidas, mejorando la calidad del aire.<\/p>\n<p style=\"text-align: justify;\">El <strong>c\u00e9sped artificial en Blanes<\/strong> est\u00e1 fabricado con materiales no t\u00f3xicos, no da\u00f1inos para las mascotas. Esta propiedad, unida a la ausencia de olores, protege el jard\u00edn de forma natural de insectos y par\u00e1sitos, que ya no anidar\u00e1n entre los filamentos de la hierba. Adem\u00e1s, el drenaje del suelo mantiene limpia cada zona del jard\u00edn, mientras que la ausencia de agua estancada evita la atracci\u00f3n de insectos nocivos para las plantas.<\/p>\n<p style=\"text-align: justify;\">Si busca a los mejores para la instalaci\u00f3n del <strong>c\u00e9sped artificial en Blanes <\/strong>cuente con nosotros. \u00a1Lo ayudamos a crear el espacio de sus sue\u00f1os!<\/p>\n<p>\u00a0[\/vc_column_text][\/vc_column][vc_column width=\u00bb1\/3&#8243;][vc_column_text]<\/p>\n<h2 style=\"text-align: center;\">Cont\u00e1ctanos para m\u00e1s informaci\u00f3n<\/h2>\n<p>[\/vc_column_text]<div class=\"boc_divider_holder\"><div class=\"boc_divider  \"  style=\"margin-top: 20px;margin-bottom: 20px;height: 1px;background: #eeeeee;\"><\/div><\/div>\n<div class=\"wpcf7 no-js\" id=\"wpcf7-f202-o1\" lang=\"es-ES\" dir=\"ltr\" data-wpcf7-id=\"202\">\n<div class=\"screen-reader-response\"><p role=\"status\" aria-live=\"polite\" aria-atomic=\"true\"><\/p> <ul><\/ul><\/div>\n<form action=\"\/es\/wp-json\/wp\/v2\/pages\/1042#wpcf7-f202-o1\" method=\"post\" class=\"wpcf7-form init\" aria-label=\"Formulario de contacto\" novalidate=\"novalidate\" data-status=\"init\">\n<fieldset class=\"hidden-fields-container\"><input type=\"hidden\" name=\"_wpcf7\" value=\"202\" \/><input type=\"hidden\" name=\"_wpcf7_version\" value=\"6.1.3\" \/><input type=\"hidden\" name=\"_wpcf7_locale\" value=\"es_ES\" \/><input type=\"hidden\" name=\"_wpcf7_unit_tag\" value=\"wpcf7-f202-o1\" \/><input type=\"hidden\" name=\"_wpcf7_container_post\" value=\"0\" \/><input type=\"hidden\" name=\"_wpcf7_posted_data_hash\" value=\"\" \/><input type=\"hidden\" name=\"_wpcf7_recaptcha_response\" value=\"\" \/>\n<\/fieldset>\n<p><label> Nombre y apellidos *<br \/>\n<span class=\"wpcf7-form-control-wrap\" data-name=\"your-name\"><input size=\"40\" maxlength=\"400\" class=\"wpcf7-form-control wpcf7-text wpcf7-validates-as-required\" aria-required=\"true\" aria-invalid=\"false\" value=\"\" type=\"text\" name=\"your-name\" \/><\/span> <\/label>\n<\/p>\n<p><label> Tel\u00e9fono *<br \/>\n<span class=\"wpcf7-form-control-wrap\" data-name=\"your-phone\"><input size=\"40\" maxlength=\"400\" class=\"wpcf7-form-control wpcf7-text wpcf7-validates-as-required\" aria-required=\"true\" aria-invalid=\"false\" value=\"\" type=\"text\" name=\"your-phone\" \/><\/span> <\/label>\n<\/p>\n<p><label> Correo electr\u00f3nico *<br \/>\n<span class=\"wpcf7-form-control-wrap\" data-name=\"your-email\"><input size=\"40\" maxlength=\"400\" class=\"wpcf7-form-control wpcf7-email wpcf7-validates-as-required wpcf7-text wpcf7-validates-as-email\" aria-required=\"true\" aria-invalid=\"false\" value=\"\" type=\"email\" name=\"your-email\" \/><\/span> <\/label>\n<\/p>\n<p><label> Municipio *<br \/>\n<span class=\"wpcf7-form-control-wrap\" data-name=\"your-town\"><input size=\"40\" maxlength=\"400\" class=\"wpcf7-form-control wpcf7-text wpcf7-validates-as-required\" aria-required=\"true\" aria-invalid=\"false\" value=\"\" type=\"text\" name=\"your-town\" \/><\/span> <\/label>\n<\/p>\n<p><label> Cantidad de m\u00b2<br \/>\n<span class=\"wpcf7-form-control-wrap\" data-name=\"your-meters\"><input size=\"40\" maxlength=\"400\" class=\"wpcf7-form-control wpcf7-text\" aria-invalid=\"false\" value=\"\" type=\"text\" name=\"your-meters\" \/><\/span> <\/label>\n<\/p>\n<p><label> Terreno actual *<br \/>\n<span class=\"wpcf7-form-control-wrap\" data-name=\"radio-509\"><span class=\"wpcf7-form-control wpcf7-radio\"><span class=\"wpcf7-list-item first\"><label><input type=\"radio\" name=\"radio-509\" value=\"Tierra\" checked=\"checked\" \/><span class=\"wpcf7-list-item-label\">Tierra<\/span><\/label><\/span><span class=\"wpcf7-list-item\"><label><input type=\"radio\" name=\"radio-509\" value=\"C\u00e9sped natural\" \/><span class=\"wpcf7-list-item-label\">C\u00e9sped natural<\/span><\/label><\/span><span class=\"wpcf7-list-item\"><label><input type=\"radio\" name=\"radio-509\" value=\"Pavimento\" \/><span class=\"wpcf7-list-item-label\">Pavimento<\/span><\/label><\/span><span class=\"wpcf7-list-item last\"><label><input type=\"radio\" name=\"radio-509\" value=\"C\u00e9sped artificial\" \/><span class=\"wpcf7-list-item-label\">C\u00e9sped artificial<\/span><\/label><\/span><\/span><\/span> <\/label>\n<\/p>\n<p><label> Mensaje *<br \/>\n<span class=\"wpcf7-form-control-wrap\" data-name=\"your-message\"><textarea cols=\"40\" rows=\"3\" maxlength=\"2000\" class=\"wpcf7-form-control wpcf7-textarea wpcf7-validates-as-required\" aria-required=\"true\" aria-invalid=\"false\" name=\"your-message\"><\/textarea><\/span> <\/label>\n<\/p>\n<p style=\"font-weight: lighter; font-size:12px;\">Informaci\u00f3n b\u00e1sica sobre el tratamiento de datos (Reglamento (UE) 2016\/679 y LO 3\/2018)<br \/>\nResponsable del tratamiento: Naturcesped C\u00e9sped Artificial, SL.\n<\/p>\n<p style=\"font-weight: lighter; font-size:12px;\">Finalidad: Ofrecer, prestar y facturar nuestros servicios y productos.\n<\/p>\n<p style=\"font-weight: lighter; font-size:12px;\">Legitimaci\u00f3n: Consentimiento del interesado.\n<\/p>\n<p style=\"font-weight: lighter; font-size:12px;\">Destinatarios: Los datos no se ceder\u00e1n a terceros, a menos que lo exija una ley o sea necesario para cumplir con la finalidad del tratamiento.\n<\/p>\n<p style=\"font-weight: lighter; font-size:12px;\">Derechos: Acceder, rectificar y suprimir datos, as\u00ed como el resto que se explican en la pol\u00edtica de protecci\u00f3n de datos.\n<\/p>\n<p style=\"font-weight: lighter; font-size:12px;\">M\u00e1s informaci\u00f3n en nuestra pol\u00edtica de protecci\u00f3n de datos.\n<\/p>\n<p><input class=\"wpcf7-form-control wpcf7-submit has-spinner\" type=\"submit\" value=\"Enviar\" \/>\n<\/p><div class=\"wpcf7-response-output\" aria-hidden=\"true\"><\/div>\n<\/form>\n<\/div>\n[\/vc_column][\/vc_row]<\/p>\n<\/div>","protected":false},"excerpt":{"rendered":"<p>[vc_row gap=\u00bb35&#8243;][vc_column width=\u00bb2\/3&#8243;][vc_single_image image=\u00bb424&#8243;][vc_column_text] Probablemente est\u00e9s cansado de tener que dedicar demasiado tiempo al cuidado de tu jard\u00edn en Blanes y buscas la soluci\u00f3n que mejor combine est\u00e9tica y funcionalidad. Ante esto, nuestro consejo es selecciona la instalaci\u00f3n del c\u00e9sped artificial en Blanes. Con el c\u00e9sped artificial en Blanes no tendr\u00e1 m\u00e1s preocupaciones por el mantenimiento. El cuidado del c\u00e9sped<\/p>\n<div class=\"h10\"><\/div>\n<p><a class=\"more-link1\" href=\"https:\/\/naturcesped.com\/es\/cesped-artificial-blanes\/\">Read more<\/a><\/p>\n","protected":false},"author":1,"featured_media":0,"parent":0,"menu_order":0,"comment_status":"closed","ping_status":"closed","template":"","meta":{"footnotes":""},"class_list":["post-1042","page","type-page","status-publish","hentry"],"yoast_head":"<!-- This site is optimized with the Yoast SEO plugin v26.3 - https:\/\/yoast.com\/wordpress\/plugins\/seo\/ -->\n<title>C\u00e9sped Artificial Blanes - Naturcesped<\/title>\n<meta name=\"description\" content=\"Descubre todas las opciones de c\u00e9sped artifcial que tenemos. Alta calidad y grandes prestaciones. Descubre m\u00e1s en nuestro cat\u00e1logo.\" \/>\n<meta name=\"robots\" content=\"index, follow, max-snippet:-1, max-image-preview:large, max-video-preview:-1\" \/>\n<link rel=\"canonical\" href=\"https:\/\/naturcesped.com\/es\/cesped-artificial-blanes\/\" \/>\n<meta property=\"og:locale\" content=\"es_ES\" \/>\n<meta property=\"og:type\" content=\"article\" \/>\n<meta property=\"og:title\" content=\"C\u00e9sped Artificial Blanes - Naturcesped\" \/>\n<meta property=\"og:description\" content=\"Descubre todas las opciones de c\u00e9sped artifcial que tenemos. Alta calidad y grandes prestaciones. Descubre m\u00e1s en nuestro cat\u00e1logo.\" \/>\n<meta property=\"og:url\" content=\"https:\/\/naturcesped.com\/es\/cesped-artificial-blanes\/\" \/>\n<meta property=\"og:site_name\" content=\"NaturC\u00e9sped\" \/>\n<meta property=\"article:modified_time\" content=\"2023-12-20T08:31:00+00:00\" \/>\n<meta name=\"twitter:card\" content=\"summary_large_image\" \/>\n<meta name=\"twitter:label1\" content=\"Tiempo de lectura\" \/>\n\t<meta name=\"twitter:data1\" content=\"3 minutos\" \/>\n<script type=\"application\/ld+json\" class=\"yoast-schema-graph\">{\"@context\":\"https:\/\/schema.org\",\"@graph\":[{\"@type\":\"WebPage\",\"@id\":\"https:\/\/naturcesped.com\/es\/cesped-artificial-blanes\/\",\"url\":\"https:\/\/naturcesped.com\/es\/cesped-artificial-blanes\/\",\"name\":\"C\u00e9sped Artificial Blanes - Naturcesped\",\"isPartOf\":{\"@id\":\"https:\/\/naturcesped.com\/es\/#website\"},\"datePublished\":\"2022-11-17T11:32:27+00:00\",\"dateModified\":\"2023-12-20T08:31:00+00:00\",\"description\":\"Descubre todas las opciones de c\u00e9sped artifcial que tenemos. Alta calidad y grandes prestaciones. Descubre m\u00e1s en nuestro cat\u00e1logo.\",\"breadcrumb\":{\"@id\":\"https:\/\/naturcesped.com\/es\/cesped-artificial-blanes\/#breadcrumb\"},\"inLanguage\":\"es\",\"potentialAction\":[{\"@type\":\"ReadAction\",\"target\":[\"https:\/\/naturcesped.com\/es\/cesped-artificial-blanes\/\"]}]},{\"@type\":\"BreadcrumbList\",\"@id\":\"https:\/\/naturcesped.com\/es\/cesped-artificial-blanes\/#breadcrumb\",\"itemListElement\":[{\"@type\":\"ListItem\",\"position\":1,\"name\":\"Portada\",\"item\":\"https:\/\/naturcesped.com\/es\/\"},{\"@type\":\"ListItem\",\"position\":2,\"name\":\"C\u00e9sped artificial Blanes\"}]},{\"@type\":\"WebSite\",\"@id\":\"https:\/\/naturcesped.com\/es\/#website\",\"url\":\"https:\/\/naturcesped.com\/es\/\",\"name\":\"NaturC\u00e9sped\",\"description\":\"C\u00e9sped artificial en Girona\",\"potentialAction\":[{\"@type\":\"SearchAction\",\"target\":{\"@type\":\"EntryPoint\",\"urlTemplate\":\"https:\/\/naturcesped.com\/es\/?s={search_term_string}\"},\"query-input\":{\"@type\":\"PropertyValueSpecification\",\"valueRequired\":true,\"valueName\":\"search_term_string\"}}],\"inLanguage\":\"es\"}]}<\/script>\n<!-- \/ Yoast SEO plugin. -->","yoast_head_json":{"title":"C\u00e9sped Artificial Blanes - Naturcesped","description":"Descubre todas las opciones de c\u00e9sped artifcial que tenemos. Alta calidad y grandes prestaciones. Descubre m\u00e1s en nuestro cat\u00e1logo.","robots":{"index":"index","follow":"follow","max-snippet":"max-snippet:-1","max-image-preview":"max-image-preview:large","max-video-preview":"max-video-preview:-1"},"canonical":"https:\/\/naturcesped.com\/es\/cesped-artificial-blanes\/","og_locale":"es_ES","og_type":"article","og_title":"C\u00e9sped Artificial Blanes - Naturcesped","og_description":"Descubre todas las opciones de c\u00e9sped artifcial que tenemos. Alta calidad y grandes prestaciones. Descubre m\u00e1s en nuestro cat\u00e1logo.","og_url":"https:\/\/naturcesped.com\/es\/cesped-artificial-blanes\/","og_site_name":"NaturC\u00e9sped","article_modified_time":"2023-12-20T08:31:00+00:00","twitter_card":"summary_large_image","twitter_misc":{"Tiempo de lectura":"3 minutos"},"schema":{"@context":"https:\/\/schema.org","@graph":[{"@type":"WebPage","@id":"https:\/\/naturcesped.com\/es\/cesped-artificial-blanes\/","url":"https:\/\/naturcesped.com\/es\/cesped-artificial-blanes\/","name":"C\u00e9sped Artificial Blanes - Naturcesped","isPartOf":{"@id":"https:\/\/naturcesped.com\/es\/#website"},"datePublished":"2022-11-17T11:32:27+00:00","dateModified":"2023-12-20T08:31:00+00:00","description":"Descubre todas las opciones de c\u00e9sped artifcial que tenemos. Alta calidad y grandes prestaciones. Descubre m\u00e1s en nuestro cat\u00e1logo.","breadcrumb":{"@id":"https:\/\/naturcesped.com\/es\/cesped-artificial-blanes\/#breadcrumb"},"inLanguage":"es","potentialAction":[{"@type":"ReadAction","target":["https:\/\/naturcesped.com\/es\/cesped-artificial-blanes\/"]}]},{"@type":"BreadcrumbList","@id":"https:\/\/naturcesped.com\/es\/cesped-artificial-blanes\/#breadcrumb","itemListElement":[{"@type":"ListItem","position":1,"name":"Portada","item":"https:\/\/naturcesped.com\/es\/"},{"@type":"ListItem","position":2,"name":"C\u00e9sped artificial Blanes"}]},{"@type":"WebSite","@id":"https:\/\/naturcesped.com\/es\/#website","url":"https:\/\/naturcesped.com\/es\/","name":"NaturC\u00e9sped","description":"C\u00e9sped artificial en Girona","potentialAction":[{"@type":"SearchAction","target":{"@type":"EntryPoint","urlTemplate":"https:\/\/naturcesped.com\/es\/?s={search_term_string}"},"query-input":{"@type":"PropertyValueSpecification","valueRequired":true,"valueName":"search_term_string"}}],"inLanguage":"es"}]}},"_links":{"self":[{"href":"https:\/\/naturcesped.com\/es\/wp-json\/wp\/v2\/pages\/1042","targetHints":{"allow":["GET"]}}],"collection":[{"href":"https:\/\/naturcesped.com\/es\/wp-json\/wp\/v2\/pages"}],"about":[{"href":"https:\/\/naturcesped.com\/es\/wp-json\/wp\/v2\/types\/page"}],"author":[{"embeddable":true,"href":"https:\/\/naturcesped.com\/es\/wp-json\/wp\/v2\/users\/1"}],"replies":[{"embeddable":true,"href":"https:\/\/naturcesped.com\/es\/wp-json\/wp\/v2\/comments?post=1042"}],"version-history":[{"count":0,"href":"https:\/\/naturcesped.com\/es\/wp-json\/wp\/v2\/pages\/1042\/revisions"}],"wp:attachment":[{"href":"https:\/\/naturcesped.com\/es\/wp-json\/wp\/v2\/media?parent=1042"}],"curies":[{"name":"wp","href":"https:\/\/api.w.org\/{rel}","templated":true}]}}