{"id":1040,"date":"2022-11-17T11:31:02","date_gmt":"2022-11-17T11:31:02","guid":{"rendered":"https:\/\/naturcesped.com\/?page_id=1040"},"modified":"2023-12-20T09:22:48","modified_gmt":"2023-12-20T09:22:48","slug":"cesped-artificial-roses","status":"publish","type":"page","link":"https:\/\/naturcesped.com\/es\/cesped-artificial-roses\/","title":{"rendered":"C\u00e9sped artificial Roses"},"content":{"rendered":"<div class=\"wpb-content-wrapper\"><p>[vc_row gap=\u00bb35&#8243;][vc_column width=\u00bb2\/3&#8243;][vc_single_image image=\u00bb424&#8243;][vc_column_text]<\/p>\n<p style=\"text-align: justify;\">Probablemente est\u00e9 buscando una soluci\u00f3n para que sus espacios al aire libre en Roses se mantengan en el mejor estado sin gastar demasiado tiempo ni dinero. Ante esto, la soluci\u00f3n ser\u00e1 la instalaci\u00f3n de <strong>c\u00e9sped artificial en Roses<\/strong>.<\/p>\n<p style=\"text-align: justify;\">El <strong>c\u00e9sped artificial en Roses <\/strong>es una opci\u00f3n ecol\u00f3gica ya que no tendr\u00e1 que usar agua para su constante mantenimiento. El agua es un recurso valioso. Con el <strong>c\u00e9sped artificial en Roses <\/strong>hay menos mantenimiento y no hay riego. Como sabe cualquier persona con un jard\u00edn de c\u00e9sped natural, mantener un c\u00e9sped saludable significa mucho riego, por lo que el <strong>c\u00e9sped artificial en Roses <\/strong>ser\u00e1 la mejor opci\u00f3n si quiere reducir sus gastos en la factura de agua, adem\u00e1s de hacer un uso responsable de este valioso recurso.<\/p>\n<p>[\/vc_column_text][vc_row_inner][vc_column_inner width=\u00bb1\/3&#8243;][\/vc_column_inner][vc_column_inner width=\u00bb1\/3&#8243;]<a\thref=\"https:\/\/naturcesped.com\/es\/contacto\/\" \n\t\t\t\tclass=\"button btn_large btn_theme_color btn_rounded btn_normal_style    \"  target='_self'><span>CONTACTA CON NOSOTROS<\/span><\/a>[\/vc_column_inner][vc_column_inner width=\u00bb1\/3&#8243;][\/vc_column_inner][\/vc_row_inner][vc_column_text]<\/p>\n<p style=\"text-align: justify;\">A esto se suma que con el <strong>c\u00e9sped artificial en Roses <\/strong>no necesitar\u00e1 usar fertilizantes. No tener que a\u00f1adir ning\u00fan tipo de fertilizante es lo mejor. Agregar fertilizantes es un trabajo muy duro y tambi\u00e9n se dice que es da\u00f1ino para el medio ambiente cuando llueve. La lluvia hace que el fertilizante y sus part\u00edculas desagradables se muevan hacia o cerca de aguas como r\u00edos, estanques, etc. y esto eventualmente los conducir\u00e1 a la contaminaci\u00f3n.<\/p>\n<p style=\"text-align: justify;\">Lo mismo ocurre con los pesticidas, que son los que abordan los problemas del c\u00e9sped y las plantas y, cuando se usan correctamente permiten la presentaci\u00f3n de un c\u00e9sped verde y exuberante. Sin embargo, los rastros de lo que queda despu\u00e9s de los tratamientos con pesticidas hacen que su c\u00e9sped sea mucho menos atractivo de lo que parece. Un c\u00e9sped cubierto de pesticidas es un peligro para usted, su familia, sus mascotas y el medio ambiente. El <strong>c\u00e9sped artificial en Roses <\/strong>puede evitar perfectamente este problema.<\/p>\n<p style=\"text-align: justify;\">Tenga en cuenta que la belleza del <strong>c\u00e9sped artificial en Roses <\/strong>no conoce tiempo ni estaci\u00f3n y es la opci\u00f3n perfecta tanto en invierno como en verano. Ni parche de hierba quemada, ni plantas de ning\u00fan otro tipo que crezcan y deban ser eliminadas, ni defectos en su paisaje. Un <strong>c\u00e9sped artificial en Roses<\/strong>, si es de alta calidad y lo colocan profesionales, puede adaptarse a cualquier condici\u00f3n y situaci\u00f3n: desde el techo de una casa al balc\u00f3n, desde el jard\u00edn al aire libre a una habitaci\u00f3n interior, desde las subidas a las bajadas.<\/p>\n<p style=\"text-align: justify;\">Ante esto, si est\u00e1 planificando la instalaci\u00f3n de un <strong>c\u00e9sped artificial en Roses <\/strong>conf\u00ede en nosotros. En Naturcesped seleccionamos siempre los materiales de la mayor calidad para asegurar que su inversi\u00f3n tendr\u00e1 una larga vida \u00fatil. A esto se suma que nuestro equipo humano tiene una amplia experiencia en el sector por lo que siempre realizan un trabajo ideal y eficiente. \u00a1Contacte con nosotros!<\/p>\n<p>[\/vc_column_text][\/vc_column][vc_column width=\u00bb1\/3&#8243;][vc_column_text]<\/p>\n<h2 style=\"text-align: center;\">Cont\u00e1ctanos para m\u00e1s informaci\u00f3n<\/h2>\n<p>[\/vc_column_text]<div class=\"boc_divider_holder\"><div class=\"boc_divider  \"  style=\"margin-top: 20px;margin-bottom: 20px;height: 1px;background: #eeeeee;\"><\/div><\/div>\n<div class=\"wpcf7 no-js\" id=\"wpcf7-f202-o1\" lang=\"es-ES\" dir=\"ltr\" data-wpcf7-id=\"202\">\n<div class=\"screen-reader-response\"><p role=\"status\" aria-live=\"polite\" aria-atomic=\"true\"><\/p> <ul><\/ul><\/div>\n<form action=\"\/es\/wp-json\/wp\/v2\/pages\/1040#wpcf7-f202-o1\" method=\"post\" class=\"wpcf7-form init\" aria-label=\"Formulario de contacto\" novalidate=\"novalidate\" data-status=\"init\">\n<fieldset class=\"hidden-fields-container\"><input type=\"hidden\" name=\"_wpcf7\" value=\"202\" \/><input type=\"hidden\" name=\"_wpcf7_version\" value=\"6.1.3\" \/><input type=\"hidden\" name=\"_wpcf7_locale\" value=\"es_ES\" \/><input type=\"hidden\" name=\"_wpcf7_unit_tag\" value=\"wpcf7-f202-o1\" \/><input type=\"hidden\" name=\"_wpcf7_container_post\" value=\"0\" \/><input type=\"hidden\" name=\"_wpcf7_posted_data_hash\" value=\"\" \/><input type=\"hidden\" name=\"_wpcf7_recaptcha_response\" value=\"\" \/>\n<\/fieldset>\n<p><label> Nombre y apellidos *<br \/>\n<span class=\"wpcf7-form-control-wrap\" data-name=\"your-name\"><input size=\"40\" maxlength=\"400\" class=\"wpcf7-form-control wpcf7-text wpcf7-validates-as-required\" aria-required=\"true\" aria-invalid=\"false\" value=\"\" type=\"text\" name=\"your-name\" \/><\/span> <\/label>\n<\/p>\n<p><label> Tel\u00e9fono *<br \/>\n<span class=\"wpcf7-form-control-wrap\" data-name=\"your-phone\"><input size=\"40\" maxlength=\"400\" class=\"wpcf7-form-control wpcf7-text wpcf7-validates-as-required\" aria-required=\"true\" aria-invalid=\"false\" value=\"\" type=\"text\" name=\"your-phone\" \/><\/span> <\/label>\n<\/p>\n<p><label> Correo electr\u00f3nico *<br \/>\n<span class=\"wpcf7-form-control-wrap\" data-name=\"your-email\"><input size=\"40\" maxlength=\"400\" class=\"wpcf7-form-control wpcf7-email wpcf7-validates-as-required wpcf7-text wpcf7-validates-as-email\" aria-required=\"true\" aria-invalid=\"false\" value=\"\" type=\"email\" name=\"your-email\" \/><\/span> <\/label>\n<\/p>\n<p><label> Municipio *<br \/>\n<span class=\"wpcf7-form-control-wrap\" data-name=\"your-town\"><input size=\"40\" maxlength=\"400\" class=\"wpcf7-form-control wpcf7-text wpcf7-validates-as-required\" aria-required=\"true\" aria-invalid=\"false\" value=\"\" type=\"text\" name=\"your-town\" \/><\/span> <\/label>\n<\/p>\n<p><label> Cantidad de m\u00b2<br \/>\n<span class=\"wpcf7-form-control-wrap\" data-name=\"your-meters\"><input size=\"40\" maxlength=\"400\" class=\"wpcf7-form-control wpcf7-text\" aria-invalid=\"false\" value=\"\" type=\"text\" name=\"your-meters\" \/><\/span> <\/label>\n<\/p>\n<p><label> Terreno actual *<br \/>\n<span class=\"wpcf7-form-control-wrap\" data-name=\"radio-509\"><span class=\"wpcf7-form-control wpcf7-radio\"><span class=\"wpcf7-list-item first\"><label><input type=\"radio\" name=\"radio-509\" value=\"Tierra\" checked=\"checked\" \/><span class=\"wpcf7-list-item-label\">Tierra<\/span><\/label><\/span><span class=\"wpcf7-list-item\"><label><input type=\"radio\" name=\"radio-509\" value=\"C\u00e9sped natural\" \/><span class=\"wpcf7-list-item-label\">C\u00e9sped natural<\/span><\/label><\/span><span class=\"wpcf7-list-item\"><label><input type=\"radio\" name=\"radio-509\" value=\"Pavimento\" \/><span class=\"wpcf7-list-item-label\">Pavimento<\/span><\/label><\/span><span class=\"wpcf7-list-item last\"><label><input type=\"radio\" name=\"radio-509\" value=\"C\u00e9sped artificial\" \/><span class=\"wpcf7-list-item-label\">C\u00e9sped artificial<\/span><\/label><\/span><\/span><\/span> <\/label>\n<\/p>\n<p><label> Mensaje *<br \/>\n<span class=\"wpcf7-form-control-wrap\" data-name=\"your-message\"><textarea cols=\"40\" rows=\"3\" maxlength=\"2000\" class=\"wpcf7-form-control wpcf7-textarea wpcf7-validates-as-required\" aria-required=\"true\" aria-invalid=\"false\" name=\"your-message\"><\/textarea><\/span> <\/label>\n<\/p>\n<p style=\"font-weight: lighter; font-size:12px;\">Informaci\u00f3n b\u00e1sica sobre el tratamiento de datos (Reglamento (UE) 2016\/679 y LO 3\/2018)<br \/>\nResponsable del tratamiento: Naturcesped C\u00e9sped Artificial, SL.\n<\/p>\n<p style=\"font-weight: lighter; font-size:12px;\">Finalidad: Ofrecer, prestar y facturar nuestros servicios y productos.\n<\/p>\n<p style=\"font-weight: lighter; font-size:12px;\">Legitimaci\u00f3n: Consentimiento del interesado.\n<\/p>\n<p style=\"font-weight: lighter; font-size:12px;\">Destinatarios: Los datos no se ceder\u00e1n a terceros, a menos que lo exija una ley o sea necesario para cumplir con la finalidad del tratamiento.\n<\/p>\n<p style=\"font-weight: lighter; font-size:12px;\">Derechos: Acceder, rectificar y suprimir datos, as\u00ed como el resto que se explican en la pol\u00edtica de protecci\u00f3n de datos.\n<\/p>\n<p style=\"font-weight: lighter; font-size:12px;\">M\u00e1s informaci\u00f3n en nuestra pol\u00edtica de protecci\u00f3n de datos.\n<\/p>\n<p><input class=\"wpcf7-form-control wpcf7-submit has-spinner\" type=\"submit\" value=\"Enviar\" \/>\n<\/p><div class=\"wpcf7-response-output\" aria-hidden=\"true\"><\/div>\n<\/form>\n<\/div>\n[\/vc_column][\/vc_row]<\/p>\n<\/div>","protected":false},"excerpt":{"rendered":"<p>[vc_row gap=\u00bb35&#8243;][vc_column width=\u00bb2\/3&#8243;][vc_single_image image=\u00bb424&#8243;][vc_column_text] Probablemente est\u00e9 buscando una soluci\u00f3n para que sus espacios al aire libre en Roses se mantengan en el mejor estado sin gastar demasiado tiempo ni dinero. Ante esto, la soluci\u00f3n ser\u00e1 la instalaci\u00f3n de c\u00e9sped artificial en Roses. El c\u00e9sped artificial en Roses es una opci\u00f3n ecol\u00f3gica ya que no tendr\u00e1 que usar agua para su<\/p>\n<div class=\"h10\"><\/div>\n<p><a class=\"more-link1\" href=\"https:\/\/naturcesped.com\/es\/cesped-artificial-roses\/\">Read more<\/a><\/p>\n","protected":false},"author":1,"featured_media":0,"parent":0,"menu_order":0,"comment_status":"closed","ping_status":"closed","template":"","meta":{"footnotes":""},"class_list":["post-1040","page","type-page","status-publish","hentry"],"yoast_head":"<!-- This site is optimized with the Yoast SEO plugin v26.3 - https:\/\/yoast.com\/wordpress\/plugins\/seo\/ -->\n<title>C\u00e9sped artificial Roses - Naturcesped<\/title>\n<meta name=\"description\" content=\"Conoce todas las opciones de c\u00e9sped artificial de nuestro cat\u00e1logo. El mejor c\u00e9sped artificial de la provincia de Girona. Alta calidad y resultados increibles.\" \/>\n<meta name=\"robots\" content=\"index, follow, max-snippet:-1, max-image-preview:large, max-video-preview:-1\" \/>\n<link rel=\"canonical\" href=\"https:\/\/naturcesped.com\/es\/cesped-artificial-roses\/\" \/>\n<meta property=\"og:locale\" content=\"es_ES\" \/>\n<meta property=\"og:type\" content=\"article\" \/>\n<meta property=\"og:title\" content=\"C\u00e9sped artificial Roses - Naturcesped\" \/>\n<meta property=\"og:description\" content=\"Conoce todas las opciones de c\u00e9sped artificial de nuestro cat\u00e1logo. El mejor c\u00e9sped artificial de la provincia de Girona. Alta calidad y resultados increibles.\" \/>\n<meta property=\"og:url\" content=\"https:\/\/naturcesped.com\/es\/cesped-artificial-roses\/\" \/>\n<meta property=\"og:site_name\" content=\"NaturC\u00e9sped\" \/>\n<meta property=\"article:modified_time\" content=\"2023-12-20T09:22:48+00:00\" \/>\n<meta name=\"twitter:card\" content=\"summary_large_image\" \/>\n<meta name=\"twitter:label1\" content=\"Tiempo de lectura\" \/>\n\t<meta name=\"twitter:data1\" content=\"3 minutos\" \/>\n<script type=\"application\/ld+json\" class=\"yoast-schema-graph\">{\"@context\":\"https:\/\/schema.org\",\"@graph\":[{\"@type\":\"WebPage\",\"@id\":\"https:\/\/naturcesped.com\/es\/cesped-artificial-roses\/\",\"url\":\"https:\/\/naturcesped.com\/es\/cesped-artificial-roses\/\",\"name\":\"C\u00e9sped artificial Roses - Naturcesped\",\"isPartOf\":{\"@id\":\"https:\/\/naturcesped.com\/es\/#website\"},\"datePublished\":\"2022-11-17T11:31:02+00:00\",\"dateModified\":\"2023-12-20T09:22:48+00:00\",\"description\":\"Conoce todas las opciones de c\u00e9sped artificial de nuestro cat\u00e1logo. El mejor c\u00e9sped artificial de la provincia de Girona. Alta calidad y resultados increibles.\",\"breadcrumb\":{\"@id\":\"https:\/\/naturcesped.com\/es\/cesped-artificial-roses\/#breadcrumb\"},\"inLanguage\":\"es\",\"potentialAction\":[{\"@type\":\"ReadAction\",\"target\":[\"https:\/\/naturcesped.com\/es\/cesped-artificial-roses\/\"]}]},{\"@type\":\"BreadcrumbList\",\"@id\":\"https:\/\/naturcesped.com\/es\/cesped-artificial-roses\/#breadcrumb\",\"itemListElement\":[{\"@type\":\"ListItem\",\"position\":1,\"name\":\"Portada\",\"item\":\"https:\/\/naturcesped.com\/es\/\"},{\"@type\":\"ListItem\",\"position\":2,\"name\":\"C\u00e9sped artificial Roses\"}]},{\"@type\":\"WebSite\",\"@id\":\"https:\/\/naturcesped.com\/es\/#website\",\"url\":\"https:\/\/naturcesped.com\/es\/\",\"name\":\"NaturC\u00e9sped\",\"description\":\"C\u00e9sped artificial en Girona\",\"potentialAction\":[{\"@type\":\"SearchAction\",\"target\":{\"@type\":\"EntryPoint\",\"urlTemplate\":\"https:\/\/naturcesped.com\/es\/?s={search_term_string}\"},\"query-input\":{\"@type\":\"PropertyValueSpecification\",\"valueRequired\":true,\"valueName\":\"search_term_string\"}}],\"inLanguage\":\"es\"}]}<\/script>\n<!-- \/ Yoast SEO plugin. -->","yoast_head_json":{"title":"C\u00e9sped artificial Roses - Naturcesped","description":"Conoce todas las opciones de c\u00e9sped artificial de nuestro cat\u00e1logo. El mejor c\u00e9sped artificial de la provincia de Girona. Alta calidad y resultados increibles.","robots":{"index":"index","follow":"follow","max-snippet":"max-snippet:-1","max-image-preview":"max-image-preview:large","max-video-preview":"max-video-preview:-1"},"canonical":"https:\/\/naturcesped.com\/es\/cesped-artificial-roses\/","og_locale":"es_ES","og_type":"article","og_title":"C\u00e9sped artificial Roses - Naturcesped","og_description":"Conoce todas las opciones de c\u00e9sped artificial de nuestro cat\u00e1logo. El mejor c\u00e9sped artificial de la provincia de Girona. Alta calidad y resultados increibles.","og_url":"https:\/\/naturcesped.com\/es\/cesped-artificial-roses\/","og_site_name":"NaturC\u00e9sped","article_modified_time":"2023-12-20T09:22:48+00:00","twitter_card":"summary_large_image","twitter_misc":{"Tiempo de lectura":"3 minutos"},"schema":{"@context":"https:\/\/schema.org","@graph":[{"@type":"WebPage","@id":"https:\/\/naturcesped.com\/es\/cesped-artificial-roses\/","url":"https:\/\/naturcesped.com\/es\/cesped-artificial-roses\/","name":"C\u00e9sped artificial Roses - Naturcesped","isPartOf":{"@id":"https:\/\/naturcesped.com\/es\/#website"},"datePublished":"2022-11-17T11:31:02+00:00","dateModified":"2023-12-20T09:22:48+00:00","description":"Conoce todas las opciones de c\u00e9sped artificial de nuestro cat\u00e1logo. El mejor c\u00e9sped artificial de la provincia de Girona. Alta calidad y resultados increibles.","breadcrumb":{"@id":"https:\/\/naturcesped.com\/es\/cesped-artificial-roses\/#breadcrumb"},"inLanguage":"es","potentialAction":[{"@type":"ReadAction","target":["https:\/\/naturcesped.com\/es\/cesped-artificial-roses\/"]}]},{"@type":"BreadcrumbList","@id":"https:\/\/naturcesped.com\/es\/cesped-artificial-roses\/#breadcrumb","itemListElement":[{"@type":"ListItem","position":1,"name":"Portada","item":"https:\/\/naturcesped.com\/es\/"},{"@type":"ListItem","position":2,"name":"C\u00e9sped artificial Roses"}]},{"@type":"WebSite","@id":"https:\/\/naturcesped.com\/es\/#website","url":"https:\/\/naturcesped.com\/es\/","name":"NaturC\u00e9sped","description":"C\u00e9sped artificial en Girona","potentialAction":[{"@type":"SearchAction","target":{"@type":"EntryPoint","urlTemplate":"https:\/\/naturcesped.com\/es\/?s={search_term_string}"},"query-input":{"@type":"PropertyValueSpecification","valueRequired":true,"valueName":"search_term_string"}}],"inLanguage":"es"}]}},"_links":{"self":[{"href":"https:\/\/naturcesped.com\/es\/wp-json\/wp\/v2\/pages\/1040","targetHints":{"allow":["GET"]}}],"collection":[{"href":"https:\/\/naturcesped.com\/es\/wp-json\/wp\/v2\/pages"}],"about":[{"href":"https:\/\/naturcesped.com\/es\/wp-json\/wp\/v2\/types\/page"}],"author":[{"embeddable":true,"href":"https:\/\/naturcesped.com\/es\/wp-json\/wp\/v2\/users\/1"}],"replies":[{"embeddable":true,"href":"https:\/\/naturcesped.com\/es\/wp-json\/wp\/v2\/comments?post=1040"}],"version-history":[{"count":0,"href":"https:\/\/naturcesped.com\/es\/wp-json\/wp\/v2\/pages\/1040\/revisions"}],"wp:attachment":[{"href":"https:\/\/naturcesped.com\/es\/wp-json\/wp\/v2\/media?parent=1040"}],"curies":[{"name":"wp","href":"https:\/\/api.w.org\/{rel}","templated":true}]}}