{"id":1038,"date":"2022-11-17T11:25:51","date_gmt":"2022-11-17T11:25:51","guid":{"rendered":"https:\/\/naturcesped.com\/?page_id=1038"},"modified":"2023-12-20T09:15:50","modified_gmt":"2023-12-20T09:15:50","slug":"cesped-artificial-pals","status":"publish","type":"page","link":"https:\/\/naturcesped.com\/es\/cesped-artificial-pals\/","title":{"rendered":"C\u00e9sped artificial Pals"},"content":{"rendered":"<div class=\"wpb-content-wrapper\"><p>[vc_row gap=\u00bb35&#8243;][vc_column width=\u00bb2\/3&#8243;][vc_single_image image=\u00bb424&#8243;][vc_column_text]<\/p>\n<p style=\"text-align: justify;\">Probablemente est\u00e9 buscando formas de mantener un espacio al aire en Figueres en el mejor estado todo el a\u00f1o para disfrutar de buenos momentos de relax en familia o con amigos. Sin embargo, el c\u00e9sped natural, adem\u00e1s de no poder soportar ciertas estaciones, requiere mucho mantenimiento.<\/p>\n<p style=\"text-align: justify;\">Sin embargo, si selecciona el <strong>c\u00e9sped artificial en Pals<\/strong> podr\u00e1 tener un espacio hermoso y con muy pocas horas de dedicaci\u00f3n.<\/p>\n<p>[\/vc_column_text][vc_row_inner][vc_column_inner width=\u00bb1\/3&#8243;][\/vc_column_inner][vc_column_inner width=\u00bb1\/3&#8243;]<a\thref=\"https:\/\/naturcesped.com\/es\/contacto\/\" \n\t\t\t\tclass=\"button btn_large btn_theme_color btn_rounded btn_normal_style    \"  target='_self'><span>CONTACTA CON NOSOTROS<\/span><\/a>[\/vc_column_inner][vc_column_inner width=\u00bb1\/3&#8243;][\/vc_column_inner][\/vc_row_inner][vc_column_text]<\/p>\n<p style=\"text-align: justify;\">El <strong>c\u00e9sped artificial en Pals<\/strong> tiene una gran cantidad de ventajas que ofrecer tanto a particulares como a profesionales. En primer lugar, se beneficia de una apariencia est\u00e9tica y duradera. En otras palabras, tiene un aspecto limpio y verde. Por lo tanto, puede disfrutarlo todo el a\u00f1o y a largo plazo. Si el c\u00e9sped natural puede ser atacado por el sol, da\u00f1ado o incluso amarillento, con el <strong>c\u00e9sped artificial en Pals<\/strong>\u00a0no tendr\u00e1 estas preocupaciones.<\/p>\n<p style=\"text-align: justify;\">Por lo tanto, el <strong>c\u00e9sped artificial en Pals<\/strong> permanece intacto y uniforme, sean cuales sean las condiciones clim\u00e1ticas. A diferencia del c\u00e9sped natural, el <strong>c\u00e9sped artificial en Pals<\/strong> casi no necesita mantenimiento. Para eliminar los desechos del <strong>c\u00e9sped artificial en Pals<\/strong>, como las hojas muertas, simplemente barra y listo.<\/p>\n<p style=\"text-align: justify;\">El <strong>c\u00e9sped artificial en Pals<\/strong> tambi\u00e9n es una cubierta duradera, reutilizable y reposicionable. Su vida \u00fatil puede superar los 20 a\u00f1os para modelos de alta calidad. Cuando desee reemplazarlo, de hecho es posible reciclarlo. Adem\u00e1s, puedes cambiar su posici\u00f3n seg\u00fan sus necesidades y gustos sin tener que reponerlo, lo que es imposible con el c\u00e9sped natural.<\/p>\n<p style=\"text-align: justify;\">En definitiva, el <strong>c\u00e9sped artificial en Pals<\/strong> te permite realizar un ahorro considerable. Este recubrimiento tambi\u00e9n puede adaptarse a cualquier superficie, ya sea blanda o dura. Adem\u00e1s del jard\u00edn, tambi\u00e9n se puede colocar en un balc\u00f3n, una terraza, al borde de una piscina, etc. Las posibilidades para el <strong>c\u00e9sped artificial en Pals<\/strong>\u00a0son, por tanto, numerosas.<\/p>\n<p style=\"text-align: justify;\">Si busca a los mejores profesionales para la instalaci\u00f3n del <strong>c\u00e9sped artificial en Pals <\/strong>cuente con nosotros. En Naturcesped contamos con el mejor equipo humano con a\u00f1os de experiencia en el sector. A esto se suma que siempre usamos materiales de primera calidad, asegurando que el <strong>c\u00e9sped artificial en Pals <\/strong>tendr\u00e1 una larga vida \u00fatil, sin importar las inclemencias clim\u00e1ticas.<\/p>\n<p style=\"text-align: justify;\">Seleccionando a Naturcesped para la instalaci\u00f3n del <strong>c\u00e9sped artificial en Pals <\/strong>asegurar\u00e1 una soluci\u00f3n a la medida, ya que nuestros expertos se toman el tiempo para conocer cada proyecto y entender las necesidades del espacio, junto a los gustos de los clientes. Nuestros trabajos se adaptan a los requerimientos de cada cliente y por eso su satisfacci\u00f3n es nuestra mayor garant\u00eda.<\/p>\n<p style=\"text-align: justify;\">\u00a1No lo dude m\u00e1s y comun\u00edquese hoy mismo con nosotros!<\/p>\n<p>[\/vc_column_text][\/vc_column][vc_column width=\u00bb1\/3&#8243;][vc_column_text]<\/p>\n<h2 style=\"text-align: center;\">Cont\u00e1ctanos para m\u00e1s informaci\u00f3n<\/h2>\n<p>[\/vc_column_text]<div class=\"boc_divider_holder\"><div class=\"boc_divider  \"  style=\"margin-top: 20px;margin-bottom: 20px;height: 1px;background: #eeeeee;\"><\/div><\/div>\n<div class=\"wpcf7 no-js\" id=\"wpcf7-f202-o1\" lang=\"es-ES\" dir=\"ltr\" data-wpcf7-id=\"202\">\n<div class=\"screen-reader-response\"><p role=\"status\" aria-live=\"polite\" aria-atomic=\"true\"><\/p> <ul><\/ul><\/div>\n<form action=\"\/es\/wp-json\/wp\/v2\/pages\/1038#wpcf7-f202-o1\" method=\"post\" class=\"wpcf7-form init\" aria-label=\"Formulario de contacto\" novalidate=\"novalidate\" data-status=\"init\">\n<fieldset class=\"hidden-fields-container\"><input type=\"hidden\" name=\"_wpcf7\" value=\"202\" \/><input type=\"hidden\" name=\"_wpcf7_version\" value=\"6.1.3\" \/><input type=\"hidden\" name=\"_wpcf7_locale\" value=\"es_ES\" \/><input type=\"hidden\" name=\"_wpcf7_unit_tag\" value=\"wpcf7-f202-o1\" \/><input type=\"hidden\" name=\"_wpcf7_container_post\" value=\"0\" \/><input type=\"hidden\" name=\"_wpcf7_posted_data_hash\" value=\"\" \/><input type=\"hidden\" name=\"_wpcf7_recaptcha_response\" value=\"\" \/>\n<\/fieldset>\n<p><label> Nombre y apellidos *<br \/>\n<span class=\"wpcf7-form-control-wrap\" data-name=\"your-name\"><input size=\"40\" maxlength=\"400\" class=\"wpcf7-form-control wpcf7-text wpcf7-validates-as-required\" aria-required=\"true\" aria-invalid=\"false\" value=\"\" type=\"text\" name=\"your-name\" \/><\/span> <\/label>\n<\/p>\n<p><label> Tel\u00e9fono *<br \/>\n<span class=\"wpcf7-form-control-wrap\" data-name=\"your-phone\"><input size=\"40\" maxlength=\"400\" class=\"wpcf7-form-control wpcf7-text wpcf7-validates-as-required\" aria-required=\"true\" aria-invalid=\"false\" value=\"\" type=\"text\" name=\"your-phone\" \/><\/span> <\/label>\n<\/p>\n<p><label> Correo electr\u00f3nico *<br \/>\n<span class=\"wpcf7-form-control-wrap\" data-name=\"your-email\"><input size=\"40\" maxlength=\"400\" class=\"wpcf7-form-control wpcf7-email wpcf7-validates-as-required wpcf7-text wpcf7-validates-as-email\" aria-required=\"true\" aria-invalid=\"false\" value=\"\" type=\"email\" name=\"your-email\" \/><\/span> <\/label>\n<\/p>\n<p><label> Municipio *<br \/>\n<span class=\"wpcf7-form-control-wrap\" data-name=\"your-town\"><input size=\"40\" maxlength=\"400\" class=\"wpcf7-form-control wpcf7-text wpcf7-validates-as-required\" aria-required=\"true\" aria-invalid=\"false\" value=\"\" type=\"text\" name=\"your-town\" \/><\/span> <\/label>\n<\/p>\n<p><label> Cantidad de m\u00b2<br \/>\n<span class=\"wpcf7-form-control-wrap\" data-name=\"your-meters\"><input size=\"40\" maxlength=\"400\" class=\"wpcf7-form-control wpcf7-text\" aria-invalid=\"false\" value=\"\" type=\"text\" name=\"your-meters\" \/><\/span> <\/label>\n<\/p>\n<p><label> Terreno actual *<br \/>\n<span class=\"wpcf7-form-control-wrap\" data-name=\"radio-509\"><span class=\"wpcf7-form-control wpcf7-radio\"><span class=\"wpcf7-list-item first\"><label><input type=\"radio\" name=\"radio-509\" value=\"Tierra\" checked=\"checked\" \/><span class=\"wpcf7-list-item-label\">Tierra<\/span><\/label><\/span><span class=\"wpcf7-list-item\"><label><input type=\"radio\" name=\"radio-509\" value=\"C\u00e9sped natural\" \/><span class=\"wpcf7-list-item-label\">C\u00e9sped natural<\/span><\/label><\/span><span class=\"wpcf7-list-item\"><label><input type=\"radio\" name=\"radio-509\" value=\"Pavimento\" \/><span class=\"wpcf7-list-item-label\">Pavimento<\/span><\/label><\/span><span class=\"wpcf7-list-item last\"><label><input type=\"radio\" name=\"radio-509\" value=\"C\u00e9sped artificial\" \/><span class=\"wpcf7-list-item-label\">C\u00e9sped artificial<\/span><\/label><\/span><\/span><\/span> <\/label>\n<\/p>\n<p><label> Mensaje *<br \/>\n<span class=\"wpcf7-form-control-wrap\" data-name=\"your-message\"><textarea cols=\"40\" rows=\"3\" maxlength=\"2000\" class=\"wpcf7-form-control wpcf7-textarea wpcf7-validates-as-required\" aria-required=\"true\" aria-invalid=\"false\" name=\"your-message\"><\/textarea><\/span> <\/label>\n<\/p>\n<p style=\"font-weight: lighter; font-size:12px;\">Informaci\u00f3n b\u00e1sica sobre el tratamiento de datos (Reglamento (UE) 2016\/679 y LO 3\/2018)<br \/>\nResponsable del tratamiento: Naturcesped C\u00e9sped Artificial, SL.\n<\/p>\n<p style=\"font-weight: lighter; font-size:12px;\">Finalidad: Ofrecer, prestar y facturar nuestros servicios y productos.\n<\/p>\n<p style=\"font-weight: lighter; font-size:12px;\">Legitimaci\u00f3n: Consentimiento del interesado.\n<\/p>\n<p style=\"font-weight: lighter; font-size:12px;\">Destinatarios: Los datos no se ceder\u00e1n a terceros, a menos que lo exija una ley o sea necesario para cumplir con la finalidad del tratamiento.\n<\/p>\n<p style=\"font-weight: lighter; font-size:12px;\">Derechos: Acceder, rectificar y suprimir datos, as\u00ed como el resto que se explican en la pol\u00edtica de protecci\u00f3n de datos.\n<\/p>\n<p style=\"font-weight: lighter; font-size:12px;\">M\u00e1s informaci\u00f3n en nuestra pol\u00edtica de protecci\u00f3n de datos.\n<\/p>\n<p><input class=\"wpcf7-form-control wpcf7-submit has-spinner\" type=\"submit\" value=\"Enviar\" \/>\n<\/p><div class=\"wpcf7-response-output\" aria-hidden=\"true\"><\/div>\n<\/form>\n<\/div>\n[\/vc_column][\/vc_row]<\/p>\n<\/div>","protected":false},"excerpt":{"rendered":"<p>[vc_row gap=\u00bb35&#8243;][vc_column width=\u00bb2\/3&#8243;][vc_single_image image=\u00bb424&#8243;][vc_column_text] Probablemente est\u00e9 buscando formas de mantener un espacio al aire en Figueres en el mejor estado todo el a\u00f1o para disfrutar de buenos momentos de relax en familia o con amigos. Sin embargo, el c\u00e9sped natural, adem\u00e1s de no poder soportar ciertas estaciones, requiere mucho mantenimiento. Sin embargo, si selecciona el c\u00e9sped artificial en Pals podr\u00e1<\/p>\n<div class=\"h10\"><\/div>\n<p><a class=\"more-link1\" href=\"https:\/\/naturcesped.com\/es\/cesped-artificial-pals\/\">Read more<\/a><\/p>\n","protected":false},"author":1,"featured_media":0,"parent":0,"menu_order":0,"comment_status":"closed","ping_status":"closed","template":"","meta":{"footnotes":""},"class_list":["post-1038","page","type-page","status-publish","hentry"],"yoast_head":"<!-- This site is optimized with the Yoast SEO plugin v26.3 - https:\/\/yoast.com\/wordpress\/plugins\/seo\/ -->\n<title>C\u00e9sped artificial Pals - Naturcesped<\/title>\n<meta name=\"description\" content=\"Todas las opciones de c\u00e9sped artifical las puedes encontrar en nuestro cat\u00e1logo. C\u00e9sped de calidad al mejor precio, con aspecto natural y inigualable.\" \/>\n<meta name=\"robots\" content=\"index, follow, max-snippet:-1, max-image-preview:large, max-video-preview:-1\" \/>\n<link rel=\"canonical\" href=\"https:\/\/naturcesped.com\/es\/cesped-artificial-pals\/\" \/>\n<meta property=\"og:locale\" content=\"es_ES\" \/>\n<meta property=\"og:type\" content=\"article\" \/>\n<meta property=\"og:title\" content=\"C\u00e9sped artificial Pals - Naturcesped\" \/>\n<meta property=\"og:description\" content=\"Todas las opciones de c\u00e9sped artifical las puedes encontrar en nuestro cat\u00e1logo. C\u00e9sped de calidad al mejor precio, con aspecto natural y inigualable.\" \/>\n<meta property=\"og:url\" content=\"https:\/\/naturcesped.com\/es\/cesped-artificial-pals\/\" \/>\n<meta property=\"og:site_name\" content=\"NaturC\u00e9sped\" \/>\n<meta property=\"article:modified_time\" content=\"2023-12-20T09:15:50+00:00\" \/>\n<meta name=\"twitter:card\" content=\"summary_large_image\" \/>\n<meta name=\"twitter:label1\" content=\"Tiempo de lectura\" \/>\n\t<meta name=\"twitter:data1\" content=\"3 minutos\" \/>\n<script type=\"application\/ld+json\" class=\"yoast-schema-graph\">{\"@context\":\"https:\/\/schema.org\",\"@graph\":[{\"@type\":\"WebPage\",\"@id\":\"https:\/\/naturcesped.com\/es\/cesped-artificial-pals\/\",\"url\":\"https:\/\/naturcesped.com\/es\/cesped-artificial-pals\/\",\"name\":\"C\u00e9sped artificial Pals - Naturcesped\",\"isPartOf\":{\"@id\":\"https:\/\/naturcesped.com\/es\/#website\"},\"datePublished\":\"2022-11-17T11:25:51+00:00\",\"dateModified\":\"2023-12-20T09:15:50+00:00\",\"description\":\"Todas las opciones de c\u00e9sped artifical las puedes encontrar en nuestro cat\u00e1logo. C\u00e9sped de calidad al mejor precio, con aspecto natural y inigualable.\",\"breadcrumb\":{\"@id\":\"https:\/\/naturcesped.com\/es\/cesped-artificial-pals\/#breadcrumb\"},\"inLanguage\":\"es\",\"potentialAction\":[{\"@type\":\"ReadAction\",\"target\":[\"https:\/\/naturcesped.com\/es\/cesped-artificial-pals\/\"]}]},{\"@type\":\"BreadcrumbList\",\"@id\":\"https:\/\/naturcesped.com\/es\/cesped-artificial-pals\/#breadcrumb\",\"itemListElement\":[{\"@type\":\"ListItem\",\"position\":1,\"name\":\"Portada\",\"item\":\"https:\/\/naturcesped.com\/es\/\"},{\"@type\":\"ListItem\",\"position\":2,\"name\":\"C\u00e9sped artificial Pals\"}]},{\"@type\":\"WebSite\",\"@id\":\"https:\/\/naturcesped.com\/es\/#website\",\"url\":\"https:\/\/naturcesped.com\/es\/\",\"name\":\"NaturC\u00e9sped\",\"description\":\"C\u00e9sped artificial en Girona\",\"potentialAction\":[{\"@type\":\"SearchAction\",\"target\":{\"@type\":\"EntryPoint\",\"urlTemplate\":\"https:\/\/naturcesped.com\/es\/?s={search_term_string}\"},\"query-input\":{\"@type\":\"PropertyValueSpecification\",\"valueRequired\":true,\"valueName\":\"search_term_string\"}}],\"inLanguage\":\"es\"}]}<\/script>\n<!-- \/ Yoast SEO plugin. -->","yoast_head_json":{"title":"C\u00e9sped artificial Pals - Naturcesped","description":"Todas las opciones de c\u00e9sped artifical las puedes encontrar en nuestro cat\u00e1logo. C\u00e9sped de calidad al mejor precio, con aspecto natural y inigualable.","robots":{"index":"index","follow":"follow","max-snippet":"max-snippet:-1","max-image-preview":"max-image-preview:large","max-video-preview":"max-video-preview:-1"},"canonical":"https:\/\/naturcesped.com\/es\/cesped-artificial-pals\/","og_locale":"es_ES","og_type":"article","og_title":"C\u00e9sped artificial Pals - Naturcesped","og_description":"Todas las opciones de c\u00e9sped artifical las puedes encontrar en nuestro cat\u00e1logo. C\u00e9sped de calidad al mejor precio, con aspecto natural y inigualable.","og_url":"https:\/\/naturcesped.com\/es\/cesped-artificial-pals\/","og_site_name":"NaturC\u00e9sped","article_modified_time":"2023-12-20T09:15:50+00:00","twitter_card":"summary_large_image","twitter_misc":{"Tiempo de lectura":"3 minutos"},"schema":{"@context":"https:\/\/schema.org","@graph":[{"@type":"WebPage","@id":"https:\/\/naturcesped.com\/es\/cesped-artificial-pals\/","url":"https:\/\/naturcesped.com\/es\/cesped-artificial-pals\/","name":"C\u00e9sped artificial Pals - Naturcesped","isPartOf":{"@id":"https:\/\/naturcesped.com\/es\/#website"},"datePublished":"2022-11-17T11:25:51+00:00","dateModified":"2023-12-20T09:15:50+00:00","description":"Todas las opciones de c\u00e9sped artifical las puedes encontrar en nuestro cat\u00e1logo. C\u00e9sped de calidad al mejor precio, con aspecto natural y inigualable.","breadcrumb":{"@id":"https:\/\/naturcesped.com\/es\/cesped-artificial-pals\/#breadcrumb"},"inLanguage":"es","potentialAction":[{"@type":"ReadAction","target":["https:\/\/naturcesped.com\/es\/cesped-artificial-pals\/"]}]},{"@type":"BreadcrumbList","@id":"https:\/\/naturcesped.com\/es\/cesped-artificial-pals\/#breadcrumb","itemListElement":[{"@type":"ListItem","position":1,"name":"Portada","item":"https:\/\/naturcesped.com\/es\/"},{"@type":"ListItem","position":2,"name":"C\u00e9sped artificial Pals"}]},{"@type":"WebSite","@id":"https:\/\/naturcesped.com\/es\/#website","url":"https:\/\/naturcesped.com\/es\/","name":"NaturC\u00e9sped","description":"C\u00e9sped artificial en Girona","potentialAction":[{"@type":"SearchAction","target":{"@type":"EntryPoint","urlTemplate":"https:\/\/naturcesped.com\/es\/?s={search_term_string}"},"query-input":{"@type":"PropertyValueSpecification","valueRequired":true,"valueName":"search_term_string"}}],"inLanguage":"es"}]}},"_links":{"self":[{"href":"https:\/\/naturcesped.com\/es\/wp-json\/wp\/v2\/pages\/1038","targetHints":{"allow":["GET"]}}],"collection":[{"href":"https:\/\/naturcesped.com\/es\/wp-json\/wp\/v2\/pages"}],"about":[{"href":"https:\/\/naturcesped.com\/es\/wp-json\/wp\/v2\/types\/page"}],"author":[{"embeddable":true,"href":"https:\/\/naturcesped.com\/es\/wp-json\/wp\/v2\/users\/1"}],"replies":[{"embeddable":true,"href":"https:\/\/naturcesped.com\/es\/wp-json\/wp\/v2\/comments?post=1038"}],"version-history":[{"count":0,"href":"https:\/\/naturcesped.com\/es\/wp-json\/wp\/v2\/pages\/1038\/revisions"}],"wp:attachment":[{"href":"https:\/\/naturcesped.com\/es\/wp-json\/wp\/v2\/media?parent=1038"}],"curies":[{"name":"wp","href":"https:\/\/api.w.org\/{rel}","templated":true}]}}