{"id":1028,"date":"2022-11-10T08:03:12","date_gmt":"2022-11-10T08:03:12","guid":{"rendered":"https:\/\/naturcesped.com\/?page_id=1028"},"modified":"2023-12-20T08:48:08","modified_gmt":"2023-12-20T08:48:08","slug":"cesped-artificial-lescala","status":"publish","type":"page","link":"https:\/\/naturcesped.com\/es\/cesped-artificial-lescala\/","title":{"rendered":"C\u00e9sped artificial L&#8217;Escala"},"content":{"rendered":"<div class=\"wpb-content-wrapper\"><p>[vc_row gap=\u00bb35&#8243;][vc_column width=\u00bb2\/3&#8243;][vc_single_image image=\u00bb424&#8243;][vc_column_text]<\/p>\n<p style=\"text-align: justify;\">Los beneficios que proporciona el c\u00e9sped artificial en un campo de juego en Palam\u00f3s son conocidos por los aficionados al deporte. Pero un campo de juego no es el \u00fanico lugar donde el c\u00e9sped artificial se puede utilizar con \u00e9xito.<\/p>\n<p style=\"text-align: justify;\">Los residentes interesados \u200b\u200ben tener un espacio hermoso y poco demandante han adoptado el <strong>c\u00e9sped artificial en &#8216;Escala<\/strong>.<\/p>\n<p style=\"text-align: justify;\">El <strong>c\u00e9sped artificial en l&#8217;Escala<\/strong> ofrece un hermoso atractivo exterior y espacio para la familia, las mascotas y los invitados, sin que sea necesario dedicarle horas a su mantenimiento.<\/p>\n<p>[\/vc_column_text][vc_row_inner][vc_column_inner width=\u00bb1\/3&#8243;][\/vc_column_inner][vc_column_inner width=\u00bb1\/3&#8243;]<a\thref=\"https:\/\/naturcesped.com\/es\/contacto\/\" \n\t\t\t\tclass=\"button btn_large btn_theme_color btn_rounded btn_normal_style    \"  target='_self'><span>CONTACTA CON NOSOTROS<\/span><\/a>[\/vc_column_inner][vc_column_inner width=\u00bb1\/3&#8243;][\/vc_column_inner][\/vc_row_inner][vc_column_text]<\/p>\n<p style=\"text-align: justify;\">Una de las mejores cosas del <strong>c\u00e9sped artificial en l&#8217;Escala<\/strong> es su naturaleza de bajo mantenimiento. Nos permite concentrarnos m\u00e1s en las cosas que disfrutamos hacer en nuestro jard\u00edn. Tenga en cuenta que el <strong>c\u00e9sped artificial en l&#8217;Escala<\/strong> no necesita agua ni mantenimiento. El <strong>c\u00e9sped artificial en l&#8217;Escala<\/strong> no requiere mantenimiento para mantener su hermosa apariencia verde, a diferencia del c\u00e9sped natural.<\/p>\n<p style=\"text-align: justify;\">La hierba y el c\u00e9sped natural entrar\u00e1n en una etapa inactiva en el invierno y se volver\u00e1n marrones y antiest\u00e9ticos. El <strong>c\u00e9sped artificial en l&#8217;Escala<\/strong> permanecer\u00e1 del mismo color durante todo el a\u00f1o y se ver\u00e1 bien sin importar la temporada.<\/p>\n<p style=\"text-align: justify;\">Dado que el producto no requiere mantenimiento de equipos de c\u00e9sped a gas o el\u00e9ctricos, el <strong>c\u00e9sped artificial en l&#8217;Escala<\/strong> es m\u00e1s ecol\u00f3gico que incluso el c\u00e9sped natural. Un simple barrido con una escoba eliminar\u00e1 la mayor\u00eda de los desechos o la tierra de la punta del c\u00e9sped y har\u00e1 que se vea genial en muy poco tiempo.<\/p>\n<p style=\"text-align: justify;\">Adem\u00e1s, el <strong>c\u00e9sped artificial en l&#8217;Escala<\/strong> nunca necesita productos qu\u00edmicos t\u00f3xicos para proteger su salud. Estos productos qu\u00edmicos no solo son peligrosos para sus hijos y mascotas, que a menudo entran en contacto directo cuando juegan en el c\u00e9sped, sino que tambi\u00e9n contaminan los sistemas de agua y tienen un impacto negativo en el panorama general.<\/p>\n<p style=\"text-align: justify;\">A esto se suma el ahorro mensual. Tenga en cuenta que adem\u00e1s de los gastos de mantenimiento mensual, incluidos el corte de c\u00e9sped y los fertilizantes, el c\u00e9sped natural necesita agua. El <strong>c\u00e9sped artificial en l&#8217;Escala<\/strong> no requiere nada de esto, lo que le permite usar esa parte de su presupuesto mensual en otro fin.<\/p>\n<p style=\"text-align: justify;\">Los beneficios del <strong>c\u00e9sped artificial en l&#8217;Escala<\/strong> superan a los del c\u00e9sped natural, especialmente si espera tener un espacio que requiera poco mantenimiento y gasto. Si est\u00e1 interesado en ahorrar dinero, conservar agua y crear un hogar con un atractivo exterior excepcional, el <strong>c\u00e9sped artificial en l&#8217;Escala<\/strong> puede ser la opci\u00f3n que est\u00e1 buscando.<\/p>\n<p style=\"text-align: justify;\">Si busca a los mejores profesionales para la instalaci\u00f3n del <strong>c\u00e9sped artificial en l&#8217;Escala<\/strong> cuente con nosotros. Nos distinguimos por tener a un equipo dedicado a dar soluciones dedicadas y a la medida.<\/p>\n<p>[\/vc_column_text][\/vc_column][vc_column width=\u00bb1\/3&#8243;][vc_column_text]<\/p>\n<h2 style=\"text-align: center;\">Cont\u00e1ctanos para m\u00e1s informaci\u00f3n<\/h2>\n<p>[\/vc_column_text]<div class=\"boc_divider_holder\"><div class=\"boc_divider  \"  style=\"margin-top: 20px;margin-bottom: 20px;height: 1px;background: #eeeeee;\"><\/div><\/div>\n<div class=\"wpcf7 no-js\" id=\"wpcf7-f202-o1\" lang=\"es-ES\" dir=\"ltr\" data-wpcf7-id=\"202\">\n<div class=\"screen-reader-response\"><p role=\"status\" aria-live=\"polite\" aria-atomic=\"true\"><\/p> <ul><\/ul><\/div>\n<form action=\"\/es\/wp-json\/wp\/v2\/pages\/1028#wpcf7-f202-o1\" method=\"post\" class=\"wpcf7-form init\" aria-label=\"Formulario de contacto\" novalidate=\"novalidate\" data-status=\"init\">\n<fieldset class=\"hidden-fields-container\"><input type=\"hidden\" name=\"_wpcf7\" value=\"202\" \/><input type=\"hidden\" name=\"_wpcf7_version\" value=\"6.1.3\" \/><input type=\"hidden\" name=\"_wpcf7_locale\" value=\"es_ES\" \/><input type=\"hidden\" name=\"_wpcf7_unit_tag\" value=\"wpcf7-f202-o1\" \/><input type=\"hidden\" name=\"_wpcf7_container_post\" value=\"0\" \/><input type=\"hidden\" name=\"_wpcf7_posted_data_hash\" value=\"\" \/><input type=\"hidden\" name=\"_wpcf7_recaptcha_response\" value=\"\" \/>\n<\/fieldset>\n<p><label> Nombre y apellidos *<br \/>\n<span class=\"wpcf7-form-control-wrap\" data-name=\"your-name\"><input size=\"40\" maxlength=\"400\" class=\"wpcf7-form-control wpcf7-text wpcf7-validates-as-required\" aria-required=\"true\" aria-invalid=\"false\" value=\"\" type=\"text\" name=\"your-name\" \/><\/span> <\/label>\n<\/p>\n<p><label> Tel\u00e9fono *<br \/>\n<span class=\"wpcf7-form-control-wrap\" data-name=\"your-phone\"><input size=\"40\" maxlength=\"400\" class=\"wpcf7-form-control wpcf7-text wpcf7-validates-as-required\" aria-required=\"true\" aria-invalid=\"false\" value=\"\" type=\"text\" name=\"your-phone\" \/><\/span> <\/label>\n<\/p>\n<p><label> Correo electr\u00f3nico *<br \/>\n<span class=\"wpcf7-form-control-wrap\" data-name=\"your-email\"><input size=\"40\" maxlength=\"400\" class=\"wpcf7-form-control wpcf7-email wpcf7-validates-as-required wpcf7-text wpcf7-validates-as-email\" aria-required=\"true\" aria-invalid=\"false\" value=\"\" type=\"email\" name=\"your-email\" \/><\/span> <\/label>\n<\/p>\n<p><label> Municipio *<br \/>\n<span class=\"wpcf7-form-control-wrap\" data-name=\"your-town\"><input size=\"40\" maxlength=\"400\" class=\"wpcf7-form-control wpcf7-text wpcf7-validates-as-required\" aria-required=\"true\" aria-invalid=\"false\" value=\"\" type=\"text\" name=\"your-town\" \/><\/span> <\/label>\n<\/p>\n<p><label> Cantidad de m\u00b2<br \/>\n<span class=\"wpcf7-form-control-wrap\" data-name=\"your-meters\"><input size=\"40\" maxlength=\"400\" class=\"wpcf7-form-control wpcf7-text\" aria-invalid=\"false\" value=\"\" type=\"text\" name=\"your-meters\" \/><\/span> <\/label>\n<\/p>\n<p><label> Terreno actual *<br \/>\n<span class=\"wpcf7-form-control-wrap\" data-name=\"radio-509\"><span class=\"wpcf7-form-control wpcf7-radio\"><span class=\"wpcf7-list-item first\"><label><input type=\"radio\" name=\"radio-509\" value=\"Tierra\" checked=\"checked\" \/><span class=\"wpcf7-list-item-label\">Tierra<\/span><\/label><\/span><span class=\"wpcf7-list-item\"><label><input type=\"radio\" name=\"radio-509\" value=\"C\u00e9sped natural\" \/><span class=\"wpcf7-list-item-label\">C\u00e9sped natural<\/span><\/label><\/span><span class=\"wpcf7-list-item\"><label><input type=\"radio\" name=\"radio-509\" value=\"Pavimento\" \/><span class=\"wpcf7-list-item-label\">Pavimento<\/span><\/label><\/span><span class=\"wpcf7-list-item last\"><label><input type=\"radio\" name=\"radio-509\" value=\"C\u00e9sped artificial\" \/><span class=\"wpcf7-list-item-label\">C\u00e9sped artificial<\/span><\/label><\/span><\/span><\/span> <\/label>\n<\/p>\n<p><label> Mensaje *<br \/>\n<span class=\"wpcf7-form-control-wrap\" data-name=\"your-message\"><textarea cols=\"40\" rows=\"3\" maxlength=\"2000\" class=\"wpcf7-form-control wpcf7-textarea wpcf7-validates-as-required\" aria-required=\"true\" aria-invalid=\"false\" name=\"your-message\"><\/textarea><\/span> <\/label>\n<\/p>\n<p style=\"font-weight: lighter; font-size:12px;\">Informaci\u00f3n b\u00e1sica sobre el tratamiento de datos (Reglamento (UE) 2016\/679 y LO 3\/2018)<br \/>\nResponsable del tratamiento: Naturcesped C\u00e9sped Artificial, SL.\n<\/p>\n<p style=\"font-weight: lighter; font-size:12px;\">Finalidad: Ofrecer, prestar y facturar nuestros servicios y productos.\n<\/p>\n<p style=\"font-weight: lighter; font-size:12px;\">Legitimaci\u00f3n: Consentimiento del interesado.\n<\/p>\n<p style=\"font-weight: lighter; font-size:12px;\">Destinatarios: Los datos no se ceder\u00e1n a terceros, a menos que lo exija una ley o sea necesario para cumplir con la finalidad del tratamiento.\n<\/p>\n<p style=\"font-weight: lighter; font-size:12px;\">Derechos: Acceder, rectificar y suprimir datos, as\u00ed como el resto que se explican en la pol\u00edtica de protecci\u00f3n de datos.\n<\/p>\n<p style=\"font-weight: lighter; font-size:12px;\">M\u00e1s informaci\u00f3n en nuestra pol\u00edtica de protecci\u00f3n de datos.\n<\/p>\n<p><input class=\"wpcf7-form-control wpcf7-submit has-spinner\" type=\"submit\" value=\"Enviar\" \/>\n<\/p><div class=\"wpcf7-response-output\" aria-hidden=\"true\"><\/div>\n<\/form>\n<\/div>\n[\/vc_column][\/vc_row]<\/p>\n<\/div>","protected":false},"excerpt":{"rendered":"<p>[vc_row gap=\u00bb35&#8243;][vc_column width=\u00bb2\/3&#8243;][vc_single_image image=\u00bb424&#8243;][vc_column_text] Los beneficios que proporciona el c\u00e9sped artificial en un campo de juego en Palam\u00f3s son conocidos por los aficionados al deporte. Pero un campo de juego no es el \u00fanico lugar donde el c\u00e9sped artificial se puede utilizar con \u00e9xito. Los residentes interesados \u200b\u200ben tener un espacio hermoso y poco demandante han adoptado el c\u00e9sped artificial<\/p>\n<div class=\"h10\"><\/div>\n<p><a class=\"more-link1\" href=\"https:\/\/naturcesped.com\/es\/cesped-artificial-lescala\/\">Read more<\/a><\/p>\n","protected":false},"author":1,"featured_media":0,"parent":0,"menu_order":0,"comment_status":"closed","ping_status":"closed","template":"","meta":{"footnotes":""},"class_list":["post-1028","page","type-page","status-publish","hentry"],"yoast_head":"<!-- This site is optimized with the Yoast SEO plugin v26.3 - https:\/\/yoast.com\/wordpress\/plugins\/seo\/ -->\n<title>C\u00e9sped artificial l&#039;Escala - Naturcesped<\/title>\n<meta name=\"description\" content=\"Descubre todos los modelos de c\u00e9sped artificial que tenemos en Naturcesped, c\u00e9sped de alta calidad a muy buen precio. Disfruta de unos resultados inigualables en tu jard\u00edn.\" \/>\n<meta name=\"robots\" content=\"index, follow, max-snippet:-1, max-image-preview:large, max-video-preview:-1\" \/>\n<link rel=\"canonical\" href=\"https:\/\/naturcesped.com\/es\/cesped-artificial-lescala\/\" \/>\n<meta property=\"og:locale\" content=\"es_ES\" \/>\n<meta property=\"og:type\" content=\"article\" \/>\n<meta property=\"og:title\" content=\"C\u00e9sped artificial l&#039;Escala - Naturcesped\" \/>\n<meta property=\"og:description\" content=\"Descubre todos los modelos de c\u00e9sped artificial que tenemos en Naturcesped, c\u00e9sped de alta calidad a muy buen precio. Disfruta de unos resultados inigualables en tu jard\u00edn.\" \/>\n<meta property=\"og:url\" content=\"https:\/\/naturcesped.com\/es\/cesped-artificial-lescala\/\" \/>\n<meta property=\"og:site_name\" content=\"NaturC\u00e9sped\" \/>\n<meta property=\"article:modified_time\" content=\"2023-12-20T08:48:08+00:00\" \/>\n<meta name=\"twitter:card\" content=\"summary_large_image\" \/>\n<meta name=\"twitter:label1\" content=\"Tiempo de lectura\" \/>\n\t<meta name=\"twitter:data1\" content=\"3 minutos\" \/>\n<script type=\"application\/ld+json\" class=\"yoast-schema-graph\">{\"@context\":\"https:\/\/schema.org\",\"@graph\":[{\"@type\":\"WebPage\",\"@id\":\"https:\/\/naturcesped.com\/es\/cesped-artificial-lescala\/\",\"url\":\"https:\/\/naturcesped.com\/es\/cesped-artificial-lescala\/\",\"name\":\"C\u00e9sped artificial l'Escala - Naturcesped\",\"isPartOf\":{\"@id\":\"https:\/\/naturcesped.com\/es\/#website\"},\"datePublished\":\"2022-11-10T08:03:12+00:00\",\"dateModified\":\"2023-12-20T08:48:08+00:00\",\"description\":\"Descubre todos los modelos de c\u00e9sped artificial que tenemos en Naturcesped, c\u00e9sped de alta calidad a muy buen precio. Disfruta de unos resultados inigualables en tu jard\u00edn.\",\"breadcrumb\":{\"@id\":\"https:\/\/naturcesped.com\/es\/cesped-artificial-lescala\/#breadcrumb\"},\"inLanguage\":\"es\",\"potentialAction\":[{\"@type\":\"ReadAction\",\"target\":[\"https:\/\/naturcesped.com\/es\/cesped-artificial-lescala\/\"]}]},{\"@type\":\"BreadcrumbList\",\"@id\":\"https:\/\/naturcesped.com\/es\/cesped-artificial-lescala\/#breadcrumb\",\"itemListElement\":[{\"@type\":\"ListItem\",\"position\":1,\"name\":\"Portada\",\"item\":\"https:\/\/naturcesped.com\/es\/\"},{\"@type\":\"ListItem\",\"position\":2,\"name\":\"C\u00e9sped artificial L&#8217;Escala\"}]},{\"@type\":\"WebSite\",\"@id\":\"https:\/\/naturcesped.com\/es\/#website\",\"url\":\"https:\/\/naturcesped.com\/es\/\",\"name\":\"NaturC\u00e9sped\",\"description\":\"C\u00e9sped artificial en Girona\",\"potentialAction\":[{\"@type\":\"SearchAction\",\"target\":{\"@type\":\"EntryPoint\",\"urlTemplate\":\"https:\/\/naturcesped.com\/es\/?s={search_term_string}\"},\"query-input\":{\"@type\":\"PropertyValueSpecification\",\"valueRequired\":true,\"valueName\":\"search_term_string\"}}],\"inLanguage\":\"es\"}]}<\/script>\n<!-- \/ Yoast SEO plugin. -->","yoast_head_json":{"title":"C\u00e9sped artificial l'Escala - Naturcesped","description":"Descubre todos los modelos de c\u00e9sped artificial que tenemos en Naturcesped, c\u00e9sped de alta calidad a muy buen precio. Disfruta de unos resultados inigualables en tu jard\u00edn.","robots":{"index":"index","follow":"follow","max-snippet":"max-snippet:-1","max-image-preview":"max-image-preview:large","max-video-preview":"max-video-preview:-1"},"canonical":"https:\/\/naturcesped.com\/es\/cesped-artificial-lescala\/","og_locale":"es_ES","og_type":"article","og_title":"C\u00e9sped artificial l'Escala - Naturcesped","og_description":"Descubre todos los modelos de c\u00e9sped artificial que tenemos en Naturcesped, c\u00e9sped de alta calidad a muy buen precio. Disfruta de unos resultados inigualables en tu jard\u00edn.","og_url":"https:\/\/naturcesped.com\/es\/cesped-artificial-lescala\/","og_site_name":"NaturC\u00e9sped","article_modified_time":"2023-12-20T08:48:08+00:00","twitter_card":"summary_large_image","twitter_misc":{"Tiempo de lectura":"3 minutos"},"schema":{"@context":"https:\/\/schema.org","@graph":[{"@type":"WebPage","@id":"https:\/\/naturcesped.com\/es\/cesped-artificial-lescala\/","url":"https:\/\/naturcesped.com\/es\/cesped-artificial-lescala\/","name":"C\u00e9sped artificial l'Escala - Naturcesped","isPartOf":{"@id":"https:\/\/naturcesped.com\/es\/#website"},"datePublished":"2022-11-10T08:03:12+00:00","dateModified":"2023-12-20T08:48:08+00:00","description":"Descubre todos los modelos de c\u00e9sped artificial que tenemos en Naturcesped, c\u00e9sped de alta calidad a muy buen precio. Disfruta de unos resultados inigualables en tu jard\u00edn.","breadcrumb":{"@id":"https:\/\/naturcesped.com\/es\/cesped-artificial-lescala\/#breadcrumb"},"inLanguage":"es","potentialAction":[{"@type":"ReadAction","target":["https:\/\/naturcesped.com\/es\/cesped-artificial-lescala\/"]}]},{"@type":"BreadcrumbList","@id":"https:\/\/naturcesped.com\/es\/cesped-artificial-lescala\/#breadcrumb","itemListElement":[{"@type":"ListItem","position":1,"name":"Portada","item":"https:\/\/naturcesped.com\/es\/"},{"@type":"ListItem","position":2,"name":"C\u00e9sped artificial L&#8217;Escala"}]},{"@type":"WebSite","@id":"https:\/\/naturcesped.com\/es\/#website","url":"https:\/\/naturcesped.com\/es\/","name":"NaturC\u00e9sped","description":"C\u00e9sped artificial en Girona","potentialAction":[{"@type":"SearchAction","target":{"@type":"EntryPoint","urlTemplate":"https:\/\/naturcesped.com\/es\/?s={search_term_string}"},"query-input":{"@type":"PropertyValueSpecification","valueRequired":true,"valueName":"search_term_string"}}],"inLanguage":"es"}]}},"_links":{"self":[{"href":"https:\/\/naturcesped.com\/es\/wp-json\/wp\/v2\/pages\/1028","targetHints":{"allow":["GET"]}}],"collection":[{"href":"https:\/\/naturcesped.com\/es\/wp-json\/wp\/v2\/pages"}],"about":[{"href":"https:\/\/naturcesped.com\/es\/wp-json\/wp\/v2\/types\/page"}],"author":[{"embeddable":true,"href":"https:\/\/naturcesped.com\/es\/wp-json\/wp\/v2\/users\/1"}],"replies":[{"embeddable":true,"href":"https:\/\/naturcesped.com\/es\/wp-json\/wp\/v2\/comments?post=1028"}],"version-history":[{"count":0,"href":"https:\/\/naturcesped.com\/es\/wp-json\/wp\/v2\/pages\/1028\/revisions"}],"wp:attachment":[{"href":"https:\/\/naturcesped.com\/es\/wp-json\/wp\/v2\/media?parent=1028"}],"curies":[{"name":"wp","href":"https:\/\/api.w.org\/{rel}","templated":true}]}}