{"id":749,"date":"2022-10-04T11:47:14","date_gmt":"2022-10-04T11:47:14","guid":{"rendered":"https:\/\/naturcesped.com\/?page_id=749"},"modified":"2022-10-05T09:43:39","modified_gmt":"2022-10-05T09:43:39","slug":"gespa-artificial-per-a-rugbi","status":"publish","type":"page","link":"https:\/\/naturcesped.com\/ca\/productes\/gespa-artificial\/gespa-esportiva\/gespa-artificial-per-a-rugbi\/","title":{"rendered":"Gespa artificial per a Rugbi"},"content":{"rendered":"<div class=\"wpb-content-wrapper\"><p>[vc_row][vc_column]<div class=\"boc_spacing \" style=\"height: 40px\"><\/div>[\/vc_column][\/vc_row][vc_row gap=&#8221;35&#8243;][vc_column width=&#8221;1\/3&#8243;][vc_column_text]<\/p>\n<h2>PRODUCTES<\/h2>\n<hr \/>\n<h3><span style=\"color: #000000;\"><a style=\"color: #000000;\" href=\"\/ca\/productes\/gespa-artificial\/paisatgisme\">Paisatgisme<\/a><\/span><\/h3>\n<hr \/>\n<h3><a href=\"\/ca\/productes\/gespa-artificial\/gespa-de-color\/\"><span style=\"color: #000000;\">Gespa de color<\/span><\/a><\/h3>\n<hr \/>\n<h3><strong>Gespa esportiva<\/strong><\/h3>\n<hr \/>\n<h3><span style=\"color: #000000;\"><a style=\"color: #000000;\" href=\"\/ca\/productes\/tarima-i-tanca-sintetica\/\">Tarima i Tanca Sint\u00e8tica<\/a><\/span><\/h3>\n<hr \/>\n<p>[\/vc_column_text][\/vc_column][vc_column width=&#8221;2\/3&#8243;][vc_raw_html]JTVCYnJlYWRjcnVtYiU1RA==[\/vc_raw_html][vc_row_inner][vc_column_inner width=&#8221;1\/2&#8243;][vc_single_image image=&#8221;480&#8243;][\/vc_column_inner][vc_column_inner width=&#8221;1\/2&#8243;][vc_column_text]<\/p>\n<h1 style=\"font-weight: bold;\">GESPA ARTIFICIAL PER A RUGBI<\/h1>\n<div class=\"text mb15\">\n<p>Moltes coses han canviat\u2026 \u2026 Per\u00f2 no en el joc del rugbi! Amb l&#8217;evoluci\u00f3 de superf\u00edcies sint\u00e8tiques en els anys m\u00e9s recents, les oportunitats per a millorar la jugabilitat del camp de rugbi mai han estat tan \u00e0mplies.<\/p>\n<p>Imagini&#8217;s la possibilitat d&#8217;entrenar-se i jugar sense pensar a lliscar-se pel fred i humit fang.<\/p>\n<\/div>\n<p>[\/vc_column_text][\/vc_column_inner][\/vc_row_inner][\/vc_column][\/vc_row][vc_row][vc_column]<div class=\"boc_spacing \" style=\"height: 40px\"><\/div>[\/vc_column][\/vc_row]<\/p>\n<\/div>","protected":false},"excerpt":{"rendered":"<p>[vc_row][vc_column][\/vc_column][\/vc_row][vc_row gap=&#8221;35&#8243;][vc_column width=&#8221;1\/3&#8243;][vc_column_text] PRODUCTES Paisatgisme Gespa de color Gespa esportiva Tarima i Tanca Sint\u00e8tica [\/vc_column_text][\/vc_column][vc_column width=&#8221;2\/3&#8243;][vc_raw_html]JTVCYnJlYWRjcnVtYiU1RA==[\/vc_raw_html][vc_row_inner][vc_column_inner width=&#8221;1\/2&#8243;][vc_single_image image=&#8221;480&#8243;][\/vc_column_inner][vc_column_inner width=&#8221;1\/2&#8243;][vc_column_text] GESPA ARTIFICIAL PER A RUGBI Moltes coses han canviat\u2026 \u2026 Per\u00f2 no en el joc del rugbi! Amb l&#8217;evoluci\u00f3 de superf\u00edcies sint\u00e8tiques en els anys m\u00e9s recents, les oportunitats per a millorar la jugabilitat del camp de rugbi mai han estat<\/p>\n<div class=\"h10\"><\/div>\n<p><a class=\"more-link1\" href=\"https:\/\/naturcesped.com\/ca\/productes\/gespa-artificial\/gespa-esportiva\/gespa-artificial-per-a-rugbi\/\">Read more<\/a><\/p>\n","protected":false},"author":1,"featured_media":0,"parent":732,"menu_order":0,"comment_status":"closed","ping_status":"closed","template":"","meta":{"footnotes":""},"class_list":["post-749","page","type-page","status-publish","hentry"],"yoast_head":"<!-- This site is optimized with the Yoast SEO plugin v26.3 - https:\/\/yoast.com\/wordpress\/plugins\/seo\/ -->\n<title>C\u00e9sped artificial para Rugby - Naturcesped<\/title>\n<meta name=\"description\" content=\"Descubre nuestro cat\u00e1logo de c\u00e9sped artificial apra campos de Rugby, disponemos de c\u00e9sped indicado para todo tipo de deporte. Te asesoramos en tu elecci\u00f3n.\" \/>\n<meta name=\"robots\" content=\"index, follow, max-snippet:-1, max-image-preview:large, max-video-preview:-1\" \/>\n<link rel=\"canonical\" href=\"https:\/\/naturcesped.com\/ca\/productos\/cesped-artificial\/cesped-deportivo\/cesped-artificial-para-rugby\/\" \/>\n<meta property=\"og:locale\" content=\"ca_ES\" \/>\n<meta property=\"og:type\" content=\"article\" \/>\n<meta property=\"og:title\" content=\"C\u00e9sped artificial para Rugby - Naturcesped\" \/>\n<meta property=\"og:description\" content=\"Descubre nuestro cat\u00e1logo de c\u00e9sped artificial apra campos de Rugby, disponemos de c\u00e9sped indicado para todo tipo de deporte. Te asesoramos en tu elecci\u00f3n.\" \/>\n<meta property=\"og:url\" content=\"https:\/\/naturcesped.com\/es\/productos\/cesped-artificial\/cesped-deportivo\/cesped-artificial-para-rugby\/\" \/>\n<meta property=\"og:site_name\" content=\"NaturC\u00e9sped\" \/>\n<meta property=\"article:modified_time\" content=\"2022-10-05T09:43:39+00:00\" \/>\n<meta name=\"twitter:card\" content=\"summary_large_image\" \/>\n<meta name=\"twitter:label1\" content=\"Temps estimat de lectura\" \/>\n\t<meta name=\"twitter:data1\" content=\"1 minut\" \/>\n<script type=\"application\/ld+json\" class=\"yoast-schema-graph\">{\"@context\":\"https:\/\/schema.org\",\"@graph\":[{\"@type\":\"WebPage\",\"@id\":\"https:\/\/naturcesped.com\/es\/productos\/cesped-artificial\/cesped-deportivo\/cesped-artificial-para-rugby\/\",\"url\":\"https:\/\/naturcesped.com\/es\/productos\/cesped-artificial\/cesped-deportivo\/cesped-artificial-para-rugby\/\",\"name\":\"C\u00e9sped artificial para Rugby - Naturcesped\",\"isPartOf\":{\"@id\":\"https:\/\/naturcesped.com\/es\/#website\"},\"datePublished\":\"2022-10-04T11:47:14+00:00\",\"dateModified\":\"2022-10-05T09:43:39+00:00\",\"description\":\"Descubre nuestro cat\u00e1logo de c\u00e9sped artificial apra campos de Rugby, disponemos de c\u00e9sped indicado para todo tipo de deporte. Te asesoramos en tu elecci\u00f3n.\",\"breadcrumb\":{\"@id\":\"https:\/\/naturcesped.com\/es\/productos\/cesped-artificial\/cesped-deportivo\/cesped-artificial-para-rugby\/#breadcrumb\"},\"inLanguage\":\"ca\",\"potentialAction\":[{\"@type\":\"ReadAction\",\"target\":[\"https:\/\/naturcesped.com\/es\/productos\/cesped-artificial\/cesped-deportivo\/cesped-artificial-para-rugby\/\"]}]},{\"@type\":\"BreadcrumbList\",\"@id\":\"https:\/\/naturcesped.com\/es\/productos\/cesped-artificial\/cesped-deportivo\/cesped-artificial-para-rugby\/#breadcrumb\",\"itemListElement\":[{\"@type\":\"ListItem\",\"position\":1,\"name\":\"Portada\",\"item\":\"https:\/\/naturcesped.com\/es\/\"},{\"@type\":\"ListItem\",\"position\":2,\"name\":\"Productes\",\"item\":\"https:\/\/naturcesped.com\/es\/productos\/\"},{\"@type\":\"ListItem\",\"position\":3,\"name\":\"Gespa Artificial\",\"item\":\"https:\/\/naturcesped.com\/es\/productos\/cesped-artificial\/\"},{\"@type\":\"ListItem\",\"position\":4,\"name\":\"Gespa esportiva\",\"item\":\"https:\/\/naturcesped.com\/es\/productos\/cesped-artificial\/cesped-deportivo\/\"},{\"@type\":\"ListItem\",\"position\":5,\"name\":\"Gespa artificial per a Rugbi\"}]},{\"@type\":\"WebSite\",\"@id\":\"https:\/\/naturcesped.com\/es\/#website\",\"url\":\"https:\/\/naturcesped.com\/es\/\",\"name\":\"NaturC\u00e9sped\",\"description\":\"C\u00e9sped artificial en Girona\",\"potentialAction\":[{\"@type\":\"SearchAction\",\"target\":{\"@type\":\"EntryPoint\",\"urlTemplate\":\"https:\/\/naturcesped.com\/es\/?s={search_term_string}\"},\"query-input\":{\"@type\":\"PropertyValueSpecification\",\"valueRequired\":true,\"valueName\":\"search_term_string\"}}],\"inLanguage\":\"ca\"}]}<\/script>\n<!-- \/ Yoast SEO plugin. -->","yoast_head_json":{"title":"C\u00e9sped artificial para Rugby - Naturcesped","description":"Descubre nuestro cat\u00e1logo de c\u00e9sped artificial apra campos de Rugby, disponemos de c\u00e9sped indicado para todo tipo de deporte. Te asesoramos en tu elecci\u00f3n.","robots":{"index":"index","follow":"follow","max-snippet":"max-snippet:-1","max-image-preview":"max-image-preview:large","max-video-preview":"max-video-preview:-1"},"canonical":"https:\/\/naturcesped.com\/ca\/productos\/cesped-artificial\/cesped-deportivo\/cesped-artificial-para-rugby\/","og_locale":"ca_ES","og_type":"article","og_title":"C\u00e9sped artificial para Rugby - Naturcesped","og_description":"Descubre nuestro cat\u00e1logo de c\u00e9sped artificial apra campos de Rugby, disponemos de c\u00e9sped indicado para todo tipo de deporte. Te asesoramos en tu elecci\u00f3n.","og_url":"https:\/\/naturcesped.com\/es\/productos\/cesped-artificial\/cesped-deportivo\/cesped-artificial-para-rugby\/","og_site_name":"NaturC\u00e9sped","article_modified_time":"2022-10-05T09:43:39+00:00","twitter_card":"summary_large_image","twitter_misc":{"Temps estimat de lectura":"1 minut"},"schema":{"@context":"https:\/\/schema.org","@graph":[{"@type":"WebPage","@id":"https:\/\/naturcesped.com\/es\/productos\/cesped-artificial\/cesped-deportivo\/cesped-artificial-para-rugby\/","url":"https:\/\/naturcesped.com\/es\/productos\/cesped-artificial\/cesped-deportivo\/cesped-artificial-para-rugby\/","name":"C\u00e9sped artificial para Rugby - Naturcesped","isPartOf":{"@id":"https:\/\/naturcesped.com\/es\/#website"},"datePublished":"2022-10-04T11:47:14+00:00","dateModified":"2022-10-05T09:43:39+00:00","description":"Descubre nuestro cat\u00e1logo de c\u00e9sped artificial apra campos de Rugby, disponemos de c\u00e9sped indicado para todo tipo de deporte. Te asesoramos en tu elecci\u00f3n.","breadcrumb":{"@id":"https:\/\/naturcesped.com\/es\/productos\/cesped-artificial\/cesped-deportivo\/cesped-artificial-para-rugby\/#breadcrumb"},"inLanguage":"ca","potentialAction":[{"@type":"ReadAction","target":["https:\/\/naturcesped.com\/es\/productos\/cesped-artificial\/cesped-deportivo\/cesped-artificial-para-rugby\/"]}]},{"@type":"BreadcrumbList","@id":"https:\/\/naturcesped.com\/es\/productos\/cesped-artificial\/cesped-deportivo\/cesped-artificial-para-rugby\/#breadcrumb","itemListElement":[{"@type":"ListItem","position":1,"name":"Portada","item":"https:\/\/naturcesped.com\/es\/"},{"@type":"ListItem","position":2,"name":"Productes","item":"https:\/\/naturcesped.com\/es\/productos\/"},{"@type":"ListItem","position":3,"name":"Gespa Artificial","item":"https:\/\/naturcesped.com\/es\/productos\/cesped-artificial\/"},{"@type":"ListItem","position":4,"name":"Gespa esportiva","item":"https:\/\/naturcesped.com\/es\/productos\/cesped-artificial\/cesped-deportivo\/"},{"@type":"ListItem","position":5,"name":"Gespa artificial per a Rugbi"}]},{"@type":"WebSite","@id":"https:\/\/naturcesped.com\/es\/#website","url":"https:\/\/naturcesped.com\/es\/","name":"NaturC\u00e9sped","description":"C\u00e9sped artificial en Girona","potentialAction":[{"@type":"SearchAction","target":{"@type":"EntryPoint","urlTemplate":"https:\/\/naturcesped.com\/es\/?s={search_term_string}"},"query-input":{"@type":"PropertyValueSpecification","valueRequired":true,"valueName":"search_term_string"}}],"inLanguage":"ca"}]}},"_links":{"self":[{"href":"https:\/\/naturcesped.com\/ca\/wp-json\/wp\/v2\/pages\/749","targetHints":{"allow":["GET"]}}],"collection":[{"href":"https:\/\/naturcesped.com\/ca\/wp-json\/wp\/v2\/pages"}],"about":[{"href":"https:\/\/naturcesped.com\/ca\/wp-json\/wp\/v2\/types\/page"}],"author":[{"embeddable":true,"href":"https:\/\/naturcesped.com\/ca\/wp-json\/wp\/v2\/users\/1"}],"replies":[{"embeddable":true,"href":"https:\/\/naturcesped.com\/ca\/wp-json\/wp\/v2\/comments?post=749"}],"version-history":[{"count":0,"href":"https:\/\/naturcesped.com\/ca\/wp-json\/wp\/v2\/pages\/749\/revisions"}],"up":[{"embeddable":true,"href":"https:\/\/naturcesped.com\/ca\/wp-json\/wp\/v2\/pages\/732"}],"wp:attachment":[{"href":"https:\/\/naturcesped.com\/ca\/wp-json\/wp\/v2\/media?parent=749"}],"curies":[{"name":"wp","href":"https:\/\/api.w.org\/{rel}","templated":true}]}}