{"id":744,"date":"2022-10-04T11:45:20","date_gmt":"2022-10-04T11:45:20","guid":{"rendered":"https:\/\/naturcesped.com\/?page_id=744"},"modified":"2022-10-05T09:43:31","modified_gmt":"2022-10-05T09:43:31","slug":"gespa-artificial-per-a-futbol","status":"publish","type":"page","link":"https:\/\/naturcesped.com\/ca\/productes\/gespa-artificial\/gespa-esportiva\/gespa-artificial-per-a-futbol\/","title":{"rendered":"Gespa artificial per a futbol"},"content":{"rendered":"<div class=\"wpb-content-wrapper\"><p>[vc_row][vc_column]<div class=\"boc_spacing \" style=\"height: 40px\"><\/div>[\/vc_column][\/vc_row][vc_row gap=&#8221;35&#8243;][vc_column width=&#8221;1\/3&#8243;][vc_column_text]<\/p>\n<h2>PRODUCTES<\/h2>\n<hr \/>\n<h3><span style=\"color: #000000;\"><a style=\"color: #000000;\" href=\"\/ca\/productes\/gespa-artificial\/paisatgisme\">Paisatgisme<\/a><\/span><\/h3>\n<hr \/>\n<h3><a href=\"\/ca\/productes\/gespa-artificial\/gespa-de-color\/\"><span style=\"color: #000000;\">Gespa de color<\/span><\/a><\/h3>\n<hr \/>\n<h3><strong>Gespa esportiva<\/strong><\/h3>\n<hr \/>\n<h3><span style=\"color: #000000;\"><a style=\"color: #000000;\" href=\"\/ca\/productes\/tarima-i-tanca-sintetica\/\">Tarima i Tanca Sint\u00e8tica<\/a><\/span><\/h3>\n<hr \/>\n<p>[\/vc_column_text][\/vc_column][vc_column width=&#8221;2\/3&#8243;][vc_raw_html]JTVCYnJlYWRjcnVtYiU1RA==[\/vc_raw_html][vc_row_inner][vc_column_inner width=&#8221;1\/2&#8243;][vc_single_image image=&#8221;469&#8243;][\/vc_column_inner][vc_column_inner width=&#8221;1\/2&#8243;][vc_column_text]<\/p>\n<h1 style=\"font-weight: bold;\">GESPA ARTIFICIAL PER A FUTBOL<\/h1>\n<div class=\"text mb15\">\n<h4>Descobreixi com alguns Clubs de Futbol aconsegueixen un retorn del 25% de la inversi\u00f3 amb gespa sint\u00e8tica<\/h4>\n<div class=\"gap\">\n<p>\u00a0I transformar el seu camp d&#8217;alta qualitat, segur per als jugadors, per a tota mena de clima, en un flux d&#8217;Ingressos durant tot l&#8217;any.<\/p>\n<p>Si vost\u00e8 administra els camps d&#8217;un equip de futbol de primer nivell, o clubs de joves, o d&#8217;un municipi, sap com \u00e9s la <strong>gespa natural<\/strong>:<\/p>\n<ul>\n<li style=\"list-style-type: none;\">\n<ul class=\"fa-ul\">\n<li>S\u00f3n costosos i requereixen molta feina per a mantenir-los<\/li>\n<li>Es perd ingressos amb temps plujosos o gelades a causa de les cancel\u00b7lacions dels entrenaments, partits i esdeveniments<\/li>\n<\/ul>\n<\/li>\n<\/ul>\n<p>I en aquesta economia amb pressupostos ajustats, \u00e9s necessari reduir costos i maximitzar els ingressos de qualsevol manera possible.<\/p>\n<\/div>\n<\/div>\n<p>[\/vc_column_text][\/vc_column_inner][\/vc_row_inner][\/vc_column][\/vc_row][vc_row][vc_column]<div class=\"boc_spacing \" style=\"height: 40px\"><\/div>[\/vc_column][\/vc_row]<\/p>\n<\/div>","protected":false},"excerpt":{"rendered":"<p>[vc_row][vc_column][\/vc_column][\/vc_row][vc_row gap=&#8221;35&#8243;][vc_column width=&#8221;1\/3&#8243;][vc_column_text] PRODUCTES Paisatgisme Gespa de color Gespa esportiva Tarima i Tanca Sint\u00e8tica [\/vc_column_text][\/vc_column][vc_column width=&#8221;2\/3&#8243;][vc_raw_html]JTVCYnJlYWRjcnVtYiU1RA==[\/vc_raw_html][vc_row_inner][vc_column_inner width=&#8221;1\/2&#8243;][vc_single_image image=&#8221;469&#8243;][\/vc_column_inner][vc_column_inner width=&#8221;1\/2&#8243;][vc_column_text] GESPA ARTIFICIAL PER A FUTBOL Descobreixi com alguns Clubs de Futbol aconsegueixen un retorn del 25% de la inversi\u00f3 amb gespa sint\u00e8tica \u00a0I transformar el seu camp d&#8217;alta qualitat, segur per als jugadors, per a tota mena de clima, en un<\/p>\n<div class=\"h10\"><\/div>\n<p><a class=\"more-link1\" href=\"https:\/\/naturcesped.com\/ca\/productes\/gespa-artificial\/gespa-esportiva\/gespa-artificial-per-a-futbol\/\">Read more<\/a><\/p>\n","protected":false},"author":1,"featured_media":0,"parent":732,"menu_order":0,"comment_status":"closed","ping_status":"closed","template":"","meta":{"footnotes":""},"class_list":["post-744","page","type-page","status-publish","hentry"],"yoast_head":"<!-- This site is optimized with the Yoast SEO plugin v26.3 - https:\/\/yoast.com\/wordpress\/plugins\/seo\/ -->\n<title>C\u00e9sped artificial para f\u00fatbol - Naturcesped<\/title>\n<meta name=\"description\" content=\"Disponemos de c\u00e9sped artificial de alta calidad para campos de f\u00fatbol. Descubre todas las opciones que tenemos para ti. Distintos aspectos, te asesoramos para que elijas el m\u00e1s adecuado para lo que est\u00e1s buscando.\" \/>\n<meta name=\"robots\" content=\"index, follow, max-snippet:-1, max-image-preview:large, max-video-preview:-1\" \/>\n<link rel=\"canonical\" href=\"https:\/\/naturcesped.com\/ca\/productos\/cesped-artificial\/cesped-deportivo\/cesped-artificial-para-futbol\/\" \/>\n<meta property=\"og:locale\" content=\"ca_ES\" \/>\n<meta property=\"og:type\" content=\"article\" \/>\n<meta property=\"og:title\" content=\"C\u00e9sped artificial para f\u00fatbol - Naturcesped\" \/>\n<meta property=\"og:description\" content=\"Disponemos de c\u00e9sped artificial de alta calidad para campos de f\u00fatbol. Descubre todas las opciones que tenemos para ti. Distintos aspectos, te asesoramos para que elijas el m\u00e1s adecuado para lo que est\u00e1s buscando.\" \/>\n<meta property=\"og:url\" content=\"https:\/\/naturcesped.com\/es\/productos\/cesped-artificial\/cesped-deportivo\/cesped-artificial-para-futbol\/\" \/>\n<meta property=\"og:site_name\" content=\"NaturC\u00e9sped\" \/>\n<meta property=\"article:modified_time\" content=\"2022-10-05T09:43:31+00:00\" \/>\n<meta name=\"twitter:card\" content=\"summary_large_image\" \/>\n<meta name=\"twitter:label1\" content=\"Temps estimat de lectura\" \/>\n\t<meta name=\"twitter:data1\" content=\"1 minut\" \/>\n<script type=\"application\/ld+json\" class=\"yoast-schema-graph\">{\"@context\":\"https:\/\/schema.org\",\"@graph\":[{\"@type\":\"WebPage\",\"@id\":\"https:\/\/naturcesped.com\/es\/productos\/cesped-artificial\/cesped-deportivo\/cesped-artificial-para-futbol\/\",\"url\":\"https:\/\/naturcesped.com\/es\/productos\/cesped-artificial\/cesped-deportivo\/cesped-artificial-para-futbol\/\",\"name\":\"C\u00e9sped artificial para f\u00fatbol - Naturcesped\",\"isPartOf\":{\"@id\":\"https:\/\/naturcesped.com\/es\/#website\"},\"datePublished\":\"2022-10-04T11:45:20+00:00\",\"dateModified\":\"2022-10-05T09:43:31+00:00\",\"description\":\"Disponemos de c\u00e9sped artificial de alta calidad para campos de f\u00fatbol. Descubre todas las opciones que tenemos para ti. Distintos aspectos, te asesoramos para que elijas el m\u00e1s adecuado para lo que est\u00e1s buscando.\",\"breadcrumb\":{\"@id\":\"https:\/\/naturcesped.com\/es\/productos\/cesped-artificial\/cesped-deportivo\/cesped-artificial-para-futbol\/#breadcrumb\"},\"inLanguage\":\"ca\",\"potentialAction\":[{\"@type\":\"ReadAction\",\"target\":[\"https:\/\/naturcesped.com\/es\/productos\/cesped-artificial\/cesped-deportivo\/cesped-artificial-para-futbol\/\"]}]},{\"@type\":\"BreadcrumbList\",\"@id\":\"https:\/\/naturcesped.com\/es\/productos\/cesped-artificial\/cesped-deportivo\/cesped-artificial-para-futbol\/#breadcrumb\",\"itemListElement\":[{\"@type\":\"ListItem\",\"position\":1,\"name\":\"Portada\",\"item\":\"https:\/\/naturcesped.com\/es\/\"},{\"@type\":\"ListItem\",\"position\":2,\"name\":\"Productes\",\"item\":\"https:\/\/naturcesped.com\/es\/productos\/\"},{\"@type\":\"ListItem\",\"position\":3,\"name\":\"Gespa Artificial\",\"item\":\"https:\/\/naturcesped.com\/es\/productos\/cesped-artificial\/\"},{\"@type\":\"ListItem\",\"position\":4,\"name\":\"Gespa esportiva\",\"item\":\"https:\/\/naturcesped.com\/es\/productos\/cesped-artificial\/cesped-deportivo\/\"},{\"@type\":\"ListItem\",\"position\":5,\"name\":\"Gespa artificial per a futbol\"}]},{\"@type\":\"WebSite\",\"@id\":\"https:\/\/naturcesped.com\/es\/#website\",\"url\":\"https:\/\/naturcesped.com\/es\/\",\"name\":\"NaturC\u00e9sped\",\"description\":\"C\u00e9sped artificial en Girona\",\"potentialAction\":[{\"@type\":\"SearchAction\",\"target\":{\"@type\":\"EntryPoint\",\"urlTemplate\":\"https:\/\/naturcesped.com\/es\/?s={search_term_string}\"},\"query-input\":{\"@type\":\"PropertyValueSpecification\",\"valueRequired\":true,\"valueName\":\"search_term_string\"}}],\"inLanguage\":\"ca\"}]}<\/script>\n<!-- \/ Yoast SEO plugin. -->","yoast_head_json":{"title":"C\u00e9sped artificial para f\u00fatbol - Naturcesped","description":"Disponemos de c\u00e9sped artificial de alta calidad para campos de f\u00fatbol. Descubre todas las opciones que tenemos para ti. Distintos aspectos, te asesoramos para que elijas el m\u00e1s adecuado para lo que est\u00e1s buscando.","robots":{"index":"index","follow":"follow","max-snippet":"max-snippet:-1","max-image-preview":"max-image-preview:large","max-video-preview":"max-video-preview:-1"},"canonical":"https:\/\/naturcesped.com\/ca\/productos\/cesped-artificial\/cesped-deportivo\/cesped-artificial-para-futbol\/","og_locale":"ca_ES","og_type":"article","og_title":"C\u00e9sped artificial para f\u00fatbol - Naturcesped","og_description":"Disponemos de c\u00e9sped artificial de alta calidad para campos de f\u00fatbol. Descubre todas las opciones que tenemos para ti. Distintos aspectos, te asesoramos para que elijas el m\u00e1s adecuado para lo que est\u00e1s buscando.","og_url":"https:\/\/naturcesped.com\/es\/productos\/cesped-artificial\/cesped-deportivo\/cesped-artificial-para-futbol\/","og_site_name":"NaturC\u00e9sped","article_modified_time":"2022-10-05T09:43:31+00:00","twitter_card":"summary_large_image","twitter_misc":{"Temps estimat de lectura":"1 minut"},"schema":{"@context":"https:\/\/schema.org","@graph":[{"@type":"WebPage","@id":"https:\/\/naturcesped.com\/es\/productos\/cesped-artificial\/cesped-deportivo\/cesped-artificial-para-futbol\/","url":"https:\/\/naturcesped.com\/es\/productos\/cesped-artificial\/cesped-deportivo\/cesped-artificial-para-futbol\/","name":"C\u00e9sped artificial para f\u00fatbol - Naturcesped","isPartOf":{"@id":"https:\/\/naturcesped.com\/es\/#website"},"datePublished":"2022-10-04T11:45:20+00:00","dateModified":"2022-10-05T09:43:31+00:00","description":"Disponemos de c\u00e9sped artificial de alta calidad para campos de f\u00fatbol. Descubre todas las opciones que tenemos para ti. Distintos aspectos, te asesoramos para que elijas el m\u00e1s adecuado para lo que est\u00e1s buscando.","breadcrumb":{"@id":"https:\/\/naturcesped.com\/es\/productos\/cesped-artificial\/cesped-deportivo\/cesped-artificial-para-futbol\/#breadcrumb"},"inLanguage":"ca","potentialAction":[{"@type":"ReadAction","target":["https:\/\/naturcesped.com\/es\/productos\/cesped-artificial\/cesped-deportivo\/cesped-artificial-para-futbol\/"]}]},{"@type":"BreadcrumbList","@id":"https:\/\/naturcesped.com\/es\/productos\/cesped-artificial\/cesped-deportivo\/cesped-artificial-para-futbol\/#breadcrumb","itemListElement":[{"@type":"ListItem","position":1,"name":"Portada","item":"https:\/\/naturcesped.com\/es\/"},{"@type":"ListItem","position":2,"name":"Productes","item":"https:\/\/naturcesped.com\/es\/productos\/"},{"@type":"ListItem","position":3,"name":"Gespa Artificial","item":"https:\/\/naturcesped.com\/es\/productos\/cesped-artificial\/"},{"@type":"ListItem","position":4,"name":"Gespa esportiva","item":"https:\/\/naturcesped.com\/es\/productos\/cesped-artificial\/cesped-deportivo\/"},{"@type":"ListItem","position":5,"name":"Gespa artificial per a futbol"}]},{"@type":"WebSite","@id":"https:\/\/naturcesped.com\/es\/#website","url":"https:\/\/naturcesped.com\/es\/","name":"NaturC\u00e9sped","description":"C\u00e9sped artificial en Girona","potentialAction":[{"@type":"SearchAction","target":{"@type":"EntryPoint","urlTemplate":"https:\/\/naturcesped.com\/es\/?s={search_term_string}"},"query-input":{"@type":"PropertyValueSpecification","valueRequired":true,"valueName":"search_term_string"}}],"inLanguage":"ca"}]}},"_links":{"self":[{"href":"https:\/\/naturcesped.com\/ca\/wp-json\/wp\/v2\/pages\/744","targetHints":{"allow":["GET"]}}],"collection":[{"href":"https:\/\/naturcesped.com\/ca\/wp-json\/wp\/v2\/pages"}],"about":[{"href":"https:\/\/naturcesped.com\/ca\/wp-json\/wp\/v2\/types\/page"}],"author":[{"embeddable":true,"href":"https:\/\/naturcesped.com\/ca\/wp-json\/wp\/v2\/users\/1"}],"replies":[{"embeddable":true,"href":"https:\/\/naturcesped.com\/ca\/wp-json\/wp\/v2\/comments?post=744"}],"version-history":[{"count":0,"href":"https:\/\/naturcesped.com\/ca\/wp-json\/wp\/v2\/pages\/744\/revisions"}],"up":[{"embeddable":true,"href":"https:\/\/naturcesped.com\/ca\/wp-json\/wp\/v2\/pages\/732"}],"wp:attachment":[{"href":"https:\/\/naturcesped.com\/ca\/wp-json\/wp\/v2\/media?parent=744"}],"curies":[{"name":"wp","href":"https:\/\/api.w.org\/{rel}","templated":true}]}}