{"id":726,"date":"2022-10-04T11:37:17","date_gmt":"2022-10-04T11:37:17","guid":{"rendered":"https:\/\/naturcesped.com\/?page_id=726"},"modified":"2022-10-05T09:44:14","modified_gmt":"2022-10-05T09:44:14","slug":"tanca-sintetica","status":"publish","type":"page","link":"https:\/\/naturcesped.com\/ca\/productes\/tarima-i-tanca-sintetica\/tanca-sintetica\/","title":{"rendered":"Tanca Sint\u00e8tica"},"content":{"rendered":"<div class=\"wpb-content-wrapper\"><p>[vc_row][vc_column]<div class=\"boc_spacing \" style=\"height: 40px\"><\/div>[\/vc_column][\/vc_row][vc_row][vc_column][vc_column_text]<\/p>\n<h1 style=\"font-weight: bold;\">TANCA SINT\u00c8TICA<\/h1>\n<p>[\/vc_column_text][\/vc_column][\/vc_row][vc_row][vc_column width=&#8221;2\/3&#8243;][vc_single_image image=&#8221;272&#8243;][\/vc_column][vc_column width=&#8221;1\/3&#8243;][vc_column_text]Crear zones personals en jardins, terrasses i piscines, \u00e9s molt f\u00e0cil amb el sistema de Supradeck Ocultaci\u00f3. Els tancaments Supradeck Ocultaci\u00f3 s\u00f3n est\u00e8ticament llamatius, gaudeixen de l&#8217;acabat natural de la fusta tradicional per\u00f2 no requereixen manteniment, a m\u00e9s resisteixen a les inclem\u00e8ncies del clima, oferint un acabat de primera qualitat.[\/vc_column_text][\/vc_column][\/vc_row][vc_row][vc_column][vc_column_text]Fabriquem el sistema de subjecci\u00f3 (pals) a mesura. Es poden instal\u00b7lar de dues formes diferents: amb els pals vists o els pals amagats. Recomanem usar el sistema de pal vist, d&#8217;aquesta manera les dues cares del tancament seran igual de boniques. Amb el sistema de pal amagat una de les dues cares qued\u00e9s completament recoberta de tarima. Consulti amb nosaltres quin sistema \u00e9s millor per a vost\u00e8.<\/p>\n<p>Els pals estan fabricats amb acer galvanitzat, pintats amb pintura anticorrosi\u00f3 i assecats al forn. El sistema de fixaci\u00f3 facilita molt\u00edssim la seva instal\u00b7laci\u00f3 i d\u00f3na un excel\u00b7lent resultat adaptant-se a la resta de la decoraci\u00f3 exterior. Els nostres tancaments estan garantits contra vents de fins a 100 km\/h. i la pintura lacada dels pals disposa d&#8217;una garantia de 10 anys.<\/p>\n<p>Disponibles en diversos colors, no dubti a consultar amb nosaltres.[\/vc_column_text][\/vc_column][\/vc_row][vc_row][vc_column]<div class=\"boc_divider_holder\"><div class=\"boc_divider  \"  style=\"margin-top: 20px;margin-bottom: 20px;width: 80%;margin-left: auto; margin-right: auto;height: 1px;background: #2d2d2d;\"><\/div><\/div><div class=\"boc_spacing \" style=\"height: 10px\"><\/div><div class=\"side_icon_box normal  \"><span class=\"icon_feat \" style=\"\"><i class=\"icon icon-file-o\" style=\"color: #333333;\"><\/i><\/span><h3><a href=\"\/wp-content\/uploads\/2022\/10\/ficha-tecnica-supradeck-ocultacion-1706282.pdf\" target=\"_blank\"><\/a><\/h3><div class=\"side_icon_box_content\"><a href=\"\/wp-content\/uploads\/2022\/10\/ficha-tecnica-supradeck-ocultacion-1706282.pdf\" target=\"_blank\" rel=\"noopener\">Fitxa T\u00e8cnica Supradeck Ocultaci\u00f3<\/a><\/div><\/div>[vc_single_image alignment=&#8221;center&#8221; image=&#8221;273&#8243;]<div class=\"boc_spacing \" style=\"height: 10px\"><\/div><div class=\"boc_divider_holder\"><div class=\"boc_divider  \"  style=\"margin-top: 20px;margin-bottom: 20px;width: 80%;margin-left: auto; margin-right: auto;height: 1px;background: #2d2d2d;\"><\/div><\/div><div class=\"boc_spacing \" style=\"height: 10px\"><\/div>[vc_row_inner css=&#8221;.vc_custom_1664786369391{margin-right: 20% !important;margin-left: 20% !important;}&#8221;][vc_column_inner][vc_column_text]<\/p>\n<h2>Sol\u00b7licita informaci\u00f3 i pressupost<\/h2>\n<p>[\/vc_column_text]\n<div class=\"wpcf7 no-js\" id=\"wpcf7-f876-o1\" lang=\"es-ES\" dir=\"ltr\" data-wpcf7-id=\"876\">\n<div class=\"screen-reader-response\"><p role=\"status\" aria-live=\"polite\" aria-atomic=\"true\"><\/p> <ul><\/ul><\/div>\n<form action=\"\/ca\/wp-json\/wp\/v2\/pages\/726#wpcf7-f876-o1\" method=\"post\" class=\"wpcf7-form init\" aria-label=\"Formulario de contacto\" novalidate=\"novalidate\" data-status=\"init\">\n<fieldset class=\"hidden-fields-container\"><input type=\"hidden\" name=\"_wpcf7\" value=\"876\" \/><input type=\"hidden\" name=\"_wpcf7_version\" value=\"6.1.3\" \/><input type=\"hidden\" name=\"_wpcf7_locale\" value=\"es_ES\" \/><input type=\"hidden\" name=\"_wpcf7_unit_tag\" value=\"wpcf7-f876-o1\" \/><input type=\"hidden\" name=\"_wpcf7_container_post\" value=\"0\" \/><input type=\"hidden\" name=\"_wpcf7_posted_data_hash\" value=\"\" \/><input type=\"hidden\" name=\"_wpcf7_recaptcha_response\" value=\"\" \/>\n<\/fieldset>\n<p><label> Nom i cognoms *<br \/>\n<span class=\"wpcf7-form-control-wrap\" data-name=\"your-name\"><input size=\"40\" maxlength=\"400\" class=\"wpcf7-form-control wpcf7-text wpcf7-validates-as-required\" aria-required=\"true\" aria-invalid=\"false\" value=\"\" type=\"text\" name=\"your-name\" \/><\/span> <\/label>\n<\/p>\n<p><label> Tel\u00e8fon *<br \/>\n<span class=\"wpcf7-form-control-wrap\" data-name=\"your-phone\"><input size=\"40\" maxlength=\"400\" class=\"wpcf7-form-control wpcf7-text wpcf7-validates-as-required\" aria-required=\"true\" aria-invalid=\"false\" value=\"\" type=\"text\" name=\"your-phone\" \/><\/span> <\/label>\n<\/p>\n<p><label> Correu electr\u00f2nic *<br \/>\n<span class=\"wpcf7-form-control-wrap\" data-name=\"your-email\"><input size=\"40\" maxlength=\"400\" class=\"wpcf7-form-control wpcf7-email wpcf7-validates-as-required wpcf7-text wpcf7-validates-as-email\" aria-required=\"true\" aria-invalid=\"false\" value=\"\" type=\"email\" name=\"your-email\" \/><\/span> <\/label>\n<\/p>\n<p><label> Municipi *<br \/>\n<span class=\"wpcf7-form-control-wrap\" data-name=\"your-town\"><input size=\"40\" maxlength=\"400\" class=\"wpcf7-form-control wpcf7-text wpcf7-validates-as-required\" aria-required=\"true\" aria-invalid=\"false\" value=\"\" type=\"text\" name=\"your-town\" \/><\/span> <\/label>\n<\/p>\n<p><label> Quantitat de m\u00b2<br \/>\n<span class=\"wpcf7-form-control-wrap\" data-name=\"your-meters\"><input size=\"40\" maxlength=\"400\" class=\"wpcf7-form-control wpcf7-text\" aria-invalid=\"false\" value=\"\" type=\"text\" name=\"your-meters\" \/><\/span> <\/label>\n<\/p>\n<p><label> Terreny actual *<br \/>\n<span class=\"wpcf7-form-control-wrap\" data-name=\"radio-509\"><span class=\"wpcf7-form-control wpcf7-radio\"><span class=\"wpcf7-list-item first\"><label><input type=\"radio\" name=\"radio-509\" value=\"Terra\" checked=\"checked\" \/><span class=\"wpcf7-list-item-label\">Terra<\/span><\/label><\/span><span class=\"wpcf7-list-item\"><label><input type=\"radio\" name=\"radio-509\" value=\"Gespa natural\" \/><span class=\"wpcf7-list-item-label\">Gespa natural<\/span><\/label><\/span><span class=\"wpcf7-list-item\"><label><input type=\"radio\" name=\"radio-509\" value=\"Paviment\" \/><span class=\"wpcf7-list-item-label\">Paviment<\/span><\/label><\/span><span class=\"wpcf7-list-item last\"><label><input type=\"radio\" name=\"radio-509\" value=\"Gespa artificial\" \/><span class=\"wpcf7-list-item-label\">Gespa artificial<\/span><\/label><\/span><\/span><\/span> <\/label>\n<\/p>\n<p><label> Missatge *<br \/>\n<span class=\"wpcf7-form-control-wrap\" data-name=\"your-message\"><textarea cols=\"40\" rows=\"3\" maxlength=\"2000\" class=\"wpcf7-form-control wpcf7-textarea wpcf7-validates-as-required\" aria-required=\"true\" aria-invalid=\"false\" name=\"your-message\"><\/textarea><\/span> <\/label>\n<\/p>\n<p><span class=\"wpcf7-form-control-wrap\" data-name=\"Enviodedades\"><span class=\"wpcf7-form-control wpcf7-acceptance\"><span class=\"wpcf7-list-item\"><label><input type=\"checkbox\" name=\"Enviodedades\" value=\"1\" aria-invalid=\"false\" \/><span class=\"wpcf7-list-item-label\">He llegit i accepto la pol\u00edtica de protecci\u00f3 de dades.*<\/span><\/label><\/span><\/span><\/span>\n<\/p>\n<p><span class=\"wpcf7-form-control-wrap\" data-name=\"Enviodedades\"><span class=\"wpcf7-form-control wpcf7-acceptance\"><span class=\"wpcf7-list-item\"><label><input type=\"checkbox\" name=\"Enviodedades\" value=\"1\" aria-invalid=\"false\" \/><span class=\"wpcf7-list-item-label\">Accepto rebre informaci\u00f3 de Naturcesped Gespa Artificial, SL?<\/span><\/label><\/span><\/span><\/span>\n<\/p>\n<p style=\"font-weight: lighter; font-size:12px;\">Informaci\u00f3 b\u00e0sica sobre el tractament de dades (Reglament (UE) 2016\/679 i LO 3\/2018)<br \/>\nResponsable del tractament: Naturcesped Gespa Artificial, SL.\n<\/p>\n<p style=\"font-weight: lighter; font-size:12px;\">Finalitat: Oferir, prestar i facturar els nostres serveis i productes.\n<\/p>\n<p style=\"font-weight: lighter; font-size:12px;\">Legitimaci\u00f3: Consentiment de l'interessat.\n<\/p>\n<p style=\"font-weight: lighter; font-size:12px;\">Destinataris: Les dades no se cediran a tercers, llevat que ho exigeixi una llei o sigui necessari per complir amb la finalitat del tractament.\n<\/p>\n<p style=\"font-weight: lighter; font-size:12px;\">Drets: Accedir, rectificar i suprimir dades, aix\u00ed com la resta que s'expliquen a la pol\u00edtica de protecci\u00f3 de dades.\n<\/p>\n<p style=\"font-weight: lighter; font-size:12px;\">M\u00e9s informaci\u00f3 a la nostra pol\u00edtica de protecci\u00f3 de dades.\n<\/p>\n<p><input class=\"wpcf7-form-control wpcf7-submit has-spinner\" type=\"submit\" value=\"Enviar\" \/>\n<\/p><div class=\"wpcf7-response-output\" aria-hidden=\"true\"><\/div>\n<\/form>\n<\/div>\n[\/vc_column_inner][\/vc_row_inner][\/vc_column][\/vc_row]<\/p>\n<\/div>","protected":false},"excerpt":{"rendered":"<p>[vc_row][vc_column][\/vc_column][\/vc_row][vc_row][vc_column][vc_column_text] TANCA SINT\u00c8TICA [\/vc_column_text][\/vc_column][\/vc_row][vc_row][vc_column width=&#8221;2\/3&#8243;][vc_single_image image=&#8221;272&#8243;][\/vc_column][vc_column width=&#8221;1\/3&#8243;][vc_column_text]Crear zones personals en jardins, terrasses i piscines, \u00e9s molt f\u00e0cil amb el sistema de Supradeck Ocultaci\u00f3. Els tancaments Supradeck Ocultaci\u00f3 s\u00f3n est\u00e8ticament llamatius, gaudeixen de l&#8217;acabat natural de la fusta tradicional per\u00f2 no requereixen manteniment, a m\u00e9s resisteixen a les inclem\u00e8ncies del clima, oferint un acabat de primera qualitat.[\/vc_column_text][\/vc_column][\/vc_row][vc_row][vc_column][vc_column_text]Fabriquem el sistema de subjecci\u00f3<\/p>\n<div class=\"h10\"><\/div>\n<p><a class=\"more-link1\" href=\"https:\/\/naturcesped.com\/ca\/productes\/tarima-i-tanca-sintetica\/tanca-sintetica\/\">Read more<\/a><\/p>\n","protected":false},"author":1,"featured_media":0,"parent":704,"menu_order":0,"comment_status":"closed","ping_status":"closed","template":"","meta":{"footnotes":""},"class_list":["post-726","page","type-page","status-publish","hentry"],"yoast_head":"<!-- This site is optimized with the Yoast SEO plugin v26.3 - https:\/\/yoast.com\/wordpress\/plugins\/seo\/ -->\n<title>Valla Sint\u00e9tica - Naturcesped<\/title>\n<meta name=\"description\" content=\"Valla sint\u00e9tica de calidad adaptada a todo tipo de jardines y zonas exteriores. Hecha con materiales de calidad que presentan resultados incre\u00edbles.\" \/>\n<meta name=\"robots\" content=\"index, follow, max-snippet:-1, max-image-preview:large, max-video-preview:-1\" \/>\n<link rel=\"canonical\" href=\"https:\/\/naturcesped.com\/ca\/productos\/tarima-y-valla-sintetica\/valla-sintetica\/\" \/>\n<meta property=\"og:locale\" content=\"ca_ES\" \/>\n<meta property=\"og:type\" content=\"article\" \/>\n<meta property=\"og:title\" content=\"Valla Sint\u00e9tica - Naturcesped\" \/>\n<meta property=\"og:description\" content=\"Valla sint\u00e9tica de calidad adaptada a todo tipo de jardines y zonas exteriores. Hecha con materiales de calidad que presentan resultados incre\u00edbles.\" \/>\n<meta property=\"og:url\" content=\"https:\/\/naturcesped.com\/es\/productos\/tarima-y-valla-sintetica\/valla-sintetica\/\" \/>\n<meta property=\"og:site_name\" content=\"NaturC\u00e9sped\" \/>\n<meta property=\"article:modified_time\" content=\"2022-10-05T09:44:14+00:00\" \/>\n<meta name=\"twitter:card\" content=\"summary_large_image\" \/>\n<meta name=\"twitter:label1\" content=\"Temps estimat de lectura\" \/>\n\t<meta name=\"twitter:data1\" content=\"2 minuts\" \/>\n<script type=\"application\/ld+json\" class=\"yoast-schema-graph\">{\"@context\":\"https:\/\/schema.org\",\"@graph\":[{\"@type\":\"WebPage\",\"@id\":\"https:\/\/naturcesped.com\/es\/productos\/tarima-y-valla-sintetica\/valla-sintetica\/\",\"url\":\"https:\/\/naturcesped.com\/es\/productos\/tarima-y-valla-sintetica\/valla-sintetica\/\",\"name\":\"Valla Sint\u00e9tica - Naturcesped\",\"isPartOf\":{\"@id\":\"https:\/\/naturcesped.com\/es\/#website\"},\"datePublished\":\"2022-10-04T11:37:17+00:00\",\"dateModified\":\"2022-10-05T09:44:14+00:00\",\"description\":\"Valla sint\u00e9tica de calidad adaptada a todo tipo de jardines y zonas exteriores. Hecha con materiales de calidad que presentan resultados incre\u00edbles.\",\"breadcrumb\":{\"@id\":\"https:\/\/naturcesped.com\/es\/productos\/tarima-y-valla-sintetica\/valla-sintetica\/#breadcrumb\"},\"inLanguage\":\"ca\",\"potentialAction\":[{\"@type\":\"ReadAction\",\"target\":[\"https:\/\/naturcesped.com\/es\/productos\/tarima-y-valla-sintetica\/valla-sintetica\/\"]}]},{\"@type\":\"BreadcrumbList\",\"@id\":\"https:\/\/naturcesped.com\/es\/productos\/tarima-y-valla-sintetica\/valla-sintetica\/#breadcrumb\",\"itemListElement\":[{\"@type\":\"ListItem\",\"position\":1,\"name\":\"Portada\",\"item\":\"https:\/\/naturcesped.com\/es\/\"},{\"@type\":\"ListItem\",\"position\":2,\"name\":\"Productes\",\"item\":\"https:\/\/naturcesped.com\/es\/productos\/\"},{\"@type\":\"ListItem\",\"position\":3,\"name\":\"Tarima i Tanca Sint\u00e8tica\",\"item\":\"https:\/\/naturcesped.com\/es\/productos\/tarima-y-valla-sintetica\/\"},{\"@type\":\"ListItem\",\"position\":4,\"name\":\"Tanca Sint\u00e8tica\"}]},{\"@type\":\"WebSite\",\"@id\":\"https:\/\/naturcesped.com\/es\/#website\",\"url\":\"https:\/\/naturcesped.com\/es\/\",\"name\":\"NaturC\u00e9sped\",\"description\":\"C\u00e9sped artificial en Girona\",\"potentialAction\":[{\"@type\":\"SearchAction\",\"target\":{\"@type\":\"EntryPoint\",\"urlTemplate\":\"https:\/\/naturcesped.com\/es\/?s={search_term_string}\"},\"query-input\":{\"@type\":\"PropertyValueSpecification\",\"valueRequired\":true,\"valueName\":\"search_term_string\"}}],\"inLanguage\":\"ca\"}]}<\/script>\n<!-- \/ Yoast SEO plugin. -->","yoast_head_json":{"title":"Valla Sint\u00e9tica - Naturcesped","description":"Valla sint\u00e9tica de calidad adaptada a todo tipo de jardines y zonas exteriores. Hecha con materiales de calidad que presentan resultados incre\u00edbles.","robots":{"index":"index","follow":"follow","max-snippet":"max-snippet:-1","max-image-preview":"max-image-preview:large","max-video-preview":"max-video-preview:-1"},"canonical":"https:\/\/naturcesped.com\/ca\/productos\/tarima-y-valla-sintetica\/valla-sintetica\/","og_locale":"ca_ES","og_type":"article","og_title":"Valla Sint\u00e9tica - Naturcesped","og_description":"Valla sint\u00e9tica de calidad adaptada a todo tipo de jardines y zonas exteriores. Hecha con materiales de calidad que presentan resultados incre\u00edbles.","og_url":"https:\/\/naturcesped.com\/es\/productos\/tarima-y-valla-sintetica\/valla-sintetica\/","og_site_name":"NaturC\u00e9sped","article_modified_time":"2022-10-05T09:44:14+00:00","twitter_card":"summary_large_image","twitter_misc":{"Temps estimat de lectura":"2 minuts"},"schema":{"@context":"https:\/\/schema.org","@graph":[{"@type":"WebPage","@id":"https:\/\/naturcesped.com\/es\/productos\/tarima-y-valla-sintetica\/valla-sintetica\/","url":"https:\/\/naturcesped.com\/es\/productos\/tarima-y-valla-sintetica\/valla-sintetica\/","name":"Valla Sint\u00e9tica - Naturcesped","isPartOf":{"@id":"https:\/\/naturcesped.com\/es\/#website"},"datePublished":"2022-10-04T11:37:17+00:00","dateModified":"2022-10-05T09:44:14+00:00","description":"Valla sint\u00e9tica de calidad adaptada a todo tipo de jardines y zonas exteriores. Hecha con materiales de calidad que presentan resultados incre\u00edbles.","breadcrumb":{"@id":"https:\/\/naturcesped.com\/es\/productos\/tarima-y-valla-sintetica\/valla-sintetica\/#breadcrumb"},"inLanguage":"ca","potentialAction":[{"@type":"ReadAction","target":["https:\/\/naturcesped.com\/es\/productos\/tarima-y-valla-sintetica\/valla-sintetica\/"]}]},{"@type":"BreadcrumbList","@id":"https:\/\/naturcesped.com\/es\/productos\/tarima-y-valla-sintetica\/valla-sintetica\/#breadcrumb","itemListElement":[{"@type":"ListItem","position":1,"name":"Portada","item":"https:\/\/naturcesped.com\/es\/"},{"@type":"ListItem","position":2,"name":"Productes","item":"https:\/\/naturcesped.com\/es\/productos\/"},{"@type":"ListItem","position":3,"name":"Tarima i Tanca Sint\u00e8tica","item":"https:\/\/naturcesped.com\/es\/productos\/tarima-y-valla-sintetica\/"},{"@type":"ListItem","position":4,"name":"Tanca Sint\u00e8tica"}]},{"@type":"WebSite","@id":"https:\/\/naturcesped.com\/es\/#website","url":"https:\/\/naturcesped.com\/es\/","name":"NaturC\u00e9sped","description":"C\u00e9sped artificial en Girona","potentialAction":[{"@type":"SearchAction","target":{"@type":"EntryPoint","urlTemplate":"https:\/\/naturcesped.com\/es\/?s={search_term_string}"},"query-input":{"@type":"PropertyValueSpecification","valueRequired":true,"valueName":"search_term_string"}}],"inLanguage":"ca"}]}},"_links":{"self":[{"href":"https:\/\/naturcesped.com\/ca\/wp-json\/wp\/v2\/pages\/726","targetHints":{"allow":["GET"]}}],"collection":[{"href":"https:\/\/naturcesped.com\/ca\/wp-json\/wp\/v2\/pages"}],"about":[{"href":"https:\/\/naturcesped.com\/ca\/wp-json\/wp\/v2\/types\/page"}],"author":[{"embeddable":true,"href":"https:\/\/naturcesped.com\/ca\/wp-json\/wp\/v2\/users\/1"}],"replies":[{"embeddable":true,"href":"https:\/\/naturcesped.com\/ca\/wp-json\/wp\/v2\/comments?post=726"}],"version-history":[{"count":0,"href":"https:\/\/naturcesped.com\/ca\/wp-json\/wp\/v2\/pages\/726\/revisions"}],"up":[{"embeddable":true,"href":"https:\/\/naturcesped.com\/ca\/wp-json\/wp\/v2\/pages\/704"}],"wp:attachment":[{"href":"https:\/\/naturcesped.com\/ca\/wp-json\/wp\/v2\/media?parent=726"}],"curies":[{"name":"wp","href":"https:\/\/api.w.org\/{rel}","templated":true}]}}