{"id":677,"date":"2022-10-04T11:20:41","date_gmt":"2022-10-04T11:20:41","guid":{"rendered":"https:\/\/naturcesped.com\/?page_id=677"},"modified":"2023-03-30T08:39:13","modified_gmt":"2023-03-30T08:39:13","slug":"goat-50-ca","status":"publish","type":"page","link":"https:\/\/naturcesped.com\/ca\/gespa-artificial\/goat-50-ca\/","title":{"rendered":"GOAT 50"},"content":{"rendered":"<div class=\"wpb-content-wrapper\"><p>[vc_row][vc_column]<div class=\"boc_spacing \" style=\"height: 40px\"><\/div>[\/vc_column][\/vc_row][vc_row][vc_column][vc_raw_html]JTVCYnJlYWRjcnVtYiU1RA==[\/vc_raw_html][\/vc_column][\/vc_row][vc_row gap=&#8221;20&#8243;][vc_column width=&#8221;2\/5&#8243;][vc_single_image alignment=&#8221;center&#8221; image=&#8221;1485&#8243;]<div class=\"grid_holder mfp_gallery  small_spacing\" id=\"img_gallery_0949a3c4d48c5fc50ceb5d9787eaf1d2\"><div class=\"col span_1_of_3 info_item isotope_element\">\n\t\t\t\t\t\t\t<div class=\"pic \">\t\t\t\n\t\t\t\t\t\t\t<a href=\"https:\/\/naturcesped.com\/wp-content\/uploads\/2023\/03\/goat-esquina-600x380-1.jpg\" class=\"mfp_popup_gal\" title=\"\">\n\t\t\t\t\t\t\t\t<img decoding=\"async\" data-src=\"https:\/\/naturcesped.com\/wp-content\/uploads\/2023\/03\/goat-esquina-600x380-1-600x380.jpg\" alt=\"\" src=\"data:image\/svg+xml;base64,PHN2ZyB3aWR0aD0iMSIgaGVpZ2h0PSIxIiB4bWxucz0iaHR0cDovL3d3dy53My5vcmcvMjAwMC9zdmciPjwvc3ZnPg==\" class=\"lazyload\" style=\"--smush-placeholder-width: 600px; --smush-placeholder-aspect-ratio: 600\/380;\" \/>\n\t\t\t\t\t\t\t\t\n\t\t\t\t\t\t\t<\/a>\t<\/div><\/div><div class=\"col span_1_of_3 info_item isotope_element\">\n\t\t\t\t\t\t\t<div class=\"pic \">\t\t\t\n\t\t\t\t\t\t\t<a href=\"https:\/\/naturcesped.com\/wp-content\/uploads\/2023\/03\/goat-lateral-600x380-1.jpg\" class=\"mfp_popup_gal\" title=\"\">\n\t\t\t\t\t\t\t\t<img decoding=\"async\" data-src=\"https:\/\/naturcesped.com\/wp-content\/uploads\/2023\/03\/goat-lateral-600x380-1-600x380.jpg\" alt=\"\" src=\"data:image\/svg+xml;base64,PHN2ZyB3aWR0aD0iMSIgaGVpZ2h0PSIxIiB4bWxucz0iaHR0cDovL3d3dy53My5vcmcvMjAwMC9zdmciPjwvc3ZnPg==\" class=\"lazyload\" style=\"--smush-placeholder-width: 600px; --smush-placeholder-aspect-ratio: 600\/380;\" \/>\n\t\t\t\t\t\t\t\t\n\t\t\t\t\t\t\t<\/a>\t<\/div><\/div><div class=\"col span_1_of_3 info_item isotope_element\">\n\t\t\t\t\t\t\t<div class=\"pic \">\t\t\t\n\t\t\t\t\t\t\t<a href=\"https:\/\/naturcesped.com\/wp-content\/uploads\/2023\/03\/goat-perfil-600x380-1.jpg\" class=\"mfp_popup_gal\" title=\"\">\n\t\t\t\t\t\t\t\t<img decoding=\"async\" data-src=\"https:\/\/naturcesped.com\/wp-content\/uploads\/2023\/03\/goat-perfil-600x380-1-600x380.jpg\" alt=\"\" src=\"data:image\/svg+xml;base64,PHN2ZyB3aWR0aD0iMSIgaGVpZ2h0PSIxIiB4bWxucz0iaHR0cDovL3d3dy53My5vcmcvMjAwMC9zdmciPjwvc3ZnPg==\" class=\"lazyload\" style=\"--smush-placeholder-width: 600px; --smush-placeholder-aspect-ratio: 600\/380;\" \/>\n\t\t\t\t\t\t\t\t\n\t\t\t\t\t\t\t<\/a>\t<\/div><\/div><\/div><div class=\"boc_spacing \" style=\"height: 30px\"><\/div>[vc_column_text]<\/p>\n<h3 style=\"font-weight: lighter;\">Informaci\u00f3 addicional<\/h3>\n<p>[\/vc_column_text]<div class=\"side_icon_box normal  \"><span class=\"icon_feat \" style=\"\"><i class=\"icon icon-file-o\" style=\"color: #333333;\"><\/i><\/span><h3><a href=\"\/wp-content\/uploads\/2022\/10\/lisboa-esp.pdf\" target=\"_blank\"><\/a><\/h3><div class=\"side_icon_box_content\"><a href=\"https:\/\/naturcesped.com\/wp-content\/uploads\/2023\/01\/Goat-50mm.pdf\" target=\"_blank\" rel=\"noopener\">GOAT 50 (PDF)<\/a><\/div><\/div>[\/vc_column][vc_column width=&#8221;3\/5&#8243;][vc_column_text]<\/p>\n<h1 style=\"font-size: 26px; font-weight: bold;\">GOAT 50<\/h1>\n<p>GOAT ha estat una gespa artificial de refer\u00e8ncia en el mercat europeu. No hi ha un altre igual per a aportar bellesa a la nostra casa i \u00e9s que GOAT \u00e9s la millor gespa millorada.<\/p>\n<table style=\"height: 141px;\" width=\"302\">\n<tbody>\n<tr>\n<td><strong>Cobertura<\/strong><\/td>\n<td>100%<\/td>\n<\/tr>\n<tr>\n<td><strong>Suavitat al tacte<\/strong><\/td>\n<td>90%<\/td>\n<\/tr>\n<tr>\n<td><strong>Recuperaci\u00f3 de la <\/strong><strong>trepitjada<\/strong><\/td>\n<td>100%<\/td>\n<\/tr>\n<tr>\n<td><strong>Suavitat de la trepitjada<\/strong><\/td>\n<td>100%<\/td>\n<\/tr>\n<\/tbody>\n<\/table>\n<p>&nbsp;<\/p>\n<ul>\n<li style=\"list-style-type: none;\">\n<ul>\n<li>GOAT ha estat un producte de refer\u00e8ncia en el mercat europeu de la gespa.En el seu disseny visual tons de verd inspirats en els matisos crom\u00e0tics de la naturalesa. El seu nervi central desenvolupat amb la millor tecnologia disponible. El seu arrissat de Poliamida que li aporta resist\u00e8ncia i volum. El resultat una aparen\u00e7a insuperable.No hi ha un altre igual per a aportar bellesa a la nostra casa i \u00e9s que GOAT \u00e9s la millor gespa millorada.<\/li>\n<\/ul>\n<\/li>\n<\/ul>\n<p>[\/vc_column_text][vc_column_text]<\/p>\n<h2 style=\"font-weight: lighter;\">Sol\u00b7licita informaci\u00f3 i pressupost<\/h2>\n<p>[\/vc_column_text]\n<div class=\"wpcf7 no-js\" id=\"wpcf7-f876-o1\" lang=\"es-ES\" dir=\"ltr\" data-wpcf7-id=\"876\">\n<div class=\"screen-reader-response\"><p role=\"status\" aria-live=\"polite\" aria-atomic=\"true\"><\/p> <ul><\/ul><\/div>\n<form action=\"\/ca\/wp-json\/wp\/v2\/pages\/677#wpcf7-f876-o1\" method=\"post\" class=\"wpcf7-form init\" aria-label=\"Formulario de contacto\" novalidate=\"novalidate\" data-status=\"init\">\n<fieldset class=\"hidden-fields-container\"><input type=\"hidden\" name=\"_wpcf7\" value=\"876\" \/><input type=\"hidden\" name=\"_wpcf7_version\" value=\"6.1.3\" \/><input type=\"hidden\" name=\"_wpcf7_locale\" value=\"es_ES\" \/><input type=\"hidden\" name=\"_wpcf7_unit_tag\" value=\"wpcf7-f876-o1\" \/><input type=\"hidden\" name=\"_wpcf7_container_post\" value=\"0\" \/><input type=\"hidden\" name=\"_wpcf7_posted_data_hash\" value=\"\" \/><input type=\"hidden\" name=\"_wpcf7_recaptcha_response\" value=\"\" \/>\n<\/fieldset>\n<p><label> Nom i cognoms *<br \/>\n<span class=\"wpcf7-form-control-wrap\" data-name=\"your-name\"><input size=\"40\" maxlength=\"400\" class=\"wpcf7-form-control wpcf7-text wpcf7-validates-as-required\" aria-required=\"true\" aria-invalid=\"false\" value=\"\" type=\"text\" name=\"your-name\" \/><\/span> <\/label>\n<\/p>\n<p><label> Tel\u00e8fon *<br \/>\n<span class=\"wpcf7-form-control-wrap\" data-name=\"your-phone\"><input size=\"40\" maxlength=\"400\" class=\"wpcf7-form-control wpcf7-text wpcf7-validates-as-required\" aria-required=\"true\" aria-invalid=\"false\" value=\"\" type=\"text\" name=\"your-phone\" \/><\/span> <\/label>\n<\/p>\n<p><label> Correu electr\u00f2nic *<br \/>\n<span class=\"wpcf7-form-control-wrap\" data-name=\"your-email\"><input size=\"40\" maxlength=\"400\" class=\"wpcf7-form-control wpcf7-email wpcf7-validates-as-required wpcf7-text wpcf7-validates-as-email\" aria-required=\"true\" aria-invalid=\"false\" value=\"\" type=\"email\" name=\"your-email\" \/><\/span> <\/label>\n<\/p>\n<p><label> Municipi *<br \/>\n<span class=\"wpcf7-form-control-wrap\" data-name=\"your-town\"><input size=\"40\" maxlength=\"400\" class=\"wpcf7-form-control wpcf7-text wpcf7-validates-as-required\" aria-required=\"true\" aria-invalid=\"false\" value=\"\" type=\"text\" name=\"your-town\" \/><\/span> <\/label>\n<\/p>\n<p><label> Quantitat de m\u00b2<br \/>\n<span class=\"wpcf7-form-control-wrap\" data-name=\"your-meters\"><input size=\"40\" maxlength=\"400\" class=\"wpcf7-form-control wpcf7-text\" aria-invalid=\"false\" value=\"\" type=\"text\" name=\"your-meters\" \/><\/span> <\/label>\n<\/p>\n<p><label> Terreny actual *<br \/>\n<span class=\"wpcf7-form-control-wrap\" data-name=\"radio-509\"><span class=\"wpcf7-form-control wpcf7-radio\"><span class=\"wpcf7-list-item first\"><label><input type=\"radio\" name=\"radio-509\" value=\"Terra\" checked=\"checked\" \/><span class=\"wpcf7-list-item-label\">Terra<\/span><\/label><\/span><span class=\"wpcf7-list-item\"><label><input type=\"radio\" name=\"radio-509\" value=\"Gespa natural\" \/><span class=\"wpcf7-list-item-label\">Gespa natural<\/span><\/label><\/span><span class=\"wpcf7-list-item\"><label><input type=\"radio\" name=\"radio-509\" value=\"Paviment\" \/><span class=\"wpcf7-list-item-label\">Paviment<\/span><\/label><\/span><span class=\"wpcf7-list-item last\"><label><input type=\"radio\" name=\"radio-509\" value=\"Gespa artificial\" \/><span class=\"wpcf7-list-item-label\">Gespa artificial<\/span><\/label><\/span><\/span><\/span> <\/label>\n<\/p>\n<p><label> Missatge *<br \/>\n<span class=\"wpcf7-form-control-wrap\" data-name=\"your-message\"><textarea cols=\"40\" rows=\"3\" maxlength=\"2000\" class=\"wpcf7-form-control wpcf7-textarea wpcf7-validates-as-required\" aria-required=\"true\" aria-invalid=\"false\" name=\"your-message\"><\/textarea><\/span> <\/label>\n<\/p>\n<p><span class=\"wpcf7-form-control-wrap\" data-name=\"Enviodedades\"><span class=\"wpcf7-form-control wpcf7-acceptance\"><span class=\"wpcf7-list-item\"><label><input type=\"checkbox\" name=\"Enviodedades\" value=\"1\" aria-invalid=\"false\" \/><span class=\"wpcf7-list-item-label\">He llegit i accepto la pol\u00edtica de protecci\u00f3 de dades.*<\/span><\/label><\/span><\/span><\/span>\n<\/p>\n<p><span class=\"wpcf7-form-control-wrap\" data-name=\"Enviodedades\"><span class=\"wpcf7-form-control wpcf7-acceptance\"><span class=\"wpcf7-list-item\"><label><input type=\"checkbox\" name=\"Enviodedades\" value=\"1\" aria-invalid=\"false\" \/><span class=\"wpcf7-list-item-label\">Accepto rebre informaci\u00f3 de Naturcesped Gespa Artificial, SL?<\/span><\/label><\/span><\/span><\/span>\n<\/p>\n<p style=\"font-weight: lighter; font-size:12px;\">Informaci\u00f3 b\u00e0sica sobre el tractament de dades (Reglament (UE) 2016\/679 i LO 3\/2018)<br \/>\nResponsable del tractament: Naturcesped Gespa Artificial, SL.\n<\/p>\n<p style=\"font-weight: lighter; font-size:12px;\">Finalitat: Oferir, prestar i facturar els nostres serveis i productes.\n<\/p>\n<p style=\"font-weight: lighter; font-size:12px;\">Legitimaci\u00f3: Consentiment de l'interessat.\n<\/p>\n<p style=\"font-weight: lighter; font-size:12px;\">Destinataris: Les dades no se cediran a tercers, llevat que ho exigeixi una llei o sigui necessari per complir amb la finalitat del tractament.\n<\/p>\n<p style=\"font-weight: lighter; font-size:12px;\">Drets: Accedir, rectificar i suprimir dades, aix\u00ed com la resta que s'expliquen a la pol\u00edtica de protecci\u00f3 de dades.\n<\/p>\n<p style=\"font-weight: lighter; font-size:12px;\">M\u00e9s informaci\u00f3 a la nostra pol\u00edtica de protecci\u00f3 de dades.\n<\/p>\n<p><input class=\"wpcf7-form-control wpcf7-submit has-spinner\" type=\"submit\" value=\"Enviar\" \/>\n<\/p><div class=\"wpcf7-response-output\" aria-hidden=\"true\"><\/div>\n<\/form>\n<\/div>\n[\/vc_column][\/vc_row][vc_row][vc_column]<div class=\"boc_spacing \" style=\"height: 40px\"><\/div>[\/vc_column][\/vc_row]<\/p>\n<\/div>","protected":false},"excerpt":{"rendered":"<p>[vc_row][vc_column][\/vc_column][\/vc_row][vc_row][vc_column][vc_raw_html]JTVCYnJlYWRjcnVtYiU1RA==[\/vc_raw_html][\/vc_column][\/vc_row][vc_row gap=&#8221;20&#8243;][vc_column width=&#8221;2\/5&#8243;][vc_single_image alignment=&#8221;center&#8221; image=&#8221;1485&#8243;][vc_column_text] Informaci\u00f3 addicional [\/vc_column_text][\/vc_column][vc_column width=&#8221;3\/5&#8243;][vc_column_text] GOAT 50 GOAT ha estat una gespa artificial de refer\u00e8ncia en el mercat europeu. No hi ha un altre igual per a aportar bellesa a la nostra casa i \u00e9s que GOAT \u00e9s la millor gespa millorada. Cobertura 100% Suavitat al tacte 90% Recuperaci\u00f3 de la trepitjada 100% Suavitat de la<\/p>\n<div class=\"h10\"><\/div>\n<p><a class=\"more-link1\" href=\"https:\/\/naturcesped.com\/ca\/gespa-artificial\/goat-50-ca\/\">Read more<\/a><\/p>\n","protected":false},"author":1,"featured_media":0,"parent":539,"menu_order":0,"comment_status":"closed","ping_status":"closed","template":"","meta":{"footnotes":""},"class_list":["post-677","page","type-page","status-publish","hentry"],"yoast_head":"<!-- This site is optimized with the Yoast SEO plugin v26.3 - https:\/\/yoast.com\/wordpress\/plugins\/seo\/ -->\n<title>GOAT 50, C\u00e9sped Artificial - Naturcesped<\/title>\n<meta name=\"description\" content=\"C\u00e9sped artificial con aspecto natural recien cortado, muy mullido y confortable. Descubre nuestro cat\u00e1logo de c\u00e9sped, disponemos de productos de gran calidad.\" \/>\n<meta name=\"robots\" content=\"index, follow, max-snippet:-1, max-image-preview:large, max-video-preview:-1\" \/>\n<link rel=\"canonical\" href=\"https:\/\/naturcesped.com\/ca\/gespa-artificial\/goat-50-ca\/\" \/>\n<meta property=\"og:locale\" content=\"ca_ES\" \/>\n<meta property=\"og:type\" content=\"article\" \/>\n<meta property=\"og:title\" content=\"GOAT 50, C\u00e9sped Artificial - Naturcesped\" \/>\n<meta property=\"og:description\" content=\"C\u00e9sped artificial con aspecto natural recien cortado, muy mullido y confortable. Descubre nuestro cat\u00e1logo de c\u00e9sped, disponemos de productos de gran calidad.\" \/>\n<meta property=\"og:url\" content=\"https:\/\/naturcesped.com\/ca\/gespa-artificial\/goat-50-ca\/\" \/>\n<meta property=\"og:site_name\" content=\"NaturC\u00e9sped\" \/>\n<meta property=\"article:modified_time\" content=\"2023-03-30T08:39:13+00:00\" \/>\n<meta name=\"twitter:card\" content=\"summary_large_image\" \/>\n<meta name=\"twitter:label1\" content=\"Temps estimat de lectura\" \/>\n\t<meta name=\"twitter:data1\" content=\"2 minuts\" \/>\n<script type=\"application\/ld+json\" class=\"yoast-schema-graph\">{\"@context\":\"https:\/\/schema.org\",\"@graph\":[{\"@type\":\"WebPage\",\"@id\":\"https:\/\/naturcesped.com\/ca\/gespa-artificial\/goat-50-ca\/\",\"url\":\"https:\/\/naturcesped.com\/ca\/gespa-artificial\/goat-50-ca\/\",\"name\":\"GOAT 50, C\u00e9sped Artificial - Naturcesped\",\"isPartOf\":{\"@id\":\"https:\/\/naturcesped.com\/es\/#website\"},\"datePublished\":\"2022-10-04T11:20:41+00:00\",\"dateModified\":\"2023-03-30T08:39:13+00:00\",\"description\":\"C\u00e9sped artificial con aspecto natural recien cortado, muy mullido y confortable. Descubre nuestro cat\u00e1logo de c\u00e9sped, disponemos de productos de gran calidad.\",\"breadcrumb\":{\"@id\":\"https:\/\/naturcesped.com\/ca\/gespa-artificial\/goat-50-ca\/#breadcrumb\"},\"inLanguage\":\"ca\",\"potentialAction\":[{\"@type\":\"ReadAction\",\"target\":[\"https:\/\/naturcesped.com\/ca\/gespa-artificial\/goat-50-ca\/\"]}]},{\"@type\":\"BreadcrumbList\",\"@id\":\"https:\/\/naturcesped.com\/ca\/gespa-artificial\/goat-50-ca\/#breadcrumb\",\"itemListElement\":[{\"@type\":\"ListItem\",\"position\":1,\"name\":\"Portada\",\"item\":\"https:\/\/naturcesped.com\/es\/\"},{\"@type\":\"ListItem\",\"position\":2,\"name\":\"Gespa artificial\",\"item\":\"https:\/\/naturcesped.com\/ca\/gespa-artificial\/\"},{\"@type\":\"ListItem\",\"position\":3,\"name\":\"GOAT 50\"}]},{\"@type\":\"WebSite\",\"@id\":\"https:\/\/naturcesped.com\/es\/#website\",\"url\":\"https:\/\/naturcesped.com\/es\/\",\"name\":\"NaturC\u00e9sped\",\"description\":\"C\u00e9sped artificial en Girona\",\"potentialAction\":[{\"@type\":\"SearchAction\",\"target\":{\"@type\":\"EntryPoint\",\"urlTemplate\":\"https:\/\/naturcesped.com\/es\/?s={search_term_string}\"},\"query-input\":{\"@type\":\"PropertyValueSpecification\",\"valueRequired\":true,\"valueName\":\"search_term_string\"}}],\"inLanguage\":\"ca\"}]}<\/script>\n<!-- \/ Yoast SEO plugin. -->","yoast_head_json":{"title":"GOAT 50, C\u00e9sped Artificial - Naturcesped","description":"C\u00e9sped artificial con aspecto natural recien cortado, muy mullido y confortable. Descubre nuestro cat\u00e1logo de c\u00e9sped, disponemos de productos de gran calidad.","robots":{"index":"index","follow":"follow","max-snippet":"max-snippet:-1","max-image-preview":"max-image-preview:large","max-video-preview":"max-video-preview:-1"},"canonical":"https:\/\/naturcesped.com\/ca\/gespa-artificial\/goat-50-ca\/","og_locale":"ca_ES","og_type":"article","og_title":"GOAT 50, C\u00e9sped Artificial - Naturcesped","og_description":"C\u00e9sped artificial con aspecto natural recien cortado, muy mullido y confortable. Descubre nuestro cat\u00e1logo de c\u00e9sped, disponemos de productos de gran calidad.","og_url":"https:\/\/naturcesped.com\/ca\/gespa-artificial\/goat-50-ca\/","og_site_name":"NaturC\u00e9sped","article_modified_time":"2023-03-30T08:39:13+00:00","twitter_card":"summary_large_image","twitter_misc":{"Temps estimat de lectura":"2 minuts"},"schema":{"@context":"https:\/\/schema.org","@graph":[{"@type":"WebPage","@id":"https:\/\/naturcesped.com\/ca\/gespa-artificial\/goat-50-ca\/","url":"https:\/\/naturcesped.com\/ca\/gespa-artificial\/goat-50-ca\/","name":"GOAT 50, C\u00e9sped Artificial - Naturcesped","isPartOf":{"@id":"https:\/\/naturcesped.com\/es\/#website"},"datePublished":"2022-10-04T11:20:41+00:00","dateModified":"2023-03-30T08:39:13+00:00","description":"C\u00e9sped artificial con aspecto natural recien cortado, muy mullido y confortable. Descubre nuestro cat\u00e1logo de c\u00e9sped, disponemos de productos de gran calidad.","breadcrumb":{"@id":"https:\/\/naturcesped.com\/ca\/gespa-artificial\/goat-50-ca\/#breadcrumb"},"inLanguage":"ca","potentialAction":[{"@type":"ReadAction","target":["https:\/\/naturcesped.com\/ca\/gespa-artificial\/goat-50-ca\/"]}]},{"@type":"BreadcrumbList","@id":"https:\/\/naturcesped.com\/ca\/gespa-artificial\/goat-50-ca\/#breadcrumb","itemListElement":[{"@type":"ListItem","position":1,"name":"Portada","item":"https:\/\/naturcesped.com\/es\/"},{"@type":"ListItem","position":2,"name":"Gespa artificial","item":"https:\/\/naturcesped.com\/ca\/gespa-artificial\/"},{"@type":"ListItem","position":3,"name":"GOAT 50"}]},{"@type":"WebSite","@id":"https:\/\/naturcesped.com\/es\/#website","url":"https:\/\/naturcesped.com\/es\/","name":"NaturC\u00e9sped","description":"C\u00e9sped artificial en Girona","potentialAction":[{"@type":"SearchAction","target":{"@type":"EntryPoint","urlTemplate":"https:\/\/naturcesped.com\/es\/?s={search_term_string}"},"query-input":{"@type":"PropertyValueSpecification","valueRequired":true,"valueName":"search_term_string"}}],"inLanguage":"ca"}]}},"_links":{"self":[{"href":"https:\/\/naturcesped.com\/ca\/wp-json\/wp\/v2\/pages\/677","targetHints":{"allow":["GET"]}}],"collection":[{"href":"https:\/\/naturcesped.com\/ca\/wp-json\/wp\/v2\/pages"}],"about":[{"href":"https:\/\/naturcesped.com\/ca\/wp-json\/wp\/v2\/types\/page"}],"author":[{"embeddable":true,"href":"https:\/\/naturcesped.com\/ca\/wp-json\/wp\/v2\/users\/1"}],"replies":[{"embeddable":true,"href":"https:\/\/naturcesped.com\/ca\/wp-json\/wp\/v2\/comments?post=677"}],"version-history":[{"count":0,"href":"https:\/\/naturcesped.com\/ca\/wp-json\/wp\/v2\/pages\/677\/revisions"}],"up":[{"embeddable":true,"href":"https:\/\/naturcesped.com\/ca\/wp-json\/wp\/v2\/pages\/539"}],"wp:attachment":[{"href":"https:\/\/naturcesped.com\/ca\/wp-json\/wp\/v2\/media?parent=677"}],"curies":[{"name":"wp","href":"https:\/\/api.w.org\/{rel}","templated":true}]}}