{"id":668,"date":"2022-10-04T11:16:51","date_gmt":"2022-10-04T11:16:51","guid":{"rendered":"https:\/\/naturcesped.com\/?page_id=668"},"modified":"2023-03-30T08:39:41","modified_gmt":"2023-03-30T08:39:41","slug":"natural-50-ca","status":"publish","type":"page","link":"https:\/\/naturcesped.com\/ca\/gespa-artificial\/natural-50-ca\/","title":{"rendered":"NATURAL 50"},"content":{"rendered":"<div class=\"wpb-content-wrapper\"><p>[vc_row][vc_column]<div class=\"boc_spacing \" style=\"height: 40px\"><\/div>[\/vc_column][\/vc_row][vc_row][vc_column][vc_raw_html]JTVCYnJlYWRjcnVtYiU1RA==[\/vc_raw_html][\/vc_column][\/vc_row][vc_row gap=&#8221;20&#8243;][vc_column width=&#8221;2\/5&#8243;][vc_single_image alignment=&#8221;center&#8221; image=&#8221;1470&#8243;]<div class=\"img_carousel_holder  has_dots\">\t<div class=\"img_carousel mfp_gallery\" id=\"img_carousel_1686\" style=\"opacity:0;\"><div class=\"img_carousel_item boc_owl_lazy\">\t<div class=\"pic \">\n\t\t\t\t\t\t\t\t<a href=\"https:\/\/naturcesped.com\/wp-content\/uploads\/2023\/03\/natural-perfil-600x380-1.jpg\" class=\"mfp_popup_gal\"  target=\"_self\">\n\t\t\t\t\t\t\t\t\t<img decoding=\"async\" data-src=\"https:\/\/naturcesped.com\/wp-content\/uploads\/2023\/03\/natural-perfil-600x380-1-600x380.jpg\" alt=\"\" src=\"data:image\/svg+xml;base64,PHN2ZyB3aWR0aD0iMSIgaGVpZ2h0PSIxIiB4bWxucz0iaHR0cDovL3d3dy53My5vcmcvMjAwMC9zdmciPjwvc3ZnPg==\" class=\"lazyload\" style=\"--smush-placeholder-width: 600px; --smush-placeholder-aspect-ratio: 600\/380;\" \/>\n\t\t\t\t\t\t\t\t<\/a>\n\t\t\t\t\t\t\t<\/div>\n\t\t\t\t\t\t<\/div><div class=\"img_carousel_item boc_owl_lazy\">\t<div class=\"pic \">\n\t\t\t\t\t\t\t\t<a href=\"https:\/\/naturcesped.com\/wp-content\/uploads\/2023\/03\/natural-lateral-600x380-1.jpg\" class=\"mfp_popup_gal\"  target=\"_self\">\n\t\t\t\t\t\t\t\t\t<img decoding=\"async\" data-src=\"https:\/\/naturcesped.com\/wp-content\/uploads\/2023\/03\/natural-lateral-600x380-1-600x380.jpg\" alt=\"\" src=\"data:image\/svg+xml;base64,PHN2ZyB3aWR0aD0iMSIgaGVpZ2h0PSIxIiB4bWxucz0iaHR0cDovL3d3dy53My5vcmcvMjAwMC9zdmciPjwvc3ZnPg==\" class=\"lazyload\" style=\"--smush-placeholder-width: 600px; --smush-placeholder-aspect-ratio: 600\/380;\" \/>\n\t\t\t\t\t\t\t\t<\/a>\n\t\t\t\t\t\t\t<\/div>\n\t\t\t\t\t\t<\/div><div class=\"img_carousel_item boc_owl_lazy\">\t<div class=\"pic \">\n\t\t\t\t\t\t\t\t<a href=\"https:\/\/naturcesped.com\/wp-content\/uploads\/2023\/03\/natural-esquina-600x380-1.jpg\" class=\"mfp_popup_gal\"  target=\"_self\">\n\t\t\t\t\t\t\t\t\t<img decoding=\"async\" data-src=\"https:\/\/naturcesped.com\/wp-content\/uploads\/2023\/03\/natural-esquina-600x380-1-600x380.jpg\" alt=\"\" src=\"data:image\/svg+xml;base64,PHN2ZyB3aWR0aD0iMSIgaGVpZ2h0PSIxIiB4bWxucz0iaHR0cDovL3d3dy53My5vcmcvMjAwMC9zdmciPjwvc3ZnPg==\" class=\"lazyload\" style=\"--smush-placeholder-width: 600px; --smush-placeholder-aspect-ratio: 600\/380;\" \/>\n\t\t\t\t\t\t\t\t<\/a>\n\t\t\t\t\t\t\t<\/div>\n\t\t\t\t\t\t<\/div><\/div>\n\t\t\t\t <\/div>\n\t\t\t\t\t<!-- Image Slider -->\n\t\t\t\t\t<script type=\"text\/javascript\">\n\n\t\t\t\t\t\tjQuery(document).ready(function($) {\n\t\t\t\t\t\t\t\n\t\t\t\t\t\t\tvar carousel = jQuery(\"#img_carousel_1686\");\n\t\t\t\t\t\t\t\n\t\t\t\t\t\t\tvar args = {\n\t\t\t\t\t\t\t\t\titems: \t\t\t\t3,\n\t\t\t\t\t\t\t\t\tslideBy: \t\t\t1,\t\t\t\t\t\t\n\t\t\t\t\t\t\t\t\tautoplay:\t\t\tfalse,\n\t\t\t\t\t\t\t\t\tautoplayTimeout:\t6000,\n\t\t\t\t\t\t\t\t\tnav: \t\t\t\tfalse,\n\t\t\t\t\t\t\t\t\tdots: \t\t\t\ttrue,\n\t\t\t\t\t\t\t\t\tloop: \t\t\t\tfalse,\n\t\t\t\t\t\t\t\t\tsmartSpeed:\t\t\t250,\n\t\t\t\t\t\t\t\t\tnavText:\t\t\t[\"<span class='icon icon-arrow-left7'><\/span>\",\"<span class='icon icon-arrow-right7'><\/span>\"],\n\t\t\t\t\t\t\t\t\tnavRewind: \t\t\tfalse,\n\t\t\t\t\t\t\t\t\trtl : \t\t\t\tfalse,\n\t\t\t\t\t\t\t\t\tmargin: \t\t\t25,\n\t\t\t\t\t\t\t\t\tresponsive:{\n\t\t\t\t\t\t\t\t\t\t0:{\n\t\t\t\t\t\t\t\t\t\t  items:1,\n\t\t\t\t\t\t\t\t\t\t},\n\t\t\t\t\t\t\t\t\t\t480:{\n\t\t\t\t\t\t\t\t\t\t  items:1,\n\t\t\t\t\t\t\t\t\t\t  margin:20,\n\t\t\t\t\t\t\t\t\t\t},\n\t\t\t\t\t\t\t\t\t\t769:{\n\t\t\t\t\t\t\t\t\t\t  items:3\n\t\t\t\t\t\t\t\t\t\t}\n\t\t\t\t\t\t\t\t\t},\n\t\t\t\t\t\t\t\t\tonInitialized: showCarousel_1686\n\t\t\t\t\t\t\t};\n\t\t\t\t\t\t\t\n\t\t\t\t\t\t\tcarousel.owlCarousel(args);\n\n\t\t\t\t\t\t\tvar initital_width = carousel.css(\"width\");\t\t\n\t\t\t\t\t\t\t\t\n\t\t\t\t\t\t\t\/* Refresh it for full width rows *\/\n\t\t\t\t\t\t\t$(window).load(function(){\n\t\t\t\t\t\t\t\tif(carousel.css(\"width\") != initital_width) {\n\t\t\t\t\t\t\t\t\tcarousel.trigger(\"destroy.owl.carousel\").removeClass(\"owl-carousel owl-loaded\");\n\t\t\t\t\t\t\t\t\tcarousel.find(\".owl-stage-outer\").children().unwrap();\n\t\t\t\t\t\t\t\t\tcarousel.owlCarousel(args);\n\t\t\t\t\t\t\t\t}\n\t\t\t\t\t\t\t});\n\t\t\t\t\t\t\t\n\t\t\t\t\t\t\t\/* Show once loaded *\/\n\t\t\t\t\t\t\tfunction showCarousel_1686() {\n\t\t\t\t\t\t\t\tcarousel.fadeTo(0,1);\n\t\t\t\t\t\t\t\t$(\"#img_carousel_1686 .owl-item .boc_owl_lazy\").css(\"opacity\",\"1\");\n\t\t\t\t\t\t\t}\n\t\t\t\t\t\t});\n\t\t\t\t\t\t\n\t\t\t\t\t<\/script>\n\t\t\t\t\t<!-- Image Slider :: END --><div class=\"boc_spacing \" style=\"height: 30px\"><\/div>[vc_column_text]<\/p>\n<h3 style=\"font-weight: lighter;\">Informaci\u00f3 addicional<\/h3>\n<p>[\/vc_column_text]<div class=\"side_icon_box normal  \"><span class=\"icon_feat \" style=\"\"><i class=\"icon icon-file-o\" style=\"color: #333333;\"><\/i><\/span><h3><\/h3><div class=\"side_icon_box_content\"><a href=\"https:\/\/naturcesped.com\/wp-content\/uploads\/2023\/01\/Natural-50mm.pdf\" target=\"_blank\" rel=\"noopener\">NATURAL 50 (PDF)<\/a><\/div><\/div>[\/vc_column][vc_column width=&#8221;3\/5&#8243;][vc_column_text]<\/p>\n<h1 style=\"font-size: 26px; font-weight: bold;\">NATURAL 50<\/h1>\n<p>NATURAL50 \u00e9s una gespa artificial que cal veure i tocar per a entendre. El seu aspecte \u00e9s tan atractiu que supera a la gespa natural recentment tallada. \u00c9s molt *mullido, molt confortable, molt resistent a la trepitjada i amb molt bona recuperaci\u00f3.<\/p>\n<table style=\"height: 141px;\" width=\"302\">\n<tbody>\n<tr>\n<td><strong>Cobertura<\/strong><\/td>\n<td>95%<\/td>\n<\/tr>\n<tr>\n<td><strong>Suavitat al tacte<\/strong><\/td>\n<td>100%<\/td>\n<\/tr>\n<tr>\n<td><strong>Recuperaci\u00f3 de la <\/strong><strong>trepitjada<\/strong><\/td>\n<td>85%<\/td>\n<\/tr>\n<tr>\n<td><strong>Suavitat de la trepitjada<\/strong><\/td>\n<td>100%<\/td>\n<\/tr>\n<\/tbody>\n<\/table>\n<p>&nbsp;<\/p>\n<p>Oslo \u00e9s una gespa que cal veure i tocar per a entendre.<\/p>\n<p>El seu aspecte \u00e9s tan atractiu que supera a la gespa natural recentment tallada, no per casualitat aquesta gespa est\u00e0 fabricada amb est\u00e0ndards per sobre de la mitjana.<\/p>\n<p>OSLO \u00e9s molt *mullido i molt confortable gr\u00e0cies als seus 50 mil\u00b7l\u00edmetres d&#8217;altura i les seves gaireb\u00e9 30.000 puntades.<\/p>\n<p>Est\u00e0 dissenyat amb nervi central per a oferir una gran resist\u00e8ncia a la trepitjada i molt bona recuperaci\u00f3.<\/p>\n<p>OSLO \u00e9s veure el jard\u00ed, tocar la perfecta suavitat, \u00e9s creure que una gespa artificial pot ser millor que el natural.<\/p>\n<p>A DESTACAR:<\/p>\n<ul>\n<li>\n<ul>\n<li><strong>OSLO\u00a0<\/strong>es un c\u00e9sped mullido, muy mullido. Se trata de un producto sobre el que caminar descalzo se convierte en un placer.<\/li>\n<\/ul>\n<\/li>\n<\/ul>\n<ul>\n<li>\n<ul>\n<li><strong>OSLO\u00a0<\/strong>es un c\u00e9sped que ofrece un tacto muy agradable.<\/li>\n<\/ul>\n<\/li>\n<\/ul>\n<ul>\n<li>\n<ul>\n<li><strong>OSLO\u00a0<\/strong>tiene una buena recuperaci\u00f3n gracias a sus fibras con nervio central.<\/li>\n<\/ul>\n<\/li>\n<\/ul>\n<p>[\/vc_column_text][vc_column_text]<\/p>\n<h2 style=\"font-weight: lighter;\">Sol\u00b7licita informaci\u00f3 i pressupost<\/h2>\n<p>[\/vc_column_text]\n<div class=\"wpcf7 no-js\" id=\"wpcf7-f876-o1\" lang=\"es-ES\" dir=\"ltr\" data-wpcf7-id=\"876\">\n<div class=\"screen-reader-response\"><p role=\"status\" aria-live=\"polite\" aria-atomic=\"true\"><\/p> <ul><\/ul><\/div>\n<form action=\"\/ca\/wp-json\/wp\/v2\/pages\/668#wpcf7-f876-o1\" method=\"post\" class=\"wpcf7-form init\" aria-label=\"Formulario de contacto\" novalidate=\"novalidate\" data-status=\"init\">\n<fieldset class=\"hidden-fields-container\"><input type=\"hidden\" name=\"_wpcf7\" value=\"876\" \/><input type=\"hidden\" name=\"_wpcf7_version\" value=\"6.1.3\" \/><input type=\"hidden\" name=\"_wpcf7_locale\" value=\"es_ES\" \/><input type=\"hidden\" name=\"_wpcf7_unit_tag\" value=\"wpcf7-f876-o1\" \/><input type=\"hidden\" name=\"_wpcf7_container_post\" value=\"0\" \/><input type=\"hidden\" name=\"_wpcf7_posted_data_hash\" value=\"\" \/><input type=\"hidden\" name=\"_wpcf7_recaptcha_response\" value=\"\" \/>\n<\/fieldset>\n<p><label> Nom i cognoms *<br \/>\n<span class=\"wpcf7-form-control-wrap\" data-name=\"your-name\"><input size=\"40\" maxlength=\"400\" class=\"wpcf7-form-control wpcf7-text wpcf7-validates-as-required\" aria-required=\"true\" aria-invalid=\"false\" value=\"\" type=\"text\" name=\"your-name\" \/><\/span> <\/label>\n<\/p>\n<p><label> Tel\u00e8fon *<br \/>\n<span class=\"wpcf7-form-control-wrap\" data-name=\"your-phone\"><input size=\"40\" maxlength=\"400\" class=\"wpcf7-form-control wpcf7-text wpcf7-validates-as-required\" aria-required=\"true\" aria-invalid=\"false\" value=\"\" type=\"text\" name=\"your-phone\" \/><\/span> <\/label>\n<\/p>\n<p><label> Correu electr\u00f2nic *<br \/>\n<span class=\"wpcf7-form-control-wrap\" data-name=\"your-email\"><input size=\"40\" maxlength=\"400\" class=\"wpcf7-form-control wpcf7-email wpcf7-validates-as-required wpcf7-text wpcf7-validates-as-email\" aria-required=\"true\" aria-invalid=\"false\" value=\"\" type=\"email\" name=\"your-email\" \/><\/span> <\/label>\n<\/p>\n<p><label> Municipi *<br \/>\n<span class=\"wpcf7-form-control-wrap\" data-name=\"your-town\"><input size=\"40\" maxlength=\"400\" class=\"wpcf7-form-control wpcf7-text wpcf7-validates-as-required\" aria-required=\"true\" aria-invalid=\"false\" value=\"\" type=\"text\" name=\"your-town\" \/><\/span> <\/label>\n<\/p>\n<p><label> Quantitat de m\u00b2<br \/>\n<span class=\"wpcf7-form-control-wrap\" data-name=\"your-meters\"><input size=\"40\" maxlength=\"400\" class=\"wpcf7-form-control wpcf7-text\" aria-invalid=\"false\" value=\"\" type=\"text\" name=\"your-meters\" \/><\/span> <\/label>\n<\/p>\n<p><label> Terreny actual *<br \/>\n<span class=\"wpcf7-form-control-wrap\" data-name=\"radio-509\"><span class=\"wpcf7-form-control wpcf7-radio\"><span class=\"wpcf7-list-item first\"><label><input type=\"radio\" name=\"radio-509\" value=\"Terra\" checked=\"checked\" \/><span class=\"wpcf7-list-item-label\">Terra<\/span><\/label><\/span><span class=\"wpcf7-list-item\"><label><input type=\"radio\" name=\"radio-509\" value=\"Gespa natural\" \/><span class=\"wpcf7-list-item-label\">Gespa natural<\/span><\/label><\/span><span class=\"wpcf7-list-item\"><label><input type=\"radio\" name=\"radio-509\" value=\"Paviment\" \/><span class=\"wpcf7-list-item-label\">Paviment<\/span><\/label><\/span><span class=\"wpcf7-list-item last\"><label><input type=\"radio\" name=\"radio-509\" value=\"Gespa artificial\" \/><span class=\"wpcf7-list-item-label\">Gespa artificial<\/span><\/label><\/span><\/span><\/span> <\/label>\n<\/p>\n<p><label> Missatge *<br \/>\n<span class=\"wpcf7-form-control-wrap\" data-name=\"your-message\"><textarea cols=\"40\" rows=\"3\" maxlength=\"2000\" class=\"wpcf7-form-control wpcf7-textarea wpcf7-validates-as-required\" aria-required=\"true\" aria-invalid=\"false\" name=\"your-message\"><\/textarea><\/span> <\/label>\n<\/p>\n<p><span class=\"wpcf7-form-control-wrap\" data-name=\"Enviodedades\"><span class=\"wpcf7-form-control wpcf7-acceptance\"><span class=\"wpcf7-list-item\"><label><input type=\"checkbox\" name=\"Enviodedades\" value=\"1\" aria-invalid=\"false\" \/><span class=\"wpcf7-list-item-label\">He llegit i accepto la pol\u00edtica de protecci\u00f3 de dades.*<\/span><\/label><\/span><\/span><\/span>\n<\/p>\n<p><span class=\"wpcf7-form-control-wrap\" data-name=\"Enviodedades\"><span class=\"wpcf7-form-control wpcf7-acceptance\"><span class=\"wpcf7-list-item\"><label><input type=\"checkbox\" name=\"Enviodedades\" value=\"1\" aria-invalid=\"false\" \/><span class=\"wpcf7-list-item-label\">Accepto rebre informaci\u00f3 de Naturcesped Gespa Artificial, SL?<\/span><\/label><\/span><\/span><\/span>\n<\/p>\n<p style=\"font-weight: lighter; font-size:12px;\">Informaci\u00f3 b\u00e0sica sobre el tractament de dades (Reglament (UE) 2016\/679 i LO 3\/2018)<br \/>\nResponsable del tractament: Naturcesped Gespa Artificial, SL.\n<\/p>\n<p style=\"font-weight: lighter; font-size:12px;\">Finalitat: Oferir, prestar i facturar els nostres serveis i productes.\n<\/p>\n<p style=\"font-weight: lighter; font-size:12px;\">Legitimaci\u00f3: Consentiment de l'interessat.\n<\/p>\n<p style=\"font-weight: lighter; font-size:12px;\">Destinataris: Les dades no se cediran a tercers, llevat que ho exigeixi una llei o sigui necessari per complir amb la finalitat del tractament.\n<\/p>\n<p style=\"font-weight: lighter; font-size:12px;\">Drets: Accedir, rectificar i suprimir dades, aix\u00ed com la resta que s'expliquen a la pol\u00edtica de protecci\u00f3 de dades.\n<\/p>\n<p style=\"font-weight: lighter; font-size:12px;\">M\u00e9s informaci\u00f3 a la nostra pol\u00edtica de protecci\u00f3 de dades.\n<\/p>\n<p><input class=\"wpcf7-form-control wpcf7-submit has-spinner\" type=\"submit\" value=\"Enviar\" \/>\n<\/p><div class=\"wpcf7-response-output\" aria-hidden=\"true\"><\/div>\n<\/form>\n<\/div>\n[\/vc_column][\/vc_row][vc_row][vc_column]<div class=\"boc_spacing \" style=\"height: 40px\"><\/div>[\/vc_column][\/vc_row]<\/p>\n<\/div>","protected":false},"excerpt":{"rendered":"<p>[vc_row][vc_column][\/vc_column][\/vc_row][vc_row][vc_column][vc_raw_html]JTVCYnJlYWRjcnVtYiU1RA==[\/vc_raw_html][\/vc_column][\/vc_row][vc_row gap=&#8221;20&#8243;][vc_column width=&#8221;2\/5&#8243;][vc_single_image alignment=&#8221;center&#8221; image=&#8221;1470&#8243;][vc_column_text] Informaci\u00f3 addicional [\/vc_column_text][\/vc_column][vc_column width=&#8221;3\/5&#8243;][vc_column_text] NATURAL 50 NATURAL50 \u00e9s una gespa artificial que cal veure i tocar per a entendre. El seu aspecte \u00e9s tan atractiu que supera a la gespa natural recentment tallada. \u00c9s molt *mullido, molt confortable, molt resistent a la trepitjada i amb molt bona recuperaci\u00f3. Cobertura 95% Suavitat al tacte 100% Recuperaci\u00f3<\/p>\n<div class=\"h10\"><\/div>\n<p><a class=\"more-link1\" href=\"https:\/\/naturcesped.com\/ca\/gespa-artificial\/natural-50-ca\/\">Read more<\/a><\/p>\n","protected":false},"author":1,"featured_media":0,"parent":539,"menu_order":0,"comment_status":"closed","ping_status":"closed","template":"","meta":{"footnotes":""},"class_list":["post-668","page","type-page","status-publish","hentry"],"yoast_head":"<!-- This site is optimized with the Yoast SEO plugin v26.3 - https:\/\/yoast.com\/wordpress\/plugins\/seo\/ -->\n<title>NATURAL 50, C\u00e9sped Artificial - Naturcesped<\/title>\n<meta name=\"description\" content=\"C\u00e9sped artificial de referencia y de alta calidad. Conoce todas las opciones que tenemos en nuestro cat\u00e1logo.\" \/>\n<meta name=\"robots\" content=\"index, follow, max-snippet:-1, max-image-preview:large, max-video-preview:-1\" \/>\n<link rel=\"canonical\" href=\"https:\/\/naturcesped.com\/ca\/gespa-artificial\/natural-50-ca\/\" \/>\n<meta property=\"og:locale\" content=\"ca_ES\" \/>\n<meta property=\"og:type\" content=\"article\" \/>\n<meta property=\"og:title\" content=\"NATURAL 50, C\u00e9sped Artificial - Naturcesped\" \/>\n<meta property=\"og:description\" content=\"C\u00e9sped artificial de referencia y de alta calidad. Conoce todas las opciones que tenemos en nuestro cat\u00e1logo.\" \/>\n<meta property=\"og:url\" content=\"https:\/\/naturcesped.com\/ca\/gespa-artificial\/natural-50-ca\/\" \/>\n<meta property=\"og:site_name\" content=\"NaturC\u00e9sped\" \/>\n<meta property=\"article:modified_time\" content=\"2023-03-30T08:39:41+00:00\" \/>\n<meta name=\"twitter:card\" content=\"summary_large_image\" \/>\n<meta name=\"twitter:label1\" content=\"Temps estimat de lectura\" \/>\n\t<meta name=\"twitter:data1\" content=\"2 minuts\" \/>\n<script type=\"application\/ld+json\" class=\"yoast-schema-graph\">{\"@context\":\"https:\/\/schema.org\",\"@graph\":[{\"@type\":\"WebPage\",\"@id\":\"https:\/\/naturcesped.com\/ca\/gespa-artificial\/natural-50-ca\/\",\"url\":\"https:\/\/naturcesped.com\/ca\/gespa-artificial\/natural-50-ca\/\",\"name\":\"NATURAL 50, C\u00e9sped Artificial - Naturcesped\",\"isPartOf\":{\"@id\":\"https:\/\/naturcesped.com\/es\/#website\"},\"datePublished\":\"2022-10-04T11:16:51+00:00\",\"dateModified\":\"2023-03-30T08:39:41+00:00\",\"description\":\"C\u00e9sped artificial de referencia y de alta calidad. Conoce todas las opciones que tenemos en nuestro cat\u00e1logo.\",\"breadcrumb\":{\"@id\":\"https:\/\/naturcesped.com\/ca\/gespa-artificial\/natural-50-ca\/#breadcrumb\"},\"inLanguage\":\"ca\",\"potentialAction\":[{\"@type\":\"ReadAction\",\"target\":[\"https:\/\/naturcesped.com\/ca\/gespa-artificial\/natural-50-ca\/\"]}]},{\"@type\":\"BreadcrumbList\",\"@id\":\"https:\/\/naturcesped.com\/ca\/gespa-artificial\/natural-50-ca\/#breadcrumb\",\"itemListElement\":[{\"@type\":\"ListItem\",\"position\":1,\"name\":\"Portada\",\"item\":\"https:\/\/naturcesped.com\/es\/\"},{\"@type\":\"ListItem\",\"position\":2,\"name\":\"Gespa artificial\",\"item\":\"https:\/\/naturcesped.com\/ca\/gespa-artificial\/\"},{\"@type\":\"ListItem\",\"position\":3,\"name\":\"NATURAL 50\"}]},{\"@type\":\"WebSite\",\"@id\":\"https:\/\/naturcesped.com\/es\/#website\",\"url\":\"https:\/\/naturcesped.com\/es\/\",\"name\":\"NaturC\u00e9sped\",\"description\":\"C\u00e9sped artificial en Girona\",\"potentialAction\":[{\"@type\":\"SearchAction\",\"target\":{\"@type\":\"EntryPoint\",\"urlTemplate\":\"https:\/\/naturcesped.com\/es\/?s={search_term_string}\"},\"query-input\":{\"@type\":\"PropertyValueSpecification\",\"valueRequired\":true,\"valueName\":\"search_term_string\"}}],\"inLanguage\":\"ca\"}]}<\/script>\n<!-- \/ Yoast SEO plugin. -->","yoast_head_json":{"title":"NATURAL 50, C\u00e9sped Artificial - Naturcesped","description":"C\u00e9sped artificial de referencia y de alta calidad. Conoce todas las opciones que tenemos en nuestro cat\u00e1logo.","robots":{"index":"index","follow":"follow","max-snippet":"max-snippet:-1","max-image-preview":"max-image-preview:large","max-video-preview":"max-video-preview:-1"},"canonical":"https:\/\/naturcesped.com\/ca\/gespa-artificial\/natural-50-ca\/","og_locale":"ca_ES","og_type":"article","og_title":"NATURAL 50, C\u00e9sped Artificial - Naturcesped","og_description":"C\u00e9sped artificial de referencia y de alta calidad. Conoce todas las opciones que tenemos en nuestro cat\u00e1logo.","og_url":"https:\/\/naturcesped.com\/ca\/gespa-artificial\/natural-50-ca\/","og_site_name":"NaturC\u00e9sped","article_modified_time":"2023-03-30T08:39:41+00:00","twitter_card":"summary_large_image","twitter_misc":{"Temps estimat de lectura":"2 minuts"},"schema":{"@context":"https:\/\/schema.org","@graph":[{"@type":"WebPage","@id":"https:\/\/naturcesped.com\/ca\/gespa-artificial\/natural-50-ca\/","url":"https:\/\/naturcesped.com\/ca\/gespa-artificial\/natural-50-ca\/","name":"NATURAL 50, C\u00e9sped Artificial - Naturcesped","isPartOf":{"@id":"https:\/\/naturcesped.com\/es\/#website"},"datePublished":"2022-10-04T11:16:51+00:00","dateModified":"2023-03-30T08:39:41+00:00","description":"C\u00e9sped artificial de referencia y de alta calidad. Conoce todas las opciones que tenemos en nuestro cat\u00e1logo.","breadcrumb":{"@id":"https:\/\/naturcesped.com\/ca\/gespa-artificial\/natural-50-ca\/#breadcrumb"},"inLanguage":"ca","potentialAction":[{"@type":"ReadAction","target":["https:\/\/naturcesped.com\/ca\/gespa-artificial\/natural-50-ca\/"]}]},{"@type":"BreadcrumbList","@id":"https:\/\/naturcesped.com\/ca\/gespa-artificial\/natural-50-ca\/#breadcrumb","itemListElement":[{"@type":"ListItem","position":1,"name":"Portada","item":"https:\/\/naturcesped.com\/es\/"},{"@type":"ListItem","position":2,"name":"Gespa artificial","item":"https:\/\/naturcesped.com\/ca\/gespa-artificial\/"},{"@type":"ListItem","position":3,"name":"NATURAL 50"}]},{"@type":"WebSite","@id":"https:\/\/naturcesped.com\/es\/#website","url":"https:\/\/naturcesped.com\/es\/","name":"NaturC\u00e9sped","description":"C\u00e9sped artificial en Girona","potentialAction":[{"@type":"SearchAction","target":{"@type":"EntryPoint","urlTemplate":"https:\/\/naturcesped.com\/es\/?s={search_term_string}"},"query-input":{"@type":"PropertyValueSpecification","valueRequired":true,"valueName":"search_term_string"}}],"inLanguage":"ca"}]}},"_links":{"self":[{"href":"https:\/\/naturcesped.com\/ca\/wp-json\/wp\/v2\/pages\/668","targetHints":{"allow":["GET"]}}],"collection":[{"href":"https:\/\/naturcesped.com\/ca\/wp-json\/wp\/v2\/pages"}],"about":[{"href":"https:\/\/naturcesped.com\/ca\/wp-json\/wp\/v2\/types\/page"}],"author":[{"embeddable":true,"href":"https:\/\/naturcesped.com\/ca\/wp-json\/wp\/v2\/users\/1"}],"replies":[{"embeddable":true,"href":"https:\/\/naturcesped.com\/ca\/wp-json\/wp\/v2\/comments?post=668"}],"version-history":[{"count":0,"href":"https:\/\/naturcesped.com\/ca\/wp-json\/wp\/v2\/pages\/668\/revisions"}],"up":[{"embeddable":true,"href":"https:\/\/naturcesped.com\/ca\/wp-json\/wp\/v2\/pages\/539"}],"wp:attachment":[{"href":"https:\/\/naturcesped.com\/ca\/wp-json\/wp\/v2\/media?parent=668"}],"curies":[{"name":"wp","href":"https:\/\/api.w.org\/{rel}","templated":true}]}}