{"id":584,"date":"2022-10-04T11:02:49","date_gmt":"2022-10-04T11:02:49","guid":{"rendered":"https:\/\/naturcesped.com\/?page_id=584"},"modified":"2022-10-05T09:41:13","modified_gmt":"2022-10-05T09:41:13","slug":"demanar-pressupost","status":"publish","type":"page","link":"https:\/\/naturcesped.com\/ca\/instal-lacio\/demanar-pressupost\/","title":{"rendered":"Demanar pressupost"},"content":{"rendered":"<div class=\"wpb-content-wrapper\"><p>[vc_row][vc_column]<div class=\"boc_spacing \" style=\"height: 40px\"><\/div>[\/vc_column][\/vc_row][vc_row gap=&#8221;35&#8243;][vc_column width=&#8221;1\/3&#8243;][vc_column_text]<\/p>\n<h2>INSTAL\u00b7LACI\u00d3<\/h2>\n<hr \/>\n<h3><span style=\"color: #000000;\"><a style=\"color: #000000;\" href=\"\/ca\/instal-lacio\/servei-d-instal-lacio\/\">Servi d&#8217;instal\u00b7laci\u00f3<\/a><\/span><\/h3>\n<hr \/>\n<h3><span style=\"color: #000000;\"><a style=\"color: #000000;\" href=\"\/ca\/galeria\">Aplicacions<\/a><\/span><\/h3>\n<hr \/>\n<h3><strong>Demanar pressupost<\/strong><\/h3>\n<hr \/>\n<p>[\/vc_column_text][\/vc_column][vc_column width=&#8221;2\/3&#8243;][vc_raw_html]JTVCYnJlYWRjcnVtYiU1RA==[\/vc_raw_html][vc_column_text]<\/p>\n<h1 style=\"font-weight: bold;\">DEMANAR PRESSUPOST<\/h1>\n<p>Sol\u00b7licita pressupost sense comprom\u00eds<\/p>\n<h4>Sol\u00b7licita informaci\u00f3 i pressupost<\/h4>\n<p>[\/vc_column_text]\n<div class=\"wpcf7 no-js\" id=\"wpcf7-f876-o1\" lang=\"es-ES\" dir=\"ltr\" data-wpcf7-id=\"876\">\n<div class=\"screen-reader-response\"><p role=\"status\" aria-live=\"polite\" aria-atomic=\"true\"><\/p> <ul><\/ul><\/div>\n<form action=\"\/ca\/wp-json\/wp\/v2\/pages\/584#wpcf7-f876-o1\" method=\"post\" class=\"wpcf7-form init\" aria-label=\"Formulario de contacto\" novalidate=\"novalidate\" data-status=\"init\">\n<fieldset class=\"hidden-fields-container\"><input type=\"hidden\" name=\"_wpcf7\" value=\"876\" \/><input type=\"hidden\" name=\"_wpcf7_version\" value=\"6.1.3\" \/><input type=\"hidden\" name=\"_wpcf7_locale\" value=\"es_ES\" \/><input type=\"hidden\" name=\"_wpcf7_unit_tag\" value=\"wpcf7-f876-o1\" \/><input type=\"hidden\" name=\"_wpcf7_container_post\" value=\"0\" \/><input type=\"hidden\" name=\"_wpcf7_posted_data_hash\" value=\"\" \/><input type=\"hidden\" name=\"_wpcf7_recaptcha_response\" value=\"\" \/>\n<\/fieldset>\n<p><label> Nom i cognoms *<br \/>\n<span class=\"wpcf7-form-control-wrap\" data-name=\"your-name\"><input size=\"40\" maxlength=\"400\" class=\"wpcf7-form-control wpcf7-text wpcf7-validates-as-required\" aria-required=\"true\" aria-invalid=\"false\" value=\"\" type=\"text\" name=\"your-name\" \/><\/span> <\/label>\n<\/p>\n<p><label> Tel\u00e8fon *<br \/>\n<span class=\"wpcf7-form-control-wrap\" data-name=\"your-phone\"><input size=\"40\" maxlength=\"400\" class=\"wpcf7-form-control wpcf7-text wpcf7-validates-as-required\" aria-required=\"true\" aria-invalid=\"false\" value=\"\" type=\"text\" name=\"your-phone\" \/><\/span> <\/label>\n<\/p>\n<p><label> Correu electr\u00f2nic *<br \/>\n<span class=\"wpcf7-form-control-wrap\" data-name=\"your-email\"><input size=\"40\" maxlength=\"400\" class=\"wpcf7-form-control wpcf7-email wpcf7-validates-as-required wpcf7-text wpcf7-validates-as-email\" aria-required=\"true\" aria-invalid=\"false\" value=\"\" type=\"email\" name=\"your-email\" \/><\/span> <\/label>\n<\/p>\n<p><label> Municipi *<br \/>\n<span class=\"wpcf7-form-control-wrap\" data-name=\"your-town\"><input size=\"40\" maxlength=\"400\" class=\"wpcf7-form-control wpcf7-text wpcf7-validates-as-required\" aria-required=\"true\" aria-invalid=\"false\" value=\"\" type=\"text\" name=\"your-town\" \/><\/span> <\/label>\n<\/p>\n<p><label> Quantitat de m\u00b2<br \/>\n<span class=\"wpcf7-form-control-wrap\" data-name=\"your-meters\"><input size=\"40\" maxlength=\"400\" class=\"wpcf7-form-control wpcf7-text\" aria-invalid=\"false\" value=\"\" type=\"text\" name=\"your-meters\" \/><\/span> <\/label>\n<\/p>\n<p><label> Terreny actual *<br \/>\n<span class=\"wpcf7-form-control-wrap\" data-name=\"radio-509\"><span class=\"wpcf7-form-control wpcf7-radio\"><span class=\"wpcf7-list-item first\"><label><input type=\"radio\" name=\"radio-509\" value=\"Terra\" checked=\"checked\" \/><span class=\"wpcf7-list-item-label\">Terra<\/span><\/label><\/span><span class=\"wpcf7-list-item\"><label><input type=\"radio\" name=\"radio-509\" value=\"Gespa natural\" \/><span class=\"wpcf7-list-item-label\">Gespa natural<\/span><\/label><\/span><span class=\"wpcf7-list-item\"><label><input type=\"radio\" name=\"radio-509\" value=\"Paviment\" \/><span class=\"wpcf7-list-item-label\">Paviment<\/span><\/label><\/span><span class=\"wpcf7-list-item last\"><label><input type=\"radio\" name=\"radio-509\" value=\"Gespa artificial\" \/><span class=\"wpcf7-list-item-label\">Gespa artificial<\/span><\/label><\/span><\/span><\/span> <\/label>\n<\/p>\n<p><label> Missatge *<br \/>\n<span class=\"wpcf7-form-control-wrap\" data-name=\"your-message\"><textarea cols=\"40\" rows=\"3\" maxlength=\"2000\" class=\"wpcf7-form-control wpcf7-textarea wpcf7-validates-as-required\" aria-required=\"true\" aria-invalid=\"false\" name=\"your-message\"><\/textarea><\/span> <\/label>\n<\/p>\n<p><span class=\"wpcf7-form-control-wrap\" data-name=\"Enviodedades\"><span class=\"wpcf7-form-control wpcf7-acceptance\"><span class=\"wpcf7-list-item\"><label><input type=\"checkbox\" name=\"Enviodedades\" value=\"1\" aria-invalid=\"false\" \/><span class=\"wpcf7-list-item-label\">He llegit i accepto la pol\u00edtica de protecci\u00f3 de dades.*<\/span><\/label><\/span><\/span><\/span>\n<\/p>\n<p><span class=\"wpcf7-form-control-wrap\" data-name=\"Enviodedades\"><span class=\"wpcf7-form-control wpcf7-acceptance\"><span class=\"wpcf7-list-item\"><label><input type=\"checkbox\" name=\"Enviodedades\" value=\"1\" aria-invalid=\"false\" \/><span class=\"wpcf7-list-item-label\">Accepto rebre informaci\u00f3 de Naturcesped Gespa Artificial, SL?<\/span><\/label><\/span><\/span><\/span>\n<\/p>\n<p style=\"font-weight: lighter; font-size:12px;\">Informaci\u00f3 b\u00e0sica sobre el tractament de dades (Reglament (UE) 2016\/679 i LO 3\/2018)<br \/>\nResponsable del tractament: Naturcesped Gespa Artificial, SL.\n<\/p>\n<p style=\"font-weight: lighter; font-size:12px;\">Finalitat: Oferir, prestar i facturar els nostres serveis i productes.\n<\/p>\n<p style=\"font-weight: lighter; font-size:12px;\">Legitimaci\u00f3: Consentiment de l'interessat.\n<\/p>\n<p style=\"font-weight: lighter; font-size:12px;\">Destinataris: Les dades no se cediran a tercers, llevat que ho exigeixi una llei o sigui necessari per complir amb la finalitat del tractament.\n<\/p>\n<p style=\"font-weight: lighter; font-size:12px;\">Drets: Accedir, rectificar i suprimir dades, aix\u00ed com la resta que s'expliquen a la pol\u00edtica de protecci\u00f3 de dades.\n<\/p>\n<p style=\"font-weight: lighter; font-size:12px;\">M\u00e9s informaci\u00f3 a la nostra pol\u00edtica de protecci\u00f3 de dades.\n<\/p>\n<p><input class=\"wpcf7-form-control wpcf7-submit has-spinner\" type=\"submit\" value=\"Enviar\" \/>\n<\/p><div class=\"wpcf7-response-output\" aria-hidden=\"true\"><\/div>\n<\/form>\n<\/div>\n[\/vc_column][\/vc_row][vc_row][vc_column]<div class=\"boc_spacing \" style=\"height: 40px\"><\/div>[\/vc_column][\/vc_row]<\/p>\n<\/div>","protected":false},"excerpt":{"rendered":"<p>[vc_row][vc_column][\/vc_column][\/vc_row][vc_row gap=&#8221;35&#8243;][vc_column width=&#8221;1\/3&#8243;][vc_column_text] INSTAL\u00b7LACI\u00d3 Servi d&#8217;instal\u00b7laci\u00f3 Aplicacions Demanar pressupost [\/vc_column_text][\/vc_column][vc_column width=&#8221;2\/3&#8243;][vc_raw_html]JTVCYnJlYWRjcnVtYiU1RA==[\/vc_raw_html][vc_column_text] DEMANAR PRESSUPOST Sol\u00b7licita pressupost sense comprom\u00eds Sol\u00b7licita informaci\u00f3 i pressupost [\/vc_column_text][\/vc_column][\/vc_row][vc_row][vc_column][\/vc_column][\/vc_row]<\/p>\n","protected":false},"author":1,"featured_media":0,"parent":567,"menu_order":0,"comment_status":"closed","ping_status":"closed","template":"","meta":{"footnotes":""},"class_list":["post-584","page","type-page","status-publish","hentry"],"yoast_head":"<!-- This site is optimized with the Yoast SEO plugin v26.3 - https:\/\/yoast.com\/wordpress\/plugins\/seo\/ -->\n<title>Pedir presupuesto - Naturcesped<\/title>\n<meta name=\"description\" content=\"Solicita prespuesto sin compromiso para la instalaci\u00f3n de c\u00e9sped artificial. Te asesoramos durante todo el proceso.\" \/>\n<meta name=\"robots\" content=\"index, follow, max-snippet:-1, max-image-preview:large, max-video-preview:-1\" \/>\n<link rel=\"canonical\" href=\"https:\/\/naturcesped.com\/ca\/instalacion\/pedir-presupuesto\/\" \/>\n<meta property=\"og:locale\" content=\"ca_ES\" \/>\n<meta property=\"og:type\" content=\"article\" \/>\n<meta property=\"og:title\" content=\"Pedir presupuesto - Naturcesped\" \/>\n<meta property=\"og:description\" content=\"Solicita prespuesto sin compromiso para la instalaci\u00f3n de c\u00e9sped artificial. Te asesoramos durante todo el proceso.\" \/>\n<meta property=\"og:url\" content=\"https:\/\/naturcesped.com\/es\/instalacion\/pedir-presupuesto\/\" \/>\n<meta property=\"og:site_name\" content=\"NaturC\u00e9sped\" \/>\n<meta property=\"article:modified_time\" content=\"2022-10-05T09:41:13+00:00\" \/>\n<meta name=\"twitter:card\" content=\"summary_large_image\" \/>\n<script type=\"application\/ld+json\" class=\"yoast-schema-graph\">{\"@context\":\"https:\/\/schema.org\",\"@graph\":[{\"@type\":\"WebPage\",\"@id\":\"https:\/\/naturcesped.com\/es\/instalacion\/pedir-presupuesto\/\",\"url\":\"https:\/\/naturcesped.com\/es\/instalacion\/pedir-presupuesto\/\",\"name\":\"Pedir presupuesto - Naturcesped\",\"isPartOf\":{\"@id\":\"https:\/\/naturcesped.com\/es\/#website\"},\"datePublished\":\"2022-10-04T11:02:49+00:00\",\"dateModified\":\"2022-10-05T09:41:13+00:00\",\"description\":\"Solicita prespuesto sin compromiso para la instalaci\u00f3n de c\u00e9sped artificial. Te asesoramos durante todo el proceso.\",\"breadcrumb\":{\"@id\":\"https:\/\/naturcesped.com\/es\/instalacion\/pedir-presupuesto\/#breadcrumb\"},\"inLanguage\":\"ca\",\"potentialAction\":[{\"@type\":\"ReadAction\",\"target\":[\"https:\/\/naturcesped.com\/es\/instalacion\/pedir-presupuesto\/\"]}]},{\"@type\":\"BreadcrumbList\",\"@id\":\"https:\/\/naturcesped.com\/es\/instalacion\/pedir-presupuesto\/#breadcrumb\",\"itemListElement\":[{\"@type\":\"ListItem\",\"position\":1,\"name\":\"Portada\",\"item\":\"https:\/\/naturcesped.com\/es\/\"},{\"@type\":\"ListItem\",\"position\":2,\"name\":\"Instal\u00b7laci\u00f3\",\"item\":\"https:\/\/naturcesped.com\/es\/instalacion\/\"},{\"@type\":\"ListItem\",\"position\":3,\"name\":\"Demanar pressupost\"}]},{\"@type\":\"WebSite\",\"@id\":\"https:\/\/naturcesped.com\/es\/#website\",\"url\":\"https:\/\/naturcesped.com\/es\/\",\"name\":\"NaturC\u00e9sped\",\"description\":\"C\u00e9sped artificial en Girona\",\"potentialAction\":[{\"@type\":\"SearchAction\",\"target\":{\"@type\":\"EntryPoint\",\"urlTemplate\":\"https:\/\/naturcesped.com\/es\/?s={search_term_string}\"},\"query-input\":{\"@type\":\"PropertyValueSpecification\",\"valueRequired\":true,\"valueName\":\"search_term_string\"}}],\"inLanguage\":\"ca\"}]}<\/script>\n<!-- \/ Yoast SEO plugin. -->","yoast_head_json":{"title":"Pedir presupuesto - Naturcesped","description":"Solicita prespuesto sin compromiso para la instalaci\u00f3n de c\u00e9sped artificial. Te asesoramos durante todo el proceso.","robots":{"index":"index","follow":"follow","max-snippet":"max-snippet:-1","max-image-preview":"max-image-preview:large","max-video-preview":"max-video-preview:-1"},"canonical":"https:\/\/naturcesped.com\/ca\/instalacion\/pedir-presupuesto\/","og_locale":"ca_ES","og_type":"article","og_title":"Pedir presupuesto - Naturcesped","og_description":"Solicita prespuesto sin compromiso para la instalaci\u00f3n de c\u00e9sped artificial. Te asesoramos durante todo el proceso.","og_url":"https:\/\/naturcesped.com\/es\/instalacion\/pedir-presupuesto\/","og_site_name":"NaturC\u00e9sped","article_modified_time":"2022-10-05T09:41:13+00:00","twitter_card":"summary_large_image","schema":{"@context":"https:\/\/schema.org","@graph":[{"@type":"WebPage","@id":"https:\/\/naturcesped.com\/es\/instalacion\/pedir-presupuesto\/","url":"https:\/\/naturcesped.com\/es\/instalacion\/pedir-presupuesto\/","name":"Pedir presupuesto - Naturcesped","isPartOf":{"@id":"https:\/\/naturcesped.com\/es\/#website"},"datePublished":"2022-10-04T11:02:49+00:00","dateModified":"2022-10-05T09:41:13+00:00","description":"Solicita prespuesto sin compromiso para la instalaci\u00f3n de c\u00e9sped artificial. Te asesoramos durante todo el proceso.","breadcrumb":{"@id":"https:\/\/naturcesped.com\/es\/instalacion\/pedir-presupuesto\/#breadcrumb"},"inLanguage":"ca","potentialAction":[{"@type":"ReadAction","target":["https:\/\/naturcesped.com\/es\/instalacion\/pedir-presupuesto\/"]}]},{"@type":"BreadcrumbList","@id":"https:\/\/naturcesped.com\/es\/instalacion\/pedir-presupuesto\/#breadcrumb","itemListElement":[{"@type":"ListItem","position":1,"name":"Portada","item":"https:\/\/naturcesped.com\/es\/"},{"@type":"ListItem","position":2,"name":"Instal\u00b7laci\u00f3","item":"https:\/\/naturcesped.com\/es\/instalacion\/"},{"@type":"ListItem","position":3,"name":"Demanar pressupost"}]},{"@type":"WebSite","@id":"https:\/\/naturcesped.com\/es\/#website","url":"https:\/\/naturcesped.com\/es\/","name":"NaturC\u00e9sped","description":"C\u00e9sped artificial en Girona","potentialAction":[{"@type":"SearchAction","target":{"@type":"EntryPoint","urlTemplate":"https:\/\/naturcesped.com\/es\/?s={search_term_string}"},"query-input":{"@type":"PropertyValueSpecification","valueRequired":true,"valueName":"search_term_string"}}],"inLanguage":"ca"}]}},"_links":{"self":[{"href":"https:\/\/naturcesped.com\/ca\/wp-json\/wp\/v2\/pages\/584","targetHints":{"allow":["GET"]}}],"collection":[{"href":"https:\/\/naturcesped.com\/ca\/wp-json\/wp\/v2\/pages"}],"about":[{"href":"https:\/\/naturcesped.com\/ca\/wp-json\/wp\/v2\/types\/page"}],"author":[{"embeddable":true,"href":"https:\/\/naturcesped.com\/ca\/wp-json\/wp\/v2\/users\/1"}],"replies":[{"embeddable":true,"href":"https:\/\/naturcesped.com\/ca\/wp-json\/wp\/v2\/comments?post=584"}],"version-history":[{"count":0,"href":"https:\/\/naturcesped.com\/ca\/wp-json\/wp\/v2\/pages\/584\/revisions"}],"up":[{"embeddable":true,"href":"https:\/\/naturcesped.com\/ca\/wp-json\/wp\/v2\/pages\/567"}],"wp:attachment":[{"href":"https:\/\/naturcesped.com\/ca\/wp-json\/wp\/v2\/media?parent=584"}],"curies":[{"name":"wp","href":"https:\/\/api.w.org\/{rel}","templated":true}]}}