{"id":577,"date":"2022-10-04T10:55:28","date_gmt":"2022-10-04T10:55:28","guid":{"rendered":"https:\/\/naturcesped.com\/?page_id=577"},"modified":"2022-10-05T09:41:38","modified_gmt":"2022-10-05T09:41:38","slug":"servei-d-instal-lacio","status":"publish","type":"page","link":"https:\/\/naturcesped.com\/ca\/instal-lacio\/servei-d-instal-lacio\/","title":{"rendered":"Servei d&#8217;instal\u00b7laci\u00f3"},"content":{"rendered":"<div class=\"wpb-content-wrapper\"><p>[vc_row][vc_column]<div class=\"boc_spacing \" style=\"height: 40px\"><\/div>[\/vc_column][\/vc_row][vc_row gap=&#8221;35&#8243;][vc_column width=&#8221;1\/3&#8243;][vc_column_text]<\/p>\n<h2>INSTAL\u00b7LACI\u00d3<\/h2>\n<hr \/>\n<h3><strong>Servei d&#8217;instal\u00b7laci\u00f3<\/strong><\/h3>\n<hr \/>\n<h3><span style=\"color: #000000;\"><a style=\"color: #000000;\" href=\"\/ca\/galeria\">Aplicacions<\/a><\/span><\/h3>\n<hr \/>\n<h3><a href=\"\/ca\/instal-lacio\/demanar-pressupost\/\"><span style=\"color: #000000;\">Demanar pressupost<\/span><\/a><\/h3>\n<hr \/>\n<p>[\/vc_column_text][\/vc_column][vc_column width=&#8221;2\/3&#8243;][vc_raw_html]JTVCYnJlYWRjcnVtYiU1RA==[\/vc_raw_html][vc_column_text]<\/p>\n<h1 style=\"font-weight: bold;\">Servei d&#8217;instal\u00b7laci\u00f3<\/h1>\n<p><strong>Naturcesped<\/strong> disposa de personal altament qualificat per a la instal\u00b7laci\u00f3 de gespa artificial, oferim un tracte molt directe i pr\u00f2xim amb el client<\/p>\n<p>En <strong>Naturcesped<\/strong> necessitem preguntar per a assessorar-te el millor producte segons vagi a ser el seu \u00fas, \u00e9s per aix\u00f2 que seguim uns passos elementals:<\/p>\n<ul>\n<li style=\"list-style-type: none;\">\n<ul>\n<li>Quin \u00fas se li donar\u00e0 a la gespa artificial?<br \/>\nT&#8217;aconsellem i assessorem. Necessitem saber sobre quina base s&#8217;instal\u00b7lar\u00e0, quantitat de metres quadrats, si ser\u00e0 una zona de molta trepitjada o no, etc.<\/li>\n<\/ul>\n<\/li>\n<\/ul>\n<ul>\n<li style=\"list-style-type: none;\">\n<ul>\n<li>En 24-48 hores ja disposar\u00e0s d&#8217;un pressupost personalitzat concorde a les teves necessitats, els productes que s&#8217;acoblen, complements que necessites per a procedir amb la instal\u00b7laci\u00f3, etc.<\/li>\n<\/ul>\n<\/li>\n<\/ul>\n<ul>\n<li style=\"list-style-type: none;\">\n<ul>\n<li>Quan acceptis el pressupost, la instal\u00b7laci\u00f3 de gespa artificial es realitzar\u00e0 en un termini mai superior a 2 setmanes des de la confirmaci\u00f3.<\/li>\n<\/ul>\n<\/li>\n<\/ul>\n<ul>\n<li style=\"list-style-type: none;\">\n<ul>\n<li>Per a finalitzar, verificarem el resultat del treball amb tu, perqu\u00e8 tot quedi conforme a les teves expectatives i plena satisfacci\u00f3.<\/li>\n<\/ul>\n<\/li>\n<\/ul>\n<p>[\/vc_column_text][\/vc_column][\/vc_row][vc_row][vc_column]<div class=\"boc_spacing \" style=\"height: 40px\"><\/div>[\/vc_column][\/vc_row]<\/p>\n<\/div>","protected":false},"excerpt":{"rendered":"<p>[vc_row][vc_column][\/vc_column][\/vc_row][vc_row gap=&#8221;35&#8243;][vc_column width=&#8221;1\/3&#8243;][vc_column_text] INSTAL\u00b7LACI\u00d3 Servei d&#8217;instal\u00b7laci\u00f3 Aplicacions Demanar pressupost [\/vc_column_text][\/vc_column][vc_column width=&#8221;2\/3&#8243;][vc_raw_html]JTVCYnJlYWRjcnVtYiU1RA==[\/vc_raw_html][vc_column_text] Servei d&#8217;instal\u00b7laci\u00f3 Naturcesped disposa de personal altament qualificat per a la instal\u00b7laci\u00f3 de gespa artificial, oferim un tracte molt directe i pr\u00f2xim amb el client En Naturcesped necessitem preguntar per a assessorar-te el millor producte segons vagi a ser el seu \u00fas, \u00e9s per aix\u00f2 que seguim uns passos<\/p>\n<div class=\"h10\"><\/div>\n<p><a class=\"more-link1\" href=\"https:\/\/naturcesped.com\/ca\/instal-lacio\/servei-d-instal-lacio\/\">Read more<\/a><\/p>\n","protected":false},"author":1,"featured_media":0,"parent":567,"menu_order":0,"comment_status":"closed","ping_status":"closed","template":"","meta":{"footnotes":""},"class_list":["post-577","page","type-page","status-publish","hentry"],"yoast_head":"<!-- This site is optimized with the Yoast SEO plugin v26.3 - https:\/\/yoast.com\/wordpress\/plugins\/seo\/ -->\n<title>Servicio de instalaci\u00f3n - Naturcesped<\/title>\n<meta name=\"description\" content=\"Instalaci\u00f3n del mejor c\u00e9sped artificial del mercado, contacta con nosotros. Equipo altamente cualificado y con experiencia.\" \/>\n<meta name=\"robots\" content=\"index, follow, max-snippet:-1, max-image-preview:large, max-video-preview:-1\" \/>\n<link rel=\"canonical\" href=\"https:\/\/naturcesped.com\/ca\/instalacion\/servicio-de-instalacion\/\" \/>\n<meta property=\"og:locale\" content=\"ca_ES\" \/>\n<meta property=\"og:type\" content=\"article\" \/>\n<meta property=\"og:title\" content=\"Servicio de instalaci\u00f3n - Naturcesped\" \/>\n<meta property=\"og:description\" content=\"Instalaci\u00f3n del mejor c\u00e9sped artificial del mercado, contacta con nosotros. Equipo altamente cualificado y con experiencia.\" \/>\n<meta property=\"og:url\" content=\"https:\/\/naturcesped.com\/es\/instalacion\/servicio-de-instalacion\/\" \/>\n<meta property=\"og:site_name\" content=\"NaturC\u00e9sped\" \/>\n<meta property=\"article:modified_time\" content=\"2022-10-05T09:41:38+00:00\" \/>\n<meta name=\"twitter:card\" content=\"summary_large_image\" \/>\n<meta name=\"twitter:label1\" content=\"Temps estimat de lectura\" \/>\n\t<meta name=\"twitter:data1\" content=\"1 minut\" \/>\n<script type=\"application\/ld+json\" class=\"yoast-schema-graph\">{\"@context\":\"https:\/\/schema.org\",\"@graph\":[{\"@type\":\"WebPage\",\"@id\":\"https:\/\/naturcesped.com\/es\/instalacion\/servicio-de-instalacion\/\",\"url\":\"https:\/\/naturcesped.com\/es\/instalacion\/servicio-de-instalacion\/\",\"name\":\"Servicio de instalaci\u00f3n - Naturcesped\",\"isPartOf\":{\"@id\":\"https:\/\/naturcesped.com\/es\/#website\"},\"datePublished\":\"2022-10-04T10:55:28+00:00\",\"dateModified\":\"2022-10-05T09:41:38+00:00\",\"description\":\"Instalaci\u00f3n del mejor c\u00e9sped artificial del mercado, contacta con nosotros. Equipo altamente cualificado y con experiencia.\",\"breadcrumb\":{\"@id\":\"https:\/\/naturcesped.com\/es\/instalacion\/servicio-de-instalacion\/#breadcrumb\"},\"inLanguage\":\"ca\",\"potentialAction\":[{\"@type\":\"ReadAction\",\"target\":[\"https:\/\/naturcesped.com\/es\/instalacion\/servicio-de-instalacion\/\"]}]},{\"@type\":\"BreadcrumbList\",\"@id\":\"https:\/\/naturcesped.com\/es\/instalacion\/servicio-de-instalacion\/#breadcrumb\",\"itemListElement\":[{\"@type\":\"ListItem\",\"position\":1,\"name\":\"Portada\",\"item\":\"https:\/\/naturcesped.com\/es\/\"},{\"@type\":\"ListItem\",\"position\":2,\"name\":\"Instal\u00b7laci\u00f3\",\"item\":\"https:\/\/naturcesped.com\/es\/instalacion\/\"},{\"@type\":\"ListItem\",\"position\":3,\"name\":\"Servei d&#8217;instal\u00b7laci\u00f3\"}]},{\"@type\":\"WebSite\",\"@id\":\"https:\/\/naturcesped.com\/es\/#website\",\"url\":\"https:\/\/naturcesped.com\/es\/\",\"name\":\"NaturC\u00e9sped\",\"description\":\"C\u00e9sped artificial en Girona\",\"potentialAction\":[{\"@type\":\"SearchAction\",\"target\":{\"@type\":\"EntryPoint\",\"urlTemplate\":\"https:\/\/naturcesped.com\/es\/?s={search_term_string}\"},\"query-input\":{\"@type\":\"PropertyValueSpecification\",\"valueRequired\":true,\"valueName\":\"search_term_string\"}}],\"inLanguage\":\"ca\"}]}<\/script>\n<!-- \/ Yoast SEO plugin. -->","yoast_head_json":{"title":"Servicio de instalaci\u00f3n - Naturcesped","description":"Instalaci\u00f3n del mejor c\u00e9sped artificial del mercado, contacta con nosotros. Equipo altamente cualificado y con experiencia.","robots":{"index":"index","follow":"follow","max-snippet":"max-snippet:-1","max-image-preview":"max-image-preview:large","max-video-preview":"max-video-preview:-1"},"canonical":"https:\/\/naturcesped.com\/ca\/instalacion\/servicio-de-instalacion\/","og_locale":"ca_ES","og_type":"article","og_title":"Servicio de instalaci\u00f3n - Naturcesped","og_description":"Instalaci\u00f3n del mejor c\u00e9sped artificial del mercado, contacta con nosotros. Equipo altamente cualificado y con experiencia.","og_url":"https:\/\/naturcesped.com\/es\/instalacion\/servicio-de-instalacion\/","og_site_name":"NaturC\u00e9sped","article_modified_time":"2022-10-05T09:41:38+00:00","twitter_card":"summary_large_image","twitter_misc":{"Temps estimat de lectura":"1 minut"},"schema":{"@context":"https:\/\/schema.org","@graph":[{"@type":"WebPage","@id":"https:\/\/naturcesped.com\/es\/instalacion\/servicio-de-instalacion\/","url":"https:\/\/naturcesped.com\/es\/instalacion\/servicio-de-instalacion\/","name":"Servicio de instalaci\u00f3n - Naturcesped","isPartOf":{"@id":"https:\/\/naturcesped.com\/es\/#website"},"datePublished":"2022-10-04T10:55:28+00:00","dateModified":"2022-10-05T09:41:38+00:00","description":"Instalaci\u00f3n del mejor c\u00e9sped artificial del mercado, contacta con nosotros. Equipo altamente cualificado y con experiencia.","breadcrumb":{"@id":"https:\/\/naturcesped.com\/es\/instalacion\/servicio-de-instalacion\/#breadcrumb"},"inLanguage":"ca","potentialAction":[{"@type":"ReadAction","target":["https:\/\/naturcesped.com\/es\/instalacion\/servicio-de-instalacion\/"]}]},{"@type":"BreadcrumbList","@id":"https:\/\/naturcesped.com\/es\/instalacion\/servicio-de-instalacion\/#breadcrumb","itemListElement":[{"@type":"ListItem","position":1,"name":"Portada","item":"https:\/\/naturcesped.com\/es\/"},{"@type":"ListItem","position":2,"name":"Instal\u00b7laci\u00f3","item":"https:\/\/naturcesped.com\/es\/instalacion\/"},{"@type":"ListItem","position":3,"name":"Servei d&#8217;instal\u00b7laci\u00f3"}]},{"@type":"WebSite","@id":"https:\/\/naturcesped.com\/es\/#website","url":"https:\/\/naturcesped.com\/es\/","name":"NaturC\u00e9sped","description":"C\u00e9sped artificial en Girona","potentialAction":[{"@type":"SearchAction","target":{"@type":"EntryPoint","urlTemplate":"https:\/\/naturcesped.com\/es\/?s={search_term_string}"},"query-input":{"@type":"PropertyValueSpecification","valueRequired":true,"valueName":"search_term_string"}}],"inLanguage":"ca"}]}},"_links":{"self":[{"href":"https:\/\/naturcesped.com\/ca\/wp-json\/wp\/v2\/pages\/577","targetHints":{"allow":["GET"]}}],"collection":[{"href":"https:\/\/naturcesped.com\/ca\/wp-json\/wp\/v2\/pages"}],"about":[{"href":"https:\/\/naturcesped.com\/ca\/wp-json\/wp\/v2\/types\/page"}],"author":[{"embeddable":true,"href":"https:\/\/naturcesped.com\/ca\/wp-json\/wp\/v2\/users\/1"}],"replies":[{"embeddable":true,"href":"https:\/\/naturcesped.com\/ca\/wp-json\/wp\/v2\/comments?post=577"}],"version-history":[{"count":0,"href":"https:\/\/naturcesped.com\/ca\/wp-json\/wp\/v2\/pages\/577\/revisions"}],"up":[{"embeddable":true,"href":"https:\/\/naturcesped.com\/ca\/wp-json\/wp\/v2\/pages\/567"}],"wp:attachment":[{"href":"https:\/\/naturcesped.com\/ca\/wp-json\/wp\/v2\/media?parent=577"}],"curies":[{"name":"wp","href":"https:\/\/api.w.org\/{rel}","templated":true}]}}