{"id":564,"date":"2022-10-04T10:46:29","date_gmt":"2022-10-04T10:46:29","guid":{"rendered":"https:\/\/naturcesped.com\/?page_id=564"},"modified":"2022-10-05T09:42:42","modified_gmt":"2022-10-05T09:42:42","slug":"gespa-de-color","status":"publish","type":"page","link":"https:\/\/naturcesped.com\/ca\/productes\/gespa-artificial\/gespa-de-color\/","title":{"rendered":"Gespa de color"},"content":{"rendered":"<div class=\"wpb-content-wrapper\"><p>[vc_row][vc_column]<div class=\"boc_spacing \" style=\"height: 40px\"><\/div>[\/vc_column][\/vc_row][vc_row gap=&#8221;35&#8243;][vc_column width=&#8221;1\/3&#8243;][vc_column_text]<\/p>\n<h2>PRODUCTES<\/h2>\n<hr \/>\n<h3><span style=\"color: #000000;\"><a style=\"color: #000000;\" href=\"\/ca\/productes\/gespa-artificial\/paisatgisme\">Paisatgisme<\/a><\/span><\/h3>\n<hr \/>\n<h3><strong>Gespa de color<\/strong><\/h3>\n<hr \/>\n<h3><span style=\"color: #000000;\"><a style=\"color: #000000;\" href=\"\/ca\/productes\/gespa-artificial\/gespa-esportiva\/\">Gespa esportiva<\/a><\/span><\/h3>\n<hr \/>\n<h3><span style=\"color: #000000;\"><a style=\"color: #000000;\" href=\"\/ca\/productes\/tarima-i-tanca-sintetica\/\">Tarima i Tanca Sint\u00e8tica<\/a><\/span><\/h3>\n<hr \/>\n<p>[\/vc_column_text][\/vc_column][vc_column width=&#8221;2\/3&#8243;][vc_raw_html]JTVCYnJlYWRjcnVtYiU1RA==[\/vc_raw_html][vc_column_text]<\/p>\n<h1 style=\"font-weight: bold;\">GESPA DE COLOR<\/h1>\n<p>[\/vc_column_text][vc_row_inner][vc_column_inner width=&#8221;1\/2&#8243;][vc_single_image img_size=&#8221;boc_medium&#8221; onclick=&#8221;link_image&#8221; image=&#8221;460&#8243;][\/vc_column_inner][vc_column_inner width=&#8221;1\/2&#8243;][vc_single_image img_size=&#8221;boc_medium&#8221; onclick=&#8221;link_image&#8221; image=&#8221;461&#8243;][\/vc_column_inner][\/vc_row_inner][vc_column_text]Pensant en petites aplicacions i a brindar noves alternatives per als decoradors, \u00e9s una catifa de gespa artificial de color per a petits usos decoratius: restaurants, bars musicals, terrasses exteriors, balcons, piscines, entrades de domicilis o hotels, aparadors, etc.<\/p>\n<p>La seva utilitzaci\u00f3 \u00e9s infinita en qualsevol tipus de decoraci\u00f3 i els seus resultats s\u00f3n sorprenents.<\/p>\n<ul>\n<li style=\"list-style-type: none;\">\n<ul>\n<li>Grand\u00e0ria: 1,40 x 2 metres<\/li>\n<\/ul>\n<\/li>\n<\/ul>\n<ul>\n<li style=\"list-style-type: none;\">\n<ul>\n<li>Colors disponibles: vermell, plata i taronja<\/li>\n<\/ul>\n<\/li>\n<\/ul>\n<ul>\n<li style=\"list-style-type: none;\">\n<ul>\n<li>Fibra: monofilament c\u00f2ncau amb nervi central<\/li>\n<\/ul>\n<\/li>\n<\/ul>\n<ul>\n<li style=\"list-style-type: none;\">\n<ul>\n<li>12.600 puntades\/m\u00b2<\/li>\n<\/ul>\n<\/li>\n<\/ul>\n<ul>\n<li style=\"list-style-type: none;\">\n<ul>\n<li>Altura: 35 mm<\/li>\n<\/ul>\n<\/li>\n<\/ul>\n<ul>\n<li style=\"list-style-type: none;\">\n<ul>\n<li>Estabilitat UV: superior a 6.000 hores<\/li>\n<\/ul>\n<\/li>\n<\/ul>\n<p>[\/vc_column_text][\/vc_column][\/vc_row][vc_row][vc_column]<div class=\"boc_spacing \" style=\"height: 40px\"><\/div>[\/vc_column][\/vc_row]<\/p>\n<\/div>","protected":false},"excerpt":{"rendered":"<p>[vc_row][vc_column][\/vc_column][\/vc_row][vc_row gap=&#8221;35&#8243;][vc_column width=&#8221;1\/3&#8243;][vc_column_text] PRODUCTES Paisatgisme Gespa de color Gespa esportiva Tarima i Tanca Sint\u00e8tica [\/vc_column_text][\/vc_column][vc_column width=&#8221;2\/3&#8243;][vc_raw_html]JTVCYnJlYWRjcnVtYiU1RA==[\/vc_raw_html][vc_column_text] GESPA DE COLOR [\/vc_column_text][vc_row_inner][vc_column_inner width=&#8221;1\/2&#8243;][vc_single_image img_size=&#8221;boc_medium&#8221; onclick=&#8221;link_image&#8221; image=&#8221;460&#8243;][\/vc_column_inner][vc_column_inner width=&#8221;1\/2&#8243;][vc_single_image img_size=&#8221;boc_medium&#8221; onclick=&#8221;link_image&#8221; image=&#8221;461&#8243;][\/vc_column_inner][\/vc_row_inner][vc_column_text]Pensant en petites aplicacions i a brindar noves alternatives per als decoradors, \u00e9s una catifa de gespa artificial de color per a petits usos decoratius: restaurants, bars musicals, terrasses exteriors, balcons, piscines, entrades<\/p>\n<div class=\"h10\"><\/div>\n<p><a class=\"more-link1\" href=\"https:\/\/naturcesped.com\/ca\/productes\/gespa-artificial\/gespa-de-color\/\">Read more<\/a><\/p>\n","protected":false},"author":1,"featured_media":0,"parent":550,"menu_order":0,"comment_status":"closed","ping_status":"closed","template":"","meta":{"footnotes":""},"class_list":["post-564","page","type-page","status-publish","hentry"],"yoast_head":"<!-- This site is optimized with the Yoast SEO plugin v26.3 - https:\/\/yoast.com\/wordpress\/plugins\/seo\/ -->\n<title>C\u00e9sped de color - Naturcesped<\/title>\n<meta name=\"description\" content=\"C\u00e9sped deportivo aplicable a cualquier entorno, campo o instalaci\u00f3n. C\u00e9sped artificial de alta calidad. Resultados inigualables.\" \/>\n<meta name=\"robots\" content=\"index, follow, max-snippet:-1, max-image-preview:large, max-video-preview:-1\" \/>\n<link rel=\"canonical\" href=\"https:\/\/naturcesped.com\/ca\/productos\/cesped-artificial\/cesped-de-color\/\" \/>\n<meta property=\"og:locale\" content=\"ca_ES\" \/>\n<meta property=\"og:type\" content=\"article\" \/>\n<meta property=\"og:title\" content=\"C\u00e9sped de color - Naturcesped\" \/>\n<meta property=\"og:description\" content=\"C\u00e9sped deportivo aplicable a cualquier entorno, campo o instalaci\u00f3n. C\u00e9sped artificial de alta calidad. Resultados inigualables.\" \/>\n<meta property=\"og:url\" content=\"https:\/\/naturcesped.com\/es\/productos\/cesped-artificial\/cesped-de-color\/\" \/>\n<meta property=\"og:site_name\" content=\"NaturC\u00e9sped\" \/>\n<meta property=\"article:modified_time\" content=\"2022-10-05T09:42:42+00:00\" \/>\n<meta name=\"twitter:card\" content=\"summary_large_image\" \/>\n<meta name=\"twitter:label1\" content=\"Temps estimat de lectura\" \/>\n\t<meta name=\"twitter:data1\" content=\"1 minut\" \/>\n<script type=\"application\/ld+json\" class=\"yoast-schema-graph\">{\"@context\":\"https:\/\/schema.org\",\"@graph\":[{\"@type\":\"WebPage\",\"@id\":\"https:\/\/naturcesped.com\/es\/productos\/cesped-artificial\/cesped-de-color\/\",\"url\":\"https:\/\/naturcesped.com\/es\/productos\/cesped-artificial\/cesped-de-color\/\",\"name\":\"C\u00e9sped de color - Naturcesped\",\"isPartOf\":{\"@id\":\"https:\/\/naturcesped.com\/es\/#website\"},\"datePublished\":\"2022-10-04T10:46:29+00:00\",\"dateModified\":\"2022-10-05T09:42:42+00:00\",\"description\":\"C\u00e9sped deportivo aplicable a cualquier entorno, campo o instalaci\u00f3n. C\u00e9sped artificial de alta calidad. Resultados inigualables.\",\"breadcrumb\":{\"@id\":\"https:\/\/naturcesped.com\/es\/productos\/cesped-artificial\/cesped-de-color\/#breadcrumb\"},\"inLanguage\":\"ca\",\"potentialAction\":[{\"@type\":\"ReadAction\",\"target\":[\"https:\/\/naturcesped.com\/es\/productos\/cesped-artificial\/cesped-de-color\/\"]}]},{\"@type\":\"BreadcrumbList\",\"@id\":\"https:\/\/naturcesped.com\/es\/productos\/cesped-artificial\/cesped-de-color\/#breadcrumb\",\"itemListElement\":[{\"@type\":\"ListItem\",\"position\":1,\"name\":\"Portada\",\"item\":\"https:\/\/naturcesped.com\/es\/\"},{\"@type\":\"ListItem\",\"position\":2,\"name\":\"Productes\",\"item\":\"https:\/\/naturcesped.com\/es\/productos\/\"},{\"@type\":\"ListItem\",\"position\":3,\"name\":\"Gespa Artificial\",\"item\":\"https:\/\/naturcesped.com\/es\/productos\/cesped-artificial\/\"},{\"@type\":\"ListItem\",\"position\":4,\"name\":\"Gespa de color\"}]},{\"@type\":\"WebSite\",\"@id\":\"https:\/\/naturcesped.com\/es\/#website\",\"url\":\"https:\/\/naturcesped.com\/es\/\",\"name\":\"NaturC\u00e9sped\",\"description\":\"C\u00e9sped artificial en Girona\",\"potentialAction\":[{\"@type\":\"SearchAction\",\"target\":{\"@type\":\"EntryPoint\",\"urlTemplate\":\"https:\/\/naturcesped.com\/es\/?s={search_term_string}\"},\"query-input\":{\"@type\":\"PropertyValueSpecification\",\"valueRequired\":true,\"valueName\":\"search_term_string\"}}],\"inLanguage\":\"ca\"}]}<\/script>\n<!-- \/ Yoast SEO plugin. -->","yoast_head_json":{"title":"C\u00e9sped de color - Naturcesped","description":"C\u00e9sped deportivo aplicable a cualquier entorno, campo o instalaci\u00f3n. C\u00e9sped artificial de alta calidad. Resultados inigualables.","robots":{"index":"index","follow":"follow","max-snippet":"max-snippet:-1","max-image-preview":"max-image-preview:large","max-video-preview":"max-video-preview:-1"},"canonical":"https:\/\/naturcesped.com\/ca\/productos\/cesped-artificial\/cesped-de-color\/","og_locale":"ca_ES","og_type":"article","og_title":"C\u00e9sped de color - Naturcesped","og_description":"C\u00e9sped deportivo aplicable a cualquier entorno, campo o instalaci\u00f3n. C\u00e9sped artificial de alta calidad. Resultados inigualables.","og_url":"https:\/\/naturcesped.com\/es\/productos\/cesped-artificial\/cesped-de-color\/","og_site_name":"NaturC\u00e9sped","article_modified_time":"2022-10-05T09:42:42+00:00","twitter_card":"summary_large_image","twitter_misc":{"Temps estimat de lectura":"1 minut"},"schema":{"@context":"https:\/\/schema.org","@graph":[{"@type":"WebPage","@id":"https:\/\/naturcesped.com\/es\/productos\/cesped-artificial\/cesped-de-color\/","url":"https:\/\/naturcesped.com\/es\/productos\/cesped-artificial\/cesped-de-color\/","name":"C\u00e9sped de color - Naturcesped","isPartOf":{"@id":"https:\/\/naturcesped.com\/es\/#website"},"datePublished":"2022-10-04T10:46:29+00:00","dateModified":"2022-10-05T09:42:42+00:00","description":"C\u00e9sped deportivo aplicable a cualquier entorno, campo o instalaci\u00f3n. C\u00e9sped artificial de alta calidad. Resultados inigualables.","breadcrumb":{"@id":"https:\/\/naturcesped.com\/es\/productos\/cesped-artificial\/cesped-de-color\/#breadcrumb"},"inLanguage":"ca","potentialAction":[{"@type":"ReadAction","target":["https:\/\/naturcesped.com\/es\/productos\/cesped-artificial\/cesped-de-color\/"]}]},{"@type":"BreadcrumbList","@id":"https:\/\/naturcesped.com\/es\/productos\/cesped-artificial\/cesped-de-color\/#breadcrumb","itemListElement":[{"@type":"ListItem","position":1,"name":"Portada","item":"https:\/\/naturcesped.com\/es\/"},{"@type":"ListItem","position":2,"name":"Productes","item":"https:\/\/naturcesped.com\/es\/productos\/"},{"@type":"ListItem","position":3,"name":"Gespa Artificial","item":"https:\/\/naturcesped.com\/es\/productos\/cesped-artificial\/"},{"@type":"ListItem","position":4,"name":"Gespa de color"}]},{"@type":"WebSite","@id":"https:\/\/naturcesped.com\/es\/#website","url":"https:\/\/naturcesped.com\/es\/","name":"NaturC\u00e9sped","description":"C\u00e9sped artificial en Girona","potentialAction":[{"@type":"SearchAction","target":{"@type":"EntryPoint","urlTemplate":"https:\/\/naturcesped.com\/es\/?s={search_term_string}"},"query-input":{"@type":"PropertyValueSpecification","valueRequired":true,"valueName":"search_term_string"}}],"inLanguage":"ca"}]}},"_links":{"self":[{"href":"https:\/\/naturcesped.com\/ca\/wp-json\/wp\/v2\/pages\/564","targetHints":{"allow":["GET"]}}],"collection":[{"href":"https:\/\/naturcesped.com\/ca\/wp-json\/wp\/v2\/pages"}],"about":[{"href":"https:\/\/naturcesped.com\/ca\/wp-json\/wp\/v2\/types\/page"}],"author":[{"embeddable":true,"href":"https:\/\/naturcesped.com\/ca\/wp-json\/wp\/v2\/users\/1"}],"replies":[{"embeddable":true,"href":"https:\/\/naturcesped.com\/ca\/wp-json\/wp\/v2\/comments?post=564"}],"version-history":[{"count":0,"href":"https:\/\/naturcesped.com\/ca\/wp-json\/wp\/v2\/pages\/564\/revisions"}],"up":[{"embeddable":true,"href":"https:\/\/naturcesped.com\/ca\/wp-json\/wp\/v2\/pages\/550"}],"wp:attachment":[{"href":"https:\/\/naturcesped.com\/ca\/wp-json\/wp\/v2\/media?parent=564"}],"curies":[{"name":"wp","href":"https:\/\/api.w.org\/{rel}","templated":true}]}}