{"id":556,"date":"2022-10-04T10:40:31","date_gmt":"2022-10-04T10:40:31","guid":{"rendered":"https:\/\/naturcesped.com\/?page_id=556"},"modified":"2022-10-05T08:14:08","modified_gmt":"2022-10-05T08:14:08","slug":"avantatges","status":"publish","type":"page","link":"https:\/\/naturcesped.com\/ca\/avantatges\/","title":{"rendered":"Avantatges"},"content":{"rendered":"<div class=\"wpb-content-wrapper\"><p>[vc_row][vc_column]<div class=\"boc_spacing \" style=\"height: 40px\"><\/div>[\/vc_column][\/vc_row][vc_row][vc_column][vc_raw_html]JTVCYnJlYWRjcnVtYiU1RA==[\/vc_raw_html][vc_column_text]<\/p>\n<h1 style=\"font-size: 26px; font-weight: bold;\">AVANTATGES<\/h1>\n<p>[\/vc_column_text][\/vc_column][\/vc_row][vc_row gap=&#8221;10&#8243;][vc_column width=&#8221;1\/2&#8243;][vc_column_text]<\/p>\n<h3 style=\"font-size: 20px; font-weight: bold;\"><strong>Estalvi notable d\u2019aigua, aix\u00ed com a la seva factura<\/strong><\/h3>\n<p>L\u2019\u00fas de gespa artificial, als llocs on la pluja \u00e9s escassa, contribueix notablement en l\u2019estalvi d\u2019aigua i, per suposat, en la factura i l\u2019estalvi econ\u00f2mic.<\/p>\n<p>[\/vc_column_text][\/vc_column][vc_column width=&#8221;1\/2&#8243;][vc_column_text]<\/p>\n<h3 style=\"font-size: 20px; font-weight: bold;\"><strong>El seu jard\u00ed sempre verd sense manteniment<\/strong><\/h3>\n<p>La nostra gespa artificial no pateix les amenaces climatol\u00f2giques, les seves fibres estan protegides contra els rajos UV, i juntament amb el seu acabat i els seus 10 anys de garantia, el fan especialment inmune a la humitat i a les temperatires extremes.<\/p>\n<p>[\/vc_column_text][\/vc_column][\/vc_row][vc_row gap=&#8221;10&#8243;][vc_column width=&#8221;1\/2&#8243;][vc_column_text]<\/p>\n<h3 style=\"font-size: 20px; font-weight: bold;\"><strong>F\u00e0cil, c\u00f2moda i r\u00e0pida instal\u00b7laci\u00f3<\/strong><\/h3>\n<p>La instal\u00b7laci\u00f3 de gespa artificial \u00e9s f\u00e0cil, sempre que es disposi d\u2019una superf\u00edcie adequada.<\/p>\n<p>[\/vc_column_text][\/vc_column][vc_column width=&#8221;1\/2&#8243;][vc_column_text]<\/p>\n<h3 style=\"font-size: 20px; font-weight: bold;\"><strong>M\u00ednim manteniment i zero complicacions<\/strong><\/h3>\n<p>No haur\u00e0 de regar, ni abonar, ni tallar, \u00fanicament haur\u00e0 d\u2019escombrar en cas de residus, per tant, sempre li assegurar\u00e0 un aspecte impecable i la m\u00e0xima rendibilitat de la seva inversi\u00f3.<\/p>\n<p>[\/vc_column_text][\/vc_column][\/vc_row][vc_row gap=&#8221;10&#8243;][vc_column width=&#8221;1\/2&#8243;][vc_column_text]<\/p>\n<h3 style=\"font-size: 20px; font-weight: bold;\"><strong>No embruta ni s\u2019entolla<\/strong><\/h3>\n<p>El color aplicat a les fibres de gespa artificial s\u2019ha fixat de forma que no deixar\u00e0 taques i sempre es realitzen petits forats de drenatge a la seva base per evitar bassals.<\/p>\n<p>[\/vc_column_text][\/vc_column][vc_column width=&#8221;1\/2&#8243;][vc_column_text]<\/p>\n<h3 style=\"font-size: 20px; font-weight: bold;\"><strong>Segura i respectuosa amb el mediambient<\/strong><\/h3>\n<p>La nostra gespa artificial d\u2019alta qualitat \u00e9s antialerg\u00e8tic i ign\u00edfug, per tant, no s\u2019haur\u00e0 de preocupar perqu\u00e8 els seus \u00e9ssers estimats gaudeixin, \u00e9s 100% compatible amb animals dom\u00e8stics, nom\u00e9s necessita neteja.<\/p>\n<p>[\/vc_column_text][\/vc_column][\/vc_row][vc_row gap=&#8221;10&#8243;][vc_column width=&#8221;1\/2&#8243;][vc_column_text]<\/p>\n<h3 style=\"font-size: 20px; font-weight: bold;\"><strong>Presenta sempre un aspecte totalment real<\/strong><\/h3>\n<p>Dissenyem els nostres productes utilitzant els materials de m\u00e0xima qualitat i que li proporcionen el major realisme i la m\u00e9s cuidada est\u00e8tica, perqu\u00e8 volem diferenciar-nos.<\/p>\n<p>[\/vc_column_text][\/vc_column][vc_column width=&#8221;1\/2&#8243;][vc_column_text]<\/p>\n<h3 style=\"font-size: 20px; font-weight: bold;\"><strong>Sempre dins de la sostenibilitat i el reciclatge<\/strong><\/h3>\n<p>La nostra gespa ha estat fabricada per consumir el m\u00ednim, generar zero residus, minimitzar l\u2019impacte mediambiental i sempre es podr\u00e0 reutilitzar, fins i tot transformar en altres productes com testos, accessoris de jardineria, etc.<\/p>\n<p>[\/vc_column_text][\/vc_column][\/vc_row][vc_row][vc_column]<div class=\"boc_spacing \" style=\"height: 40px\"><\/div>[\/vc_column][\/vc_row]<\/p>\n<\/div>","protected":false},"excerpt":{"rendered":"<p>[vc_row][vc_column][\/vc_column][\/vc_row][vc_row][vc_column][vc_raw_html]JTVCYnJlYWRjcnVtYiU1RA==[\/vc_raw_html][vc_column_text] AVANTATGES [\/vc_column_text][\/vc_column][\/vc_row][vc_row gap=&#8221;10&#8243;][vc_column width=&#8221;1\/2&#8243;][vc_column_text] Estalvi notable d\u2019aigua, aix\u00ed com a la seva factura L\u2019\u00fas de gespa artificial, als llocs on la pluja \u00e9s escassa, contribueix notablement en l\u2019estalvi d\u2019aigua i, per suposat, en la factura i l\u2019estalvi econ\u00f2mic. [\/vc_column_text][\/vc_column][vc_column width=&#8221;1\/2&#8243;][vc_column_text] El seu jard\u00ed sempre verd sense manteniment La nostra gespa artificial no pateix les amenaces climatol\u00f2giques, les seves fibres<\/p>\n<div class=\"h10\"><\/div>\n<p><a class=\"more-link1\" href=\"https:\/\/naturcesped.com\/ca\/avantatges\/\">Read more<\/a><\/p>\n","protected":false},"author":1,"featured_media":0,"parent":0,"menu_order":0,"comment_status":"closed","ping_status":"closed","template":"","meta":{"footnotes":""},"class_list":["post-556","page","type-page","status-publish","hentry"],"yoast_head":"<!-- This site is optimized with the Yoast SEO plugin v26.3 - https:\/\/yoast.com\/wordpress\/plugins\/seo\/ -->\n<title>Ventajas - Naturcesped<\/title>\n<meta name=\"description\" content=\"Descubre todas las ventajas de instalar c\u00e9sped artificial de calidad en tu jard\u00edn o zona exterior. Te asesoramos en todo el proceso.\" \/>\n<meta name=\"robots\" content=\"index, follow, max-snippet:-1, max-image-preview:large, max-video-preview:-1\" \/>\n<link rel=\"canonical\" href=\"https:\/\/naturcesped.com\/ca\/ventajas\/\" \/>\n<meta property=\"og:locale\" content=\"ca_ES\" \/>\n<meta property=\"og:type\" content=\"article\" \/>\n<meta property=\"og:title\" content=\"Ventajas - Naturcesped\" \/>\n<meta property=\"og:description\" content=\"Descubre todas las ventajas de instalar c\u00e9sped artificial de calidad en tu jard\u00edn o zona exterior. Te asesoramos en todo el proceso.\" \/>\n<meta property=\"og:url\" content=\"https:\/\/naturcesped.com\/es\/ventajas\/\" \/>\n<meta property=\"og:site_name\" content=\"NaturC\u00e9sped\" \/>\n<meta property=\"article:modified_time\" content=\"2022-10-05T08:14:08+00:00\" \/>\n<meta name=\"twitter:card\" content=\"summary_large_image\" \/>\n<meta name=\"twitter:label1\" content=\"Temps estimat de lectura\" \/>\n\t<meta name=\"twitter:data1\" content=\"2 minuts\" \/>\n<script type=\"application\/ld+json\" class=\"yoast-schema-graph\">{\"@context\":\"https:\/\/schema.org\",\"@graph\":[{\"@type\":\"WebPage\",\"@id\":\"https:\/\/naturcesped.com\/es\/ventajas\/\",\"url\":\"https:\/\/naturcesped.com\/es\/ventajas\/\",\"name\":\"Ventajas - Naturcesped\",\"isPartOf\":{\"@id\":\"https:\/\/naturcesped.com\/es\/#website\"},\"datePublished\":\"2022-10-04T10:40:31+00:00\",\"dateModified\":\"2022-10-05T08:14:08+00:00\",\"description\":\"Descubre todas las ventajas de instalar c\u00e9sped artificial de calidad en tu jard\u00edn o zona exterior. Te asesoramos en todo el proceso.\",\"breadcrumb\":{\"@id\":\"https:\/\/naturcesped.com\/es\/ventajas\/#breadcrumb\"},\"inLanguage\":\"ca\",\"potentialAction\":[{\"@type\":\"ReadAction\",\"target\":[\"https:\/\/naturcesped.com\/es\/ventajas\/\"]}]},{\"@type\":\"BreadcrumbList\",\"@id\":\"https:\/\/naturcesped.com\/es\/ventajas\/#breadcrumb\",\"itemListElement\":[{\"@type\":\"ListItem\",\"position\":1,\"name\":\"Portada\",\"item\":\"https:\/\/naturcesped.com\/es\/\"},{\"@type\":\"ListItem\",\"position\":2,\"name\":\"Avantatges\"}]},{\"@type\":\"WebSite\",\"@id\":\"https:\/\/naturcesped.com\/es\/#website\",\"url\":\"https:\/\/naturcesped.com\/es\/\",\"name\":\"NaturC\u00e9sped\",\"description\":\"C\u00e9sped artificial en Girona\",\"potentialAction\":[{\"@type\":\"SearchAction\",\"target\":{\"@type\":\"EntryPoint\",\"urlTemplate\":\"https:\/\/naturcesped.com\/es\/?s={search_term_string}\"},\"query-input\":{\"@type\":\"PropertyValueSpecification\",\"valueRequired\":true,\"valueName\":\"search_term_string\"}}],\"inLanguage\":\"ca\"}]}<\/script>\n<!-- \/ Yoast SEO plugin. -->","yoast_head_json":{"title":"Ventajas - Naturcesped","description":"Descubre todas las ventajas de instalar c\u00e9sped artificial de calidad en tu jard\u00edn o zona exterior. Te asesoramos en todo el proceso.","robots":{"index":"index","follow":"follow","max-snippet":"max-snippet:-1","max-image-preview":"max-image-preview:large","max-video-preview":"max-video-preview:-1"},"canonical":"https:\/\/naturcesped.com\/ca\/ventajas\/","og_locale":"ca_ES","og_type":"article","og_title":"Ventajas - Naturcesped","og_description":"Descubre todas las ventajas de instalar c\u00e9sped artificial de calidad en tu jard\u00edn o zona exterior. Te asesoramos en todo el proceso.","og_url":"https:\/\/naturcesped.com\/es\/ventajas\/","og_site_name":"NaturC\u00e9sped","article_modified_time":"2022-10-05T08:14:08+00:00","twitter_card":"summary_large_image","twitter_misc":{"Temps estimat de lectura":"2 minuts"},"schema":{"@context":"https:\/\/schema.org","@graph":[{"@type":"WebPage","@id":"https:\/\/naturcesped.com\/es\/ventajas\/","url":"https:\/\/naturcesped.com\/es\/ventajas\/","name":"Ventajas - Naturcesped","isPartOf":{"@id":"https:\/\/naturcesped.com\/es\/#website"},"datePublished":"2022-10-04T10:40:31+00:00","dateModified":"2022-10-05T08:14:08+00:00","description":"Descubre todas las ventajas de instalar c\u00e9sped artificial de calidad en tu jard\u00edn o zona exterior. Te asesoramos en todo el proceso.","breadcrumb":{"@id":"https:\/\/naturcesped.com\/es\/ventajas\/#breadcrumb"},"inLanguage":"ca","potentialAction":[{"@type":"ReadAction","target":["https:\/\/naturcesped.com\/es\/ventajas\/"]}]},{"@type":"BreadcrumbList","@id":"https:\/\/naturcesped.com\/es\/ventajas\/#breadcrumb","itemListElement":[{"@type":"ListItem","position":1,"name":"Portada","item":"https:\/\/naturcesped.com\/es\/"},{"@type":"ListItem","position":2,"name":"Avantatges"}]},{"@type":"WebSite","@id":"https:\/\/naturcesped.com\/es\/#website","url":"https:\/\/naturcesped.com\/es\/","name":"NaturC\u00e9sped","description":"C\u00e9sped artificial en Girona","potentialAction":[{"@type":"SearchAction","target":{"@type":"EntryPoint","urlTemplate":"https:\/\/naturcesped.com\/es\/?s={search_term_string}"},"query-input":{"@type":"PropertyValueSpecification","valueRequired":true,"valueName":"search_term_string"}}],"inLanguage":"ca"}]}},"_links":{"self":[{"href":"https:\/\/naturcesped.com\/ca\/wp-json\/wp\/v2\/pages\/556","targetHints":{"allow":["GET"]}}],"collection":[{"href":"https:\/\/naturcesped.com\/ca\/wp-json\/wp\/v2\/pages"}],"about":[{"href":"https:\/\/naturcesped.com\/ca\/wp-json\/wp\/v2\/types\/page"}],"author":[{"embeddable":true,"href":"https:\/\/naturcesped.com\/ca\/wp-json\/wp\/v2\/users\/1"}],"replies":[{"embeddable":true,"href":"https:\/\/naturcesped.com\/ca\/wp-json\/wp\/v2\/comments?post=556"}],"version-history":[{"count":0,"href":"https:\/\/naturcesped.com\/ca\/wp-json\/wp\/v2\/pages\/556\/revisions"}],"wp:attachment":[{"href":"https:\/\/naturcesped.com\/ca\/wp-json\/wp\/v2\/media?parent=556"}],"curies":[{"name":"wp","href":"https:\/\/api.w.org\/{rel}","templated":true}]}}