{"id":539,"date":"2022-10-04T10:30:41","date_gmt":"2022-10-04T10:30:41","guid":{"rendered":"https:\/\/naturcesped.com\/?page_id=539"},"modified":"2023-03-30T08:37:11","modified_gmt":"2023-03-30T08:37:11","slug":"gespa-artificial","status":"publish","type":"page","link":"https:\/\/naturcesped.com\/ca\/gespa-artificial\/","title":{"rendered":"Gespa artificial"},"content":{"rendered":"<div class=\"wpb-content-wrapper\"><p>[vc_row][vc_column]<div class=\"boc_spacing \" style=\"height: 40px\"><\/div>[\/vc_column][\/vc_row][vc_row][vc_column][vc_raw_html]JTVCYnJlYWRjcnVtYiU1RA==[\/vc_raw_html][vc_column_text]<\/p>\n<h1 style=\"font-size: 26px; font-weight: bold;\">GESPA ARTIFICIAL<\/h1>\n<p>[\/vc_column_text][\/vc_column][\/vc_row][vc_row gap=&#8221;35&#8243;][vc_column width=&#8221;1\/3&#8243;][vc_single_image onclick=&#8221;custom_link&#8221; image=&#8221;1410&#8243; link=&#8221;\/ca\/gespa-artificial\/paris-40-ca\/&#8221;][vc_column_text]<\/p>\n<h3 style=\"font-weight: bold;\"><span style=\"color: #000000;\"><a style=\"color: #000000;\" href=\"\/ca\/gespa-artificial\/paris-40-ca\/\">PARIS 40<\/a><\/span><\/h3>\n<p>[\/vc_column_text][vc_column_text]<\/p>\n<p style=\"text-align: justify;\"><span style=\"color: #000000;\"><a style=\"color: #000000;\" href=\"\/ca\/gespa-artificial\/paris-40-ca\/\">PARIS \u00e9s una gespa artificial superior en enginyeria crom\u00e0tica, amb un verd que resulta espectacular al costat del blau de la piscina. La seva recuperaci\u00f3 a la trepitjada \u00e9s instant\u00e0nia perqu\u00e8 saltis al costat de la teva piscina.<\/a><\/span><\/p>\n<p>[\/vc_column_text][\/vc_column][vc_column width=&#8221;1\/3&#8243;][vc_single_image onclick=&#8221;custom_link&#8221; image=&#8221;1413&#8243; link=&#8221;https:\/\/naturcesped.com\/ca\/gespa-artificial\/barcelona-38-ca\/&#8221;][vc_column_text]<\/p>\n<h3 style=\"font-weight: bold;\"><span style=\"color: #000000;\"><a style=\"color: #000000;\" href=\"https:\/\/naturcesped.com\/ca\/gespa-artificial\/barcelona-38-ca\/\">BARCELONA 38<\/a><\/span><\/h3>\n<p>[\/vc_column_text][vc_column_text]<\/p>\n<p style=\"text-align: justify;\"><span style=\"color: #000000;\"><a style=\"color: #000000;\" href=\"https:\/\/naturcesped.com\/ca\/gespa-artificial\/barcelona-38-ca\/\">Si busques un producte d&#8217;alta qualitat amb un aspecte frond\u00f3s, BARCELONA \u00e9s la teva opci\u00f3 perfecta. A m\u00e9s de la import\u00e0ncia de l&#8217;aspecte, aquesta gespa s&#8217;ha fabricat amb tecnologia de recuperaci\u00f3, cosa que significa que les seves fibres de 35mm es recuperen r\u00e0pid.<\/a><\/span><\/p>\n<p>[\/vc_column_text][\/vc_column][vc_column width=&#8221;1\/3&#8243;][vc_single_image onclick=&#8221;custom_link&#8221; image=&#8221;1417&#8243; link=&#8221;\/ca\/gespa-artificial\/madrid-35-ca\/&#8221;][vc_column_text]<\/p>\n<h3 style=\"font-weight: bold;\"><span style=\"color: #000000;\"><a style=\"color: #000000;\" href=\"\/ca\/gespa-artificial\/madrid-35-ca\/\">MADRID 35<\/a><\/span><\/h3>\n<p>[\/vc_column_text][vc_column_text]<span style=\"color: #000000;\"><a style=\"color: #000000;\" href=\"\/ca\/cesped-artificial\/madrid-35-ca\/\">El nou MADRID 35 gespa d&#8217;alta gamma, per\u00f2 a un preu tremendament contingut, condici\u00f3 que li fa \u00fanic en el seu posicionament de mercat, compta amb 6 tons de color en les seves fibres, (micromonofilamentos d&#8217;\u00faltima generaci\u00f3).<\/a><\/span>[\/vc_column_text][\/vc_column][\/vc_row][vc_row gap=&#8221;35&#8243;][vc_column width=&#8221;1\/3&#8243;][vc_single_image onclick=&#8221;custom_link&#8221; image=&#8221;1420&#8243; link=&#8221;https:\/\/naturcesped.com\/ca\/gespa-artificial\/dubai-48-ca\/&#8221;][vc_column_text]<\/p>\n<h3 style=\"font-weight: bold;\"><a href=\"https:\/\/naturcesped.com\/ca\/gespa-artificial\/dubai-48-ca\/\"><span style=\"color: #000000;\">DUBAI 48<\/span><\/a><\/h3>\n<p>[\/vc_column_text][vc_column_text]<\/p>\n<p style=\"text-align: justify;\"><span style=\"color: #000000;\"><a style=\"color: #000000;\" href=\"\/ca\/gespa-artificial\/dubai-48-ca\/\">Molt tou i embuatat, una immillorable suavitat al tacte i un incre\u00efble confort de trepitjada, el seu disseny crom\u00e0tic fa que tingui un aspecte extremadament natural.<\/a><\/span><br \/>\n<span style=\"color: #000000;\"><a style=\"color: #000000;\" href=\"\/cesped-artificial\/dubai-45\">DUBAI \u00e9s tecnologia per a un millor jard\u00ed.<\/a><\/span><\/p>\n<p>[\/vc_column_text][\/vc_column][vc_column width=&#8221;1\/3&#8243;][vc_single_image onclick=&#8221;custom_link&#8221; image=&#8221;1423&#8243; link=&#8221;https:\/\/naturcesped.com\/ca\/gespa-artificial\/natural-50-ca\/&#8221;][vc_column_text]<\/p>\n<h3 style=\"font-weight: bold;\"><span style=\"color: #000000;\"><a style=\"color: #000000;\" href=\"https:\/\/naturcesped.com\/ca\/gespa-artificial\/natural-50-ca\/\">NATURAL 50<\/a><\/span><\/h3>\n<p>[\/vc_column_text][vc_column_text]<span style=\"color: #000000;\"><a style=\"color: #000000;\" href=\"https:\/\/naturcesped.com\/ca\/gespa-artificial\/natural-50-ca\/\">NATURAL 50 \u00e9s una gespa artificial que cal veure i tocar per a entendre. El seu aspecte \u00e9s tan atractiu que supera a la gespa natural recentment tallada. \u00c9s molt mullido, molt confortable, molt resistent a la trepitjada i amb molt bona recuperaci\u00f3.<\/a><\/span>[\/vc_column_text][\/vc_column][vc_column width=&#8221;1\/3&#8243;][vc_single_image onclick=&#8221;custom_link&#8221; image=&#8221;1427&#8243; link=&#8221;https:\/\/naturcesped.com\/ca\/gespa-artificial\/goat-50-ca\/&#8221;][vc_column_text]<\/p>\n<h3 style=\"font-weight: bold;\"><span style=\"color: #000000;\"><a style=\"color: #000000;\" href=\"https:\/\/naturcesped.com\/ca\/gespa-artificial\/goat-50-ca\/\">GOAT 50<\/a><\/span><\/h3>\n<p>[\/vc_column_text][vc_column_text]<span style=\"color: #000000;\"><a style=\"color: #000000;\" href=\"https:\/\/naturcesped.com\/ca\/gespa-artificial\/goat-50-ca\/\">GOAT 50 ha estat una gespa artificial de refer\u00e8ncia en el mercat europeu. No hi ha un altre igual per a aportar bellesa a la nostra casa i \u00e9s que GOAT \u00e9s la millor gespa millorada.<\/a><\/span>[\/vc_column_text][\/vc_column][\/vc_row][vc_row gap=&#8221;35&#8243;][vc_column width=&#8221;1\/3&#8243;][vc_single_image onclick=&#8221;custom_link&#8221; image=&#8221;1429&#8243; link=&#8221;https:\/\/naturcesped.com\/ca\/gespa-artificial\/bocagrande-30-ca\/&#8221;][vc_column_text]<\/p>\n<h3 style=\"font-weight: bold;\"><span style=\"color: #000000;\"><a style=\"color: #000000;\" href=\"https:\/\/naturcesped.com\/ca\/gespa-artificial\/bocagrande-30-ca\/\">BOCAGRANDE 30<\/a><\/span><\/h3>\n<p>[\/vc_column_text][vc_column_text]<span style=\"color: #000000;\"><a style=\"color: #000000;\" href=\"https:\/\/naturcesped.com\/ca\/gespa-artificial\/bocagrande-30-ca\/\">Es caracteritza per tenir una molt bona resist\u00e8ncia i \u00e9s ideal per a aplicacions de qualsevol jard\u00ed amb molt d&#8217;\u00fas. T\u00e9 una gran recuperaci\u00f3 de la trepitjada gr\u00e0cies a les seves fibres en forma de C.<\/a><\/span>[\/vc_column_text][\/vc_column][vc_column width=&#8221;1\/3&#8243;][vc_single_image onclick=&#8221;custom_link&#8221; image=&#8221;1431&#8243; link=&#8221;https:\/\/naturcesped.com\/ca\/gespa-artificial\/first-20-ca\/&#8221;][vc_column_text]<\/p>\n<h3 style=\"font-weight: bold;\"><span style=\"color: #000000;\"><a style=\"color: #000000;\" href=\"https:\/\/naturcesped.com\/ca\/gespa-artificial\/first-20-ca\/\">FIRST 20<\/a><\/span><\/h3>\n<p>[\/vc_column_text][vc_column_text]<span style=\"color: #000000;\"><a style=\"color: #000000;\" href=\"https:\/\/naturcesped.com\/ca\/gespa-artificial\/first-20-ca\/\">La millor relaci\u00f3 qualitat-preu del mercat amb les caracter\u00edstiques per a dotar a la seva ciutat o jard\u00ed del color de la naturalesa sense la despesa ni el manteniment de la gespa natural. \u00c9s la millor soluci\u00f3 per a zones p\u00fabliques, altament resistent al clima<\/a><\/span>[\/vc_column_text][\/vc_column][vc_column width=&#8221;1\/3&#8243;][\/vc_column][\/vc_row][vc_row][vc_column]<div class=\"boc_spacing \" style=\"height: 40px\"><\/div>[\/vc_column][\/vc_row]<\/p>\n<\/div>","protected":false},"excerpt":{"rendered":"<p>[vc_row][vc_column][\/vc_column][\/vc_row][vc_row][vc_column][vc_raw_html]JTVCYnJlYWRjcnVtYiU1RA==[\/vc_raw_html][vc_column_text] GESPA ARTIFICIAL [\/vc_column_text][\/vc_column][\/vc_row][vc_row gap=&#8221;35&#8243;][vc_column width=&#8221;1\/3&#8243;][vc_single_image onclick=&#8221;custom_link&#8221; image=&#8221;1410&#8243; link=&#8221;\/ca\/gespa-artificial\/paris-40-ca\/&#8221;][vc_column_text] PARIS 40 [\/vc_column_text][vc_column_text] PARIS \u00e9s una gespa artificial superior en enginyeria crom\u00e0tica, amb un verd que resulta espectacular al costat del blau de la piscina. La seva recuperaci\u00f3 a la trepitjada \u00e9s instant\u00e0nia perqu\u00e8 saltis al costat de la teva piscina. [\/vc_column_text][\/vc_column][vc_column width=&#8221;1\/3&#8243;][vc_single_image onclick=&#8221;custom_link&#8221; image=&#8221;1413&#8243; link=&#8221;https:\/\/naturcesped.com\/ca\/gespa-artificial\/barcelona-38-ca\/&#8221;][vc_column_text] BARCELONA 38 [\/vc_column_text][vc_column_text] Si busques<\/p>\n<div class=\"h10\"><\/div>\n<p><a class=\"more-link1\" href=\"https:\/\/naturcesped.com\/ca\/gespa-artificial\/\">Read more<\/a><\/p>\n","protected":false},"author":1,"featured_media":0,"parent":0,"menu_order":0,"comment_status":"closed","ping_status":"closed","template":"","meta":{"footnotes":""},"class_list":["post-539","page","type-page","status-publish","hentry"],"yoast_head":"<!-- This site is optimized with the Yoast SEO plugin v26.3 - https:\/\/yoast.com\/wordpress\/plugins\/seo\/ -->\n<title>C\u00e9sped artificial - Naturcesped<\/title>\n<meta name=\"description\" content=\"Conoce todos los modelos de c\u00e9sped que tenemos en nuestro cat\u00e1logo. Muchas opciones hechas a medida para ti.\" \/>\n<meta name=\"robots\" content=\"index, follow, max-snippet:-1, max-image-preview:large, max-video-preview:-1\" \/>\n<link rel=\"canonical\" href=\"https:\/\/naturcesped.com\/ca\/gespa-artificial\/\" \/>\n<meta property=\"og:locale\" content=\"ca_ES\" \/>\n<meta property=\"og:type\" content=\"article\" \/>\n<meta property=\"og:title\" content=\"C\u00e9sped artificial - Naturcesped\" \/>\n<meta property=\"og:description\" content=\"Conoce todos los modelos de c\u00e9sped que tenemos en nuestro cat\u00e1logo. Muchas opciones hechas a medida para ti.\" \/>\n<meta property=\"og:url\" content=\"https:\/\/naturcesped.com\/ca\/gespa-artificial\/\" \/>\n<meta property=\"og:site_name\" content=\"NaturC\u00e9sped\" \/>\n<meta property=\"article:modified_time\" content=\"2023-03-30T08:37:11+00:00\" \/>\n<meta name=\"twitter:card\" content=\"summary_large_image\" \/>\n<meta name=\"twitter:label1\" content=\"Temps estimat de lectura\" \/>\n\t<meta name=\"twitter:data1\" content=\"2 minuts\" \/>\n<script type=\"application\/ld+json\" class=\"yoast-schema-graph\">{\"@context\":\"https:\/\/schema.org\",\"@graph\":[{\"@type\":\"WebPage\",\"@id\":\"https:\/\/naturcesped.com\/ca\/gespa-artificial\/\",\"url\":\"https:\/\/naturcesped.com\/ca\/gespa-artificial\/\",\"name\":\"C\u00e9sped artificial - Naturcesped\",\"isPartOf\":{\"@id\":\"https:\/\/naturcesped.com\/es\/#website\"},\"datePublished\":\"2022-10-04T10:30:41+00:00\",\"dateModified\":\"2023-03-30T08:37:11+00:00\",\"description\":\"Conoce todos los modelos de c\u00e9sped que tenemos en nuestro cat\u00e1logo. Muchas opciones hechas a medida para ti.\",\"breadcrumb\":{\"@id\":\"https:\/\/naturcesped.com\/ca\/gespa-artificial\/#breadcrumb\"},\"inLanguage\":\"ca\",\"potentialAction\":[{\"@type\":\"ReadAction\",\"target\":[\"https:\/\/naturcesped.com\/ca\/gespa-artificial\/\"]}]},{\"@type\":\"BreadcrumbList\",\"@id\":\"https:\/\/naturcesped.com\/ca\/gespa-artificial\/#breadcrumb\",\"itemListElement\":[{\"@type\":\"ListItem\",\"position\":1,\"name\":\"Portada\",\"item\":\"https:\/\/naturcesped.com\/es\/\"},{\"@type\":\"ListItem\",\"position\":2,\"name\":\"Gespa artificial\"}]},{\"@type\":\"WebSite\",\"@id\":\"https:\/\/naturcesped.com\/es\/#website\",\"url\":\"https:\/\/naturcesped.com\/es\/\",\"name\":\"NaturC\u00e9sped\",\"description\":\"C\u00e9sped artificial en Girona\",\"potentialAction\":[{\"@type\":\"SearchAction\",\"target\":{\"@type\":\"EntryPoint\",\"urlTemplate\":\"https:\/\/naturcesped.com\/es\/?s={search_term_string}\"},\"query-input\":{\"@type\":\"PropertyValueSpecification\",\"valueRequired\":true,\"valueName\":\"search_term_string\"}}],\"inLanguage\":\"ca\"}]}<\/script>\n<!-- \/ Yoast SEO plugin. -->","yoast_head_json":{"title":"C\u00e9sped artificial - Naturcesped","description":"Conoce todos los modelos de c\u00e9sped que tenemos en nuestro cat\u00e1logo. Muchas opciones hechas a medida para ti.","robots":{"index":"index","follow":"follow","max-snippet":"max-snippet:-1","max-image-preview":"max-image-preview:large","max-video-preview":"max-video-preview:-1"},"canonical":"https:\/\/naturcesped.com\/ca\/gespa-artificial\/","og_locale":"ca_ES","og_type":"article","og_title":"C\u00e9sped artificial - Naturcesped","og_description":"Conoce todos los modelos de c\u00e9sped que tenemos en nuestro cat\u00e1logo. Muchas opciones hechas a medida para ti.","og_url":"https:\/\/naturcesped.com\/ca\/gespa-artificial\/","og_site_name":"NaturC\u00e9sped","article_modified_time":"2023-03-30T08:37:11+00:00","twitter_card":"summary_large_image","twitter_misc":{"Temps estimat de lectura":"2 minuts"},"schema":{"@context":"https:\/\/schema.org","@graph":[{"@type":"WebPage","@id":"https:\/\/naturcesped.com\/ca\/gespa-artificial\/","url":"https:\/\/naturcesped.com\/ca\/gespa-artificial\/","name":"C\u00e9sped artificial - Naturcesped","isPartOf":{"@id":"https:\/\/naturcesped.com\/es\/#website"},"datePublished":"2022-10-04T10:30:41+00:00","dateModified":"2023-03-30T08:37:11+00:00","description":"Conoce todos los modelos de c\u00e9sped que tenemos en nuestro cat\u00e1logo. Muchas opciones hechas a medida para ti.","breadcrumb":{"@id":"https:\/\/naturcesped.com\/ca\/gespa-artificial\/#breadcrumb"},"inLanguage":"ca","potentialAction":[{"@type":"ReadAction","target":["https:\/\/naturcesped.com\/ca\/gespa-artificial\/"]}]},{"@type":"BreadcrumbList","@id":"https:\/\/naturcesped.com\/ca\/gespa-artificial\/#breadcrumb","itemListElement":[{"@type":"ListItem","position":1,"name":"Portada","item":"https:\/\/naturcesped.com\/es\/"},{"@type":"ListItem","position":2,"name":"Gespa artificial"}]},{"@type":"WebSite","@id":"https:\/\/naturcesped.com\/es\/#website","url":"https:\/\/naturcesped.com\/es\/","name":"NaturC\u00e9sped","description":"C\u00e9sped artificial en Girona","potentialAction":[{"@type":"SearchAction","target":{"@type":"EntryPoint","urlTemplate":"https:\/\/naturcesped.com\/es\/?s={search_term_string}"},"query-input":{"@type":"PropertyValueSpecification","valueRequired":true,"valueName":"search_term_string"}}],"inLanguage":"ca"}]}},"_links":{"self":[{"href":"https:\/\/naturcesped.com\/ca\/wp-json\/wp\/v2\/pages\/539","targetHints":{"allow":["GET"]}}],"collection":[{"href":"https:\/\/naturcesped.com\/ca\/wp-json\/wp\/v2\/pages"}],"about":[{"href":"https:\/\/naturcesped.com\/ca\/wp-json\/wp\/v2\/types\/page"}],"author":[{"embeddable":true,"href":"https:\/\/naturcesped.com\/ca\/wp-json\/wp\/v2\/users\/1"}],"replies":[{"embeddable":true,"href":"https:\/\/naturcesped.com\/ca\/wp-json\/wp\/v2\/comments?post=539"}],"version-history":[{"count":0,"href":"https:\/\/naturcesped.com\/ca\/wp-json\/wp\/v2\/pages\/539\/revisions"}],"wp:attachment":[{"href":"https:\/\/naturcesped.com\/ca\/wp-json\/wp\/v2\/media?parent=539"}],"curies":[{"name":"wp","href":"https:\/\/api.w.org\/{rel}","templated":true}]}}