{"id":534,"date":"2022-10-04T10:24:24","date_gmt":"2022-10-04T10:24:24","guid":{"rendered":"https:\/\/naturcesped.com\/?page_id=534"},"modified":"2025-07-15T11:26:01","modified_gmt":"2025-07-15T09:26:01","slug":"naturcesped","status":"publish","type":"page","link":"https:\/\/naturcesped.com\/ca\/naturcesped\/","title":{"rendered":"Naturcesped"},"content":{"rendered":"<div class=\"wpb-content-wrapper\"><p>[vc_row full_width=&#8221;stretch_row_content_no_spaces&#8221; css=&#8221;.vc_custom_1664536483781{background-image: url(https:\/\/naturcesped.com\/wp-content\/uploads\/2022\/09\/giroverd-home-slider-4.jpg?id=27) !important;background-position: center !important;background-repeat: no-repeat !important;background-size: cover !important;}&#8221;][vc_column css=&#8221;.vc_custom_1664874912645{background-color: rgba(120,156,72,0.8) !important;background-position: center !important;background-repeat: no-repeat !important;background-size: cover !important;*background-color: rgb(120,156,72) !important;}&#8221; offset=&#8221;vc_hidden-xs&#8221;]<div class=\"boc_spacing \" style=\"height: 170px\"><\/div>[vc_column_text]<\/p>\n<h1 style=\"text-align: center; font-size: 36px; font-weight: bold;\"><span style=\"color: #ffffff;\">GIROVERD<\/span><\/h1>\n<p>[\/vc_column_text]<div class=\"boc_spacing \" style=\"height: 135px\"><\/div>[\/vc_column][\/vc_row][vc_row full_width=&#8221;stretch_row_content_no_spaces&#8221; css=&#8221;.vc_custom_1664874949888{margin-top: -40px !important;background-image: url(https:\/\/naturcesped.com\/wp-content\/uploads\/2022\/09\/giroverd-home-slider-4.jpg?id=27) !important;background-position: center !important;background-repeat: no-repeat !important;background-size: cover !important;}&#8221;][vc_column css=&#8221;.vc_custom_1664874920236{background-color: rgba(120,156,72,0.8) !important;background-position: center !important;background-repeat: no-repeat !important;background-size: cover !important;*background-color: rgb(120,156,72) !important;}&#8221; offset=&#8221;vc_hidden-lg vc_hidden-md vc_hidden-sm&#8221;]<div class=\"boc_spacing \" style=\"height: 100px\"><\/div>[vc_column_text]<\/p>\n<h1 style=\"text-align: center; font-size: 36px; font-weight: bold;\"><span style=\"color: #ffffff;\">GIROVERD<\/span><\/h1>\n<p>[\/vc_column_text]<div class=\"boc_spacing \" style=\"height: 65px\"><\/div>[\/vc_column][\/vc_row][vc_row][vc_column offset=&#8221;vc_hidden-xs&#8221;]<div class=\"boc_spacing \" style=\"height: 30px\"><\/div>[\/vc_column][\/vc_row][vc_row][vc_column][vc_raw_html]JTVCYnJlYWRjcnVtYiU1RA==[\/vc_raw_html][vc_column_text]<\/p>\n<h2 style=\"text-align: center;\"><strong>En Naturcesped ens dediquem al subministrament de gespa artificial d&#8217;alta qualitat i de gran realisme, amb un exhaustiu control de qualitat, que fa que els nostres productes tinguin 10 anys de garantia.<\/strong><\/h2>\n<p>[\/vc_column_text][vc_column_text]<\/p>\n<p style=\"text-align: center;\">Tamb\u00e9 som especialistes en la instal\u00b7laci\u00f3 de gespa artificial per a empreses o clients particulars.<\/p>\n<p style=\"text-align: center;\">En Naturcesped oferim una gamma de gespa artificial d&#8217;extrema qualitat, respectu\u00f3s amb el medi ambient, amb acabats est\u00e8tics i t\u00e0ctils que aconsegueixen el realisme buscat. Amb la gespa artificial tamb\u00e9 aconseguirem un important estalvi econ\u00f2mic, igual que guanyarem temps d&#8217;oci, ja que no cal abonar-ho, tallar-ho i a penes regar-ho.<\/p>\n<p style=\"text-align: center;\">La nostra consolidaci\u00f3 en el mercat t\u00e9 el seu origen en 2010. Creant aquesta marca dins de l&#8217;empresa familiar Jardineria Jes\u00fas \u00c1lvarez, vam voler donar un tracte especialitzat en gespa artificial i continuar sent pioners en la innovaci\u00f3 dins d&#8217;aquest sector, amb el conseq\u00fcent benefici que obt\u00e9 el client final.<\/p>\n<p>[\/vc_column_text][vc_row_inner][vc_column_inner el_class=&#8221;boton&#8221; offset=&#8221;vc_hidden-xs&#8221;]<a\thref=\"mailto:info@naturcesped.com\" \n\t\t\t\tclass=\"button btn_huge btn_theme_color btn_squared btn_normal_style    \"  target='_blank'><span>Escriu-nos a info@naturcesped.com<\/span><\/a>[\/vc_column_inner][\/vc_row_inner][vc_row_inner][vc_column_inner el_class=&#8221;boton&#8221; offset=&#8221;vc_hidden-lg vc_hidden-md vc_hidden-sm&#8221;][vc_column_text css=&#8221;.vc_custom_1733920056559{padding-top: 10px !important;padding-right: 10px !important;padding-bottom: 10px !important;padding-left: 10px !important;background-color: #789c48 !important;background-position: center !important;background-repeat: no-repeat !important;background-size: cover !important;}&#8221;]<\/p>\n<p style=\"text-align: center;\"><span style=\"color: #ffffff;\">Escriu-nos a <a href=\"mailto:comercial@giroverd.com\"><span style=\"color: #ffffff;\">comercial@giroverd.com<\/span><\/a><\/span><\/p>\n<p>[\/vc_column_text][\/vc_column_inner][\/vc_row_inner][\/vc_column][\/vc_row][vc_row][vc_column]<div class=\"boc_spacing \" style=\"height: 40px\"><\/div>[\/vc_column][\/vc_row]<\/p>\n<\/div>","protected":false},"excerpt":{"rendered":"<p>[vc_row full_width=&#8221;stretch_row_content_no_spaces&#8221; css=&#8221;.vc_custom_1664536483781{background-image: url(https:\/\/naturcesped.com\/wp-content\/uploads\/2022\/09\/giroverd-home-slider-4.jpg?id=27) !important;background-position: center !important;background-repeat: no-repeat !important;background-size: cover !important;}&#8221;][vc_column css=&#8221;.vc_custom_1664874912645{background-color: rgba(120,156,72,0.8) !important;background-position: center !important;background-repeat: no-repeat !important;background-size: cover !important;*background-color: rgb(120,156,72) !important;}&#8221; offset=&#8221;vc_hidden-xs&#8221;][vc_column_text] GIROVERD [\/vc_column_text][\/vc_column][\/vc_row][vc_row full_width=&#8221;stretch_row_content_no_spaces&#8221; css=&#8221;.vc_custom_1664874949888{margin-top: -40px !important;background-image: url(https:\/\/naturcesped.com\/wp-content\/uploads\/2022\/09\/giroverd-home-slider-4.jpg?id=27) !important;background-position: center !important;background-repeat: no-repeat !important;background-size: cover !important;}&#8221;][vc_column css=&#8221;.vc_custom_1664874920236{background-color: rgba(120,156,72,0.8) !important;background-position: center !important;background-repeat: no-repeat !important;background-size: cover !important;*background-color: rgb(120,156,72) !important;}&#8221; offset=&#8221;vc_hidden-lg vc_hidden-md vc_hidden-sm&#8221;][vc_column_text] GIROVERD [\/vc_column_text][\/vc_column][\/vc_row][vc_row][vc_column offset=&#8221;vc_hidden-xs&#8221;][\/vc_column][\/vc_row][vc_row][vc_column][vc_raw_html]JTVCYnJlYWRjcnVtYiU1RA==[\/vc_raw_html][vc_column_text] En Naturcesped ens dediquem al subministrament<\/p>\n<div class=\"h10\"><\/div>\n<p><a class=\"more-link1\" href=\"https:\/\/naturcesped.com\/ca\/naturcesped\/\">Read more<\/a><\/p>\n","protected":false},"author":1,"featured_media":0,"parent":0,"menu_order":0,"comment_status":"closed","ping_status":"closed","template":"","meta":{"footnotes":""},"class_list":["post-534","page","type-page","status-publish","hentry"],"yoast_head":"<!-- This site is optimized with the Yoast SEO plugin v26.3 - https:\/\/yoast.com\/wordpress\/plugins\/seo\/ -->\n<title>Nosotros - Naturcesped<\/title>\n<meta name=\"description\" content=\"Suministraci\u00f3n de c\u00e9sped artificial de alta calidad y de gran realismo. M\u00e1s de 12 de experiencia.\" \/>\n<meta name=\"robots\" content=\"index, follow, max-snippet:-1, max-image-preview:large, max-video-preview:-1\" \/>\n<link rel=\"canonical\" href=\"https:\/\/naturcesped.com\/ca\/naturcesped\/\" \/>\n<meta property=\"og:locale\" content=\"ca_ES\" \/>\n<meta property=\"og:type\" content=\"article\" \/>\n<meta property=\"og:title\" content=\"Nosotros - Naturcesped\" \/>\n<meta property=\"og:description\" content=\"Suministraci\u00f3n de c\u00e9sped artificial de alta calidad y de gran realismo. M\u00e1s de 12 de experiencia.\" \/>\n<meta property=\"og:url\" content=\"https:\/\/naturcesped.com\/ca\/naturcesped\/\" \/>\n<meta property=\"og:site_name\" content=\"NaturC\u00e9sped\" \/>\n<meta property=\"article:modified_time\" content=\"2025-07-15T09:26:01+00:00\" \/>\n<meta name=\"twitter:card\" content=\"summary_large_image\" \/>\n<meta name=\"twitter:label1\" content=\"Temps estimat de lectura\" \/>\n\t<meta name=\"twitter:data1\" content=\"2 minuts\" \/>\n<script type=\"application\/ld+json\" class=\"yoast-schema-graph\">{\"@context\":\"https:\/\/schema.org\",\"@graph\":[{\"@type\":\"WebPage\",\"@id\":\"https:\/\/naturcesped.com\/ca\/naturcesped\/\",\"url\":\"https:\/\/naturcesped.com\/ca\/naturcesped\/\",\"name\":\"Nosotros - Naturcesped\",\"isPartOf\":{\"@id\":\"https:\/\/naturcesped.com\/es\/#website\"},\"datePublished\":\"2022-10-04T10:24:24+00:00\",\"dateModified\":\"2025-07-15T09:26:01+00:00\",\"description\":\"Suministraci\u00f3n de c\u00e9sped artificial de alta calidad y de gran realismo. M\u00e1s de 12 de experiencia.\",\"breadcrumb\":{\"@id\":\"https:\/\/naturcesped.com\/ca\/naturcesped\/#breadcrumb\"},\"inLanguage\":\"ca\",\"potentialAction\":[{\"@type\":\"ReadAction\",\"target\":[\"https:\/\/naturcesped.com\/ca\/naturcesped\/\"]}]},{\"@type\":\"BreadcrumbList\",\"@id\":\"https:\/\/naturcesped.com\/ca\/naturcesped\/#breadcrumb\",\"itemListElement\":[{\"@type\":\"ListItem\",\"position\":1,\"name\":\"Portada\",\"item\":\"https:\/\/naturcesped.com\/es\/\"},{\"@type\":\"ListItem\",\"position\":2,\"name\":\"Naturcesped\"}]},{\"@type\":\"WebSite\",\"@id\":\"https:\/\/naturcesped.com\/es\/#website\",\"url\":\"https:\/\/naturcesped.com\/es\/\",\"name\":\"NaturC\u00e9sped\",\"description\":\"C\u00e9sped artificial en Girona\",\"potentialAction\":[{\"@type\":\"SearchAction\",\"target\":{\"@type\":\"EntryPoint\",\"urlTemplate\":\"https:\/\/naturcesped.com\/es\/?s={search_term_string}\"},\"query-input\":{\"@type\":\"PropertyValueSpecification\",\"valueRequired\":true,\"valueName\":\"search_term_string\"}}],\"inLanguage\":\"ca\"}]}<\/script>\n<!-- \/ Yoast SEO plugin. -->","yoast_head_json":{"title":"Nosotros - Naturcesped","description":"Suministraci\u00f3n de c\u00e9sped artificial de alta calidad y de gran realismo. M\u00e1s de 12 de experiencia.","robots":{"index":"index","follow":"follow","max-snippet":"max-snippet:-1","max-image-preview":"max-image-preview:large","max-video-preview":"max-video-preview:-1"},"canonical":"https:\/\/naturcesped.com\/ca\/naturcesped\/","og_locale":"ca_ES","og_type":"article","og_title":"Nosotros - Naturcesped","og_description":"Suministraci\u00f3n de c\u00e9sped artificial de alta calidad y de gran realismo. M\u00e1s de 12 de experiencia.","og_url":"https:\/\/naturcesped.com\/ca\/naturcesped\/","og_site_name":"NaturC\u00e9sped","article_modified_time":"2025-07-15T09:26:01+00:00","twitter_card":"summary_large_image","twitter_misc":{"Temps estimat de lectura":"2 minuts"},"schema":{"@context":"https:\/\/schema.org","@graph":[{"@type":"WebPage","@id":"https:\/\/naturcesped.com\/ca\/naturcesped\/","url":"https:\/\/naturcesped.com\/ca\/naturcesped\/","name":"Nosotros - Naturcesped","isPartOf":{"@id":"https:\/\/naturcesped.com\/es\/#website"},"datePublished":"2022-10-04T10:24:24+00:00","dateModified":"2025-07-15T09:26:01+00:00","description":"Suministraci\u00f3n de c\u00e9sped artificial de alta calidad y de gran realismo. M\u00e1s de 12 de experiencia.","breadcrumb":{"@id":"https:\/\/naturcesped.com\/ca\/naturcesped\/#breadcrumb"},"inLanguage":"ca","potentialAction":[{"@type":"ReadAction","target":["https:\/\/naturcesped.com\/ca\/naturcesped\/"]}]},{"@type":"BreadcrumbList","@id":"https:\/\/naturcesped.com\/ca\/naturcesped\/#breadcrumb","itemListElement":[{"@type":"ListItem","position":1,"name":"Portada","item":"https:\/\/naturcesped.com\/es\/"},{"@type":"ListItem","position":2,"name":"Naturcesped"}]},{"@type":"WebSite","@id":"https:\/\/naturcesped.com\/es\/#website","url":"https:\/\/naturcesped.com\/es\/","name":"NaturC\u00e9sped","description":"C\u00e9sped artificial en Girona","potentialAction":[{"@type":"SearchAction","target":{"@type":"EntryPoint","urlTemplate":"https:\/\/naturcesped.com\/es\/?s={search_term_string}"},"query-input":{"@type":"PropertyValueSpecification","valueRequired":true,"valueName":"search_term_string"}}],"inLanguage":"ca"}]}},"_links":{"self":[{"href":"https:\/\/naturcesped.com\/ca\/wp-json\/wp\/v2\/pages\/534","targetHints":{"allow":["GET"]}}],"collection":[{"href":"https:\/\/naturcesped.com\/ca\/wp-json\/wp\/v2\/pages"}],"about":[{"href":"https:\/\/naturcesped.com\/ca\/wp-json\/wp\/v2\/types\/page"}],"author":[{"embeddable":true,"href":"https:\/\/naturcesped.com\/ca\/wp-json\/wp\/v2\/users\/1"}],"replies":[{"embeddable":true,"href":"https:\/\/naturcesped.com\/ca\/wp-json\/wp\/v2\/comments?post=534"}],"version-history":[{"count":2,"href":"https:\/\/naturcesped.com\/ca\/wp-json\/wp\/v2\/pages\/534\/revisions"}],"predecessor-version":[{"id":2951,"href":"https:\/\/naturcesped.com\/ca\/wp-json\/wp\/v2\/pages\/534\/revisions\/2951"}],"wp:attachment":[{"href":"https:\/\/naturcesped.com\/ca\/wp-json\/wp\/v2\/media?parent=534"}],"curies":[{"name":"wp","href":"https:\/\/api.w.org\/{rel}","templated":true}]}}